{"id":3191,"date":"2024-08-11T18:34:16","date_gmt":"2024-08-11T18:34:16","guid":{"rendered":"https:\/\/www.jinpinlub.com\/?post_type=product&#038;p=3191"},"modified":"2024-08-14T19:38:40","modified_gmt":"2024-08-14T19:38:40","slug":"mfb-160-160bar-axialis-folyadekkal-toltott-nyomasmero-manometer","status":"publish","type":"product","link":"https:\/\/www.jinpinlub.com\/hu\/product\/mfb-160-160bar-axial-liquid-filled-pressure-gauge-manometer\/","title":{"rendered":"MFB-160 160bar axi\u00e1lis folyad\u00e9kkal t\u00f6lt\u00f6tt nyom\u00e1sm\u00e9r\u0151 manom\u00e9ter"},"content":{"rendered":"<h2>Jellemz\u0151k<\/h2>\n<p>1. A m\u00e9rt nyom\u00e1s v\u00e1ltoz\u00e1s\u00e1t az \u00f6sszek\u00f6t\u0151 r\u00fad hajtja, hogy elforgatja a mutat\u00f3t a legyez\u0151 alak\u00fa fogasker\u00e9k v\u00e9g\u00e9n, jelezve a megfelel\u0151 nyom\u00e1s\u00e9rt\u00e9ket.<br \/>\n2. A nyom\u00e1sm\u00e9r\u0151 pontos m\u00e9r\u00e9si pontoss\u00e1ga 2,5 szint, kisebb hib\u00e1kkal \u00e9s nagyobb pontoss\u00e1ggal.<br \/>\n3. Ehhez a nyom\u00e1sm\u00e9r\u0151h\u00f6z a r\u00e9z anyag\u00fa csatlakoz\u00e1s szabv\u00e1nyos m\u00e9rete PT1\/8.<br \/>\n4. Az MFB-160 teljesen rozsdamentes ac\u00e9l h\u00e9jjal rendelkezik, nagy kem\u00e9nys\u00e9ggel \u00e9s er\u0151s szerkezettel, amely nem korrod\u00e1l\u00f3dik k\u00f6nnyen.<br \/>\n5. A nyom\u00e1sm\u00e9r\u0151 \u00fct\u00e9s\u00e1ll\u00f3, glicerinnel t\u00f6ltve, \u00e9s ellen\u00e1ll a munkak\u00f6rnyezet vibr\u00e1ci\u00f3j\u00e1nak.<\/p>\n<h2>Specifik\u00e1ci\u00f3<\/h2>\n<table>\n<tbody>\n<tr>\n<td>Modell<\/td>\n<td>B\u00e1r<\/td>\n<td>Sz\u00e9less\u00e9g<\/td>\n<td>Hossz<\/td>\n<td>\u00cdrja be<\/td>\n<\/tr>\n<tr>\n<td>MF-15<\/td>\n<td>15<\/td>\n<td>42 mm<\/td>\n<td>38 mm<\/td>\n<td>Sz\u00e1raz<\/td>\n<\/tr>\n<tr>\n<td>MF-40<\/td>\n<td>40<\/td>\n<td>42 mm<\/td>\n<td>38 mm<\/td>\n<td>Sz\u00e1raz<\/td>\n<\/tr>\n<tr>\n<td>MFB-40<\/td>\n<td>40<\/td>\n<td>47 mm<\/td>\n<td>45 mm<\/td>\n<td>Olaj<\/td>\n<\/tr>\n<tr>\n<td>MFB-60<\/td>\n<td>60<\/td>\n<td>47 mm<\/td>\n<td>45 mm<\/td>\n<td>Olaj<\/td>\n<\/tr>\n<tr>\n<td>MFB-100<\/td>\n<td>100<\/td>\n<td>47 mm<\/td>\n<td>45 mm<\/td>\n<td>Olaj<\/td>\n<\/tr>\n<tr>\n<td>MFB-160<\/td>\n<td>160<\/td>\n<td>47 mm<\/td>\n<td>45 mm<\/td>\n<td>Olaj<\/td>\n<\/tr>\n<\/tbody>\n<\/table>\n<h2>Karbantart\u00e1s<\/h2>\n<p>Beszerel\u00e9s \u00e9s \u00fczemeltet\u00e9s: Gy\u0151z\u0151dj\u00f6n meg arr\u00f3l, hogy a nyom\u00e1sm\u00e9r\u0151 megfelel\u0151en van felszerelve, tartsa fenn a megfelel\u0151 kapcsolatot a nyom\u00e1sm\u00e9r\u0151 \u00e9s a m\u00e9rt k\u00f6zeg k\u00f6z\u00f6tt, \u00e9s ker\u00fclje el a sziv\u00e1rg\u00e1st \u00e9s a kilazul\u00e1st.<br \/>\nVegye figyelembe a k\u00f6rnyezeti t\u00e9nyez\u0151ket: M\u00e9r\u00e9s el\u0151tt m\u00e9rlegelni kell a k\u00f6rnyezeti t\u00e9nyez\u0151k nyom\u00e1sra gyakorolt hat\u00e1s\u00e1t, mint p\u00e9ld\u00e1ul a h\u0151m\u00e9rs\u00e9klet-v\u00e1ltoz\u00e1sok, a p\u00e1ratartalom \u00e9s a vibr\u00e1ci\u00f3, amelyek m\u00e9r\u00e9si hib\u00e1kat okozhatnak.<br \/>\nNyom\u00e1sk\u00f6zeg: \u00dcgyeljen arra, hogy a k\u00f6zegnek megfelel\u0151 nyom\u00e1sm\u00e9r\u0151t v\u00e1lasszon, \u00e9s \u00fcgyeljen a k\u00f6zeg tulajdons\u00e1gaira \u00e9s korroz\u00edv hat\u00e1s\u00e1ra, hogy elker\u00fclje a k\u00e1rosod\u00e1st.<\/p>\n<h2>K\u00e9zik\u00f6nyvek<\/h2>\n<div class=\"sdm_download_button_box_default\"><div class=\"sdm_download_link\"><a href=\"https:\/\/www.jinpinlub.com\/hu\/?sdm_process_download=1&download_id=3175\" class=\"sdm_download white\" title=\"Mag\u00e1n: PS\/F\/MF\/MFB\/M\/MB\" target=\"&quot;_blank&quot;\">Adatlap megtekint\u00e9se - PS\/F\/MF\/MFB\/M\/MB<\/a><\/div><\/div>","protected":false},"excerpt":{"rendered":"<p>Az MFB-160 A mechanikus olajba mer\u00fcl\u0151 nyom\u00e1sm\u00e9r\u0151 egy folyad\u00e9knyom\u00e1s m\u00e9r\u00e9s\u00e9re szolg\u00e1l\u00f3 m\u0171szer, m\u0171k\u00f6d\u00e9si elve f\u0151k\u00e9nt azon az elven alapul, hogy a rugalmas elemek (p\u00e9ld\u00e1ul rug\u00f3cs\u00f6vek) deform\u00e1l\u00f3dnak, ha folyad\u00e9knyom\u00e1snak vannak kit\u00e9ve.<\/p>","protected":false},"featured_media":3123,"template":"","meta":{"ocean_post_layout":"","ocean_both_sidebars_style":"","ocean_both_sidebars_content_width":0,"ocean_both_sidebars_sidebars_width":0,"ocean_sidebar":"0","ocean_second_sidebar":"0","ocean_disable_margins":"enable","ocean_add_body_class":"","ocean_shortcode_before_top_bar":"","ocean_shortcode_after_top_bar":"","ocean_shortcode_before_header":"","ocean_shortcode_after_header":"","ocean_has_shortcode":"","ocean_shortcode_after_title":"","ocean_shortcode_before_footer_widgets":"","ocean_shortcode_after_footer_widgets":"","ocean_shortcode_before_footer_bottom":"","ocean_shortcode_after_footer_bottom":"","ocean_display_top_bar":"default","ocean_display_header":"default","ocean_header_style":"","ocean_center_header_left_menu":"0","ocean_custom_header_template":"0","ocean_custom_logo":0,"ocean_custom_retina_logo":0,"ocean_custom_logo_max_width":0,"ocean_custom_logo_tablet_max_width":0,"ocean_custom_logo_mobile_max_width":0,"ocean_custom_logo_max_height":0,"ocean_custom_logo_tablet_max_height":0,"ocean_custom_logo_mobile_max_height":0,"ocean_header_custom_menu":"0","ocean_menu_typo_font_family":"0","ocean_menu_typo_font_subset":"","ocean_menu_typo_font_size":0,"ocean_menu_typo_font_size_tablet":0,"ocean_menu_typo_font_size_mobile":0,"ocean_menu_typo_font_size_unit":"px","ocean_menu_typo_font_weight":"","ocean_menu_typo_font_weight_tablet":"","ocean_menu_typo_font_weight_mobile":"","ocean_menu_typo_transform":"","ocean_menu_typo_transform_tablet":"","ocean_menu_typo_transform_mobile":"","ocean_menu_typo_line_height":0,"ocean_menu_typo_line_height_tablet":0,"ocean_menu_typo_line_height_mobile":0,"ocean_menu_typo_line_height_unit":"","ocean_menu_typo_spacing":0,"ocean_menu_typo_spacing_tablet":0,"ocean_menu_typo_spacing_mobile":0,"ocean_menu_typo_spacing_unit":"","ocean_menu_link_color":"","ocean_menu_link_color_hover":"","ocean_menu_link_color_active":"","ocean_menu_link_background":"","ocean_menu_link_hover_background":"","ocean_menu_link_active_background":"","ocean_menu_social_links_bg":"","ocean_menu_social_hover_links_bg":"","ocean_menu_social_links_color":"","ocean_menu_social_hover_links_color":"","ocean_disable_title":"default","ocean_disable_heading":"default","ocean_post_title":"","ocean_post_subheading":"","ocean_post_title_style":"","ocean_post_title_background_color":"","ocean_post_title_background":0,"ocean_post_title_bg_image_position":"","ocean_post_title_bg_image_attachment":"","ocean_post_title_bg_image_repeat":"","ocean_post_title_bg_image_size":"","ocean_post_title_height":0,"ocean_post_title_bg_overlay":0.5,"ocean_post_title_bg_overlay_color":"","ocean_disable_breadcrumbs":"default","ocean_breadcrumbs_color":"","ocean_breadcrumbs_separator_color":"","ocean_breadcrumbs_links_color":"","ocean_breadcrumbs_links_hover_color":"","ocean_display_footer_widgets":"default","ocean_display_footer_bottom":"default","ocean_custom_footer_template":"0","osh_disable_topbar_sticky":"default","osh_disable_header_sticky":"default","osh_sticky_header_style":"default","osh_sticky_header_effect":"","osh_custom_sticky_logo":0,"osh_custom_retina_sticky_logo":0,"osh_custom_sticky_logo_height":0,"osh_background_color":"","osh_links_color":"","osh_links_hover_color":"","osh_links_active_color":"","osh_links_bg_color":"","osh_links_hover_bg_color":"","osh_links_active_bg_color":"","osh_menu_social_links_color":"","osh_menu_social_hover_links_color":""},"product_brand":[],"product_cat":[31],"product_tag":[162,156,163],"class_list":{"0":"post-3191","1":"product","2":"type-product","3":"status-publish","4":"has-post-thumbnail","6":"product_cat-lube-system-accessories","7":"product_tag-axial-pressure-gauge","8":"product_tag-oil-immersed-pressure-gauge","9":"product_tag-pump-pressure-gauge","11":"entry","12":"has-media","14":"first","15":"instock","16":"shipping-taxable","17":"product-type-external","18":"col","19":"span_1_of_3","20":"owp-content-center","21":"owp-thumbs-layout-horizontal","22":"owp-btn-very-big","23":"owp-tabs-layout-horizontal"},"_links":{"self":[{"href":"https:\/\/www.jinpinlub.com\/hu\/wp-json\/wp\/v2\/product\/3191","targetHints":{"allow":["GET"]}}],"collection":[{"href":"https:\/\/www.jinpinlub.com\/hu\/wp-json\/wp\/v2\/product"}],"about":[{"href":"https:\/\/www.jinpinlub.com\/hu\/wp-json\/wp\/v2\/types\/product"}],"wp:featuredmedia":[{"embeddable":true,"href":"https:\/\/www.jinpinlub.com\/hu\/wp-json\/wp\/v2\/media\/3123"}],"wp:attachment":[{"href":"https:\/\/www.jinpinlub.com\/hu\/wp-json\/wp\/v2\/media?parent=3191"}],"wp:term":[{"taxonomy":"product_brand","embeddable":true,"href":"https:\/\/www.jinpinlub.com\/hu\/wp-json\/wp\/v2\/product_brand?post=3191"},{"taxonomy":"product_cat","embeddable":true,"href":"https:\/\/www.jinpinlub.com\/hu\/wp-json\/wp\/v2\/product_cat?post=3191"},{"taxonomy":"product_tag","embeddable":true,"href":"https:\/\/www.jinpinlub.com\/hu\/wp-json\/wp\/v2\/product_tag?post=3191"}],"curies":[{"name":"wp","href":"https:\/\/api.w.org\/{rel}","templated":true}]}}