{"id":3193,"date":"2024-08-12T08:20:38","date_gmt":"2024-08-12T08:20:38","guid":{"rendered":"https:\/\/www.jinpinlub.com\/?post_type=product&#038;p=3193"},"modified":"2024-08-14T19:37:28","modified_gmt":"2024-08-14T19:37:28","slug":"700-bar-utesallo-nyomasmero-kenorendszerhez","status":"publish","type":"product","link":"https:\/\/www.jinpinlub.com\/hu\/product\/700bar-shock-resistant-pressure-gauge-for-lubrication-system\/","title":{"rendered":"700 bar \u00fct\u00e9s\u00e1ll\u00f3 nyom\u00e1sm\u00e9r\u0151 ken\u0151rendszerhez"},"content":{"rendered":"<h2>Jellemz\u0151k<\/h2>\n<p>1. Az MB700 nyom\u00e1sm\u00e9r\u0151 csatlakoz\u00e1si pontj\u00e1nak r\u00e9z anyaga ellen\u00e1ll az oxid\u00e1ci\u00f3nak, a kop\u00e1snak \u00e9s a korr\u00f3zi\u00f3nak. Er\u0151s t\u00f6m\u00edt\u00e9s, biztons\u00e1gos \u00e9s megb\u00edzhat\u00f3.<br \/>\n2. A nyom\u00e1sm\u00e9r\u0151 pontos pontoss\u00e1ggal, teljes inform\u00e1ci\u00f3val \u00e9s kett\u0151s sk\u00e1l\u00e1val rendelkezik, a bels\u0151 gy\u0171r\u0171 (bar) \u00e9s a k\u00fcls\u0151 gy\u0171r\u0171 (psi) egys\u00e9ggel.<br \/>\n3. A nyom\u00e1sm\u00e9r\u0151 h\u00e9j anyaga kiv\u00e1l\u00f3, \u00e9s a rozsdamentes ac\u00e9l anyag er\u0151s korr\u00f3zi\u00f3\u00e1ll\u00f3s\u00e1ggal rendelkezik, megakad\u00e1lyozva a rozsda korr\u00f3zi\u00f3j\u00e1t.<br \/>\n4. Az MB700 nyom\u00e1sm\u00e9r\u0151 egy folyad\u00e9kkal t\u00f6lt\u00f6tt m\u0171szer, amely rezg\u00e9scsillap\u00edt\u00f3, stabil \u00e9s pontos.<\/p>\n<h2>Specifik\u00e1ci\u00f3<\/h2>\n<table>\n<tbody>\n<tr>\n<td>Modell<\/td>\n<td>B\u00e1r<\/td>\n<td>Sz\u00e9less\u00e9g<\/td>\n<td>Hossz<\/td>\n<td>\u00cdrja be<\/td>\n<\/tr>\n<tr>\n<td>M-15<\/td>\n<td>15<\/td>\n<td>40 mm<\/td>\n<td>38 mm<\/td>\n<td>Sz\u00e1raz<\/td>\n<\/tr>\n<tr>\n<td>M-40<\/td>\n<td>40<\/td>\n<td>40 mm<\/td>\n<td>38 mm<\/td>\n<td>Sz\u00e1raz<\/td>\n<\/tr>\n<tr>\n<td>MB-40<\/td>\n<td>40<\/td>\n<td>47 mm<\/td>\n<td>60 mm<\/td>\n<td>Olaj<\/td>\n<\/tr>\n<tr>\n<td>MB-60<\/td>\n<td>60<\/td>\n<td>47 mm<\/td>\n<td>60 mm<\/td>\n<td>Olaj<\/td>\n<\/tr>\n<tr>\n<td>MB-100<\/td>\n<td>100<\/td>\n<td>47 mm<\/td>\n<td>60 mm<\/td>\n<td>Olaj<\/td>\n<\/tr>\n<tr>\n<td>MB-250<\/td>\n<td>250<\/td>\n<td>58 mm<\/td>\n<td>75 mm<\/td>\n<td>Olaj<\/td>\n<\/tr>\n<tr>\n<td>MB-400<\/td>\n<td>400<\/td>\n<td>58 mm<\/td>\n<td>75 mm<\/td>\n<td>Olaj<\/td>\n<\/tr>\n<tr>\n<td>MB-600<\/td>\n<td>600<\/td>\n<td>58 mm<\/td>\n<td>75 mm<\/td>\n<td>Olaj<\/td>\n<\/tr>\n<tr>\n<td>MB-700<\/td>\n<td>700<\/td>\n<td>58 mm<\/td>\n<td>75 mm<\/td>\n<td>Olaj<\/td>\n<\/tr>\n<\/tbody>\n<\/table>\n<h2>Utas\u00edt\u00e1s<\/h2>\n<p>M\u0171szerek haszn\u00e1latakor a fels\u0151 hat\u00e1r nem haladhatja meg a 3\/4-et, ingadoz\u00f3 nyom\u00e1s m\u00e9r\u00e9s\u00e9n\u00e9l pedig a 2\/3-ot. A minim\u00e1lis nyom\u00e1s mindk\u00e9t esetben nem lehet alacsonyabb, mint a fels\u0151 hat\u00e1r 1\/3-a.<br \/>\nA m\u0171szert a m\u00e9r\u00e9si ponttal azonos v\u00edzszintes vonalra kell felszerelni, -20 \u2103 -70 \u2103 k\u00f6rnyezeti h\u0151m\u00e9rs\u00e9kleten \u00e9s 80%-t meg nem halad\u00f3 relat\u00edv p\u00e1ratartalom mellett.<\/p>\n<h2>K\u00e9zik\u00f6nyvek<\/h2>\n<div class=\"sdm_download_button_box_default\"><div class=\"sdm_download_link\"><a href=\"https:\/\/www.jinpinlub.com\/hu\/?sdm_process_download=1&download_id=3175\" class=\"sdm_download white\" title=\"Mag\u00e1n: PS\/F\/MF\/MFB\/M\/MB\" target=\"&quot;_blank&quot;\">Adatlap megtekint\u00e9se - PS\/F\/MF\/MFB\/M\/MB<\/a><\/div><\/div>","protected":false},"excerpt":{"rendered":"<p>Az MB700 a ken\u00e9si rendszer nyom\u00e1s\u00e1nak pontos m\u00e9r\u00e9s\u00e9t \u00e9s intuit\u00edv megjelen\u00edt\u00e9s\u00e9t \u00e9ri el a nyom\u00e1sm\u00e9r\u0151 rugalmas elemeinek deform\u00e1ci\u00f3ja, az er\u0151\u00e1tviteli mechanizmus \u00e1talak\u00edt\u00e1sa \u00e9s a mutat\u00f3k kijelz\u00e9se r\u00e9v\u00e9n.<\/p>","protected":false},"featured_media":3120,"template":"","meta":{"ocean_post_layout":"","ocean_both_sidebars_style":"","ocean_both_sidebars_content_width":0,"ocean_both_sidebars_sidebars_width":0,"ocean_sidebar":"0","ocean_second_sidebar":"0","ocean_disable_margins":"enable","ocean_add_body_class":"","ocean_shortcode_before_top_bar":"","ocean_shortcode_after_top_bar":"","ocean_shortcode_before_header":"","ocean_shortcode_after_header":"","ocean_has_shortcode":"","ocean_shortcode_after_title":"","ocean_shortcode_before_footer_widgets":"","ocean_shortcode_after_footer_widgets":"","ocean_shortcode_before_footer_bottom":"","ocean_shortcode_after_footer_bottom":"","ocean_display_top_bar":"default","ocean_display_header":"default","ocean_header_style":"","ocean_center_header_left_menu":"0","ocean_custom_header_template":"0","ocean_custom_logo":0,"ocean_custom_retina_logo":0,"ocean_custom_logo_max_width":0,"ocean_custom_logo_tablet_max_width":0,"ocean_custom_logo_mobile_max_width":0,"ocean_custom_logo_max_height":0,"ocean_custom_logo_tablet_max_height":0,"ocean_custom_logo_mobile_max_height":0,"ocean_header_custom_menu":"0","ocean_menu_typo_font_family":"0","ocean_menu_typo_font_subset":"","ocean_menu_typo_font_size":0,"ocean_menu_typo_font_size_tablet":0,"ocean_menu_typo_font_size_mobile":0,"ocean_menu_typo_font_size_unit":"px","ocean_menu_typo_font_weight":"","ocean_menu_typo_font_weight_tablet":"","ocean_menu_typo_font_weight_mobile":"","ocean_menu_typo_transform":"","ocean_menu_typo_transform_tablet":"","ocean_menu_typo_transform_mobile":"","ocean_menu_typo_line_height":0,"ocean_menu_typo_line_height_tablet":0,"ocean_menu_typo_line_height_mobile":0,"ocean_menu_typo_line_height_unit":"","ocean_menu_typo_spacing":0,"ocean_menu_typo_spacing_tablet":0,"ocean_menu_typo_spacing_mobile":0,"ocean_menu_typo_spacing_unit":"","ocean_menu_link_color":"","ocean_menu_link_color_hover":"","ocean_menu_link_color_active":"","ocean_menu_link_background":"","ocean_menu_link_hover_background":"","ocean_menu_link_active_background":"","ocean_menu_social_links_bg":"","ocean_menu_social_hover_links_bg":"","ocean_menu_social_links_color":"","ocean_menu_social_hover_links_color":"","ocean_disable_title":"default","ocean_disable_heading":"default","ocean_post_title":"","ocean_post_subheading":"","ocean_post_title_style":"","ocean_post_title_background_color":"","ocean_post_title_background":0,"ocean_post_title_bg_image_position":"","ocean_post_title_bg_image_attachment":"","ocean_post_title_bg_image_repeat":"","ocean_post_title_bg_image_size":"","ocean_post_title_height":0,"ocean_post_title_bg_overlay":0.5,"ocean_post_title_bg_overlay_color":"","ocean_disable_breadcrumbs":"default","ocean_breadcrumbs_color":"","ocean_breadcrumbs_separator_color":"","ocean_breadcrumbs_links_color":"","ocean_breadcrumbs_links_hover_color":"","ocean_display_footer_widgets":"default","ocean_display_footer_bottom":"default","ocean_custom_footer_template":"0","osh_disable_topbar_sticky":"default","osh_disable_header_sticky":"default","osh_sticky_header_style":"default","osh_sticky_header_effect":"","osh_custom_sticky_logo":0,"osh_custom_retina_sticky_logo":0,"osh_custom_sticky_logo_height":0,"osh_background_color":"","osh_links_color":"","osh_links_hover_color":"","osh_links_active_color":"","osh_links_bg_color":"","osh_links_hover_bg_color":"","osh_links_active_bg_color":"","osh_menu_social_links_color":"","osh_menu_social_hover_links_color":""},"product_brand":[],"product_cat":[31],"product_tag":[158,160,156],"class_list":{"0":"post-3193","1":"product","2":"type-product","3":"status-publish","4":"has-post-thumbnail","6":"product_cat-lube-system-accessories","7":"product_tag-grease-pressure-gauge","8":"product_tag-high-pressure-gauge","9":"product_tag-oil-immersed-pressure-gauge","11":"entry","12":"has-media","14":"first","15":"instock","16":"shipping-taxable","17":"product-type-external","18":"col","19":"span_1_of_3","20":"owp-content-center","21":"owp-thumbs-layout-horizontal","22":"owp-btn-very-big","23":"owp-tabs-layout-horizontal"},"_links":{"self":[{"href":"https:\/\/www.jinpinlub.com\/hu\/wp-json\/wp\/v2\/product\/3193","targetHints":{"allow":["GET"]}}],"collection":[{"href":"https:\/\/www.jinpinlub.com\/hu\/wp-json\/wp\/v2\/product"}],"about":[{"href":"https:\/\/www.jinpinlub.com\/hu\/wp-json\/wp\/v2\/types\/product"}],"wp:featuredmedia":[{"embeddable":true,"href":"https:\/\/www.jinpinlub.com\/hu\/wp-json\/wp\/v2\/media\/3120"}],"wp:attachment":[{"href":"https:\/\/www.jinpinlub.com\/hu\/wp-json\/wp\/v2\/media?parent=3193"}],"wp:term":[{"taxonomy":"product_brand","embeddable":true,"href":"https:\/\/www.jinpinlub.com\/hu\/wp-json\/wp\/v2\/product_brand?post=3193"},{"taxonomy":"product_cat","embeddable":true,"href":"https:\/\/www.jinpinlub.com\/hu\/wp-json\/wp\/v2\/product_cat?post=3193"},{"taxonomy":"product_tag","embeddable":true,"href":"https:\/\/www.jinpinlub.com\/hu\/wp-json\/wp\/v2\/product_tag?post=3193"}],"curies":[{"name":"wp","href":"https:\/\/api.w.org\/{rel}","templated":true}]}}