{"id":3198,"date":"2024-08-12T09:11:35","date_gmt":"2024-08-12T09:11:35","guid":{"rendered":"https:\/\/www.jinpinlub.com\/?post_type=product&#038;p=3198"},"modified":"2024-08-12T09:19:38","modified_gmt":"2024-08-12T09:19:38","slug":"mgj-5-aramlaseloszto-csomopont-egyvezetekes-elosztohoz","status":"publish","type":"product","link":"https:\/\/www.jinpinlub.com\/hu\/product\/mgj-5-flow-distribution-junction-for-single-line-distributor\/","title":{"rendered":"MGJ-5 \u00e1raml\u00e1seloszt\u00f3 csom\u00f3pont egysoros eloszt\u00f3hoz"},"content":{"rendered":"<h2>Jellemz\u0151k<\/h2>\n<p>1. A csatlakoz\u00f3 egyir\u00e1ny\u00fa s\u00f6nt.<br \/>\n2. Az MGJ-M csatlakozik a \u03a66 f\u0151vezet\u00e9k\u00e9hez. Kimeneti menete mind M10x1, PA-6 csatlakoz\u00f3val \u00e9s PB-6 dupla k\u00fapos \u00e9rv\u00e9gh\u00fcvellyel kombin\u00e1lva. A rendszer v\u00e9gkimenete PG06 z\u00e1r\u00f3dug\u00f3val van lez\u00e1rva.<br \/>\nAz MGJ-R a \u03a66 f\u0151 cs\u0151vezet\u00e9k\u00e9hez csatlakozik. Az olajkimeneti menetek mind Rc1\/8-asak, amelyek k\u00f6zvetlen\u00fcl csatlakoztathat\u00f3k a PD601 egyenes csatlakoz\u00f3val. A rendszer v\u00e9g\u00e9n l\u00e9v\u0151 kimenet egy Rc1\/8 z\u00e1r\u00f3dug\u00f3val van lez\u00e1rva.<br \/>\n3. Alum\u00ednium\u00f6tv\u00f6zetb\u0151l k\u00e9sz\u00fclt, a fel\u00fclet elox\u00e1lt, \u00e9s a megjelen\u00e9s gy\u00f6ny\u00f6r\u0171.<br \/>\n4. A r\u00f6gz\u00edt\u0151furatok olyan helyekre is testreszabhat\u00f3k, ahol speci\u00e1lis feldolgoz\u00e1sra van sz\u00fcks\u00e9g.<br \/>\n5. A t\u00e9nyleges ken\u00e9si rendszernek megfelel\u0151en v\u00e1lassza ki a p\u00e1rhuzamosan vagy sorosan haszn\u00e1land\u00f3 csatlakoz\u00f3blokkokat.<\/p>\n<h2>Specifik\u00e1ci\u00f3<\/h2>\n<figure id=\"attachment_3197\" aria-describedby=\"caption-attachment-3197\" style=\"width: 900px\" class=\"wp-caption alignnone\"><img loading=\"lazy\" decoding=\"async\" class=\"size-full wp-image-3197\" src=\"https:\/\/www.jinpinlub.com\/wp-content\/uploads\/2024\/08\/MGJ-junction.jpg\" alt=\"MGJ Junction\" width=\"900\" height=\"584\" srcset=\"https:\/\/www.jinpinlub.com\/wp-content\/uploads\/2024\/08\/MGJ-junction.jpg 900w, https:\/\/www.jinpinlub.com\/wp-content\/uploads\/2024\/08\/MGJ-junction-300x195.jpg 300w, https:\/\/www.jinpinlub.com\/wp-content\/uploads\/2024\/08\/MGJ-junction-768x498.jpg 768w, https:\/\/www.jinpinlub.com\/wp-content\/uploads\/2024\/08\/MGJ-junction-18x12.jpg 18w, https:\/\/www.jinpinlub.com\/wp-content\/uploads\/2024\/08\/MGJ-junction-800x519.jpg 800w\" sizes=\"auto, (max-width: 900px) 100vw, 900px\" \/><figcaption id=\"caption-attachment-3197\" class=\"wp-caption-text\">MGJ Junction<\/figcaption><\/figure>\n<table>\n<tbody>\n<tr>\n<td>Modell<\/td>\n<td>Kimenetek<\/td>\n<td>L1<\/td>\n<td>L2<\/td>\n<td>\u00c9Ny(g)<\/td>\n<\/tr>\n<tr>\n<td>MGJ-1R<\/td>\n<td>1<\/td>\n<td>33<\/td>\n<td>22<\/td>\n<td>22<\/td>\n<\/tr>\n<tr>\n<td>MGJ-2R<\/td>\n<td>2<\/td>\n<td>49<\/td>\n<td>38<\/td>\n<td>34<\/td>\n<\/tr>\n<tr>\n<td>MGJ-3R<\/td>\n<td>3<\/td>\n<td>65<\/td>\n<td>54<\/td>\n<td>46<\/td>\n<\/tr>\n<tr>\n<td>MGJ-4R<\/td>\n<td>4<\/td>\n<td>81<\/td>\n<td>70<\/td>\n<td>58<\/td>\n<\/tr>\n<tr>\n<td>MGJ-5R<\/td>\n<td>5<\/td>\n<td>97<\/td>\n<td>86<\/td>\n<td>70<\/td>\n<\/tr>\n<tr>\n<td>MGJ-6R<\/td>\n<td>6<\/td>\n<td>113<\/td>\n<td>102<\/td>\n<td>81<\/td>\n<\/tr>\n<tr>\n<td>MGJ-7R<\/td>\n<td>7<\/td>\n<td>127<\/td>\n<td>116<\/td>\n<td>94<\/td>\n<\/tr>\n<tr>\n<td>MGJ-8R<\/td>\n<td>8<\/td>\n<td>143<\/td>\n<td>132<\/td>\n<td>106<\/td>\n<\/tr>\n<tr>\n<td>MGJ-9R<\/td>\n<td>9<\/td>\n<td>159<\/td>\n<td>148<\/td>\n<td>118<\/td>\n<\/tr>\n<tr>\n<td>MGJ-10R<\/td>\n<td>10<\/td>\n<td>175<\/td>\n<td>164<\/td>\n<td>130<\/td>\n<\/tr>\n<tr>\n<td>MGJ-12R<\/td>\n<td>12<\/td>\n<td>207<\/td>\n<td>196<\/td>\n<td>142<\/td>\n<\/tr>\n<\/tbody>\n<\/table>\n<h2>Alkalmaz\u00e1s<\/h2>\n<p>Az egysoros zs\u00edreloszt\u00f3kat az ipari g\u00e9pek sz\u00e9les sk\u00e1l\u00e1j\u00e1hoz haszn\u00e1lj\u00e1k:<br \/>\nSzersz\u00e1mg\u00e9pek: p\u00e9ld\u00e1ul eszterga, mar\u00f3g\u00e9p, csiszol\u00f3g\u00e9p stb.<br \/>\n\u00c9p\u00edt\u0151ipari g\u00e9pek: kotr\u00f3g\u00e9pek, rakod\u00f3k, d\u00f3zerek stb.<br \/>\nB\u00e1ny\u00e1szati felszerel\u00e9sek: b\u00e1nyakocsik, z\u00faz\u00f3g\u00e9pek, rost\u00e1l\u00f3 g\u00e9pek stb.<br \/>\nEgy\u00e9b mechanikus berendez\u00e9sek: sz\u00e1ll\u00edt\u00f3szalag, ventil\u00e1tor, kompresszor stb.<\/p>\n<h2>K\u00e9zik\u00f6nyvek<\/h2>\n<div class=\"sdm_download_button_box_default\"><div class=\"sdm_download_link\"><a href=\"https:\/\/www.jinpinlub.com\/hu\/?sdm_process_download=1&download_id=2470\" class=\"sdm_download white\" title=\"Mag\u00e1n: MGK Metering Valve\" target=\"&quot;_blank&quot;\">Adatlap megtekint\u00e9se - MGK adagol\u00f3szelep<\/a><\/div><\/div>","protected":false},"excerpt":{"rendered":"<p>Az MGJ az egysoros ken\u0151rendszer MGK eloszt\u00f3j\u00e1nak csom\u00f3pontja. Fogadja a ken\u0151szivatty\u00fa \u00e1ltal sz\u00e1ll\u00edtott zs\u00edrt, majd az MGK adagol\u00f3szelepeinek szekvenci\u00e1lis m\u0171k\u00f6d\u00e9se r\u00e9v\u00e9n a zs\u00edrt k\u00fcl\u00f6nb\u00f6z\u0151 ken\u00e9si pontokra osztja el.<\/p>","protected":false},"featured_media":3131,"template":"","meta":{"ocean_post_layout":"","ocean_both_sidebars_style":"","ocean_both_sidebars_content_width":0,"ocean_both_sidebars_sidebars_width":0,"ocean_sidebar":"0","ocean_second_sidebar":"0","ocean_disable_margins":"enable","ocean_add_body_class":"","ocean_shortcode_before_top_bar":"","ocean_shortcode_after_top_bar":"","ocean_shortcode_before_header":"","ocean_shortcode_after_header":"","ocean_has_shortcode":"","ocean_shortcode_after_title":"","ocean_shortcode_before_footer_widgets":"","ocean_shortcode_after_footer_widgets":"","ocean_shortcode_before_footer_bottom":"","ocean_shortcode_after_footer_bottom":"","ocean_display_top_bar":"default","ocean_display_header":"default","ocean_header_style":"","ocean_center_header_left_menu":"0","ocean_custom_header_template":"0","ocean_custom_logo":0,"ocean_custom_retina_logo":0,"ocean_custom_logo_max_width":0,"ocean_custom_logo_tablet_max_width":0,"ocean_custom_logo_mobile_max_width":0,"ocean_custom_logo_max_height":0,"ocean_custom_logo_tablet_max_height":0,"ocean_custom_logo_mobile_max_height":0,"ocean_header_custom_menu":"0","ocean_menu_typo_font_family":"0","ocean_menu_typo_font_subset":"","ocean_menu_typo_font_size":0,"ocean_menu_typo_font_size_tablet":0,"ocean_menu_typo_font_size_mobile":0,"ocean_menu_typo_font_size_unit":"px","ocean_menu_typo_font_weight":"","ocean_menu_typo_font_weight_tablet":"","ocean_menu_typo_font_weight_mobile":"","ocean_menu_typo_transform":"","ocean_menu_typo_transform_tablet":"","ocean_menu_typo_transform_mobile":"","ocean_menu_typo_line_height":0,"ocean_menu_typo_line_height_tablet":0,"ocean_menu_typo_line_height_mobile":0,"ocean_menu_typo_line_height_unit":"","ocean_menu_typo_spacing":0,"ocean_menu_typo_spacing_tablet":0,"ocean_menu_typo_spacing_mobile":0,"ocean_menu_typo_spacing_unit":"","ocean_menu_link_color":"","ocean_menu_link_color_hover":"","ocean_menu_link_color_active":"","ocean_menu_link_background":"","ocean_menu_link_hover_background":"","ocean_menu_link_active_background":"","ocean_menu_social_links_bg":"","ocean_menu_social_hover_links_bg":"","ocean_menu_social_links_color":"","ocean_menu_social_hover_links_color":"","ocean_disable_title":"default","ocean_disable_heading":"default","ocean_post_title":"","ocean_post_subheading":"","ocean_post_title_style":"","ocean_post_title_background_color":"","ocean_post_title_background":0,"ocean_post_title_bg_image_position":"","ocean_post_title_bg_image_attachment":"","ocean_post_title_bg_image_repeat":"","ocean_post_title_bg_image_size":"","ocean_post_title_height":0,"ocean_post_title_bg_overlay":0.5,"ocean_post_title_bg_overlay_color":"","ocean_disable_breadcrumbs":"default","ocean_breadcrumbs_color":"","ocean_breadcrumbs_separator_color":"","ocean_breadcrumbs_links_color":"","ocean_breadcrumbs_links_hover_color":"","ocean_display_footer_widgets":"default","ocean_display_footer_bottom":"default","ocean_custom_footer_template":"0","osh_disable_topbar_sticky":"default","osh_disable_header_sticky":"default","osh_sticky_header_style":"default","osh_sticky_header_effect":"","osh_custom_sticky_logo":0,"osh_custom_retina_sticky_logo":0,"osh_custom_sticky_logo_height":0,"osh_background_color":"","osh_links_color":"","osh_links_hover_color":"","osh_links_active_color":"","osh_links_bg_color":"","osh_links_hover_bg_color":"","osh_links_active_bg_color":"","osh_menu_social_links_color":"","osh_menu_social_hover_links_color":""},"product_brand":[],"product_cat":[40,37],"product_tag":[87,165,86],"class_list":{"0":"post-3198","1":"product","2":"type-product","3":"status-publish","4":"has-post-thumbnail","6":"product_cat-pressure-relief-metering-valves","7":"product_cat-single-line-grease-systems","8":"product_tag-grease-distributor","9":"product_tag-grease-diverter","10":"product_tag-single-line-distributor","12":"entry","13":"has-media","15":"first","16":"instock","17":"shipping-taxable","18":"product-type-external","19":"col","20":"span_1_of_3","21":"owp-content-center","22":"owp-thumbs-layout-horizontal","23":"owp-btn-very-big","24":"owp-tabs-layout-horizontal"},"_links":{"self":[{"href":"https:\/\/www.jinpinlub.com\/hu\/wp-json\/wp\/v2\/product\/3198","targetHints":{"allow":["GET"]}}],"collection":[{"href":"https:\/\/www.jinpinlub.com\/hu\/wp-json\/wp\/v2\/product"}],"about":[{"href":"https:\/\/www.jinpinlub.com\/hu\/wp-json\/wp\/v2\/types\/product"}],"wp:featuredmedia":[{"embeddable":true,"href":"https:\/\/www.jinpinlub.com\/hu\/wp-json\/wp\/v2\/media\/3131"}],"wp:attachment":[{"href":"https:\/\/www.jinpinlub.com\/hu\/wp-json\/wp\/v2\/media?parent=3198"}],"wp:term":[{"taxonomy":"product_brand","embeddable":true,"href":"https:\/\/www.jinpinlub.com\/hu\/wp-json\/wp\/v2\/product_brand?post=3198"},{"taxonomy":"product_cat","embeddable":true,"href":"https:\/\/www.jinpinlub.com\/hu\/wp-json\/wp\/v2\/product_cat?post=3198"},{"taxonomy":"product_tag","embeddable":true,"href":"https:\/\/www.jinpinlub.com\/hu\/wp-json\/wp\/v2\/product_tag?post=3198"}],"curies":[{"name":"wp","href":"https:\/\/api.w.org\/{rel}","templated":true}]}}