{"id":3201,"date":"2024-08-12T09:44:12","date_gmt":"2024-08-12T09:44:12","guid":{"rendered":"https:\/\/www.jinpinlub.com\/?post_type=product&#038;p=3201"},"modified":"2024-08-12T09:49:50","modified_gmt":"2024-08-12T09:49:50","slug":"muj-7-aluminium-otvozet-sont-csomopont-zsiradagolo-szelephez","status":"publish","type":"product","link":"https:\/\/www.jinpinlub.com\/hu\/termek\/muj-7-aluminium-otvozet-sont-csomopont-zsiradagolo-szelephez\/","title":{"rendered":"MUJ-7 alum\u00ednium\u00f6tv\u00f6zet s\u00f6ntcsatlakoz\u00f3 zs\u00edradagol\u00f3 szelephez"},"content":{"rendered":"<h2>Jellemz\u0151k<\/h2>\n<p>1. Az \u00f6sszek\u00f6t\u0151 blokk egy ir\u00e1nyba tereli a ken\u0151anyagot.<br \/>\n2. V\u00e9kony olajos egysoros ken\u00e9si rendszerben haszn\u00e1lj\u00e1k.<br \/>\nAz MO adagol\u00f3szelep k\u00f6zvetlen\u00fcl kapcsol\u00f3dik hozz\u00e1, \u00e9s ken\u0151anyagot sz\u00e1ll\u00edt a ken\u00e9si ponthoz. Ha vannak redund\u00e1ns aljzatok, M10x1 z\u00e1r\u00f3dug\u00f3k haszn\u00e1lhat\u00f3k azok lez\u00e1r\u00e1s\u00e1ra.<br \/>\nA \u03a66 f\u0151vezet\u00e9k a MOJ-M-mel van \u00f6sszek\u00f6tve, kimeneti menete M10x1, amely PA-6 csatlakoz\u00f3val \u00e9s PB-6 kett\u0151s k\u00fapos \u00e9rv\u00e9gh\u00fcvellyel egy\u00fctt haszn\u00e1latos. V\u00e9gcsatlakoz\u00f3ja PG06 z\u00e1r\u00f3dug\u00f3val z\u00e1rhat\u00f3.<br \/>\nA \u03a66 f\u0151vonal a MOJ-R-rel van \u00f6sszek\u00f6tve. Kimeneti menete Rc1\/8, amely egyenes csatlakoz\u00f3val is haszn\u00e1lhat\u00f3. V\u00e9gcsatlakoz\u00f3ja Rc1\/8 z\u00e1r\u00f3dug\u00f3val z\u00e1rhat\u00f3.<br \/>\n3. Alum\u00ednium\u00f6tv\u00f6zetb\u0151l k\u00e9sz\u00fclt, a fel\u00fclet elox\u00e1lt, \u00e9s a megjelen\u00e9s gy\u00f6ny\u00f6r\u0171.<br \/>\n4. A speci\u00e1lis k\u00f6vetelm\u00e9nyek testreszabhat\u00f3k<br \/>\n5. A ken\u0151rendszer aktu\u00e1lis ig\u00e9nyei szerint a csatlakoz\u00f3blokkok p\u00e1rhuzamosan vagy sorosan is haszn\u00e1lhat\u00f3k.<\/p>\n<h2>Specifik\u00e1ci\u00f3<\/h2>\n<p><img loading=\"lazy\" decoding=\"async\" class=\"size-full wp-image-3197\" src=\"https:\/\/www.jinpinlub.com\/wp-content\/uploads\/2024\/08\/MGJ-junction.jpg\" alt=\"MGJ Junction\" width=\"900\" height=\"584\" srcset=\"https:\/\/www.jinpinlub.com\/wp-content\/uploads\/2024\/08\/MGJ-junction.jpg 900w, https:\/\/www.jinpinlub.com\/wp-content\/uploads\/2024\/08\/MGJ-junction-300x195.jpg 300w, https:\/\/www.jinpinlub.com\/wp-content\/uploads\/2024\/08\/MGJ-junction-768x498.jpg 768w, https:\/\/www.jinpinlub.com\/wp-content\/uploads\/2024\/08\/MGJ-junction-18x12.jpg 18w, https:\/\/www.jinpinlub.com\/wp-content\/uploads\/2024\/08\/MGJ-junction-800x519.jpg 800w\" sizes=\"auto, (max-width: 900px) 100vw, 900px\" \/><\/p>\n<table>\n<tbody>\n<tr>\n<td>Modell<\/td>\n<td>Kimenetek<\/td>\n<td>L1<\/td>\n<td>L2<\/td>\n<td>\u00c9Ny(g)<\/td>\n<\/tr>\n<tr>\n<td>MUJ-1R<\/td>\n<td>1<\/td>\n<td>31<\/td>\n<td>20<\/td>\n<td>22<\/td>\n<\/tr>\n<tr>\n<td>MUJ-2R<\/td>\n<td>2<\/td>\n<td>47<\/td>\n<td>36<\/td>\n<td>34<\/td>\n<\/tr>\n<tr>\n<td>MUJ-3R<\/td>\n<td>3<\/td>\n<td>63<\/td>\n<td>52<\/td>\n<td>46<\/td>\n<\/tr>\n<tr>\n<td>MUJ-4R<\/td>\n<td>4<\/td>\n<td>79<\/td>\n<td>68<\/td>\n<td>58<\/td>\n<\/tr>\n<tr>\n<td>MUJ-5R<\/td>\n<td>5<\/td>\n<td>95<\/td>\n<td>84<\/td>\n<td>70<\/td>\n<\/tr>\n<tr>\n<td>MUJ-6R<\/td>\n<td>6<\/td>\n<td>111<\/td>\n<td>100<\/td>\n<td>81<\/td>\n<\/tr>\n<tr>\n<td>MUJ-7R<\/td>\n<td>7<\/td>\n<td>127<\/td>\n<td>116<\/td>\n<td>94<\/td>\n<\/tr>\n<tr>\n<td>MUJ-8R<\/td>\n<td>8<\/td>\n<td>143<\/td>\n<td>132<\/td>\n<td>106<\/td>\n<\/tr>\n<tr>\n<td>MUJ-9R<\/td>\n<td>9<\/td>\n<td>159<\/td>\n<td>148<\/td>\n<td>118<\/td>\n<\/tr>\n<tr>\n<td>MUJ-10R<\/td>\n<td>10<\/td>\n<td>175<\/td>\n<td>164<\/td>\n<td>130<\/td>\n<\/tr>\n<tr>\n<td>MUJ-12R<\/td>\n<td>12<\/td>\n<td>207<\/td>\n<td>196<\/td>\n<td>142<\/td>\n<\/tr>\n<\/tbody>\n<\/table>\n<h2>Alkalmaz\u00e1s<\/h2>\n<p>Sz\u00e9lenergia-termel\u00e9s: K\u00fcl\u00f6n\u00f6sen a tengeri sz\u00e9lturbin\u00e1k csap\u00e1gyken\u00e9s\u00e9n\u00e9l v\u00e1lt \u00e1ltal\u00e1noss\u00e1 az egysoros ken\u00e9si rendszer, mivel mentes a progressz\u00edv rendszer hi\u00e1nyoss\u00e1gait\u00f3l.<br \/>\nCementgy\u00e1r: Az egysoros eloszt\u00f3 biztos\u00edtja a rendszer alacsony nyom\u00e1s\u00fa fel\u00e9p\u00edt\u00e9si idej\u00e9t \u00e9s a t\u00e9li norm\u00e1l m\u0171k\u00f6d\u00e9st, jav\u00edtva ezzel a ken\u00e9s hat\u00e9konys\u00e1g\u00e1t \u00e9s a berendez\u00e9s megb\u00edzhat\u00f3s\u00e1g\u00e1t.<br \/>\nAlum\u00ednium extruder: MUK egysoros eloszt\u00f3 \u2013 megn\u00f6vekedett \u00e9lettartam \u00e9s megb\u00edzhat\u00f3s\u00e1g, jobb precizit\u00e1s megtart\u00e1sa, cs\u00f6kkentett energiafogyaszt\u00e1s, alacsonyabb karbantart\u00e1si k\u00f6lts\u00e9gek a berendez\u00e9sn\u00e9l.<\/p>\n<h2>K\u00e9zik\u00f6nyvek<\/h2>\n<div class=\"sdm_download_button_box_default\"><div class=\"sdm_download_link\"><a href=\"https:\/\/www.jinpinlub.com\/hu\/?sdm_process_download=1&download_id=3070\" class=\"sdm_download white\" title=\"Mag\u00e1n: MUK Pressure-relief Distributor\" target=\"&quot;_blank&quot;\">Adatlap megtekint\u00e9se - MUK Forgalmaz\u00f3<\/a><\/div><\/div>","protected":false},"excerpt":{"rendered":"<p>A MUJ csom\u00f3pont a MUK egyvezet\u00e9kes eloszt\u00f3 r\u00e9sze, amely a f\u0151 olajell\u00e1t\u00f3 vezet\u00e9khez csatlakoztatott bemenetb\u0151l, a k\u00fcl\u00f6nb\u00f6z\u0151 ken\u00e9si pontokhoz kapcsol\u00f3d\u00f3 kimenetekb\u0151l \u00e9s egy adagol\u00f3szelepb\u0151l \u00e1ll, amely biztos\u00edtja a ken\u0151anyag pontos mennyis\u00e9g\u00e9t.<\/p>","protected":false},"featured_media":3143,"template":"","meta":{"ocean_post_layout":"","ocean_both_sidebars_style":"","ocean_both_sidebars_content_width":0,"ocean_both_sidebars_sidebars_width":0,"ocean_sidebar":"0","ocean_second_sidebar":"0","ocean_disable_margins":"enable","ocean_add_body_class":"","ocean_shortcode_before_top_bar":"","ocean_shortcode_after_top_bar":"","ocean_shortcode_before_header":"","ocean_shortcode_after_header":"","ocean_has_shortcode":"","ocean_shortcode_after_title":"","ocean_shortcode_before_footer_widgets":"","ocean_shortcode_after_footer_widgets":"","ocean_shortcode_before_footer_bottom":"","ocean_shortcode_after_footer_bottom":"","ocean_display_top_bar":"default","ocean_display_header":"default","ocean_header_style":"","ocean_center_header_left_menu":"0","ocean_custom_header_template":"0","ocean_custom_logo":0,"ocean_custom_retina_logo":0,"ocean_custom_logo_max_width":0,"ocean_custom_logo_tablet_max_width":0,"ocean_custom_logo_mobile_max_width":0,"ocean_custom_logo_max_height":0,"ocean_custom_logo_tablet_max_height":0,"ocean_custom_logo_mobile_max_height":0,"ocean_header_custom_menu":"0","ocean_menu_typo_font_family":"0","ocean_menu_typo_font_subset":"","ocean_menu_typo_font_size":0,"ocean_menu_typo_font_size_tablet":0,"ocean_menu_typo_font_size_mobile":0,"ocean_menu_typo_font_size_unit":"px","ocean_menu_typo_font_weight":"","ocean_menu_typo_font_weight_tablet":"","ocean_menu_typo_font_weight_mobile":"","ocean_menu_typo_transform":"","ocean_menu_typo_transform_tablet":"","ocean_menu_typo_transform_mobile":"","ocean_menu_typo_line_height":0,"ocean_menu_typo_line_height_tablet":0,"ocean_menu_typo_line_height_mobile":0,"ocean_menu_typo_line_height_unit":"","ocean_menu_typo_spacing":0,"ocean_menu_typo_spacing_tablet":0,"ocean_menu_typo_spacing_mobile":0,"ocean_menu_typo_spacing_unit":"","ocean_menu_link_color":"","ocean_menu_link_color_hover":"","ocean_menu_link_color_active":"","ocean_menu_link_background":"","ocean_menu_link_hover_background":"","ocean_menu_link_active_background":"","ocean_menu_social_links_bg":"","ocean_menu_social_hover_links_bg":"","ocean_menu_social_links_color":"","ocean_menu_social_hover_links_color":"","ocean_disable_title":"default","ocean_disable_heading":"default","ocean_post_title":"","ocean_post_subheading":"","ocean_post_title_style":"","ocean_post_title_background_color":"","ocean_post_title_background":0,"ocean_post_title_bg_image_position":"","ocean_post_title_bg_image_attachment":"","ocean_post_title_bg_image_repeat":"","ocean_post_title_bg_image_size":"","ocean_post_title_height":0,"ocean_post_title_bg_overlay":0.5,"ocean_post_title_bg_overlay_color":"","ocean_disable_breadcrumbs":"default","ocean_breadcrumbs_color":"","ocean_breadcrumbs_separator_color":"","ocean_breadcrumbs_links_color":"","ocean_breadcrumbs_links_hover_color":"","ocean_display_footer_widgets":"default","ocean_display_footer_bottom":"default","ocean_custom_footer_template":"0","osh_disable_topbar_sticky":"default","osh_disable_header_sticky":"default","osh_sticky_header_style":"default","osh_sticky_header_effect":"","osh_custom_sticky_logo":0,"osh_custom_retina_sticky_logo":0,"osh_custom_sticky_logo_height":0,"osh_background_color":"","osh_links_color":"","osh_links_hover_color":"","osh_links_active_color":"","osh_links_bg_color":"","osh_links_hover_bg_color":"","osh_links_active_bg_color":"","osh_menu_social_links_color":"","osh_menu_social_hover_links_color":""},"product_brand":[],"product_cat":[37,40],"product_tag":[100,167,86],"class_list":{"0":"post-3201","1":"product","2":"type-product","3":"status-publish","4":"has-post-thumbnail","6":"product_cat-single-line-grease-systems","7":"product_cat-pressure-relief-metering-valves","8":"product_tag-grease-metering-valve","9":"product_tag-mu-metering-valve","10":"product_tag-single-line-distributor","12":"entry","13":"has-media","15":"first","16":"instock","17":"shipping-taxable","18":"product-type-external","19":"col","20":"span_1_of_3","21":"owp-content-center","22":"owp-thumbs-layout-horizontal","23":"owp-btn-very-big","24":"owp-tabs-layout-horizontal"},"_links":{"self":[{"href":"https:\/\/www.jinpinlub.com\/hu\/wp-json\/wp\/v2\/product\/3201","targetHints":{"allow":["GET"]}}],"collection":[{"href":"https:\/\/www.jinpinlub.com\/hu\/wp-json\/wp\/v2\/product"}],"about":[{"href":"https:\/\/www.jinpinlub.com\/hu\/wp-json\/wp\/v2\/types\/product"}],"wp:featuredmedia":[{"embeddable":true,"href":"https:\/\/www.jinpinlub.com\/hu\/wp-json\/wp\/v2\/media\/3143"}],"wp:attachment":[{"href":"https:\/\/www.jinpinlub.com\/hu\/wp-json\/wp\/v2\/media?parent=3201"}],"wp:term":[{"taxonomy":"product_brand","embeddable":true,"href":"https:\/\/www.jinpinlub.com\/hu\/wp-json\/wp\/v2\/product_brand?post=3201"},{"taxonomy":"product_cat","embeddable":true,"href":"https:\/\/www.jinpinlub.com\/hu\/wp-json\/wp\/v2\/product_cat?post=3201"},{"taxonomy":"product_tag","embeddable":true,"href":"https:\/\/www.jinpinlub.com\/hu\/wp-json\/wp\/v2\/product_tag?post=3201"}],"curies":[{"name":"wp","href":"https:\/\/api.w.org\/{rel}","templated":true}]}}