{"id":3203,"date":"2024-08-12T10:08:48","date_gmt":"2024-08-12T10:08:48","guid":{"rendered":"https:\/\/www.jinpinlub.com\/?post_type=product&#038;p=3203"},"modified":"2024-08-12T10:35:31","modified_gmt":"2024-08-12T10:35:31","slug":"pd-huvelyes-kulso-belso-menetes-egyenes-adapter-csovezetekhez","status":"publish","type":"product","link":"https:\/\/www.jinpinlub.com\/hu\/product\/pd-sleeve-male-female-threaded-straight-adapter-for-pipeline\/","title":{"rendered":"PD h\u00fcvelyes apa menetes egyenes adapter cs\u0151vezet\u00e9khez"},"content":{"rendered":"<h2>Jellemz\u0151k<\/h2>\n<p>A k\u00f6zvetlen adapter pontos fogaskerekes kialak\u00edt\u00e1sa szorosan csatlakoztathat\u00f3 a ken\u0151cs\u0151h\u00f6z, er\u0151s t\u00f6m\u00edt\u0151k\u00e9pess\u00e9ggel.<br \/>\nAz egyenes csatlakoz\u00f3 r\u00e9z anyagb\u00f3l k\u00e9sz\u00fclt, er\u0151s rozsda- \u00e9s oxid\u00e1ci\u00f3\u00e1ll\u00f3, korr\u00f3zi\u00f3- \u00e9s nyom\u00e1s\u00e1ll\u00f3, \u00e9s lev\u00e1l\u00e1s n\u00e9lk\u00fcl alkalmazkodik a k\u00fcl\u00f6nb\u00f6z\u0151 munkak\u00f6rnyezetekhez.<br \/>\nAz adapter menetei \u00e1tl\u00e1tsz\u00f3ak \u00e9s szabv\u00e1nyosak, simaak, sorja n\u00e9lk\u00fcl, \u00e9s megh\u00faz\u00e1skor nem k\u00f6nny\u0171 elcs\u00faszni.<\/p>\n<h2>Specifik\u00e1ci\u00f3<\/h2>\n<figure id=\"attachment_3205\" aria-describedby=\"caption-attachment-3205\" style=\"width: 800px\" class=\"wp-caption alignnone\"><img loading=\"lazy\" decoding=\"async\" class=\"size-full wp-image-3205\" src=\"https:\/\/www.jinpinlub.com\/wp-content\/uploads\/2024\/08\/PD-specifications.jpg\" alt=\"PD-specifik\u00e1ci\u00f3k\" width=\"800\" height=\"990\" srcset=\"https:\/\/www.jinpinlub.com\/wp-content\/uploads\/2024\/08\/PD-specifications.jpg 800w, https:\/\/www.jinpinlub.com\/wp-content\/uploads\/2024\/08\/PD-specifications-242x300.jpg 242w, https:\/\/www.jinpinlub.com\/wp-content\/uploads\/2024\/08\/PD-specifications-768x950.jpg 768w, https:\/\/www.jinpinlub.com\/wp-content\/uploads\/2024\/08\/PD-specifications-10x12.jpg 10w\" sizes=\"auto, (max-width: 800px) 100vw, 800px\" \/><figcaption id=\"caption-attachment-3205\" class=\"wp-caption-text\">PD-specifik\u00e1ci\u00f3k<\/figcaption><\/figure>\n<h2>Alkalmaz\u00e1s<\/h2>\n<p>A PD r\u00e9z egyenes csatlakoz\u00f3t f\u0151k\u00e9nt a k\u00f6zponti ken\u00e9si rendszer cs\u0151vezet\u00e9keinek k\u00fcl\u00f6nb\u00f6z\u0151 sorozataiban haszn\u00e1lj\u00e1k, mint p\u00e9ld\u00e1ul a szivatty\u00fak \u00e9s a k\u00fcl\u00f6nf\u00e9le cs\u00f6vek k\u00f6z\u00f6tti csatlakoz\u00e1s, r\u00e9zcs\u00f6vek, alum\u00edniumcs\u00f6vek, nyloncs\u00f6vek stb. F\u0151leg kompresszi\u00f3s perselyekkel, nyom\u00f3h\u00fcvelyekkel \u00e9s cs\u00f6vekkel haszn\u00e1lj\u00e1k h\u00fcvelyes cs\u0151szerelv\u00e9nyek kialak\u00edt\u00e1s\u00e1hoz, amelyek a legsz\u00e9lesebb k\u00f6rben haszn\u00e1latosak.<\/p>\n<h2>K\u00e9zik\u00f6nyvek<\/h2>\n<div class=\"sdm_download_button_box_default\"><div class=\"sdm_download_link\"><a href=\"https:\/\/www.jinpinlub.com\/hu\/?sdm_process_download=1&download_id=3172\" class=\"sdm_download white\" title=\"Mag\u00e1n: PA\/PB\/PD\/Connector\" target=\"&quot;_blank&quot;\">Adatlap megtekint\u00e9se - PA\/PB\/PD csatlakoz\u00f3<\/a><\/div><\/div>","protected":false},"excerpt":{"rendered":"<p>Az MB700 a ken\u00e9si rendszer nyom\u00e1s\u00e1nak pontos m\u00e9r\u00e9s\u00e9t \u00e9s intuit\u00edv megjelen\u00edt\u00e9s\u00e9t \u00e9ri el a nyom\u00e1sm\u00e9r\u0151 rugalmas elemeinek deform\u00e1ci\u00f3ja, az er\u0151\u00e1tviteli mechanizmus \u00e1talak\u00edt\u00e1sa \u00e9s a mutat\u00f3k kijelz\u00e9se r\u00e9v\u00e9n.<\/p>","protected":false},"featured_media":3154,"template":"","meta":{"ocean_post_layout":"","ocean_both_sidebars_style":"","ocean_both_sidebars_content_width":0,"ocean_both_sidebars_sidebars_width":0,"ocean_sidebar":"0","ocean_second_sidebar":"0","ocean_disable_margins":"enable","ocean_add_body_class":"","ocean_shortcode_before_top_bar":"","ocean_shortcode_after_top_bar":"","ocean_shortcode_before_header":"","ocean_shortcode_after_header":"","ocean_has_shortcode":"","ocean_shortcode_after_title":"","ocean_shortcode_before_footer_widgets":"","ocean_shortcode_after_footer_widgets":"","ocean_shortcode_before_footer_bottom":"","ocean_shortcode_after_footer_bottom":"","ocean_display_top_bar":"default","ocean_display_header":"default","ocean_header_style":"","ocean_center_header_left_menu":"0","ocean_custom_header_template":"0","ocean_custom_logo":0,"ocean_custom_retina_logo":0,"ocean_custom_logo_max_width":0,"ocean_custom_logo_tablet_max_width":0,"ocean_custom_logo_mobile_max_width":0,"ocean_custom_logo_max_height":0,"ocean_custom_logo_tablet_max_height":0,"ocean_custom_logo_mobile_max_height":0,"ocean_header_custom_menu":"0","ocean_menu_typo_font_family":"0","ocean_menu_typo_font_subset":"","ocean_menu_typo_font_size":0,"ocean_menu_typo_font_size_tablet":0,"ocean_menu_typo_font_size_mobile":0,"ocean_menu_typo_font_size_unit":"px","ocean_menu_typo_font_weight":"","ocean_menu_typo_font_weight_tablet":"","ocean_menu_typo_font_weight_mobile":"","ocean_menu_typo_transform":"","ocean_menu_typo_transform_tablet":"","ocean_menu_typo_transform_mobile":"","ocean_menu_typo_line_height":0,"ocean_menu_typo_line_height_tablet":0,"ocean_menu_typo_line_height_mobile":0,"ocean_menu_typo_line_height_unit":"","ocean_menu_typo_spacing":0,"ocean_menu_typo_spacing_tablet":0,"ocean_menu_typo_spacing_mobile":0,"ocean_menu_typo_spacing_unit":"","ocean_menu_link_color":"","ocean_menu_link_color_hover":"","ocean_menu_link_color_active":"","ocean_menu_link_background":"","ocean_menu_link_hover_background":"","ocean_menu_link_active_background":"","ocean_menu_social_links_bg":"","ocean_menu_social_hover_links_bg":"","ocean_menu_social_links_color":"","ocean_menu_social_hover_links_color":"","ocean_disable_title":"default","ocean_disable_heading":"default","ocean_post_title":"","ocean_post_subheading":"","ocean_post_title_style":"","ocean_post_title_background_color":"","ocean_post_title_background":0,"ocean_post_title_bg_image_position":"","ocean_post_title_bg_image_attachment":"","ocean_post_title_bg_image_repeat":"","ocean_post_title_bg_image_size":"","ocean_post_title_height":0,"ocean_post_title_bg_overlay":0.5,"ocean_post_title_bg_overlay_color":"","ocean_disable_breadcrumbs":"default","ocean_breadcrumbs_color":"","ocean_breadcrumbs_separator_color":"","ocean_breadcrumbs_links_color":"","ocean_breadcrumbs_links_hover_color":"","ocean_display_footer_widgets":"default","ocean_display_footer_bottom":"default","ocean_custom_footer_template":"0","osh_disable_topbar_sticky":"default","osh_disable_header_sticky":"default","osh_sticky_header_style":"default","osh_sticky_header_effect":"","osh_custom_sticky_logo":0,"osh_custom_retina_sticky_logo":0,"osh_custom_sticky_logo_height":0,"osh_background_color":"","osh_links_color":"","osh_links_hover_color":"","osh_links_active_color":"","osh_links_bg_color":"","osh_links_hover_bg_color":"","osh_links_active_bg_color":"","osh_menu_social_links_color":"","osh_menu_social_hover_links_color":""},"product_brand":[],"product_cat":[31],"product_tag":[171,173,172],"class_list":{"0":"post-3203","1":"product","2":"type-product","3":"status-publish","4":"has-post-thumbnail","6":"product_cat-lube-system-accessories","7":"product_tag-oil-tube-connector","8":"product_tag-pd-straight-connector","9":"product_tag-pipeline-adapter","11":"entry","12":"has-media","14":"first","15":"instock","16":"shipping-taxable","17":"product-type-external","18":"col","19":"span_1_of_3","20":"owp-content-center","21":"owp-thumbs-layout-horizontal","22":"owp-btn-very-big","23":"owp-tabs-layout-horizontal"},"_links":{"self":[{"href":"https:\/\/www.jinpinlub.com\/hu\/wp-json\/wp\/v2\/product\/3203","targetHints":{"allow":["GET"]}}],"collection":[{"href":"https:\/\/www.jinpinlub.com\/hu\/wp-json\/wp\/v2\/product"}],"about":[{"href":"https:\/\/www.jinpinlub.com\/hu\/wp-json\/wp\/v2\/types\/product"}],"wp:featuredmedia":[{"embeddable":true,"href":"https:\/\/www.jinpinlub.com\/hu\/wp-json\/wp\/v2\/media\/3154"}],"wp:attachment":[{"href":"https:\/\/www.jinpinlub.com\/hu\/wp-json\/wp\/v2\/media?parent=3203"}],"wp:term":[{"taxonomy":"product_brand","embeddable":true,"href":"https:\/\/www.jinpinlub.com\/hu\/wp-json\/wp\/v2\/product_brand?post=3203"},{"taxonomy":"product_cat","embeddable":true,"href":"https:\/\/www.jinpinlub.com\/hu\/wp-json\/wp\/v2\/product_cat?post=3203"},{"taxonomy":"product_tag","embeddable":true,"href":"https:\/\/www.jinpinlub.com\/hu\/wp-json\/wp\/v2\/product_tag?post=3203"}],"curies":[{"name":"wp","href":"https:\/\/api.w.org\/{rel}","templated":true}]}}