{"id":3206,"date":"2024-08-12T14:57:16","date_gmt":"2024-08-12T14:57:16","guid":{"rendered":"https:\/\/www.jinpinlub.com\/?post_type=product&#038;p=3206"},"modified":"2024-08-12T15:04:37","modified_gmt":"2024-08-12T15:04:37","slug":"ph-rezhuvelyes-konyokadapter-kenoolaj-korhoz","status":"publish","type":"product","link":"https:\/\/www.jinpinlub.com\/hu\/product\/ph-copper-sleeve-elbow-adapter-for-lubrication-oil-circuit\/","title":{"rendered":"PH r\u00e9zh\u00fcvelyes k\u00f6ny\u00f6kadapter ken\u0151olaj-\u00e1ramk\u00f6rh\u00f6z"},"content":{"rendered":"<h2>Jellemz\u0151k<\/h2>\n<p>A PH der\u00e9ksz\u00f6g\u0171 csatlakoz\u00f3 kiv\u00e1l\u00f3 min\u0151s\u00e9g\u0171 s\u00e1rgar\u00e9z anyagb\u00f3l k\u00e9sz\u00fclt, amely er\u0151s \u00e9s tart\u00f3s, \u00e9s nem k\u00f6nny\u0171 viselni.<br \/>\nA csatlakoz\u00f3k menetei finoman kidolgozottak \u00e9s szorosan illeszkednek, megfelelnek a szabv\u00e1nyoknak.<br \/>\nA r\u00e9z csatlakoz\u00f3k k\u00fcl\u00f6nf\u00e9le specifik\u00e1ci\u00f3kkal \u00e9s st\u00edlusokkal kaphat\u00f3k. Ha t\u00f6meggy\u00e1rt\u00e1sra van sz\u00fcks\u00e9g, t\u00e1mogatjuk a testreszab\u00e1st.<br \/>\nA der\u00e9ksz\u00f6g\u0171 adapter eg\u00e9sze finom \u00e9s sima. Nem akad el k\u00f6nnyen a szerel\u00e9s sor\u00e1n, \u00e9s a cs\u0151vezet\u00e9kb\u0151l sem sziv\u00e1rog az olaj.<\/p>\n<h2>Specifik\u00e1ci\u00f3<\/h2>\n<figure id=\"attachment_3207\" aria-describedby=\"caption-attachment-3207\" style=\"width: 800px\" class=\"wp-caption alignnone\"><img loading=\"lazy\" decoding=\"async\" class=\"size-full wp-image-3207\" src=\"https:\/\/www.jinpinlub.com\/wp-content\/uploads\/2024\/08\/PH-specification.jpg\" alt=\"PH-specifik\u00e1ci\u00f3\" width=\"800\" height=\"890\" srcset=\"https:\/\/www.jinpinlub.com\/wp-content\/uploads\/2024\/08\/PH-specification.jpg 800w, https:\/\/www.jinpinlub.com\/wp-content\/uploads\/2024\/08\/PH-specification-270x300.jpg 270w, https:\/\/www.jinpinlub.com\/wp-content\/uploads\/2024\/08\/PH-specification-768x854.jpg 768w, https:\/\/www.jinpinlub.com\/wp-content\/uploads\/2024\/08\/PH-specification-11x12.jpg 11w\" sizes=\"auto, (max-width: 800px) 100vw, 800px\" \/><figcaption id=\"caption-attachment-3207\" class=\"wp-caption-text\">PH-specifik\u00e1ci\u00f3<\/figcaption><\/figure>\n<h2>Alkalmaz\u00e1s<\/h2>\n<p>A PH der\u00e9ksz\u00f6g\u0171 csatlakoz\u00f3t f\u0151leg k\u00fcl\u00f6nf\u00e9le cs\u0151vezet\u00e9kekben haszn\u00e1lj\u00e1k, k\u00fcl\u00f6n\u00f6sen a ken\u0151rendszerek cs\u0151vezet\u00e9keiben. R\u00e9z der\u00e9ksz\u00f6g\u0171 csatlakoz\u00f3 \u00e9s kompresszi\u00f3s persely, kompresszi\u00f3s h\u00fcvely \u00e9s cs\u0151b\u00e9l\u00e9s alak\u00fa h\u00fcvely csatlakoz\u00f3szerelv\u00e9ny, amely nylon cs\u0151vel, nagynyom\u00e1s\u00fa t\u00f6ml\u0151vel, r\u00e9zcs\u0151vel, alum\u00edniumcs\u0151vel \u00e9s egy\u00e9b cs\u00f6vekkel haszn\u00e1lhat\u00f3 az olajk\u00f6r szigor\u00fa t\u00f6m\u00edt\u00e9s\u00e9hez, nem ragadt \u00e9s nem olajsziv\u00e1rg\u00e1s. Ez\u00e9rt sz\u00e9les k\u00f6rben haszn\u00e1lj\u00e1k az aut\u00f3iparban, a vegyiparban, a nyomdaiparban, a textiliparban, a feldolgoz\u00f3iparban stb.<\/p>\n<h2>K\u00e9zik\u00f6nyvek<\/h2>\n<div class=\"sdm_download_button_box_default\"><div class=\"sdm_download_link\"><a href=\"https:\/\/www.jinpinlub.com\/hu\/?sdm_process_download=1&download_id=3174\" class=\"sdm_download white\" title=\"Mag\u00e1n: PH\/PD\/PG\" target=\"&quot;_blank&quot;\">Adatlap megtekint\u00e9se - PH\/PD\/PG<\/a><\/div><\/div>","protected":false},"excerpt":{"rendered":"<p>R\u00e9z PH der\u00e9ksz\u00f6g\u0171 csatlakoz\u00f3, k\u00fcls\u0151 \u00e9s bels\u0151 menetes \u00e9rv\u00e9gh\u00fcvely egyenes k\u00f6ny\u00f6k, der\u00e9ksz\u00f6g\u0171 olajcs\u0151-adapter, r\u00e9zcs\u00f6vek, alum\u00edniumcs\u00f6vek, ac\u00e9lcs\u00f6vek, nyloncs\u00f6vek \u00e9s nagynyom\u00e1s\u00fa t\u00f6ml\u0151k k\u00f6zponti ken\u00e9si rendszer\u00e9hez.<\/p>","protected":false},"featured_media":3156,"template":"","meta":{"ocean_post_layout":"","ocean_both_sidebars_style":"","ocean_both_sidebars_content_width":0,"ocean_both_sidebars_sidebars_width":0,"ocean_sidebar":"0","ocean_second_sidebar":"0","ocean_disable_margins":"enable","ocean_add_body_class":"","ocean_shortcode_before_top_bar":"","ocean_shortcode_after_top_bar":"","ocean_shortcode_before_header":"","ocean_shortcode_after_header":"","ocean_has_shortcode":"","ocean_shortcode_after_title":"","ocean_shortcode_before_footer_widgets":"","ocean_shortcode_after_footer_widgets":"","ocean_shortcode_before_footer_bottom":"","ocean_shortcode_after_footer_bottom":"","ocean_display_top_bar":"default","ocean_display_header":"default","ocean_header_style":"","ocean_center_header_left_menu":"0","ocean_custom_header_template":"0","ocean_custom_logo":0,"ocean_custom_retina_logo":0,"ocean_custom_logo_max_width":0,"ocean_custom_logo_tablet_max_width":0,"ocean_custom_logo_mobile_max_width":0,"ocean_custom_logo_max_height":0,"ocean_custom_logo_tablet_max_height":0,"ocean_custom_logo_mobile_max_height":0,"ocean_header_custom_menu":"0","ocean_menu_typo_font_family":"0","ocean_menu_typo_font_subset":"","ocean_menu_typo_font_size":0,"ocean_menu_typo_font_size_tablet":0,"ocean_menu_typo_font_size_mobile":0,"ocean_menu_typo_font_size_unit":"px","ocean_menu_typo_font_weight":"","ocean_menu_typo_font_weight_tablet":"","ocean_menu_typo_font_weight_mobile":"","ocean_menu_typo_transform":"","ocean_menu_typo_transform_tablet":"","ocean_menu_typo_transform_mobile":"","ocean_menu_typo_line_height":0,"ocean_menu_typo_line_height_tablet":0,"ocean_menu_typo_line_height_mobile":0,"ocean_menu_typo_line_height_unit":"","ocean_menu_typo_spacing":0,"ocean_menu_typo_spacing_tablet":0,"ocean_menu_typo_spacing_mobile":0,"ocean_menu_typo_spacing_unit":"","ocean_menu_link_color":"","ocean_menu_link_color_hover":"","ocean_menu_link_color_active":"","ocean_menu_link_background":"","ocean_menu_link_hover_background":"","ocean_menu_link_active_background":"","ocean_menu_social_links_bg":"","ocean_menu_social_hover_links_bg":"","ocean_menu_social_links_color":"","ocean_menu_social_hover_links_color":"","ocean_disable_title":"default","ocean_disable_heading":"default","ocean_post_title":"","ocean_post_subheading":"","ocean_post_title_style":"","ocean_post_title_background_color":"","ocean_post_title_background":0,"ocean_post_title_bg_image_position":"","ocean_post_title_bg_image_attachment":"","ocean_post_title_bg_image_repeat":"","ocean_post_title_bg_image_size":"","ocean_post_title_height":0,"ocean_post_title_bg_overlay":0.5,"ocean_post_title_bg_overlay_color":"","ocean_disable_breadcrumbs":"default","ocean_breadcrumbs_color":"","ocean_breadcrumbs_separator_color":"","ocean_breadcrumbs_links_color":"","ocean_breadcrumbs_links_hover_color":"","ocean_display_footer_widgets":"default","ocean_display_footer_bottom":"default","ocean_custom_footer_template":"0","osh_disable_topbar_sticky":"default","osh_disable_header_sticky":"default","osh_sticky_header_style":"default","osh_sticky_header_effect":"","osh_custom_sticky_logo":0,"osh_custom_retina_sticky_logo":0,"osh_custom_sticky_logo_height":0,"osh_background_color":"","osh_links_color":"","osh_links_hover_color":"","osh_links_active_color":"","osh_links_bg_color":"","osh_links_hover_bg_color":"","osh_links_active_bg_color":"","osh_menu_social_links_color":"","osh_menu_social_hover_links_color":""},"product_brand":[],"product_cat":[31],"product_tag":[175,174,176],"class_list":{"0":"post-3206","1":"product","2":"type-product","3":"status-publish","4":"has-post-thumbnail","6":"product_cat-lube-system-accessories","7":"product_tag-copper-connector","8":"product_tag-copper-right-angle-elbow","9":"product_tag-pipe-adapter","11":"entry","12":"has-media","14":"first","15":"instock","16":"shipping-taxable","17":"product-type-external","18":"col","19":"span_1_of_3","20":"owp-content-center","21":"owp-thumbs-layout-horizontal","22":"owp-btn-very-big","23":"owp-tabs-layout-horizontal"},"_links":{"self":[{"href":"https:\/\/www.jinpinlub.com\/hu\/wp-json\/wp\/v2\/product\/3206","targetHints":{"allow":["GET"]}}],"collection":[{"href":"https:\/\/www.jinpinlub.com\/hu\/wp-json\/wp\/v2\/product"}],"about":[{"href":"https:\/\/www.jinpinlub.com\/hu\/wp-json\/wp\/v2\/types\/product"}],"wp:featuredmedia":[{"embeddable":true,"href":"https:\/\/www.jinpinlub.com\/hu\/wp-json\/wp\/v2\/media\/3156"}],"wp:attachment":[{"href":"https:\/\/www.jinpinlub.com\/hu\/wp-json\/wp\/v2\/media?parent=3206"}],"wp:term":[{"taxonomy":"product_brand","embeddable":true,"href":"https:\/\/www.jinpinlub.com\/hu\/wp-json\/wp\/v2\/product_brand?post=3206"},{"taxonomy":"product_cat","embeddable":true,"href":"https:\/\/www.jinpinlub.com\/hu\/wp-json\/wp\/v2\/product_cat?post=3206"},{"taxonomy":"product_tag","embeddable":true,"href":"https:\/\/www.jinpinlub.com\/hu\/wp-json\/wp\/v2\/product_tag?post=3206"}],"curies":[{"name":"wp","href":"https:\/\/api.w.org\/{rel}","templated":true}]}}