{"id":3208,"date":"2024-08-12T15:06:13","date_gmt":"2024-08-12T15:06:13","guid":{"rendered":"https:\/\/www.jinpinlub.com\/?post_type=product&#038;p=3208"},"modified":"2024-08-12T15:25:51","modified_gmt":"2024-08-12T15:25:51","slug":"ph-rez-derekszogu-csatlakozo-kenorendszer-csovehez","status":"publish","type":"product","link":"https:\/\/www.jinpinlub.com\/hu\/product\/ph-copper-right-angle-connector-for-lubrication-system-pipe\/","title":{"rendered":"PH r\u00e9z der\u00e9ksz\u00f6g\u0171 csatlakoz\u00f3 a ken\u00e9si rendszer cs\u00f6v\u00e9hez"},"content":{"rendered":"<h2>Jellemz\u0151k<\/h2>\n<p>A r\u00e9zk\u00f6ny\u00f6k feldolgoz\u00e1si anyaga megvastagodott, a k\u00e9szterm\u00e9k szil\u00e1rd, kop\u00e1s\u00e1ll\u00f3 \u00e9s hosszabb \u00e9lettartam\u00fa.<br \/>\nA csatlakoz\u00f3 feldolgoz\u00e1sa szigor\u00faan a nemzetk\u00f6zi szabv\u00e1nyok szerint t\u00f6rt\u00e9nik, kis t\u0171r\u00e9shat\u00e1rral.<br \/>\nA PH csatlakoz\u00f3 kiv\u00e1l\u00f3 min\u0151s\u00e9g\u0171 s\u00e1rgar\u00e9z megmunk\u00e1l\u00e1sb\u00f3l k\u00e9sz\u00fclt, kiv\u00e1l\u00f3 kivitelez\u00e9ssel \u00e9s a r\u00e9szletekre val\u00f3 odafigyel\u00e9ssel.<br \/>\nA specifik\u00e1ci\u00f3k teljesek, bele\u00e9rtve a ken\u0151rendszer k\u00fcl\u00f6nb\u00f6z\u0151 m\u00e9ret\u0171 cs\u0151vezet\u00e9keit, \u00e9s egyedi m\u00e9retek is testreszabhat\u00f3k.<\/p>\n<h2>Specifik\u00e1ci\u00f3<\/h2>\n<figure id=\"attachment_3207\" aria-describedby=\"caption-attachment-3207\" style=\"width: 800px\" class=\"wp-caption alignnone\"><img loading=\"lazy\" decoding=\"async\" class=\"size-full wp-image-3207\" src=\"https:\/\/www.jinpinlub.com\/wp-content\/uploads\/2024\/08\/PH-specification.jpg\" alt=\"PH-specifik\u00e1ci\u00f3\" width=\"800\" height=\"890\" srcset=\"https:\/\/www.jinpinlub.com\/wp-content\/uploads\/2024\/08\/PH-specification.jpg 800w, https:\/\/www.jinpinlub.com\/wp-content\/uploads\/2024\/08\/PH-specification-270x300.jpg 270w, https:\/\/www.jinpinlub.com\/wp-content\/uploads\/2024\/08\/PH-specification-768x854.jpg 768w, https:\/\/www.jinpinlub.com\/wp-content\/uploads\/2024\/08\/PH-specification-11x12.jpg 11w\" sizes=\"auto, (max-width: 800px) 100vw, 800px\" \/><figcaption id=\"caption-attachment-3207\" class=\"wp-caption-text\">PH-specifik\u00e1ci\u00f3<\/figcaption><\/figure>\n<h2>Alkalmaz\u00e1s<\/h2>\n<p>Gondoskodjon a helyes beszerel\u00e9sr\u0151l: Megfelel\u0151en kell csatlakoztatni a ken\u0151rendszerhez, minden lehets\u00e9ges sziv\u00e1rg\u00e1s vagy rossz csatlakoz\u00e1s n\u00e9lk\u00fcl.<br \/>\nRendszeres ellen\u0151rz\u00e9s: Rendszeresen ellen\u0151rizze a csatlakoz\u00f3 \u00e1llapot\u00e1t, bele\u00e9rtve a kop\u00e1s, korr\u00f3zi\u00f3 vagy egy\u00e9b s\u00e9r\u00fcl\u00e9s jeleit.<br \/>\nKer\u00fclje el a t\u00falnyom\u00e1sos m\u0171k\u00f6d\u00e9st: Ne l\u00e9pje t\u00fal a csatlakoz\u00f3 vagy a ken\u0151rendszer maxim\u00e1lis \u00fczemi nyom\u00e1s\u00e1t.<br \/>\n\u00dcgyeljen a k\u00f6rnyezeti t\u00e9nyez\u0151kre: Ne haszn\u00e1lja a csatlakoz\u00f3t sz\u00e9ls\u0151s\u00e9ges h\u0151m\u00e9rs\u00e9kleten vagy korroz\u00edv k\u00f6rnyezetben.<\/p>\n<h2>K\u00e9zik\u00f6nyvek<\/h2>\n<div class=\"sdm_download_button_box_default\"><div class=\"sdm_download_link\"><a href=\"https:\/\/www.jinpinlub.com\/hu\/?sdm_process_download=1&download_id=3174\" class=\"sdm_download white\" title=\"Mag\u00e1n: PH\/PD\/PG\" target=\"&quot;_blank&quot;\">Adatlap megtekint\u00e9se - PH\/PD\/PG<\/a><\/div><\/div>","protected":false},"excerpt":{"rendered":"<p>A r\u00e9z der\u00e9ksz\u00f6g\u0171 cs\u0151csatlakoz\u00f3k l\u00e9tfontoss\u00e1g\u00fa szerepet j\u00e1tszanak a ken\u00e9si rendszerben. F\u0151leg annak biztos\u00edt\u00e1s\u00e1ra szolg\u00e1lnak, hogy a ken\u0151anyag z\u00f6kken\u0151mentesen tov\u00e1bb\u00edthat\u00f3 legyen a k\u00fcl\u00f6nb\u00f6z\u0151 alkatr\u00e9szek k\u00f6z\u00f6tt, \u00e9s fenntarts\u00e1k a teljes rendszer norm\u00e1l m\u0171k\u00f6d\u00e9s\u00e9t.<\/p>","protected":false},"featured_media":3159,"template":"","meta":{"ocean_post_layout":"","ocean_both_sidebars_style":"","ocean_both_sidebars_content_width":0,"ocean_both_sidebars_sidebars_width":0,"ocean_sidebar":"0","ocean_second_sidebar":"0","ocean_disable_margins":"enable","ocean_add_body_class":"","ocean_shortcode_before_top_bar":"","ocean_shortcode_after_top_bar":"","ocean_shortcode_before_header":"","ocean_shortcode_after_header":"","ocean_has_shortcode":"","ocean_shortcode_after_title":"","ocean_shortcode_before_footer_widgets":"","ocean_shortcode_after_footer_widgets":"","ocean_shortcode_before_footer_bottom":"","ocean_shortcode_after_footer_bottom":"","ocean_display_top_bar":"default","ocean_display_header":"default","ocean_header_style":"","ocean_center_header_left_menu":"0","ocean_custom_header_template":"0","ocean_custom_logo":0,"ocean_custom_retina_logo":0,"ocean_custom_logo_max_width":0,"ocean_custom_logo_tablet_max_width":0,"ocean_custom_logo_mobile_max_width":0,"ocean_custom_logo_max_height":0,"ocean_custom_logo_tablet_max_height":0,"ocean_custom_logo_mobile_max_height":0,"ocean_header_custom_menu":"0","ocean_menu_typo_font_family":"0","ocean_menu_typo_font_subset":"","ocean_menu_typo_font_size":0,"ocean_menu_typo_font_size_tablet":0,"ocean_menu_typo_font_size_mobile":0,"ocean_menu_typo_font_size_unit":"px","ocean_menu_typo_font_weight":"","ocean_menu_typo_font_weight_tablet":"","ocean_menu_typo_font_weight_mobile":"","ocean_menu_typo_transform":"","ocean_menu_typo_transform_tablet":"","ocean_menu_typo_transform_mobile":"","ocean_menu_typo_line_height":0,"ocean_menu_typo_line_height_tablet":0,"ocean_menu_typo_line_height_mobile":0,"ocean_menu_typo_line_height_unit":"","ocean_menu_typo_spacing":0,"ocean_menu_typo_spacing_tablet":0,"ocean_menu_typo_spacing_mobile":0,"ocean_menu_typo_spacing_unit":"","ocean_menu_link_color":"","ocean_menu_link_color_hover":"","ocean_menu_link_color_active":"","ocean_menu_link_background":"","ocean_menu_link_hover_background":"","ocean_menu_link_active_background":"","ocean_menu_social_links_bg":"","ocean_menu_social_hover_links_bg":"","ocean_menu_social_links_color":"","ocean_menu_social_hover_links_color":"","ocean_disable_title":"default","ocean_disable_heading":"default","ocean_post_title":"","ocean_post_subheading":"","ocean_post_title_style":"","ocean_post_title_background_color":"","ocean_post_title_background":0,"ocean_post_title_bg_image_position":"","ocean_post_title_bg_image_attachment":"","ocean_post_title_bg_image_repeat":"","ocean_post_title_bg_image_size":"","ocean_post_title_height":0,"ocean_post_title_bg_overlay":0.5,"ocean_post_title_bg_overlay_color":"","ocean_disable_breadcrumbs":"default","ocean_breadcrumbs_color":"","ocean_breadcrumbs_separator_color":"","ocean_breadcrumbs_links_color":"","ocean_breadcrumbs_links_hover_color":"","ocean_display_footer_widgets":"default","ocean_display_footer_bottom":"default","ocean_custom_footer_template":"0","osh_disable_topbar_sticky":"default","osh_disable_header_sticky":"default","osh_sticky_header_style":"default","osh_sticky_header_effect":"","osh_custom_sticky_logo":0,"osh_custom_retina_sticky_logo":0,"osh_custom_sticky_logo_height":0,"osh_background_color":"","osh_links_color":"","osh_links_hover_color":"","osh_links_active_color":"","osh_links_bg_color":"","osh_links_hover_bg_color":"","osh_links_active_bg_color":"","osh_menu_social_links_color":"","osh_menu_social_hover_links_color":""},"product_brand":[],"product_cat":[31],"product_tag":[177,178,179],"class_list":{"0":"post-3208","1":"product","2":"type-product","3":"status-publish","4":"has-post-thumbnail","6":"product_cat-lube-system-accessories","7":"product_tag-right-angle-connector","8":"product_tag-right-angle-elbow","9":"product_tag-screw-in-connector","11":"entry","12":"has-media","14":"first","15":"instock","16":"shipping-taxable","17":"product-type-external","18":"col","19":"span_1_of_3","20":"owp-content-center","21":"owp-thumbs-layout-horizontal","22":"owp-btn-very-big","23":"owp-tabs-layout-horizontal"},"_links":{"self":[{"href":"https:\/\/www.jinpinlub.com\/hu\/wp-json\/wp\/v2\/product\/3208","targetHints":{"allow":["GET"]}}],"collection":[{"href":"https:\/\/www.jinpinlub.com\/hu\/wp-json\/wp\/v2\/product"}],"about":[{"href":"https:\/\/www.jinpinlub.com\/hu\/wp-json\/wp\/v2\/types\/product"}],"wp:featuredmedia":[{"embeddable":true,"href":"https:\/\/www.jinpinlub.com\/hu\/wp-json\/wp\/v2\/media\/3159"}],"wp:attachment":[{"href":"https:\/\/www.jinpinlub.com\/hu\/wp-json\/wp\/v2\/media?parent=3208"}],"wp:term":[{"taxonomy":"product_brand","embeddable":true,"href":"https:\/\/www.jinpinlub.com\/hu\/wp-json\/wp\/v2\/product_brand?post=3208"},{"taxonomy":"product_cat","embeddable":true,"href":"https:\/\/www.jinpinlub.com\/hu\/wp-json\/wp\/v2\/product_cat?post=3208"},{"taxonomy":"product_tag","embeddable":true,"href":"https:\/\/www.jinpinlub.com\/hu\/wp-json\/wp\/v2\/product_tag?post=3208"}],"curies":[{"name":"wp","href":"https:\/\/api.w.org\/{rel}","templated":true}]}}