{"id":3209,"date":"2024-08-12T15:41:06","date_gmt":"2024-08-12T15:41:06","guid":{"rendered":"https:\/\/www.jinpinlub.com\/?post_type=product&#038;p=3209"},"modified":"2024-08-12T15:54:01","modified_gmt":"2024-08-12T15:54:01","slug":"pkd-6-cinkotvozet-rogzitett-3-utas-tee-csatlakozo-csovezetek-adapter","status":"publish","type":"product","link":"https:\/\/www.jinpinlub.com\/hu\/product\/pkd-6-zinc-alloy-fixed-3-way-tee-connector-pipeline-adapter\/","title":{"rendered":"PKD-6 cink\u00f6tv\u00f6zet r\u00f6gz\u00edtett 3 utas p\u00f3l\u00f3 csatlakoz\u00f3 cs\u0151vezet\u00e9k adapter"},"content":{"rendered":"<h2>Jellemz\u0151k<\/h2>\n<p>Anyag: A h\u00e1romutas T alak\u00fa csatlakoz\u00f3 gy\u00e1rt\u00e1si folyamat\u00e1ban felhaszn\u00e1lt alapanyag cink\u00f6tv\u00f6zet. A cink\u00f6tv\u00f6zet kiv\u00e1l\u00f3 korr\u00f3zi\u00f3g\u00e1tl\u00f3 tulajdons\u00e1gokkal b\u00fcszk\u00e9lkedhet, amelyek hat\u00e9konyan ellen\u00e1llnak az olyan k\u00f6zegek korr\u00f3zi\u00f3j\u00e1nak, mint a v\u00edz \u00e9s a g\u00e1z.<br \/>\nT-alak\u00fa szerkezeti kialak\u00edt\u00e1s\u00fa, mellyel h\u00e1romir\u00e1ny\u00fa cs\u0151vezet\u00e9k-csatlakoz\u00e1sok val\u00f3s\u00edthat\u00f3k meg. Emellett r\u00f6gz\u00edt\u0151 funkci\u00f3val is rendelkezik, amely biztos\u00edtja a cs\u0151vezet\u00e9k-csatlakoz\u00e1sok stabilit\u00e1s\u00e1t \u00e9s megb\u00edzhat\u00f3s\u00e1g\u00e1t.<br \/>\nM\u0171szaki adatok: A k\u00fcl\u00f6nb\u00f6z\u0151 cs\u0151\u00e1tm\u00e9r\u0151k \u00e9s csatlakoz\u00e1si k\u00f6vetelm\u00e9nyek szerint t\u00f6bbf\u00e9le cink\u00f6tv\u00f6zetb\u0151l k\u00e9sz\u00fclt fix T-csatlakoz\u00f3 specifik\u00e1ci\u00f3 k\u00e9sz\u00edthet\u0151.<br \/>\nCsatlakoz\u00e1s: A k\u00f6t\u00e9snek ez a kateg\u00f3ri\u00e1ja \u00e1ltal\u00e1ban a menetes csatlakoz\u00e1si m\u00f3dszert haszn\u00e1lja. A beszerel\u00e9s sor\u00e1n garant\u00e1lni kell a menetek gyuf\u00e1t \u00e9s t\u00f6m\u00edt\u00e9s\u00e9t, hogy egy\u00e1ltal\u00e1n ne sziv\u00e1rogjon.<\/p>\n<h2>Specifik\u00e1ci\u00f3<\/h2>\n<figure id=\"attachment_3210\" aria-describedby=\"caption-attachment-3210\" style=\"width: 800px\" class=\"wp-caption alignnone\"><img loading=\"lazy\" decoding=\"async\" class=\"size-full wp-image-3210\" src=\"https:\/\/www.jinpinlub.com\/wp-content\/uploads\/2024\/08\/PKD-specification.jpg\" alt=\"PKD specifik\u00e1ci\u00f3\" width=\"800\" height=\"390\" srcset=\"https:\/\/www.jinpinlub.com\/wp-content\/uploads\/2024\/08\/PKD-specification.jpg 800w, https:\/\/www.jinpinlub.com\/wp-content\/uploads\/2024\/08\/PKD-specification-300x146.jpg 300w, https:\/\/www.jinpinlub.com\/wp-content\/uploads\/2024\/08\/PKD-specification-768x374.jpg 768w, https:\/\/www.jinpinlub.com\/wp-content\/uploads\/2024\/08\/PKD-specification-18x9.jpg 18w\" sizes=\"auto, (max-width: 800px) 100vw, 800px\" \/><figcaption id=\"caption-attachment-3210\" class=\"wp-caption-text\">PKD specifik\u00e1ci\u00f3<\/figcaption><\/figure>\n<h2>Alkalmaz\u00e1s<\/h2>\n<p>Gy\u0151z\u0151dj\u00f6n meg arr\u00f3l, hogy a h\u00e1romutas csatlakoz\u00f3 specifik\u00e1ci\u00f3i kompatibilisek a cs\u0151specifik\u00e1ci\u00f3kkal.<br \/>\nBeszerel\u00e9s el\u0151tt ellen\u0151rizze, hogy a T-alak\u00fa k\u00f6t\u00e9s menete teljes-e, \u00e9s nem s\u00e9r\u00fclt-e.<br \/>\nCsatlakoztassa a megfelel\u0151 szerel\u00e9si technik\u00e1val a j\u00f3 t\u00f6m\u00edt\u00e9s \u00e9s stabilit\u00e1s garant\u00e1l\u00e1sa \u00e9rdek\u00e9ben.<br \/>\nEzenk\u00edv\u00fcl rendszeresen ellen\u0151rizze \u00e9s karbantartsa a T-csukl\u00f3s csatlakoz\u00e1sokat, hogy elker\u00fclje a rendszer k\u00e1rosod\u00e1s\u00e1t.<\/p>\n<h2>K\u00e9zik\u00f6nyvek<\/h2>\n<div class=\"sdm_download_button_box_default\"><div class=\"sdm_download_link\"><a href=\"https:\/\/www.jinpinlub.com\/hu\/?sdm_process_download=1&download_id=3171\" class=\"sdm_download white\" title=\"Mag\u00e1n: OM\/JD\/PKD\/PJD\/PJDB\" target=\"&quot;_blank&quot;\">Adatlap megtekint\u00e9se - OM\/JD\/PKD\/PJD\/PJDB<\/a><\/div><\/div>","protected":false},"excerpt":{"rendered":"<p>A cink\u00f6tv\u00f6zetb\u0151l k\u00e9sz\u00fclt r\u00f6gz\u00edtett T-csatlakoz\u00f3 egy \u00e1ltal\u00e1nosan haszn\u00e1lt cs\u0151vezet\u00e9k-csatlakoz\u00f3. Az \u00e1ltalunk k\u00edn\u00e1lt m\u00e9retek t\u00f6k\u00e9letesen kompatibilisek a ken\u0151rendszer cs\u0151vezet\u00e9keivel. Cink\u00f6tv\u00f6zetb\u0151l k\u00e9sz\u00fclt, j\u00f3 korr\u00f3zi\u00f3\u00e1ll\u00f3s\u00e1ggal \u00e9s mechanikai tulajdons\u00e1gokkal rendelkezik.<\/p>","protected":false},"featured_media":3169,"template":"","meta":{"ocean_post_layout":"","ocean_both_sidebars_style":"","ocean_both_sidebars_content_width":0,"ocean_both_sidebars_sidebars_width":0,"ocean_sidebar":"0","ocean_second_sidebar":"0","ocean_disable_margins":"enable","ocean_add_body_class":"","ocean_shortcode_before_top_bar":"","ocean_shortcode_after_top_bar":"","ocean_shortcode_before_header":"","ocean_shortcode_after_header":"","ocean_has_shortcode":"","ocean_shortcode_after_title":"","ocean_shortcode_before_footer_widgets":"","ocean_shortcode_after_footer_widgets":"","ocean_shortcode_before_footer_bottom":"","ocean_shortcode_after_footer_bottom":"","ocean_display_top_bar":"default","ocean_display_header":"default","ocean_header_style":"","ocean_center_header_left_menu":"0","ocean_custom_header_template":"0","ocean_custom_logo":0,"ocean_custom_retina_logo":0,"ocean_custom_logo_max_width":0,"ocean_custom_logo_tablet_max_width":0,"ocean_custom_logo_mobile_max_width":0,"ocean_custom_logo_max_height":0,"ocean_custom_logo_tablet_max_height":0,"ocean_custom_logo_mobile_max_height":0,"ocean_header_custom_menu":"0","ocean_menu_typo_font_family":"0","ocean_menu_typo_font_subset":"","ocean_menu_typo_font_size":0,"ocean_menu_typo_font_size_tablet":0,"ocean_menu_typo_font_size_mobile":0,"ocean_menu_typo_font_size_unit":"px","ocean_menu_typo_font_weight":"","ocean_menu_typo_font_weight_tablet":"","ocean_menu_typo_font_weight_mobile":"","ocean_menu_typo_transform":"","ocean_menu_typo_transform_tablet":"","ocean_menu_typo_transform_mobile":"","ocean_menu_typo_line_height":0,"ocean_menu_typo_line_height_tablet":0,"ocean_menu_typo_line_height_mobile":0,"ocean_menu_typo_line_height_unit":"","ocean_menu_typo_spacing":0,"ocean_menu_typo_spacing_tablet":0,"ocean_menu_typo_spacing_mobile":0,"ocean_menu_typo_spacing_unit":"","ocean_menu_link_color":"","ocean_menu_link_color_hover":"","ocean_menu_link_color_active":"","ocean_menu_link_background":"","ocean_menu_link_hover_background":"","ocean_menu_link_active_background":"","ocean_menu_social_links_bg":"","ocean_menu_social_hover_links_bg":"","ocean_menu_social_links_color":"","ocean_menu_social_hover_links_color":"","ocean_disable_title":"default","ocean_disable_heading":"default","ocean_post_title":"","ocean_post_subheading":"","ocean_post_title_style":"","ocean_post_title_background_color":"","ocean_post_title_background":0,"ocean_post_title_bg_image_position":"","ocean_post_title_bg_image_attachment":"","ocean_post_title_bg_image_repeat":"","ocean_post_title_bg_image_size":"","ocean_post_title_height":0,"ocean_post_title_bg_overlay":0.5,"ocean_post_title_bg_overlay_color":"","ocean_disable_breadcrumbs":"default","ocean_breadcrumbs_color":"","ocean_breadcrumbs_separator_color":"","ocean_breadcrumbs_links_color":"","ocean_breadcrumbs_links_hover_color":"","ocean_display_footer_widgets":"default","ocean_display_footer_bottom":"default","ocean_custom_footer_template":"0","osh_disable_topbar_sticky":"default","osh_disable_header_sticky":"default","osh_sticky_header_style":"default","osh_sticky_header_effect":"","osh_custom_sticky_logo":0,"osh_custom_retina_sticky_logo":0,"osh_custom_sticky_logo_height":0,"osh_background_color":"","osh_links_color":"","osh_links_hover_color":"","osh_links_active_color":"","osh_links_bg_color":"","osh_links_hover_bg_color":"","osh_links_active_bg_color":"","osh_menu_social_links_color":"","osh_menu_social_hover_links_color":""},"product_brand":[],"product_cat":[31],"product_tag":[180,172,181],"class_list":{"0":"post-3209","1":"product","2":"type-product","3":"status-publish","4":"has-post-thumbnail","6":"product_cat-lube-system-accessories","7":"product_tag-fixed-3-way-adapter","8":"product_tag-pipeline-adapter","9":"product_tag-tee-connector","11":"entry","12":"has-media","14":"first","15":"instock","16":"shipping-taxable","17":"product-type-external","18":"col","19":"span_1_of_3","20":"owp-content-center","21":"owp-thumbs-layout-horizontal","22":"owp-btn-very-big","23":"owp-tabs-layout-horizontal"},"_links":{"self":[{"href":"https:\/\/www.jinpinlub.com\/hu\/wp-json\/wp\/v2\/product\/3209","targetHints":{"allow":["GET"]}}],"collection":[{"href":"https:\/\/www.jinpinlub.com\/hu\/wp-json\/wp\/v2\/product"}],"about":[{"href":"https:\/\/www.jinpinlub.com\/hu\/wp-json\/wp\/v2\/types\/product"}],"wp:featuredmedia":[{"embeddable":true,"href":"https:\/\/www.jinpinlub.com\/hu\/wp-json\/wp\/v2\/media\/3169"}],"wp:attachment":[{"href":"https:\/\/www.jinpinlub.com\/hu\/wp-json\/wp\/v2\/media?parent=3209"}],"wp:term":[{"taxonomy":"product_brand","embeddable":true,"href":"https:\/\/www.jinpinlub.com\/hu\/wp-json\/wp\/v2\/product_brand?post=3209"},{"taxonomy":"product_cat","embeddable":true,"href":"https:\/\/www.jinpinlub.com\/hu\/wp-json\/wp\/v2\/product_cat?post=3209"},{"taxonomy":"product_tag","embeddable":true,"href":"https:\/\/www.jinpinlub.com\/hu\/wp-json\/wp\/v2\/product_tag?post=3209"}],"curies":[{"name":"wp","href":"https:\/\/api.w.org\/{rel}","templated":true}]}}