{"id":3211,"date":"2024-08-12T15:55:10","date_gmt":"2024-08-12T15:55:10","guid":{"rendered":"https:\/\/www.jinpinlub.com\/?post_type=product&#038;p=3211"},"modified":"2024-08-12T16:12:24","modified_gmt":"2024-08-12T16:12:24","slug":"pjd-6-rogzitett-keresztkoteses-elvalaszto-csatlakozo-csovezetekekhez","status":"publish","type":"product","link":"https:\/\/www.jinpinlub.com\/hu\/product\/pjd-6-fixed-cross-joint-separation-connector-for-piplelines\/","title":{"rendered":"PJD-6 r\u00f6gz\u00edtett keresztk\u00f6t\u00e9s-elv\u00e1laszt\u00f3 csatlakoz\u00f3 cs\u0151vezet\u00e9kekhez"},"content":{"rendered":"<h2>Jellemz\u0151k<\/h2>\n<p>Anyag: A cink\u00f6tv\u00f6zet r\u00e9szben korr\u00f3zi\u00f3\u00e1ll\u00f3 \u00e9s er\u0151s, a cink\u00f6tv\u00f6zet n\u00e9gyir\u00e1ny\u00fa k\u00f6t\u00e9sei pedig gazdas\u00e1gi \u00e9rt\u00e9k\u0171ek.<br \/>\nCsatlakoztat\u00e1si m\u00f3d: Az \u00e1ltal\u00e1nos ken\u00e9si cs\u0151vezet\u00e9kek PJD n\u00e9gyir\u00e1ny\u00fa k\u00f6t\u00e9sei k\u00fcl\u00f6nb\u00f6z\u0151 cs\u00f6veket k\u00f6thetnek \u00f6ssze a nyom\u00f3persely, a nyom\u00f3h\u00fcvely \u00e9s a cs\u0151b\u00e9l\u00e9s \u00f6sszeszerel\u00e9s\u00e9vel.<br \/>\nMagas k\u00f6lts\u00e9ghat\u00e9konys\u00e1g: A cink\u00f6tv\u00f6zet r\u00f6gz\u00edtett n\u00e9gyir\u00e1ny\u00fa k\u00f6t\u00e9seinek helye van bizonyos alacsony nyom\u00e1s\u00fa, alacsony h\u0151m\u00e9rs\u00e9klet\u0171 vagy k\u00f6lts\u00e9gig\u00e9nyes alkalmaz\u00e1sokban.<\/p>\n<h2>Specifik\u00e1ci\u00f3<\/h2>\n<figure id=\"attachment_3212\" aria-describedby=\"caption-attachment-3212\" style=\"width: 800px\" class=\"wp-caption alignnone\"><img loading=\"lazy\" decoding=\"async\" class=\"size-full wp-image-3212\" src=\"https:\/\/www.jinpinlub.com\/wp-content\/uploads\/2024\/08\/PJD-specification.jpg\" alt=\"PJD specifik\u00e1ci\u00f3\" width=\"800\" height=\"380\" srcset=\"https:\/\/www.jinpinlub.com\/wp-content\/uploads\/2024\/08\/PJD-specification.jpg 800w, https:\/\/www.jinpinlub.com\/wp-content\/uploads\/2024\/08\/PJD-specification-300x143.jpg 300w, https:\/\/www.jinpinlub.com\/wp-content\/uploads\/2024\/08\/PJD-specification-768x365.jpg 768w, https:\/\/www.jinpinlub.com\/wp-content\/uploads\/2024\/08\/PJD-specification-18x9.jpg 18w\" sizes=\"auto, (max-width: 800px) 100vw, 800px\" \/><figcaption id=\"caption-attachment-3212\" class=\"wp-caption-text\">PJD specifik\u00e1ci\u00f3<\/figcaption><\/figure>\n<h2>Alkalmaz\u00e1s<\/h2>\n<p>A PJD n\u00e9gyutas csatlakoz\u00f3kat k\u00fcl\u00f6nf\u00e9le ipari g\u00e9pek \u00e9s berendez\u00e9sek ken\u00e9si rendszereihez alkalmazz\u00e1k a vegyiparban, k\u0151olaj-, koh\u00e1szati-, g\u00e1z-, energia-, haj\u00f3gy\u00e1rt\u00e1s-, aut\u00f3- \u00e9s \u00e9p\u00edt\u0151iparban. F\u0151leg n\u00e9gy ken\u0151rendszer cs\u00f6vet k\u00f6tnek \u00f6ssze a ken\u0151anyagok sz\u00e1ll\u00edt\u00e1sa, elterel\u00e9se vagy elford\u00edt\u00e1sa \u00e9rdek\u00e9ben.<\/p>\n<h2>K\u00e9zik\u00f6nyvek<\/h2>\n<div class=\"sdm_download_button_box_default\"><div class=\"sdm_download_link\"><a href=\"https:\/\/www.jinpinlub.com\/hu\/?sdm_process_download=1&download_id=3171\" class=\"sdm_download white\" title=\"Mag\u00e1n: OM\/JD\/PKD\/PJD\/PJDB\" target=\"&quot;_blank&quot;\">Adatlap megtekint\u00e9se - OM\/JD\/PKD\/PJD\/PJDB<\/a><\/div><\/div>","protected":false},"excerpt":{"rendered":"<p>A PJD cink\u00f6tv\u00f6zet r\u00f6gz\u00edtett n\u00e9gyir\u00e1ny\u00fa k\u00f6t\u00e9se egyfajta cs\u0151vezet\u00e9k-csatlakoz\u00f3, amelyet n\u00e9gy cs\u0151 \u00f6sszekapcsol\u00e1s\u00e1ra haszn\u00e1lnak ken\u0151vezet\u00e9kekben. Ezt a csukl\u00f3t\u00edpust \u00e1ltal\u00e1ban olyan helyzetekben haszn\u00e1lj\u00e1k, amikor rugalmas csatlakoz\u00e1sra vagy korm\u00e1nyz\u00e1sra van sz\u00fcks\u00e9g.<\/p>","protected":false},"featured_media":3163,"template":"","meta":{"ocean_post_layout":"","ocean_both_sidebars_style":"","ocean_both_sidebars_content_width":0,"ocean_both_sidebars_sidebars_width":0,"ocean_sidebar":"0","ocean_second_sidebar":"0","ocean_disable_margins":"enable","ocean_add_body_class":"","ocean_shortcode_before_top_bar":"","ocean_shortcode_after_top_bar":"","ocean_shortcode_before_header":"","ocean_shortcode_after_header":"","ocean_has_shortcode":"","ocean_shortcode_after_title":"","ocean_shortcode_before_footer_widgets":"","ocean_shortcode_after_footer_widgets":"","ocean_shortcode_before_footer_bottom":"","ocean_shortcode_after_footer_bottom":"","ocean_display_top_bar":"default","ocean_display_header":"default","ocean_header_style":"","ocean_center_header_left_menu":"0","ocean_custom_header_template":"0","ocean_custom_logo":0,"ocean_custom_retina_logo":0,"ocean_custom_logo_max_width":0,"ocean_custom_logo_tablet_max_width":0,"ocean_custom_logo_mobile_max_width":0,"ocean_custom_logo_max_height":0,"ocean_custom_logo_tablet_max_height":0,"ocean_custom_logo_mobile_max_height":0,"ocean_header_custom_menu":"0","ocean_menu_typo_font_family":"0","ocean_menu_typo_font_subset":"","ocean_menu_typo_font_size":0,"ocean_menu_typo_font_size_tablet":0,"ocean_menu_typo_font_size_mobile":0,"ocean_menu_typo_font_size_unit":"px","ocean_menu_typo_font_weight":"","ocean_menu_typo_font_weight_tablet":"","ocean_menu_typo_font_weight_mobile":"","ocean_menu_typo_transform":"","ocean_menu_typo_transform_tablet":"","ocean_menu_typo_transform_mobile":"","ocean_menu_typo_line_height":0,"ocean_menu_typo_line_height_tablet":0,"ocean_menu_typo_line_height_mobile":0,"ocean_menu_typo_line_height_unit":"","ocean_menu_typo_spacing":0,"ocean_menu_typo_spacing_tablet":0,"ocean_menu_typo_spacing_mobile":0,"ocean_menu_typo_spacing_unit":"","ocean_menu_link_color":"","ocean_menu_link_color_hover":"","ocean_menu_link_color_active":"","ocean_menu_link_background":"","ocean_menu_link_hover_background":"","ocean_menu_link_active_background":"","ocean_menu_social_links_bg":"","ocean_menu_social_hover_links_bg":"","ocean_menu_social_links_color":"","ocean_menu_social_hover_links_color":"","ocean_disable_title":"default","ocean_disable_heading":"default","ocean_post_title":"","ocean_post_subheading":"","ocean_post_title_style":"","ocean_post_title_background_color":"","ocean_post_title_background":0,"ocean_post_title_bg_image_position":"","ocean_post_title_bg_image_attachment":"","ocean_post_title_bg_image_repeat":"","ocean_post_title_bg_image_size":"","ocean_post_title_height":0,"ocean_post_title_bg_overlay":0.5,"ocean_post_title_bg_overlay_color":"","ocean_disable_breadcrumbs":"default","ocean_breadcrumbs_color":"","ocean_breadcrumbs_separator_color":"","ocean_breadcrumbs_links_color":"","ocean_breadcrumbs_links_hover_color":"","ocean_display_footer_widgets":"default","ocean_display_footer_bottom":"default","ocean_custom_footer_template":"0","osh_disable_topbar_sticky":"default","osh_disable_header_sticky":"default","osh_sticky_header_style":"default","osh_sticky_header_effect":"","osh_custom_sticky_logo":0,"osh_custom_retina_sticky_logo":0,"osh_custom_sticky_logo_height":0,"osh_background_color":"","osh_links_color":"","osh_links_hover_color":"","osh_links_active_color":"","osh_links_bg_color":"","osh_links_hover_bg_color":"","osh_links_active_bg_color":"","osh_menu_social_links_color":"","osh_menu_social_hover_links_color":""},"product_brand":[],"product_cat":[31],"product_tag":[182,172,138],"class_list":{"0":"post-3211","1":"product","2":"type-product","3":"status-publish","4":"has-post-thumbnail","6":"product_cat-lube-system-accessories","7":"product_tag-fixed-cross-joint","8":"product_tag-pipeline-adapter","9":"product_tag-pipeline-connector","11":"entry","12":"has-media","14":"first","15":"instock","16":"shipping-taxable","17":"product-type-external","18":"col","19":"span_1_of_3","20":"owp-content-center","21":"owp-thumbs-layout-horizontal","22":"owp-btn-very-big","23":"owp-tabs-layout-horizontal"},"_links":{"self":[{"href":"https:\/\/www.jinpinlub.com\/hu\/wp-json\/wp\/v2\/product\/3211","targetHints":{"allow":["GET"]}}],"collection":[{"href":"https:\/\/www.jinpinlub.com\/hu\/wp-json\/wp\/v2\/product"}],"about":[{"href":"https:\/\/www.jinpinlub.com\/hu\/wp-json\/wp\/v2\/types\/product"}],"wp:featuredmedia":[{"embeddable":true,"href":"https:\/\/www.jinpinlub.com\/hu\/wp-json\/wp\/v2\/media\/3163"}],"wp:attachment":[{"href":"https:\/\/www.jinpinlub.com\/hu\/wp-json\/wp\/v2\/media?parent=3211"}],"wp:term":[{"taxonomy":"product_brand","embeddable":true,"href":"https:\/\/www.jinpinlub.com\/hu\/wp-json\/wp\/v2\/product_brand?post=3211"},{"taxonomy":"product_cat","embeddable":true,"href":"https:\/\/www.jinpinlub.com\/hu\/wp-json\/wp\/v2\/product_cat?post=3211"},{"taxonomy":"product_tag","embeddable":true,"href":"https:\/\/www.jinpinlub.com\/hu\/wp-json\/wp\/v2\/product_tag?post=3211"}],"curies":[{"name":"wp","href":"https:\/\/api.w.org\/{rel}","templated":true}]}}