{"id":3314,"date":"2024-08-15T20:37:15","date_gmt":"2024-08-15T20:37:15","guid":{"rendered":"https:\/\/www.jinpinlub.com\/?post_type=product&#038;p=3314"},"modified":"2024-08-16T15:06:41","modified_gmt":"2024-08-16T15:06:41","slug":"j100-motoros-dugattyus-zsir-kenoszivattyu-erzekelovel","status":"publish","type":"product","link":"https:\/\/www.jinpinlub.com\/hu\/product\/j100-motor-driven-plunger-grease-lubrication-pump-with-sensor\/","title":{"rendered":"J100 motoros dugatty\u00fas zs\u00edr-ken\u0151szivatty\u00fa \u00e9rz\u00e9kel\u0151vel"},"content":{"rendered":"<h2>Jellemz\u0151k<\/h2>\n<p>Hat\u00e9kony ken\u00e9s: A megadott cs\u0151vezet\u00e9k-tartom\u00e1nyon bel\u00fcl \u00e9s a ken\u00e9si pontok sz\u00e1m\u00e1n bel\u00fcl a J100 ken\u0151szivatty\u00fa elegend\u0151 nyom\u00e1st \u00e9s \u00e1raml\u00e1st tud biztos\u00edtani ahhoz, hogy a ken\u00e9si pontok megfelel\u0151 mennyis\u00e9g\u0171 ken\u00e9st kapjanak.<br \/>\nAutomatikus vez\u00e9rl\u00e9s: A ken\u0151szivatty\u00fa automatikusan vez\u00e9relhet\u0151 k\u00fcls\u0151 PLC vez\u00e9rl\u00e9ssel vagy be\u00e9p\u00edtett vez\u00e9rl\u0151vel az automatiz\u00e1l\u00e1s fok\u00e1nak jav\u00edt\u00e1sa \u00e9rdek\u00e9ben. Sz\u00e1mos opcion\u00e1lis konfigur\u00e1ci\u00f3 l\u00e9tezik.<br \/>\nBiztons\u00e1gos \u00e9s megb\u00edzhat\u00f3: A J100 elektromos szivatty\u00fa alacsony folyad\u00e9kszint-fel\u00fcgyelettel \u00e9s korai figyelmeztet\u0151 funkci\u00f3kkal rendelkezik, amelyek megakad\u00e1lyozz\u00e1k a szivatty\u00fa alapj\u00e1rat\u00e1t vagy a hajt\u00f3motor t\u00falterhel\u00e9s\u00e9t, meghosszabb\u00edtva a szivatty\u00fa \u00e9lettartam\u00e1t.<br \/>\nRugalmas v\u00e1laszt\u00e1s: A J100 zs\u00edrszivatty\u00fa k\u00e9t \u00fczemm\u00f3ddal rendelkezik. A progressz\u00edv t\u00edpus alapj\u00e1n nyom\u00e1scs\u00f6kkent\u0151 berendez\u00e9s kieg\u00e9sz\u00edt\u00e9s\u00e9vel egysoros nyom\u00e1scs\u00f6kkent\u0151 zs\u00edrrendszer alak\u00edthat\u00f3 ki.<\/p>\n<h2>Specifik\u00e1ci\u00f3<\/h2>\n<table>\n<tbody>\n<tr>\n<td>\u00dczemi h\u0151m\u00e9rs\u00e9klet<\/td>\n<td>+0\u2103~+50\u2103, p\u00e1ratartalom 35~85%RH<\/td>\n<\/tr>\n<tr>\n<td>Az \u00fczletek sz\u00e1ma<\/td>\n<td>1, 2<\/td>\n<\/tr>\n<tr>\n<td>A t\u00e1roz\u00f3 kapacit\u00e1sa<\/td>\n<td>0,3 liter, 1,5 liter (tart\u00e1ly), 0,3 liter, 0,7 liter (patron)<\/td>\n<\/tr>\n<tr>\n<td>\u00dajrat\u00f6lt\u00e9s<\/td>\n<td>Hidraulikus ken\u0151szerelv\u00e9ny<\/td>\n<\/tr>\n<tr>\n<td>Ken\u0151anyag<\/td>\n<td>Ken\u0151zs\u00edrok NLGI 000~2# fokozat\u00fa<\/td>\n<\/tr>\n<tr>\n<td>V\u00e9delmi oszt\u00e1ly<\/td>\n<td>IP54<\/td>\n<\/tr>\n<tr>\n<td>Kis\u00fcl\u00e9s<\/td>\n<td>15 ml\/perc<\/td>\n<\/tr>\n<tr>\n<td>Max. \u00fczemi nyom\u00e1s<\/td>\n<td>8 MPa<\/td>\n<\/tr>\n<tr>\n<td>Csatlakoz\u00f3 menet<\/td>\n<td>\u03a66 vagy \u03a68<\/td>\n<\/tr>\n<tr>\n<td>\u00dczemi fesz\u00fclts\u00e9g<\/td>\n<td>24VDC<\/td>\n<\/tr>\n<tr>\n<td>Tan\u00fas\u00edtv\u00e1ny<\/td>\n<td>CE<\/td>\n<\/tr>\n<tr>\n<td>Be\u00e9p\u00edt\u00e9si helyzet<\/td>\n<td>F\u00fcgg\u0151leges<\/td>\n<\/tr>\n<\/tbody>\n<\/table>\n<h2>Alkalmaz\u00e1sok<\/h2>\n<p>A J100 elektromos zs\u00edr-ken\u0151szivatty\u00fakat sz\u00e9les k\u00f6rben haszn\u00e1lj\u00e1k mechanikus berendez\u00e9sek k\u00f6zponti ken\u00e9s\u00e9re k\u00fcl\u00f6nb\u00f6z\u0151 ipar\u00e1gakban, p\u00e9ld\u00e1ul CNC-g\u00e9pekben, megmunk\u00e1l\u00f3k\u00f6zpontokban, kov\u00e1csol\u00f3g\u00e9pekben, m\u0171anyagipari g\u00e9pekben, textilipari g\u00e9pekben, b\u00e1ny\u00e1szati g\u00e9pekben, \u00e9p\u00edt\u0151ipari g\u00e9pekben \u00e9s m\u00e9rn\u00f6ki g\u00e9pekben. Ezek a szivatty\u00fak pontosan megfelelnek a k\u00fcl\u00f6nb\u00f6z\u0151 ipar\u00e1gak ken\u00e9si mennyis\u00e9gre vonatkoz\u00f3 k\u00f6vetelm\u00e9nyeinek, biztos\u00edtva a mechanikus berendez\u00e9sek stabil m\u0171k\u00f6d\u00e9s\u00e9t \u00e9s meghosszabb\u00edtva azok \u00e9lettartam\u00e1t.<\/p>\n<h2>K\u00e9zik\u00f6nyvek<\/h2>\n<div class=\"sdm_download_button_box_default\"><div class=\"sdm_download_link\"><a href=\"https:\/\/www.jinpinlub.com\/hu\/?sdm_process_download=1&download_id=2462\" class=\"sdm_download white\" title=\"Mag\u00e1n: J100 Grease Pump\" target=\"&quot;_blank&quot;\">Adatlap megtekint\u00e9se - J100 zs\u00edrszivatty\u00fa<\/a><\/div><\/div>","protected":false},"excerpt":{"rendered":"<p>A J100 elektromos zs\u00edr-ken\u0151szivatty\u00fa a dugatty\u00fat \u00e9s a szivatty\u00fatestben l\u00e9v\u0151 egy\u00e9b alkatr\u00e9szeket a motoron kereszt\u00fcl hajtja meg, hogy kisz\u00edvja a zs\u00edrt a tart\u00e1lyb\u00f3l \u00e9s nyom\u00e1s al\u00e1 helyezi azt, majd a nagynyom\u00e1s\u00fa zs\u00edrt a ken\u0151vezet\u00e9ken kereszt\u00fcl juttatja el a ken\u0151alkatr\u00e9szekhez.<\/p>","protected":false},"featured_media":3320,"template":"","meta":{"ocean_post_layout":"","ocean_both_sidebars_style":"","ocean_both_sidebars_content_width":0,"ocean_both_sidebars_sidebars_width":0,"ocean_sidebar":"0","ocean_second_sidebar":"0","ocean_disable_margins":"enable","ocean_add_body_class":"","ocean_shortcode_before_top_bar":"","ocean_shortcode_after_top_bar":"","ocean_shortcode_before_header":"","ocean_shortcode_after_header":"","ocean_has_shortcode":"","ocean_shortcode_after_title":"","ocean_shortcode_before_footer_widgets":"","ocean_shortcode_after_footer_widgets":"","ocean_shortcode_before_footer_bottom":"","ocean_shortcode_after_footer_bottom":"","ocean_display_top_bar":"default","ocean_display_header":"default","ocean_header_style":"","ocean_center_header_left_menu":"0","ocean_custom_header_template":"0","ocean_custom_logo":0,"ocean_custom_retina_logo":0,"ocean_custom_logo_max_width":0,"ocean_custom_logo_tablet_max_width":0,"ocean_custom_logo_mobile_max_width":0,"ocean_custom_logo_max_height":0,"ocean_custom_logo_tablet_max_height":0,"ocean_custom_logo_mobile_max_height":0,"ocean_header_custom_menu":"0","ocean_menu_typo_font_family":"0","ocean_menu_typo_font_subset":"","ocean_menu_typo_font_size":0,"ocean_menu_typo_font_size_tablet":0,"ocean_menu_typo_font_size_mobile":0,"ocean_menu_typo_font_size_unit":"px","ocean_menu_typo_font_weight":"","ocean_menu_typo_font_weight_tablet":"","ocean_menu_typo_font_weight_mobile":"","ocean_menu_typo_transform":"","ocean_menu_typo_transform_tablet":"","ocean_menu_typo_transform_mobile":"","ocean_menu_typo_line_height":0,"ocean_menu_typo_line_height_tablet":0,"ocean_menu_typo_line_height_mobile":0,"ocean_menu_typo_line_height_unit":"","ocean_menu_typo_spacing":0,"ocean_menu_typo_spacing_tablet":0,"ocean_menu_typo_spacing_mobile":0,"ocean_menu_typo_spacing_unit":"","ocean_menu_link_color":"","ocean_menu_link_color_hover":"","ocean_menu_link_color_active":"","ocean_menu_link_background":"","ocean_menu_link_hover_background":"","ocean_menu_link_active_background":"","ocean_menu_social_links_bg":"","ocean_menu_social_hover_links_bg":"","ocean_menu_social_links_color":"","ocean_menu_social_hover_links_color":"","ocean_disable_title":"default","ocean_disable_heading":"default","ocean_post_title":"","ocean_post_subheading":"","ocean_post_title_style":"","ocean_post_title_background_color":"","ocean_post_title_background":0,"ocean_post_title_bg_image_position":"","ocean_post_title_bg_image_attachment":"","ocean_post_title_bg_image_repeat":"","ocean_post_title_bg_image_size":"","ocean_post_title_height":0,"ocean_post_title_bg_overlay":0.5,"ocean_post_title_bg_overlay_color":"","ocean_disable_breadcrumbs":"default","ocean_breadcrumbs_color":"","ocean_breadcrumbs_separator_color":"","ocean_breadcrumbs_links_color":"","ocean_breadcrumbs_links_hover_color":"","ocean_display_footer_widgets":"default","ocean_display_footer_bottom":"default","ocean_custom_footer_template":"0","osh_disable_topbar_sticky":"default","osh_disable_header_sticky":"default","osh_sticky_header_style":"default","osh_sticky_header_effect":"","osh_custom_sticky_logo":0,"osh_custom_retina_sticky_logo":0,"osh_custom_sticky_logo_height":0,"osh_background_color":"","osh_links_color":"","osh_links_hover_color":"","osh_links_active_color":"","osh_links_bg_color":"","osh_links_hover_bg_color":"","osh_links_active_bg_color":"","osh_menu_social_links_color":"","osh_menu_social_hover_links_color":""},"product_brand":[],"product_cat":[42,41],"product_tag":[74,186,187],"class_list":{"0":"post-3314","1":"product","2":"type-product","3":"status-publish","4":"has-post-thumbnail","6":"product_cat-electric-progressive-pumps","7":"product_cat-progressive-grease-systems","8":"product_tag-automatic-lubrication-pump","9":"product_tag-electric-lubrication-pump-supplier","10":"product_tag-electric-operated-grease-pump","12":"entry","13":"has-media","15":"first","16":"instock","17":"shipping-taxable","18":"product-type-external","19":"col","20":"span_1_of_3","21":"owp-content-center","22":"owp-thumbs-layout-horizontal","23":"owp-btn-very-big","24":"owp-tabs-layout-horizontal"},"_links":{"self":[{"href":"https:\/\/www.jinpinlub.com\/hu\/wp-json\/wp\/v2\/product\/3314","targetHints":{"allow":["GET"]}}],"collection":[{"href":"https:\/\/www.jinpinlub.com\/hu\/wp-json\/wp\/v2\/product"}],"about":[{"href":"https:\/\/www.jinpinlub.com\/hu\/wp-json\/wp\/v2\/types\/product"}],"wp:featuredmedia":[{"embeddable":true,"href":"https:\/\/www.jinpinlub.com\/hu\/wp-json\/wp\/v2\/media\/3320"}],"wp:attachment":[{"href":"https:\/\/www.jinpinlub.com\/hu\/wp-json\/wp\/v2\/media?parent=3314"}],"wp:term":[{"taxonomy":"product_brand","embeddable":true,"href":"https:\/\/www.jinpinlub.com\/hu\/wp-json\/wp\/v2\/product_brand?post=3314"},{"taxonomy":"product_cat","embeddable":true,"href":"https:\/\/www.jinpinlub.com\/hu\/wp-json\/wp\/v2\/product_cat?post=3314"},{"taxonomy":"product_tag","embeddable":true,"href":"https:\/\/www.jinpinlub.com\/hu\/wp-json\/wp\/v2\/product_tag?post=3314"}],"curies":[{"name":"wp","href":"https:\/\/api.w.org\/{rel}","templated":true}]}}