{"id":3315,"date":"2024-08-15T20:48:14","date_gmt":"2024-08-15T20:48:14","guid":{"rendered":"https:\/\/www.jinpinlub.com\/?post_type=product&#038;p=3315"},"modified":"2024-08-16T15:06:02","modified_gmt":"2024-08-16T15:06:02","slug":"j100-automatikus-kenorendszer-nyomascsokkento-szeleppel","status":"publish","type":"product","link":"https:\/\/www.jinpinlub.com\/hu\/product\/j100-automatic-lubrication-system-with-pressure-relief-valve\/","title":{"rendered":"J100 automatikus ken\u0151rendszer nyom\u00e1scs\u00f6kkent\u0151 szeleppel"},"content":{"rendered":"<h2>Jellemz\u0151k<\/h2>\n<p>A J100 egy dugatty\u00fas szivatty\u00fa ken\u0151anyag-befecskendez\u00e9si m\u00f3dszer\u00e9vel k\u00e9sz\u00fclt, 8 MPa maxim\u00e1lis nyom\u00e1ssal. Ez egy kompakt elektromos ken\u0151szivatty\u00fa.<br \/>\nAz olajtart\u00e1ly elektromos szivatty\u00faja olajnyom\u00f3 lemezes kialak\u00edt\u00e1st, v\u00e1kuum olajsz\u00edv\u00e1st alkalmaz, \u00e9s a ken\u00e9si folyamat elt\u00e1vol\u00edtja a tart\u00e1ly alj\u00e1n l\u00e9v\u0151 marad\u00e9k zs\u00edrt.<br \/>\nAz alacsony folyad\u00e9kszint-\u00e9rz\u00e9kel\u0151 a ken\u0151szivatty\u00faban l\u00e9v\u0151 zs\u00edr mennyis\u00e9g\u00e9nek \u00e9rz\u00e9kel\u00e9s\u00e9re opcion\u00e1lis.<br \/>\nA J100 zs\u00edrszivatty\u00fa l\u00e9gleereszt\u0151 szeleppel van felszerelve, amely haszn\u00e1lat el\u0151tt elt\u00e1vol\u00edtja a leveg\u0151t a ken\u0151szivatty\u00fa \u00fcreg\u00e9b\u0151l.<br \/>\nA J100 patronos szivatty\u00fa nem ig\u00e9nyel t\u00f6lt\u00e9si seg\u00e9dberendez\u00e9st, \u00e9s k\u00f6zvetlen\u00fcl helyettes\u00edtheti a dobozos zs\u00edrt, ami k\u00e9nyelmes.<\/p>\n<h2>Specifik\u00e1ci\u00f3<\/h2>\n<table>\n<tbody>\n<tr>\n<td>\u00dczemi h\u0151m\u00e9rs\u00e9klet<\/td>\n<td>+0\u2103~+50\u2103, p\u00e1ratartalom 35~85%RH<\/td>\n<\/tr>\n<tr>\n<td>Az \u00fczletek sz\u00e1ma<\/td>\n<td>1, 2<\/td>\n<\/tr>\n<tr>\n<td>A t\u00e1roz\u00f3 kapacit\u00e1sa<\/td>\n<td>0,3 liter, 1,5 liter (tart\u00e1ly), 0,3 liter, 0,7 liter (patron)<\/td>\n<\/tr>\n<tr>\n<td>\u00dajrat\u00f6lt\u00e9s<\/td>\n<td>Hidraulikus ken\u0151szerelv\u00e9ny<\/td>\n<\/tr>\n<tr>\n<td>Ken\u0151anyag<\/td>\n<td>Ken\u0151zs\u00edrok NLGI 000~2# fokozat\u00fa<\/td>\n<\/tr>\n<tr>\n<td>V\u00e9delmi oszt\u00e1ly<\/td>\n<td>IP54<\/td>\n<\/tr>\n<tr>\n<td>Kis\u00fcl\u00e9s<\/td>\n<td>15 ml\/perc<\/td>\n<\/tr>\n<tr>\n<td>Max. \u00fczemi nyom\u00e1s<\/td>\n<td>8 MPa<\/td>\n<\/tr>\n<tr>\n<td>Csatlakoz\u00f3 menet<\/td>\n<td>\u03a66 vagy \u03a68<\/td>\n<\/tr>\n<tr>\n<td>\u00dczemi fesz\u00fclts\u00e9g<\/td>\n<td>24VDC<\/td>\n<\/tr>\n<tr>\n<td>Tan\u00fas\u00edtv\u00e1ny<\/td>\n<td>CE<\/td>\n<\/tr>\n<tr>\n<td>Be\u00e9p\u00edt\u00e9si helyzet<\/td>\n<td>F\u00fcgg\u0151leges<\/td>\n<\/tr>\n<\/tbody>\n<\/table>\n<h2>Alkalmaz\u00e1sok<\/h2>\n<p>A J100 kompakt ken\u0151szivatty\u00fa egy hat\u00e9kony, megb\u00edzhat\u00f3 szivatty\u00fa, amelyet sz\u00e9les k\u00f6rben haszn\u00e1lnak sz\u00e1mos ter\u00fcleten, bele\u00e9rtve a fr\u00f6ccs\u00f6nt\u0151 g\u00e9peket, az aut\u00f3gy\u00e1rt\u00e1st (elektromos j\u00e1rm\u0171vek), az emel\u0151ket \u00e9s az emel\u0151rendszereket, az anyagmozgat\u00e1st, az ipari robotokat, a szersz\u00e1mg\u00e9peket \u00e9s az automatiz\u00e1l\u00e1si berendez\u00e9seket. A ken\u00e9s hat\u00e9konys\u00e1g\u00e1nak jav\u00edt\u00e1s\u00e1val jelent\u0151sen cs\u00f6kkenthet\u0151 a berendez\u00e9sek meghib\u00e1sod\u00e1si ar\u00e1nya \u00e9s a karbantart\u00e1si k\u00f6lts\u00e9gek, valamint jav\u00edthat\u00f3 a termel\u00e9s hat\u00e9konys\u00e1ga \u00e9s a term\u00e9kmin\u0151s\u00e9g.<\/p>\n<h2>K\u00e9zik\u00f6nyvek<\/h2>\n<div class=\"sdm_download_button_box_default\"><div class=\"sdm_download_link\"><a href=\"https:\/\/www.jinpinlub.com\/hu\/?sdm_process_download=1&download_id=2462\" class=\"sdm_download white\" title=\"Mag\u00e1n: J100 Grease Pump\" target=\"&quot;_blank&quot;\">Adatlap megtekint\u00e9se - J100 zs\u00edrszivatty\u00fa<\/a><\/div><\/div>","protected":false},"excerpt":{"rendered":"<p>A J100 kompakt zs\u00edrszivatty\u00fa k\u00f6nnyen karbantarthat\u00f3, k\u00f6nnyen szerelhet\u0151, t\u00f6lt\u00e9si szint figyel\u00e9ssel rendelkezik korai figyelmeztet\u0151 funkci\u00f3val, k\u00fcls\u0151 PLC-vel vez\u00e9relhet\u0151, l\u00e9gtelen\u00edt\u0151 csavarral rendelkezik, \u00e9s sz\u00fcks\u00e9g szerint nyom\u00e1scs\u00f6kkent\u0151 szivatty\u00fav\u00e1 alak\u00edthat\u00f3.<\/p>","protected":false},"featured_media":3321,"template":"","meta":{"ocean_post_layout":"","ocean_both_sidebars_style":"","ocean_both_sidebars_content_width":0,"ocean_both_sidebars_sidebars_width":0,"ocean_sidebar":"0","ocean_second_sidebar":"0","ocean_disable_margins":"enable","ocean_add_body_class":"","ocean_shortcode_before_top_bar":"","ocean_shortcode_after_top_bar":"","ocean_shortcode_before_header":"","ocean_shortcode_after_header":"","ocean_has_shortcode":"","ocean_shortcode_after_title":"","ocean_shortcode_before_footer_widgets":"","ocean_shortcode_after_footer_widgets":"","ocean_shortcode_before_footer_bottom":"","ocean_shortcode_after_footer_bottom":"","ocean_display_top_bar":"default","ocean_display_header":"default","ocean_header_style":"","ocean_center_header_left_menu":"0","ocean_custom_header_template":"0","ocean_custom_logo":0,"ocean_custom_retina_logo":0,"ocean_custom_logo_max_width":0,"ocean_custom_logo_tablet_max_width":0,"ocean_custom_logo_mobile_max_width":0,"ocean_custom_logo_max_height":0,"ocean_custom_logo_tablet_max_height":0,"ocean_custom_logo_mobile_max_height":0,"ocean_header_custom_menu":"0","ocean_menu_typo_font_family":"0","ocean_menu_typo_font_subset":"","ocean_menu_typo_font_size":0,"ocean_menu_typo_font_size_tablet":0,"ocean_menu_typo_font_size_mobile":0,"ocean_menu_typo_font_size_unit":"px","ocean_menu_typo_font_weight":"","ocean_menu_typo_font_weight_tablet":"","ocean_menu_typo_font_weight_mobile":"","ocean_menu_typo_transform":"","ocean_menu_typo_transform_tablet":"","ocean_menu_typo_transform_mobile":"","ocean_menu_typo_line_height":0,"ocean_menu_typo_line_height_tablet":0,"ocean_menu_typo_line_height_mobile":0,"ocean_menu_typo_line_height_unit":"","ocean_menu_typo_spacing":0,"ocean_menu_typo_spacing_tablet":0,"ocean_menu_typo_spacing_mobile":0,"ocean_menu_typo_spacing_unit":"","ocean_menu_link_color":"","ocean_menu_link_color_hover":"","ocean_menu_link_color_active":"","ocean_menu_link_background":"","ocean_menu_link_hover_background":"","ocean_menu_link_active_background":"","ocean_menu_social_links_bg":"","ocean_menu_social_hover_links_bg":"","ocean_menu_social_links_color":"","ocean_menu_social_hover_links_color":"","ocean_disable_title":"default","ocean_disable_heading":"default","ocean_post_title":"","ocean_post_subheading":"","ocean_post_title_style":"","ocean_post_title_background_color":"","ocean_post_title_background":0,"ocean_post_title_bg_image_position":"","ocean_post_title_bg_image_attachment":"","ocean_post_title_bg_image_repeat":"","ocean_post_title_bg_image_size":"","ocean_post_title_height":0,"ocean_post_title_bg_overlay":0.5,"ocean_post_title_bg_overlay_color":"","ocean_disable_breadcrumbs":"default","ocean_breadcrumbs_color":"","ocean_breadcrumbs_separator_color":"","ocean_breadcrumbs_links_color":"","ocean_breadcrumbs_links_hover_color":"","ocean_display_footer_widgets":"default","ocean_display_footer_bottom":"default","ocean_custom_footer_template":"0","osh_disable_topbar_sticky":"default","osh_disable_header_sticky":"default","osh_sticky_header_style":"default","osh_sticky_header_effect":"","osh_custom_sticky_logo":0,"osh_custom_retina_sticky_logo":0,"osh_custom_sticky_logo_height":0,"osh_background_color":"","osh_links_color":"","osh_links_hover_color":"","osh_links_active_color":"","osh_links_bg_color":"","osh_links_hover_bg_color":"","osh_links_active_bg_color":"","osh_menu_social_links_color":"","osh_menu_social_hover_links_color":""},"product_brand":[],"product_cat":[42,41],"product_tag":[189,185,188],"class_list":{"0":"post-3315","1":"product","2":"type-product","3":"status-publish","4":"has-post-thumbnail","6":"product_cat-electric-progressive-pumps","7":"product_cat-progressive-grease-systems","8":"product_tag-auto-lubrication-pump","9":"product_tag-electric-grease-pump","10":"product_tag-grease-pump-automatic","12":"entry","13":"has-media","15":"first","16":"instock","17":"shipping-taxable","18":"product-type-external","19":"col","20":"span_1_of_3","21":"owp-content-center","22":"owp-thumbs-layout-horizontal","23":"owp-btn-very-big","24":"owp-tabs-layout-horizontal"},"_links":{"self":[{"href":"https:\/\/www.jinpinlub.com\/hu\/wp-json\/wp\/v2\/product\/3315","targetHints":{"allow":["GET"]}}],"collection":[{"href":"https:\/\/www.jinpinlub.com\/hu\/wp-json\/wp\/v2\/product"}],"about":[{"href":"https:\/\/www.jinpinlub.com\/hu\/wp-json\/wp\/v2\/types\/product"}],"wp:featuredmedia":[{"embeddable":true,"href":"https:\/\/www.jinpinlub.com\/hu\/wp-json\/wp\/v2\/media\/3321"}],"wp:attachment":[{"href":"https:\/\/www.jinpinlub.com\/hu\/wp-json\/wp\/v2\/media?parent=3315"}],"wp:term":[{"taxonomy":"product_brand","embeddable":true,"href":"https:\/\/www.jinpinlub.com\/hu\/wp-json\/wp\/v2\/product_brand?post=3315"},{"taxonomy":"product_cat","embeddable":true,"href":"https:\/\/www.jinpinlub.com\/hu\/wp-json\/wp\/v2\/product_cat?post=3315"},{"taxonomy":"product_tag","embeddable":true,"href":"https:\/\/www.jinpinlub.com\/hu\/wp-json\/wp\/v2\/product_tag?post=3315"}],"curies":[{"name":"wp","href":"https:\/\/api.w.org\/{rel}","templated":true}]}}