{"id":3316,"date":"2024-08-15T21:01:37","date_gmt":"2024-08-15T21:01:37","guid":{"rendered":"https:\/\/www.jinpinlub.com\/?post_type=product&#038;p=3316"},"modified":"2024-08-16T15:05:04","modified_gmt":"2024-08-16T15:05:04","slug":"kozponti-kenorendszer-kis-kozepes-meretu-gepekhez","status":"publish","type":"product","link":"https:\/\/www.jinpinlub.com\/hu\/product\/centralized-lubrication-system-for-small-medium-sized-machine\/","title":{"rendered":"K\u00f6zponti ken\u0151rendszer kis, k\u00f6zepes m\u00e9ret\u0171 g\u00e9pekhez"},"content":{"rendered":"<h2>Jellemz\u0151k<\/h2>\n<p>Az elektromos szivatty\u00fat a gazda PLC vagy a k\u00fcls\u0151 vez\u00e9rl\u0151 vez\u00e9rli, hogy szab\u00e1lyozza a ken\u0151szivatty\u00fa m\u0171k\u00f6d\u00e9si idej\u00e9t \u00e9s szakaszos idej\u00e9t.<br \/>\nKiv\u00e1laszthat\u00f3 egy alacsony zs\u00edrszint-\u00e9rz\u00e9kel\u0151, amely val\u00f3s id\u0151ben figyeli a zs\u00edrszivatty\u00faban maradt ken\u0151anyag mennyis\u00e9g\u00e9t.<br \/>\nA J100 nyom\u00e1sszab\u00e1lyoz\u00f3 szeleppel van felszerelve, amely szab\u00e1lyozza a ken\u0151szivatty\u00fa \u00fczemi nyom\u00e1s\u00e1t \u00e9s v\u00e9di a munkabiztons\u00e1got.<br \/>\nA J100 l\u00e9gtelen\u00edt\u0151 szeleppel van felszerelve. A haszn\u00e1lat megkezd\u00e9sekor el\u0151sz\u00f6r el kell t\u00e1vol\u00edtani a leveg\u0151t a ken\u0151szivatty\u00fa \u00fcreg\u00e9b\u0151l, hogy biztos\u00edtsa az olaj egyenletes ki\u00fcr\u00edt\u00e9s\u00e9t a ken\u0151szivatty\u00fab\u00f3l.<br \/>\nEz a ken\u0151szivatty\u00fa sz\u00e1mos kapacit\u00e1s k\u00f6z\u00fcl v\u00e1laszthat, \u00e9s tart\u00e1lyos vagy patronos kivitelben is felszerelhet\u0151.<br \/>\nA J100 dugatty\u00fas szivatty\u00fa egy rendk\u00edv\u00fcl alkalmazkod\u00f3 ken\u0151szivatty\u00fa. 2 kimenettel rendelkezik, \u00e9s k\u00e9t ken\u0151vezet\u00e9ket tud egyszerre kiszolg\u00e1lni.<\/p>\n<h2>Specifik\u00e1ci\u00f3<\/h2>\n<table>\n<tbody>\n<tr>\n<td>\u00dczemi h\u0151m\u00e9rs\u00e9klet<\/td>\n<td>+0\u2103~+50\u2103<\/td>\n<\/tr>\n<tr>\n<td>Az \u00fczletek sz\u00e1ma<\/td>\n<td>1, 2<\/td>\n<\/tr>\n<tr>\n<td>A t\u00e1roz\u00f3 kapacit\u00e1sa<\/td>\n<td>0,3 liter, 1,5 liter (tart\u00e1ly), 0,3 liter, 0,7 liter (patron)<\/td>\n<\/tr>\n<tr>\n<td>\u00dajrat\u00f6lt\u00e9s<\/td>\n<td>Hidraulikus ken\u0151szerelv\u00e9ny<\/td>\n<\/tr>\n<tr>\n<td>Ken\u0151anyag<\/td>\n<td>Ken\u0151zs\u00edrok NLGI 000~2# fokozat\u00fa<\/td>\n<\/tr>\n<tr>\n<td>V\u00e9delmi oszt\u00e1ly<\/td>\n<td>IP54<\/td>\n<\/tr>\n<tr>\n<td>Kis\u00fcl\u00e9s<\/td>\n<td>15 ml\/perc<\/td>\n<\/tr>\n<tr>\n<td>Max. \u00fczemi nyom\u00e1s<\/td>\n<td>8 MPa<\/td>\n<\/tr>\n<tr>\n<td>Csatlakoz\u00f3 menet<\/td>\n<td>\u03a66 vagy \u03a68<\/td>\n<\/tr>\n<tr>\n<td>\u00dczemi fesz\u00fclts\u00e9g<\/td>\n<td>24VDC<\/td>\n<\/tr>\n<tr>\n<td>Tan\u00fas\u00edtv\u00e1ny<\/td>\n<td>CE<\/td>\n<\/tr>\n<tr>\n<td>Be\u00e9p\u00edt\u00e9si helyzet<\/td>\n<td>F\u00fcgg\u0151leges<\/td>\n<\/tr>\n<\/tbody>\n<\/table>\n<h2>Alkalmaz\u00e1sok<\/h2>\n<p>A J100 ken\u0151szivatty\u00fat mindig f\u00fcgg\u0151leges \u00e9s s\u00edk fel\u00fcletre r\u00f6gz\u00edtse.<br \/>\nHaszn\u00e1ljon 6 M8 csavart a \u03a69 furatokon a ken\u0151szivatty\u00fa felszerel\u00e9s\u00e9hez \u00e9s r\u00f6gz\u00edt\u00e9s\u00e9hez.<br \/>\nHa a ken\u0151szivatty\u00fa vibr\u00e1ci\u00f3nak van kit\u00e9ve, aj\u00e1nlatos rezg\u00e9scsillap\u00edt\u00f3 ragaszt\u00f3t felvinni.<br \/>\nA ken\u0151szivatty\u00fat v\u00edzt\u0151l, olajt\u00f3l, t\u00f6rmel\u00e9kt\u0151l \u00e9s port\u00f3l t\u00e1vol kell felszerelni.<br \/>\nA szivatty\u00faegys\u00e9g elektromos csatlakoz\u00e1s\u00e1n\u00e1l \u00fcgyeljen a megfelel\u0151 int\u00e9zked\u00e9sek megt\u00e9tel\u00e9re, p\u00e9ld\u00e1ul az interferencia elleni k\u00e1belekre, hogy elker\u00fclje az indukt\u00edv, kapacit\u00edv vagy elektrom\u00e1gneses csatol\u00e1sb\u00f3l ered\u0151 jelek k\u00f6z\u00f6tti interferenci\u00e1t.<\/p>\n<h2>K\u00e9zik\u00f6nyvek<\/h2>\n<div class=\"sdm_download_button_box_default\"><div class=\"sdm_download_link\"><a href=\"https:\/\/www.jinpinlub.com\/hu\/?sdm_process_download=1&download_id=2462\" class=\"sdm_download white\" title=\"Mag\u00e1n: J100 Grease Pump\" target=\"&quot;_blank&quot;\">Adatlap megtekint\u00e9se - J100 zs\u00edrszivatty\u00fa<\/a><\/div><\/div>","protected":false},"excerpt":{"rendered":"<p>A J100 egy kompakt, megb\u00edzhat\u00f3 \u00e9s adapt\u00e1lhat\u00f3 k\u00f6zponti ken\u0151zs\u00edrszivatty\u00fa. Sz\u00e1mos kapacit\u00e1ssal \u00e9s t\u00f6bbf\u00e9le \u00fczemm\u00f3ddal rendelkezik, p\u00e9ld\u00e1ul progressz\u00edv t\u00edpussal \u00e9s egysoros nyom\u00e1scs\u00f6kkent\u0151 t\u00edpussal, integr\u00e1lt nyom\u00e1scs\u00f6kkent\u0151 funkci\u00f3val.<\/p>","protected":false},"featured_media":3322,"template":"","meta":{"ocean_post_layout":"","ocean_both_sidebars_style":"","ocean_both_sidebars_content_width":0,"ocean_both_sidebars_sidebars_width":0,"ocean_sidebar":"0","ocean_second_sidebar":"0","ocean_disable_margins":"enable","ocean_add_body_class":"","ocean_shortcode_before_top_bar":"","ocean_shortcode_after_top_bar":"","ocean_shortcode_before_header":"","ocean_shortcode_after_header":"","ocean_has_shortcode":"","ocean_shortcode_after_title":"","ocean_shortcode_before_footer_widgets":"","ocean_shortcode_after_footer_widgets":"","ocean_shortcode_before_footer_bottom":"","ocean_shortcode_after_footer_bottom":"","ocean_display_top_bar":"default","ocean_display_header":"default","ocean_header_style":"","ocean_center_header_left_menu":"0","ocean_custom_header_template":"0","ocean_custom_logo":0,"ocean_custom_retina_logo":0,"ocean_custom_logo_max_width":0,"ocean_custom_logo_tablet_max_width":0,"ocean_custom_logo_mobile_max_width":0,"ocean_custom_logo_max_height":0,"ocean_custom_logo_tablet_max_height":0,"ocean_custom_logo_mobile_max_height":0,"ocean_header_custom_menu":"0","ocean_menu_typo_font_family":"0","ocean_menu_typo_font_subset":"","ocean_menu_typo_font_size":0,"ocean_menu_typo_font_size_tablet":0,"ocean_menu_typo_font_size_mobile":0,"ocean_menu_typo_font_size_unit":"px","ocean_menu_typo_font_weight":"","ocean_menu_typo_font_weight_tablet":"","ocean_menu_typo_font_weight_mobile":"","ocean_menu_typo_transform":"","ocean_menu_typo_transform_tablet":"","ocean_menu_typo_transform_mobile":"","ocean_menu_typo_line_height":0,"ocean_menu_typo_line_height_tablet":0,"ocean_menu_typo_line_height_mobile":0,"ocean_menu_typo_line_height_unit":"","ocean_menu_typo_spacing":0,"ocean_menu_typo_spacing_tablet":0,"ocean_menu_typo_spacing_mobile":0,"ocean_menu_typo_spacing_unit":"","ocean_menu_link_color":"","ocean_menu_link_color_hover":"","ocean_menu_link_color_active":"","ocean_menu_link_background":"","ocean_menu_link_hover_background":"","ocean_menu_link_active_background":"","ocean_menu_social_links_bg":"","ocean_menu_social_hover_links_bg":"","ocean_menu_social_links_color":"","ocean_menu_social_hover_links_color":"","ocean_disable_title":"default","ocean_disable_heading":"default","ocean_post_title":"","ocean_post_subheading":"","ocean_post_title_style":"","ocean_post_title_background_color":"","ocean_post_title_background":0,"ocean_post_title_bg_image_position":"","ocean_post_title_bg_image_attachment":"","ocean_post_title_bg_image_repeat":"","ocean_post_title_bg_image_size":"","ocean_post_title_height":0,"ocean_post_title_bg_overlay":0.5,"ocean_post_title_bg_overlay_color":"","ocean_disable_breadcrumbs":"default","ocean_breadcrumbs_color":"","ocean_breadcrumbs_separator_color":"","ocean_breadcrumbs_links_color":"","ocean_breadcrumbs_links_hover_color":"","ocean_display_footer_widgets":"default","ocean_display_footer_bottom":"default","ocean_custom_footer_template":"0","osh_disable_topbar_sticky":"default","osh_disable_header_sticky":"default","osh_sticky_header_style":"default","osh_sticky_header_effect":"","osh_custom_sticky_logo":0,"osh_custom_retina_sticky_logo":0,"osh_custom_sticky_logo_height":0,"osh_background_color":"","osh_links_color":"","osh_links_hover_color":"","osh_links_active_color":"","osh_links_bg_color":"","osh_links_hover_bg_color":"","osh_links_active_bg_color":"","osh_menu_social_links_color":"","osh_menu_social_hover_links_color":""},"product_brand":[],"product_cat":[42,41],"product_tag":[190,192,191],"class_list":{"0":"post-3316","1":"product","2":"type-product","3":"status-publish","4":"has-post-thumbnail","6":"product_cat-electric-progressive-pumps","7":"product_cat-progressive-grease-systems","8":"product_tag-bearing-lubrication-pump","9":"product_tag-central-lubrication-pump","10":"product_tag-cnc-lubrication-pump","12":"entry","13":"has-media","15":"first","16":"instock","17":"shipping-taxable","18":"product-type-external","19":"col","20":"span_1_of_3","21":"owp-content-center","22":"owp-thumbs-layout-horizontal","23":"owp-btn-very-big","24":"owp-tabs-layout-horizontal"},"_links":{"self":[{"href":"https:\/\/www.jinpinlub.com\/hu\/wp-json\/wp\/v2\/product\/3316","targetHints":{"allow":["GET"]}}],"collection":[{"href":"https:\/\/www.jinpinlub.com\/hu\/wp-json\/wp\/v2\/product"}],"about":[{"href":"https:\/\/www.jinpinlub.com\/hu\/wp-json\/wp\/v2\/types\/product"}],"wp:featuredmedia":[{"embeddable":true,"href":"https:\/\/www.jinpinlub.com\/hu\/wp-json\/wp\/v2\/media\/3322"}],"wp:attachment":[{"href":"https:\/\/www.jinpinlub.com\/hu\/wp-json\/wp\/v2\/media?parent=3316"}],"wp:term":[{"taxonomy":"product_brand","embeddable":true,"href":"https:\/\/www.jinpinlub.com\/hu\/wp-json\/wp\/v2\/product_brand?post=3316"},{"taxonomy":"product_cat","embeddable":true,"href":"https:\/\/www.jinpinlub.com\/hu\/wp-json\/wp\/v2\/product_cat?post=3316"},{"taxonomy":"product_tag","embeddable":true,"href":"https:\/\/www.jinpinlub.com\/hu\/wp-json\/wp\/v2\/product_tag?post=3316"}],"curies":[{"name":"wp","href":"https:\/\/api.w.org\/{rel}","templated":true}]}}