{"id":3319,"date":"2024-08-16T14:46:28","date_gmt":"2024-08-16T14:46:28","guid":{"rendered":"https:\/\/www.jinpinlub.com\/?post_type=product&#038;p=3319"},"modified":"2024-08-16T14:50:03","modified_gmt":"2024-08-16T14:50:03","slug":"j200-automatikus-kenorendszer-mechanikus-keneshez","status":"publish","type":"product","link":"https:\/\/www.jinpinlub.com\/hu\/product\/j200-automatic-lubrication-system-for-mechanical-lubrication\/","title":{"rendered":"J200 automatikus ken\u0151rendszer mechanikus ken\u00e9shez"},"content":{"rendered":"<h2>Jellemz\u0151k<\/h2>\n<p>K\u00f6rnyezetv\u00e9delem: A nyom\u00e1scs\u00f6kkent\u0151 egysoros rendszer prec\u00edz ken\u00e9si mennyis\u00e9ge elker\u00fcli a ken\u0151anyag pazarl\u00e1s\u00e1t, nem szennyezi a k\u00f6rnyezetet \u00e9s a munkadarabokat, \u00e9s alkalmas magas tisztas\u00e1gi k\u00f6vetelm\u00e9nyeket t\u00e1maszt\u00f3 feldolgoz\u00e1si k\u00f6rnyezetekhez.<br \/>\nTart\u00f3ss\u00e1g: A ken\u0151szivatty\u00fa kiv\u00e1l\u00f3 ken\u00e9si teljes\u00edtm\u00e9nyt k\u00e9pes fenntartani viszonylag sz\u00e9ls\u0151s\u00e9ges k\u00f6r\u00fclm\u00e9nyek k\u00f6z\u00f6tt, p\u00e9ld\u00e1ul k\u00fcl\u00f6nf\u00e9le munkak\u00f6r\u00fclm\u00e9nyek k\u00f6z\u00f6tt, bele\u00e9rtve a magas h\u0151m\u00e9rs\u00e9kletet, alacsony h\u0151m\u00e9rs\u00e9kletet, nagy terhel\u00e9st, vibr\u00e1ci\u00f3s terhel\u00e9st, nagy terhel\u00e9st stb.<br \/>\nStabilit\u00e1s: Az elektromos ken\u0151szivatty\u00fa k\u00fcl\u00f6nf\u00e9le k\u00f6r\u00fclm\u00e9nyek k\u00f6z\u00f6tt stabilan m\u0171k\u00f6dik, hogy a g\u00e9p \u00e1ltal el\u00e9rt ken\u0151hat\u00e1s stabil \u00e9s tart\u00f3s legyen.<br \/>\nExtr\u00fazi\u00f3: A J200 zs\u00edrszivatty\u00fa alkalmas nagy sebess\u00e9g\u0171, k\u00f6zepes sebess\u00e9g\u0171, alacsony fordulatsz\u00e1m\u00fa \u00e9s gyakori szakaszos vagy oda-vissza mozg\u00e1s\u00fa alkatr\u00e9szek ken\u00e9s\u00e9re, biztos\u00edtva, hogy a zs\u00edr hat\u00e9konyan el\u00e9rje a ken\u00e9st ig\u00e9nyl\u0151 r\u00e9szeket.<\/p>\n<h2>Specifik\u00e1ci\u00f3<\/h2>\n<table>\n<tbody>\n<tr>\n<td>\u00dczemi h\u0151m\u00e9rs\u00e9klet<\/td>\n<td>0-+50\u00b0C<\/td>\n<\/tr>\n<tr>\n<td>Az \u00fczletek sz\u00e1ma<\/td>\n<td>1, 2<\/td>\n<\/tr>\n<tr>\n<td>A t\u00e1roz\u00f3 kapacit\u00e1sa<\/td>\n<td>0,3 liter, 1,5 liter (tart\u00e1ly), 0,3 liter, 0,7 liter (patron)<\/td>\n<\/tr>\n<tr>\n<td>\u00dajrat\u00f6lt\u00e9s<\/td>\n<td>Hidraulikus ken\u0151szerelv\u00e9ny<\/td>\n<\/tr>\n<tr>\n<td>Ken\u0151anyag<\/td>\n<td>Ken\u0151zs\u00edrok NLGI 000~2# fokozat\u00fa<\/td>\n<\/tr>\n<tr>\n<td>V\u00e9delmi oszt\u00e1ly<\/td>\n<td>IP54<\/td>\n<\/tr>\n<tr>\n<td>Kis\u00fcl\u00e9s<\/td>\n<td>15 ml\/perc<\/td>\n<\/tr>\n<tr>\n<td>Max. \u00fczemi nyom\u00e1s<\/td>\n<td>8 MPa<\/td>\n<\/tr>\n<tr>\n<td>Csatlakoz\u00f3 menet<\/td>\n<td>\u03a66 vagy \u03a68<\/td>\n<\/tr>\n<tr>\n<td>\u00dczemi fesz\u00fclts\u00e9g<\/td>\n<td>24VDC<\/td>\n<\/tr>\n<tr>\n<td>Tan\u00fas\u00edtv\u00e1ny<\/td>\n<td>CE<\/td>\n<\/tr>\n<tr>\n<td>Be\u00e9p\u00edt\u00e9si helyzet<\/td>\n<td>F\u00fcgg\u0151leges<\/td>\n<\/tr>\n<\/tbody>\n<\/table>\n<h2>Cs\u0151vezet\u00e9kek<\/h2>\n<p>Csatlakoztassa a cs\u00f6vet a zs\u00edrszivatty\u00fa kimenet\u00e9hez (Rc1\/8), haszn\u00e1ljon 5 MPa vagy nagyobb cs\u00f6vet, r\u00f6gz\u00edtse a csatlakoz\u00f3t, majd csavarkulccsal h\u00fazza meg 2,5-3 fordulattal.<br \/>\nMegh\u00faz\u00e1si nyomat\u00e9k 10N.m. A csatlakoztat\u00e1s ut\u00e1n ellen\u0151rizze, hogy nincs-e sziv\u00e1rg\u00e1s a kazetta csatlakoz\u00f3j\u00e1n. A J200 ken\u0151szivatty\u00fa eset\u00e9n a csatlakoztat\u00e1s ut\u00e1n gy\u0151z\u0151dj\u00f6n meg arr\u00f3l, hogy a leveg\u0151t elsz\u00edvja a cs\u0151b\u0151l \u00e9s a szivatty\u00fab\u00f3l.<br \/>\nHa a f\u0151vezet\u00e9k r\u00f6vid, a nyom\u00e1s el\u00e9rheti a 8 MPa-t vagy magasabbat, de haszn\u00e1lat k\u00f6zben nincs probl\u00e9ma.<\/p>\n<h2>K\u00e9zik\u00f6nyvek<\/h2>\n<div class=\"sdm_download_button_box_default\"><div class=\"sdm_download_link\"><a href=\"https:\/\/www.jinpinlub.com\/hu\/?sdm_process_download=1&download_id=2464\" class=\"sdm_download white\" title=\"Mag\u00e1n: J200 Grease Pump\" target=\"&quot;_blank&quot;\">Adatlap megtekint\u00e9se - J200 zs\u00edrszivatty\u00fa<\/a><\/div><\/div>","protected":false},"excerpt":{"rendered":"<p>A J200 zs\u00edrken\u0151 szivatty\u00fa egy kiv\u00e1l\u00f3 min\u0151s\u00e9g\u0171, nagy teljes\u00edtm\u00e9ny\u0171 nyom\u00e1scs\u00f6kkent\u0151 egysoros szivatty\u00fa. A felhaszn\u00e1l\u00f3k k\u00f6r\u00e9ben n\u00e9pszer\u0171 kiv\u00e1l\u00f3 ken\u00e9si teljes\u00edtm\u00e9nye, k\u00f6rnyezeti teljes\u00edtm\u00e9nye, nagy tapad\u00e1sa, mechanikai stabilit\u00e1sa \u00e9s magas k\u00f6lts\u00e9ghat\u00e9konys\u00e1ga miatt.<\/p>","protected":false},"featured_media":3248,"template":"","meta":{"ocean_post_layout":"","ocean_both_sidebars_style":"","ocean_both_sidebars_content_width":0,"ocean_both_sidebars_sidebars_width":0,"ocean_sidebar":"0","ocean_second_sidebar":"0","ocean_disable_margins":"enable","ocean_add_body_class":"","ocean_shortcode_before_top_bar":"","ocean_shortcode_after_top_bar":"","ocean_shortcode_before_header":"","ocean_shortcode_after_header":"","ocean_has_shortcode":"","ocean_shortcode_after_title":"","ocean_shortcode_before_footer_widgets":"","ocean_shortcode_after_footer_widgets":"","ocean_shortcode_before_footer_bottom":"","ocean_shortcode_after_footer_bottom":"","ocean_display_top_bar":"default","ocean_display_header":"default","ocean_header_style":"","ocean_center_header_left_menu":"0","ocean_custom_header_template":"0","ocean_custom_logo":0,"ocean_custom_retina_logo":0,"ocean_custom_logo_max_width":0,"ocean_custom_logo_tablet_max_width":0,"ocean_custom_logo_mobile_max_width":0,"ocean_custom_logo_max_height":0,"ocean_custom_logo_tablet_max_height":0,"ocean_custom_logo_mobile_max_height":0,"ocean_header_custom_menu":"0","ocean_menu_typo_font_family":"0","ocean_menu_typo_font_subset":"","ocean_menu_typo_font_size":0,"ocean_menu_typo_font_size_tablet":0,"ocean_menu_typo_font_size_mobile":0,"ocean_menu_typo_font_size_unit":"px","ocean_menu_typo_font_weight":"","ocean_menu_typo_font_weight_tablet":"","ocean_menu_typo_font_weight_mobile":"","ocean_menu_typo_transform":"","ocean_menu_typo_transform_tablet":"","ocean_menu_typo_transform_mobile":"","ocean_menu_typo_line_height":0,"ocean_menu_typo_line_height_tablet":0,"ocean_menu_typo_line_height_mobile":0,"ocean_menu_typo_line_height_unit":"","ocean_menu_typo_spacing":0,"ocean_menu_typo_spacing_tablet":0,"ocean_menu_typo_spacing_mobile":0,"ocean_menu_typo_spacing_unit":"","ocean_menu_link_color":"","ocean_menu_link_color_hover":"","ocean_menu_link_color_active":"","ocean_menu_link_background":"","ocean_menu_link_hover_background":"","ocean_menu_link_active_background":"","ocean_menu_social_links_bg":"","ocean_menu_social_hover_links_bg":"","ocean_menu_social_links_color":"","ocean_menu_social_hover_links_color":"","ocean_disable_title":"default","ocean_disable_heading":"default","ocean_post_title":"","ocean_post_subheading":"","ocean_post_title_style":"","ocean_post_title_background_color":"","ocean_post_title_background":0,"ocean_post_title_bg_image_position":"","ocean_post_title_bg_image_attachment":"","ocean_post_title_bg_image_repeat":"","ocean_post_title_bg_image_size":"","ocean_post_title_height":0,"ocean_post_title_bg_overlay":0.5,"ocean_post_title_bg_overlay_color":"","ocean_disable_breadcrumbs":"default","ocean_breadcrumbs_color":"","ocean_breadcrumbs_separator_color":"","ocean_breadcrumbs_links_color":"","ocean_breadcrumbs_links_hover_color":"","ocean_display_footer_widgets":"default","ocean_display_footer_bottom":"default","ocean_custom_footer_template":"0","osh_disable_topbar_sticky":"default","osh_disable_header_sticky":"default","osh_sticky_header_style":"default","osh_sticky_header_effect":"","osh_custom_sticky_logo":0,"osh_custom_retina_sticky_logo":0,"osh_custom_sticky_logo_height":0,"osh_background_color":"","osh_links_color":"","osh_links_hover_color":"","osh_links_active_color":"","osh_links_bg_color":"","osh_links_hover_bg_color":"","osh_links_active_bg_color":"","osh_menu_social_links_color":"","osh_menu_social_hover_links_color":""},"product_brand":[],"product_cat":[38,37],"product_tag":[200,198,199],"class_list":{"0":"post-3319","1":"product","2":"type-product","3":"status-publish","4":"has-post-thumbnail","6":"product_cat-electric-pressure-relief-pumps","7":"product_cat-single-line-grease-systems","8":"product_tag-grease-lubrication-equipment","9":"product_tag-machine-tool-lubrication","10":"product_tag-slideway-grease-lubrication","12":"entry","13":"has-media","15":"first","16":"instock","17":"shipping-taxable","18":"product-type-external","19":"col","20":"span_1_of_3","21":"owp-content-center","22":"owp-thumbs-layout-horizontal","23":"owp-btn-very-big","24":"owp-tabs-layout-horizontal"},"_links":{"self":[{"href":"https:\/\/www.jinpinlub.com\/hu\/wp-json\/wp\/v2\/product\/3319","targetHints":{"allow":["GET"]}}],"collection":[{"href":"https:\/\/www.jinpinlub.com\/hu\/wp-json\/wp\/v2\/product"}],"about":[{"href":"https:\/\/www.jinpinlub.com\/hu\/wp-json\/wp\/v2\/types\/product"}],"wp:featuredmedia":[{"embeddable":true,"href":"https:\/\/www.jinpinlub.com\/hu\/wp-json\/wp\/v2\/media\/3248"}],"wp:attachment":[{"href":"https:\/\/www.jinpinlub.com\/hu\/wp-json\/wp\/v2\/media?parent=3319"}],"wp:term":[{"taxonomy":"product_brand","embeddable":true,"href":"https:\/\/www.jinpinlub.com\/hu\/wp-json\/wp\/v2\/product_brand?post=3319"},{"taxonomy":"product_cat","embeddable":true,"href":"https:\/\/www.jinpinlub.com\/hu\/wp-json\/wp\/v2\/product_cat?post=3319"},{"taxonomy":"product_tag","embeddable":true,"href":"https:\/\/www.jinpinlub.com\/hu\/wp-json\/wp\/v2\/product_tag?post=3319"}],"curies":[{"name":"wp","href":"https:\/\/api.w.org\/{rel}","templated":true}]}}