{"id":3331,"date":"2024-08-20T04:54:54","date_gmt":"2024-08-19T20:54:54","guid":{"rendered":"https:\/\/www.jinpinlub.com\/?post_type=product&#038;p=3331"},"modified":"2024-08-20T05:03:43","modified_gmt":"2024-08-19T21:03:43","slug":"j203-24v-220v-elektromos-tobbpontos-zsir-kenoszivattyu","status":"publish","type":"product","link":"https:\/\/www.jinpinlub.com\/hu\/termek\/j203-24v-220v-elektromos-tobbpontos-zsir-kenoszivattyu\/","title":{"rendered":"J203 24V 220V elektromos t\u00f6bbpontos zs\u00edrken\u0151 szivatty\u00fa"},"content":{"rendered":"<h2>Jellemz\u0151k<\/h2>\n<p><span id=\"input-sentence~0\">Rugalmas vez\u00e9rl\u00e9si lehet\u0151s\u00e9gek: A J203 tov\u00e1bbi vez\u00e9rl\u0151 nyomtatott \u00e1ramk\u00f6ri lappal rendelkezhet, amellyel az adott alkalmaz\u00e1snak megfelel\u0151en v\u00e1ltoztathat\u00f3 be\u00e1ll\u00edt\u00e1sokat lehet el\u00e9rni.<br \/>\nMagas \u00fczemi nyom\u00e1s: A zs\u00edrszivatty\u00fa ak\u00e1r 350 bar nyom\u00e1st is produk\u00e1l, \u00edgy az optim\u00e1lis ken\u00e9s garant\u00e1lt m\u00e9g az ig\u00e9nyes alkalmaz\u00e1sokn\u00e1l is.<\/span><span id=\"input-sentence~1\"><br \/>\nH\u0151m\u00e9rs\u00e9klet-tartom\u00e1ny: Ez a ken\u0151anyag-szivatty\u00fa nagyon sz\u00e9les h\u0151m\u00e9rs\u00e9klet-tartom\u00e1nyban m\u0171k\u00f6dik, -40\u00b0C \u00e9s +70\u00b0C k\u00f6z\u00f6tt egyen\u00e1ramn\u00e1l \u00e9s -25\u00b0C \u00e9s +70\u00b0C k\u00f6z\u00f6tt v\u00e1ltakoz\u00f3 \u00e1ramn\u00e1l.<br \/>\nT\u00f6bb szivatty\u00faelem: A J203 ken\u0151szivatty\u00fa ak\u00e1r h\u00e1rom szivatty\u00faelemet is k\u00e9pes m\u0171k\u00f6dtetni, hogy v\u00e1ltoz\u00f3 teljes\u00edtm\u00e9nyt biztos\u00edtson folyamatos ken\u00e9s mellett.<\/span><span id=\"input-sentence~2\"><br \/>\nV\u00e9detts\u00e9g \u00e9s tart\u00f3ss\u00e1g: IP6K9K v\u00e9delmi oszt\u00e1lya nagyon j\u00f3 v\u00e9delmet garant\u00e1l a por \u00e9s a v\u00edz behatol\u00e1sa ellen, \u00edgy k\u00fcl\u00f6n\u00f6sen alkalmas ig\u00e9nyes k\u00f6rnyezeti felt\u00e9telekhez.<br \/>\n<\/span><\/p>\n<h2>Specifik\u00e1ci\u00f3<\/h2>\n<table>\n<tbody>\n<tr>\n<td>\u00dczemi h\u0151m\u00e9rs\u00e9klet<\/td>\n<td>(-40\u00b0C \u00e9s +70\u00b0C k\u00f6z\u00f6tt)<\/td>\n<\/tr>\n<tr>\n<td>Az \u00fczletek sz\u00e1ma<\/td>\n<td>1, 2 vagy 3<\/td>\n<\/tr>\n<tr>\n<td>A t\u00e1roz\u00f3 kapacit\u00e1sa<\/td>\n<td>2L, 4L, 8L<\/td>\n<\/tr>\n<tr>\n<td>\u00dajrat\u00f6lt\u00e9s<\/td>\n<td>Hidraulikus ken\u0151szerelv\u00e9ny vagy fel\u00fclr\u0151l<\/td>\n<\/tr>\n<tr>\n<td>Ken\u0151anyag<\/td>\n<td>Legal\u00e1bb NLGI 2. fokozat\u00fa zs\u00edrok, olajok 40 mm\u00b2\/s-ig (cSt) 40\u00b0C-on<\/td>\n<\/tr>\n<tr>\n<td>V\u00e9delmi oszt\u00e1ly<\/td>\n<td>IP6K 9K<\/td>\n<\/tr>\n<tr>\n<td>Dugatty\u00fa \u00e1tm\u00e9r\u0151, K5<\/td>\n<td>5 mm, kb. 2 cm\u00b3\/perc<\/td>\n<\/tr>\n<tr>\n<td>Dugatty\u00fa \u00e1tm\u00e9r\u0151, (standard) K6<\/td>\n<td>6 mm, kb. 2,8 cm\u00b3\/perc<\/td>\n<\/tr>\n<tr>\n<td>Dugatty\u00fa \u00e1tm\u00e9r\u0151, K7<\/td>\n<td>7 mm, kb. 4 cm\u00b3\/perc<\/td>\n<\/tr>\n<tr>\n<td>Max. \u00fczemi nyom\u00e1s<\/td>\n<td>350 bar<\/td>\n<\/tr>\n<tr>\n<td>Csatlakoz\u00f3 menet<\/td>\n<td>G 1\/4<\/td>\n<\/tr>\n<tr>\n<td>\u00dczemi fesz\u00fclts\u00e9g<\/td>\n<td>12VDC, 24VDC, 110-240 VAC<\/td>\n<\/tr>\n<\/tbody>\n<\/table>\n<h2>Alkalmaz\u00e1sok<\/h2>\n<p><span id=\"input-sentence~2\">A J203 ken\u0151szivatty\u00fa egyik jellemz\u0151 alkalmaz\u00e1si ter\u00fclete a mobil g\u00e9pekben, p\u00e9ld\u00e1ul kerekes rakod\u00f3kban \u00e9s kotr\u00f3g\u00e9pekben.<\/span><span id=\"input-sentence~3\"> Ezek a g\u00e9pek gyakran durva k\u00f6rnyezetbe ker\u00fclnek, \u00e9s megb\u00edzhat\u00f3 ken\u00e9sre van sz\u00fcks\u00e9g\u00fck teljes\u00edtm\u00e9ny\u00fck fenntart\u00e1sa \u00e9rdek\u00e9ben, cs\u00f6kkentve ezzel az \u00e1ll\u00e1sid\u0151t.<br \/>\nEzt a ken\u0151anyag-szivatty\u00fat nagy \u00fczemi nyom\u00e1s\u00fa \u00e9s robusztus kialak\u00edt\u00e1s\u00fa gy\u00e1rt\u00e1sra tervezt\u00e9k a folyamatos ken\u00e9shez ilyen neh\u00e9z k\u00f6r\u00fclm\u00e9nyek k\u00f6z\u00f6tt is. A t\u00f6bb ken\u00e9si pont egyidej\u0171 kezel\u00e9s\u00e9nek lehet\u0151s\u00e9ge, valamint a sz\u00e9les h\u0151m\u00e9rs\u00e9kleti hat\u00e1rokon bel\u00fcli munkav\u00e9gz\u00e9s lehet\u0151s\u00e9ge n\u00f6veli a mobil alkalmaz\u00e1sokhoz val\u00f3 alkalmass\u00e1g\u00e1t.<\/span><\/p>\n<h2>K\u00e9zik\u00f6nyvek<\/h2>\n<div class=\"sdm_download_button_box_default\"><div class=\"sdm_download_link\"><a href=\"https:\/\/www.jinpinlub.com\/hu\/?sdm_process_download=1&download_id=2429\" class=\"sdm_download white\" title=\"Mag\u00e1n: J203 Grease Pump\" target=\"&quot;_blank&quot;\">Adatlap megtekint\u00e9se - J203 zs\u00edrszivatty\u00fa<\/a><\/div><\/div>","protected":false},"excerpt":{"rendered":"<p>Sok m\u00e1s ken\u0151szivatty\u00fahoz k\u00e9pest a J203 elektromos ken\u0151szivatty\u00fa hat\u00e9kony v\u00e1laszt\u00e1s magas \u00e9s alacsony h\u0151m\u00e9rs\u00e9kleti ellen\u00e1ll\u00e1sa, nagy nyom\u00e1s\u00e1ll\u00f3s\u00e1ga, sokoldal\u00fas\u00e1ga, t\u00f6bb kimenete, t\u00f6bb fesz\u00fclts\u00e9ge, integr\u00e1lt kialak\u00edt\u00e1sa \u00e9s er\u0151s v\u00e9delem miatt.<\/p>","protected":false},"featured_media":3258,"template":"","meta":{"ocean_post_layout":"","ocean_both_sidebars_style":"","ocean_both_sidebars_content_width":0,"ocean_both_sidebars_sidebars_width":0,"ocean_sidebar":"0","ocean_second_sidebar":"0","ocean_disable_margins":"enable","ocean_add_body_class":"","ocean_shortcode_before_top_bar":"","ocean_shortcode_after_top_bar":"","ocean_shortcode_before_header":"","ocean_shortcode_after_header":"","ocean_has_shortcode":"","ocean_shortcode_after_title":"","ocean_shortcode_before_footer_widgets":"","ocean_shortcode_after_footer_widgets":"","ocean_shortcode_before_footer_bottom":"","ocean_shortcode_after_footer_bottom":"","ocean_display_top_bar":"default","ocean_display_header":"default","ocean_header_style":"","ocean_center_header_left_menu":"0","ocean_custom_header_template":"0","ocean_custom_logo":0,"ocean_custom_retina_logo":0,"ocean_custom_logo_max_width":0,"ocean_custom_logo_tablet_max_width":0,"ocean_custom_logo_mobile_max_width":0,"ocean_custom_logo_max_height":0,"ocean_custom_logo_tablet_max_height":0,"ocean_custom_logo_mobile_max_height":0,"ocean_header_custom_menu":"0","ocean_menu_typo_font_family":"0","ocean_menu_typo_font_subset":"","ocean_menu_typo_font_size":0,"ocean_menu_typo_font_size_tablet":0,"ocean_menu_typo_font_size_mobile":0,"ocean_menu_typo_font_size_unit":"px","ocean_menu_typo_font_weight":"","ocean_menu_typo_font_weight_tablet":"","ocean_menu_typo_font_weight_mobile":"","ocean_menu_typo_transform":"","ocean_menu_typo_transform_tablet":"","ocean_menu_typo_transform_mobile":"","ocean_menu_typo_line_height":0,"ocean_menu_typo_line_height_tablet":0,"ocean_menu_typo_line_height_mobile":0,"ocean_menu_typo_line_height_unit":"","ocean_menu_typo_spacing":0,"ocean_menu_typo_spacing_tablet":0,"ocean_menu_typo_spacing_mobile":0,"ocean_menu_typo_spacing_unit":"","ocean_menu_link_color":"","ocean_menu_link_color_hover":"","ocean_menu_link_color_active":"","ocean_menu_link_background":"","ocean_menu_link_hover_background":"","ocean_menu_link_active_background":"","ocean_menu_social_links_bg":"","ocean_menu_social_hover_links_bg":"","ocean_menu_social_links_color":"","ocean_menu_social_hover_links_color":"","ocean_disable_title":"default","ocean_disable_heading":"default","ocean_post_title":"","ocean_post_subheading":"","ocean_post_title_style":"","ocean_post_title_background_color":"","ocean_post_title_background":0,"ocean_post_title_bg_image_position":"","ocean_post_title_bg_image_attachment":"","ocean_post_title_bg_image_repeat":"","ocean_post_title_bg_image_size":"","ocean_post_title_height":0,"ocean_post_title_bg_overlay":0.5,"ocean_post_title_bg_overlay_color":"","ocean_disable_breadcrumbs":"default","ocean_breadcrumbs_color":"","ocean_breadcrumbs_separator_color":"","ocean_breadcrumbs_links_color":"","ocean_breadcrumbs_links_hover_color":"","ocean_display_footer_widgets":"default","ocean_display_footer_bottom":"default","ocean_custom_footer_template":"0","osh_disable_topbar_sticky":"default","osh_disable_header_sticky":"default","osh_sticky_header_style":"default","osh_sticky_header_effect":"","osh_custom_sticky_logo":0,"osh_custom_retina_sticky_logo":0,"osh_custom_sticky_logo_height":0,"osh_background_color":"","osh_links_color":"","osh_links_hover_color":"","osh_links_active_color":"","osh_links_bg_color":"","osh_links_hover_bg_color":"","osh_links_active_bg_color":"","osh_menu_social_links_color":"","osh_menu_social_hover_links_color":""},"product_brand":[],"product_cat":[41,42],"product_tag":[77,203,91],"class_list":{"0":"post-3331","1":"product","2":"type-product","3":"status-publish","4":"has-post-thumbnail","6":"product_cat-progressive-grease-systems","7":"product_cat-electric-progressive-pumps","8":"product_tag-grease-lubrication-pump","9":"product_tag-lincoln-lubrication-pump","10":"product_tag-progressive-lubrication-pump","12":"entry","13":"has-media","15":"first","16":"instock","17":"shipping-taxable","18":"product-type-external","19":"col","20":"span_1_of_3","21":"owp-content-center","22":"owp-thumbs-layout-horizontal","23":"owp-btn-very-big","24":"owp-tabs-layout-horizontal"},"_links":{"self":[{"href":"https:\/\/www.jinpinlub.com\/hu\/wp-json\/wp\/v2\/product\/3331","targetHints":{"allow":["GET"]}}],"collection":[{"href":"https:\/\/www.jinpinlub.com\/hu\/wp-json\/wp\/v2\/product"}],"about":[{"href":"https:\/\/www.jinpinlub.com\/hu\/wp-json\/wp\/v2\/types\/product"}],"wp:featuredmedia":[{"embeddable":true,"href":"https:\/\/www.jinpinlub.com\/hu\/wp-json\/wp\/v2\/media\/3258"}],"wp:attachment":[{"href":"https:\/\/www.jinpinlub.com\/hu\/wp-json\/wp\/v2\/media?parent=3331"}],"wp:term":[{"taxonomy":"product_brand","embeddable":true,"href":"https:\/\/www.jinpinlub.com\/hu\/wp-json\/wp\/v2\/product_brand?post=3331"},{"taxonomy":"product_cat","embeddable":true,"href":"https:\/\/www.jinpinlub.com\/hu\/wp-json\/wp\/v2\/product_cat?post=3331"},{"taxonomy":"product_tag","embeddable":true,"href":"https:\/\/www.jinpinlub.com\/hu\/wp-json\/wp\/v2\/product_tag?post=3331"}],"curies":[{"name":"wp","href":"https:\/\/api.w.org\/{rel}","templated":true}]}}