{"id":3332,"date":"2024-08-20T05:04:50","date_gmt":"2024-08-19T21:04:50","guid":{"rendered":"https:\/\/www.jinpinlub.com\/?post_type=product&#038;p=3332"},"modified":"2024-08-20T05:24:20","modified_gmt":"2024-08-19T21:24:20","slug":"j203-koltseghatekony-automatikus-kozponti-kenorendszer","status":"publish","type":"product","link":"https:\/\/www.jinpinlub.com\/hu\/product\/j203-cost-effective-automatic-centralized-lubrication-system\/","title":{"rendered":"J203 K\u00f6lts\u00e9ghat\u00e9kony automatikus k\u00f6zponti ken\u0151rendszer"},"content":{"rendered":"<h2>Jellemz\u0151k<\/h2>\n<p><span id=\"input-sentence~2\"><span id=\"input-sentence~0\">Kompakt szerkezet: A ken\u0151szivatty\u00fa kis m\u00e9ret\u0171, k\u00f6nnyen telep\u00edthet\u0151 \u00e9s karbantarthat\u00f3.<br \/>\nNagyfok\u00fa alkalmazkod\u00f3k\u00e9pess\u00e9g: A ken\u0151anyagok \u00e9s felhaszn\u00e1l\u00e1si ter\u00fcletek sz\u00e9les v\u00e1laszt\u00e9ka tekintet\u00e9ben a J203 Lubricator alkalmazhat\u00f3.<br \/>\nGazdas\u00e1gos: M\u00e1s t\u00edpus\u00fa ken\u0151szivatty\u00fakhoz k\u00e9pest a J203 gazdas\u00e1gosabb, stabil \u00e9s hossz\u00fa \u00e9lettartammal rendelkezik.<\/span><span id=\"input-sentence~1\"><br \/>\nK\u00f6nnyen kezelhet\u0151: A ken\u0151rendszer felszerelhet\u0151 alacsony olajszint-szab\u00e1lyoz\u00f3val \u00e9s NY\u00c1K-panel automatikus vez\u00e9rl\u0151 funkci\u00f3val, amely megk\u00f6nny\u00edti a m\u0171k\u00f6d\u00e9si elj\u00e1r\u00e1st.<br \/>\nOpcion\u00e1lis fesz\u00fclts\u00e9g: Mind a 110V AC \u00e9s 220V AC, mind a 12V\/24V DC k\u00fcl\u00f6nb\u00f6z\u0151 elektromos k\u00f6rnyezetekben alkalmazhat\u00f3.<\/span><br \/>\nA J203 ken\u0151szivatty\u00fa egy kis elektromos szivatty\u00fa, nagyon univerz\u00e1lis \u00e9s gazdas\u00e1gos, kompakt. Automatikus k\u00f6zponti ken\u0151rendszerekre vonatkozik.<\/span><\/p>\n<h2>Specifik\u00e1ci\u00f3<\/h2>\n<table>\n<tbody>\n<tr>\n<td>\u00dczemi h\u0151m\u00e9rs\u00e9klet<\/td>\n<td>(-40\u00b0C \u00e9s +70\u00b0C k\u00f6z\u00f6tt)<\/td>\n<\/tr>\n<tr>\n<td>Az \u00fczletek sz\u00e1ma<\/td>\n<td>1, 2 vagy 3<\/td>\n<\/tr>\n<tr>\n<td>A t\u00e1roz\u00f3 kapacit\u00e1sa<\/td>\n<td>2L, 4L, 8L<\/td>\n<\/tr>\n<tr>\n<td>\u00dajrat\u00f6lt\u00e9s<\/td>\n<td>Hidraulikus ken\u0151szerelv\u00e9ny vagy fel\u00fclr\u0151l<\/td>\n<\/tr>\n<tr>\n<td>Ken\u0151anyag<\/td>\n<td>Legal\u00e1bb NLGI 2. fokozat\u00fa zs\u00edrok, olajok 40 mm\u00b2\/s-ig (cSt) 40\u00b0C-on<\/td>\n<\/tr>\n<tr>\n<td>V\u00e9delmi oszt\u00e1ly<\/td>\n<td>IP6K 9K<\/td>\n<\/tr>\n<tr>\n<td>Dugatty\u00fa \u00e1tm\u00e9r\u0151, K5<\/td>\n<td>5 mm, kb. 2 cm\u00b3\/perc<\/td>\n<\/tr>\n<tr>\n<td>Dugatty\u00fa \u00e1tm\u00e9r\u0151, (standard) K6<\/td>\n<td>6 mm, kb. 2,8 cm\u00b3\/perc<\/td>\n<\/tr>\n<tr>\n<td>Dugatty\u00fa \u00e1tm\u00e9r\u0151, K7<\/td>\n<td>7 mm, kb. 4 cm\u00b3\/perc<\/td>\n<\/tr>\n<tr>\n<td>Max. \u00fczemi nyom\u00e1s<\/td>\n<td>350 bar<\/td>\n<\/tr>\n<tr>\n<td>Csatlakoz\u00f3 menet<\/td>\n<td>G 1\/4<\/td>\n<\/tr>\n<tr>\n<td>\u00dczemi fesz\u00fclts\u00e9g<\/td>\n<td>12VDC, 24VDC, 110-240 VAC<\/td>\n<\/tr>\n<\/tbody>\n<\/table>\n<h2>Karbantart\u00e1s<\/h2>\n<p><span id=\"input-sentence~2\">Rendszeresen ellen\u0151rizze a ken\u0151szivatty\u00fa olajszintj\u00e9t, hogy megbizonyosodjon arr\u00f3l, hogy az olajszint a norm\u00e1l tartom\u00e1nyon bel\u00fcl van, \u00e9s a szint\u00e9rz\u00e9kel\u0151 norm\u00e1lis.<\/span><span id=\"input-sentence~3\"><br \/>\nRendszeresen ellen\u0151rizze a zs\u00edrszivatty\u00fa m\u0171k\u00f6d\u00e9si \u00e1llapot\u00e1t a szivatty\u00fa m\u0171k\u00f6d\u00e9si zaja \u00e9s a szokatlan vibr\u00e1ci\u00f3 szempontj\u00e1b\u00f3l.<br \/>\nRendszeresen tiszt\u00edtsa meg a ken\u0151szivatty\u00fak \u00e9s ken\u0151rendszerek sz\u0171r\u0151it a szennyez\u0151d\u00e9sek \u00e9s elt\u00f6m\u0151d\u00e9sek elt\u00e1vol\u00edt\u00e1sa \u00e9rdek\u00e9ben.<br \/>\nRendszeresen ellen\u0151rizze a ken\u0151rendszer nyom\u00e1s\u00e1t, hogy megbizonyosodjon arr\u00f3l, hogy a rendszer nyom\u00e1sa a norm\u00e1l tartom\u00e1nyon bel\u00fcl van.<\/span><\/p>\n<h2>K\u00e9zik\u00f6nyvek<\/h2>\n<div class=\"sdm_download_button_box_default\"><div class=\"sdm_download_link\"><a href=\"https:\/\/www.jinpinlub.com\/hu\/?sdm_process_download=1&download_id=2429\" class=\"sdm_download white\" title=\"Mag\u00e1n: J203 Grease Pump\" target=\"&quot;_blank&quot;\">Adatlap megtekint\u00e9se - J203 zs\u00edrszivatty\u00fa<\/a><\/div><\/div>","protected":false},"excerpt":{"rendered":"<p>A J203 ken\u0151szivatty\u00fat \u00fagy tervezt\u00e9k, hogy id\u0151k\u00f6z\u00f6nk\u00e9nt m\u0171k\u00f6dj\u00f6n, integr\u00e1lt motorral, amely meghajtja a szivatty\u00faelemet, hogy az alacsony viszkozit\u00e1s\u00fa \u00e9s nagy viszkozit\u00e1s\u00fa zs\u00edrt sz\u00edvja ki a tart\u00e1lyb\u00f3l, \u00e9s a ken\u00e9si rendszeren kereszt\u00fcl elosztja a k\u00fcl\u00f6nb\u00f6z\u0151 ken\u00e9si pontokon.<\/p>","protected":false},"featured_media":3265,"template":"","meta":{"ocean_post_layout":"","ocean_both_sidebars_style":"","ocean_both_sidebars_content_width":0,"ocean_both_sidebars_sidebars_width":0,"ocean_sidebar":"0","ocean_second_sidebar":"0","ocean_disable_margins":"enable","ocean_add_body_class":"","ocean_shortcode_before_top_bar":"","ocean_shortcode_after_top_bar":"","ocean_shortcode_before_header":"","ocean_shortcode_after_header":"","ocean_has_shortcode":"","ocean_shortcode_after_title":"","ocean_shortcode_before_footer_widgets":"","ocean_shortcode_after_footer_widgets":"","ocean_shortcode_before_footer_bottom":"","ocean_shortcode_after_footer_bottom":"","ocean_display_top_bar":"default","ocean_display_header":"default","ocean_header_style":"","ocean_center_header_left_menu":"0","ocean_custom_header_template":"0","ocean_custom_logo":0,"ocean_custom_retina_logo":0,"ocean_custom_logo_max_width":0,"ocean_custom_logo_tablet_max_width":0,"ocean_custom_logo_mobile_max_width":0,"ocean_custom_logo_max_height":0,"ocean_custom_logo_tablet_max_height":0,"ocean_custom_logo_mobile_max_height":0,"ocean_header_custom_menu":"0","ocean_menu_typo_font_family":"0","ocean_menu_typo_font_subset":"","ocean_menu_typo_font_size":0,"ocean_menu_typo_font_size_tablet":0,"ocean_menu_typo_font_size_mobile":0,"ocean_menu_typo_font_size_unit":"px","ocean_menu_typo_font_weight":"","ocean_menu_typo_font_weight_tablet":"","ocean_menu_typo_font_weight_mobile":"","ocean_menu_typo_transform":"","ocean_menu_typo_transform_tablet":"","ocean_menu_typo_transform_mobile":"","ocean_menu_typo_line_height":0,"ocean_menu_typo_line_height_tablet":0,"ocean_menu_typo_line_height_mobile":0,"ocean_menu_typo_line_height_unit":"","ocean_menu_typo_spacing":0,"ocean_menu_typo_spacing_tablet":0,"ocean_menu_typo_spacing_mobile":0,"ocean_menu_typo_spacing_unit":"","ocean_menu_link_color":"","ocean_menu_link_color_hover":"","ocean_menu_link_color_active":"","ocean_menu_link_background":"","ocean_menu_link_hover_background":"","ocean_menu_link_active_background":"","ocean_menu_social_links_bg":"","ocean_menu_social_hover_links_bg":"","ocean_menu_social_links_color":"","ocean_menu_social_hover_links_color":"","ocean_disable_title":"default","ocean_disable_heading":"default","ocean_post_title":"","ocean_post_subheading":"","ocean_post_title_style":"","ocean_post_title_background_color":"","ocean_post_title_background":0,"ocean_post_title_bg_image_position":"","ocean_post_title_bg_image_attachment":"","ocean_post_title_bg_image_repeat":"","ocean_post_title_bg_image_size":"","ocean_post_title_height":0,"ocean_post_title_bg_overlay":0.5,"ocean_post_title_bg_overlay_color":"","ocean_disable_breadcrumbs":"default","ocean_breadcrumbs_color":"","ocean_breadcrumbs_separator_color":"","ocean_breadcrumbs_links_color":"","ocean_breadcrumbs_links_hover_color":"","ocean_display_footer_widgets":"default","ocean_display_footer_bottom":"default","ocean_custom_footer_template":"0","osh_disable_topbar_sticky":"default","osh_disable_header_sticky":"default","osh_sticky_header_style":"default","osh_sticky_header_effect":"","osh_custom_sticky_logo":0,"osh_custom_retina_sticky_logo":0,"osh_custom_sticky_logo_height":0,"osh_background_color":"","osh_links_color":"","osh_links_hover_color":"","osh_links_active_color":"","osh_links_bg_color":"","osh_links_hover_bg_color":"","osh_links_active_bg_color":"","osh_menu_social_links_color":"","osh_menu_social_hover_links_color":""},"product_brand":[],"product_cat":[42,41],"product_tag":[196,204,205],"class_list":{"0":"post-3332","1":"product","2":"type-product","3":"status-publish","4":"has-post-thumbnail","6":"product_cat-electric-progressive-pumps","7":"product_cat-progressive-grease-systems","8":"product_tag-grease-lubrication-system","9":"product_tag-lincoln-lubrication-system","10":"product_tag-multi-point-lubrication-pump","12":"entry","13":"has-media","15":"first","16":"instock","17":"shipping-taxable","18":"product-type-external","19":"col","20":"span_1_of_3","21":"owp-content-center","22":"owp-thumbs-layout-horizontal","23":"owp-btn-very-big","24":"owp-tabs-layout-horizontal"},"_links":{"self":[{"href":"https:\/\/www.jinpinlub.com\/hu\/wp-json\/wp\/v2\/product\/3332","targetHints":{"allow":["GET"]}}],"collection":[{"href":"https:\/\/www.jinpinlub.com\/hu\/wp-json\/wp\/v2\/product"}],"about":[{"href":"https:\/\/www.jinpinlub.com\/hu\/wp-json\/wp\/v2\/types\/product"}],"wp:featuredmedia":[{"embeddable":true,"href":"https:\/\/www.jinpinlub.com\/hu\/wp-json\/wp\/v2\/media\/3265"}],"wp:attachment":[{"href":"https:\/\/www.jinpinlub.com\/hu\/wp-json\/wp\/v2\/media?parent=3332"}],"wp:term":[{"taxonomy":"product_brand","embeddable":true,"href":"https:\/\/www.jinpinlub.com\/hu\/wp-json\/wp\/v2\/product_brand?post=3332"},{"taxonomy":"product_cat","embeddable":true,"href":"https:\/\/www.jinpinlub.com\/hu\/wp-json\/wp\/v2\/product_cat?post=3332"},{"taxonomy":"product_tag","embeddable":true,"href":"https:\/\/www.jinpinlub.com\/hu\/wp-json\/wp\/v2\/product_tag?post=3332"}],"curies":[{"name":"wp","href":"https:\/\/api.w.org\/{rel}","templated":true}]}}