{"id":3333,"date":"2024-08-20T05:10:15","date_gmt":"2024-08-19T21:10:15","guid":{"rendered":"https:\/\/www.jinpinlub.com\/?post_type=product&#038;p=3333"},"modified":"2024-08-20T05:15:41","modified_gmt":"2024-08-19T21:15:41","slug":"j203-automatikus-kozponti-kenoszivattyu-2l-4l-8l-nlgi-2-hez","status":"publish","type":"product","link":"https:\/\/www.jinpinlub.com\/hu\/product\/j203-auto-centralized-lubrication-pump-2l-4l-8l-for-nlgi-2\/","title":{"rendered":"J203 automatikus k\u00f6zponti ken\u0151szivatty\u00fa 2L 4L 8L NLGI #2 t\u00edpushoz"},"content":{"rendered":"<h2>Jellemz\u0151k<\/h2>\n<p><span id=\"input-sentence~0\">J203 ken\u0151szivatty\u00fa j\u00f3 alacsony h\u0151m\u00e9rs\u00e9kleti teljes\u00edtm\u00e9nnyel:<br \/>\nAlacsony h\u0151m\u00e9rs\u00e9klet\u0171 ind\u00edt\u00e1si teljes\u00edtm\u00e9ny: A min\u0151s\u00e9gi motor- \u00e9s szivatty\u00fah\u00e1z-anyagokb\u00f3l k\u00e9sz\u00fclt P203 ken\u0151szivatty\u00fa k\u00f6nny\u0171 ind\u00edt\u00e1st biztos\u00edt alacsony h\u0151m\u00e9rs\u00e9kleten.<br \/>\nF\u0171t\u00e9si funkci\u00f3: A J203 ken\u0151szivatty\u00fa felszerelhet\u0151 f\u0171t\u0151berendez\u00e9ssel, amely alacsony h\u0151m\u00e9rs\u00e9klet\u0171 k\u00f6rnyezetben kieg\u00e9sz\u00edt\u0151 f\u0171t\u00e9st biztos\u00edt a szivatty\u00fatestnek \u00e9s ken\u0151anyagnak.<\/span><span id=\"input-sentence~1\"><br \/>\nNagy viszkozit\u00e1s\u00fa zs\u00edrok alkalmazkod\u00f3k\u00e9pess\u00e9ge: A ken\u0151szivatty\u00fa beszerelhet\u0151 nagy viszkozit\u00e1s\u00fa zs\u00edr haszn\u00e1lat\u00e1hoz. Ez k\u00fcl\u00f6n\u00f6sen fontos hideg id\u0151ben, ahol a zs\u00edr viszkozit\u00e1sa magasabb lesz, amikor a h\u0151m\u00e9rs\u00e9klet cs\u00f6kken.<br \/>\nT\u00f6m\u00edt\u00e9si teljes\u00edtm\u00e9ny: A J203 ken\u0151szivatty\u00fa kiv\u00e1l\u00f3 min\u0151s\u00e9g\u0171 t\u00f6m\u00edt\u0151anyagot \u00e9s olyan kialak\u00edt\u00e1st haszn\u00e1l, amely hat\u00e9konyan megakad\u00e1lyozza a ken\u0151anyag sziv\u00e1rg\u00e1s\u00e1t \u00e9s a k\u00fcls\u0151 szennyez\u0151d\u00e9sek behatol\u00e1s\u00e1t.<\/span><\/p>\n<h2>Specifik\u00e1ci\u00f3<\/h2>\n<table>\n<tbody>\n<tr>\n<td>\u00dczemi h\u0151m\u00e9rs\u00e9klet<\/td>\n<td>(-40\u00b0C \u00e9s +70\u00b0C k\u00f6z\u00f6tt)<\/td>\n<\/tr>\n<tr>\n<td>Az \u00fczletek sz\u00e1ma<\/td>\n<td>1, 2 vagy 3<\/td>\n<\/tr>\n<tr>\n<td>A t\u00e1roz\u00f3 kapacit\u00e1sa<\/td>\n<td>2L, 4L, 8L<\/td>\n<\/tr>\n<tr>\n<td>\u00dajrat\u00f6lt\u00e9s<\/td>\n<td>Hidraulikus ken\u0151szerelv\u00e9ny vagy fel\u00fclr\u0151l<\/td>\n<\/tr>\n<tr>\n<td>Ken\u0151anyag<\/td>\n<td>Legal\u00e1bb NLGI 2. fokozat\u00fa zs\u00edrok, olajok 40 mm\u00b2\/s-ig (cSt) 40\u00b0C-on<\/td>\n<\/tr>\n<tr>\n<td>V\u00e9delmi oszt\u00e1ly<\/td>\n<td>IP6K 9K<\/td>\n<\/tr>\n<tr>\n<td>Dugatty\u00fa \u00e1tm\u00e9r\u0151, K5<\/td>\n<td>5 mm, kb. 2 cm\u00b3\/perc<\/td>\n<\/tr>\n<tr>\n<td>Dugatty\u00fa \u00e1tm\u00e9r\u0151, (standard) K6<\/td>\n<td>6 mm, kb. 2,8 cm\u00b3\/perc<\/td>\n<\/tr>\n<tr>\n<td>Dugatty\u00fa \u00e1tm\u00e9r\u0151, K7<\/td>\n<td>7 mm, kb. 4 cm\u00b3\/perc<\/td>\n<\/tr>\n<tr>\n<td>Max. \u00fczemi nyom\u00e1s<\/td>\n<td>350 bar<\/td>\n<\/tr>\n<tr>\n<td>Csatlakoz\u00f3 menet<\/td>\n<td>G 1\/4<\/td>\n<\/tr>\n<tr>\n<td>\u00dczemi fesz\u00fclts\u00e9g<\/td>\n<td>12VDC, 24VDC, 110-240 VAC<\/td>\n<\/tr>\n<\/tbody>\n<\/table>\n<h2>Alkalmaz\u00e1s<\/h2>\n<p>\u00c9p\u00edt\u0151ipari g\u00e9pek: A J203 ken\u00e9si rendszert legink\u00e1bb kotr\u00f3g\u00e9pekhez, rakod\u00f3g\u00e9pekhez stb.<br \/>\nBusz alv\u00e1z: Ezt a k\u00f6zponti ken\u0151rendszert nagy buszok ken\u00e9si rendszer\u00e9hez haszn\u00e1lj\u00e1k.<br \/>\nKis- \u00e9s k\u00f6zepes m\u00e9ret\u0171 g\u00e9pek: a zs\u00edrszivatty\u00fa k\u00fcl\u00f6nf\u00e9le gy\u00e1rakban haszn\u00e1lt g\u00e9p\u00e9szeti berendez\u00e9sek ken\u00e9s\u00e9re haszn\u00e1lhat\u00f3.<br \/>\nHagyom\u00e1nyos ipari berendez\u00e9sek: A J203 elektromos szivatty\u00fa mechanikus karok, sz\u00e1ll\u00edt\u00f3szalagok stb. ken\u00e9s\u00e9re is haszn\u00e1lhat\u00f3 gy\u00e1rt\u00f3sorokon.<\/p>\n<h2>K\u00e9zik\u00f6nyvek<\/h2>\n<div class=\"sdm_download_button_box_default\"><div class=\"sdm_download_link\"><a href=\"https:\/\/www.jinpinlub.com\/hu\/?sdm_process_download=1&download_id=2429\" class=\"sdm_download white\" title=\"Mag\u00e1n: J203 Grease Pump\" target=\"&quot;_blank&quot;\">Adatlap megtekint\u00e9se - J203 zs\u00edrszivatty\u00fa<\/a><\/div><\/div>","protected":false},"excerpt":{"rendered":"<p>A J203 ken\u0151szivatty\u00fa alkalmas az ig\u00e9nyes ken\u00e9si alkalmaz\u00e1sokhoz, \u00e9s sokoldal\u00fa kialak\u00edt\u00e1s\u00e1val progressz\u00edv eloszt\u00f3val rendelkez\u0151 ken\u0151rendszert alkot. Sz\u00e1mos vez\u00e9rl\u0151t, szivatty\u00faelemet, fesz\u00fclts\u00e9get \u00e9s tart\u00e1lym\u00e9retet k\u00edn\u00e1l a rugalmass\u00e1g \u00e9s az alkalmazkod\u00f3k\u00e9pess\u00e9g biztos\u00edt\u00e1sa \u00e9rdek\u00e9ben.<\/p>","protected":false},"featured_media":3266,"template":"","meta":{"ocean_post_layout":"","ocean_both_sidebars_style":"","ocean_both_sidebars_content_width":0,"ocean_both_sidebars_sidebars_width":0,"ocean_sidebar":"0","ocean_second_sidebar":"0","ocean_disable_margins":"enable","ocean_add_body_class":"","ocean_shortcode_before_top_bar":"","ocean_shortcode_after_top_bar":"","ocean_shortcode_before_header":"","ocean_shortcode_after_header":"","ocean_has_shortcode":"","ocean_shortcode_after_title":"","ocean_shortcode_before_footer_widgets":"","ocean_shortcode_after_footer_widgets":"","ocean_shortcode_before_footer_bottom":"","ocean_shortcode_after_footer_bottom":"","ocean_display_top_bar":"default","ocean_display_header":"default","ocean_header_style":"","ocean_center_header_left_menu":"0","ocean_custom_header_template":"0","ocean_custom_logo":0,"ocean_custom_retina_logo":0,"ocean_custom_logo_max_width":0,"ocean_custom_logo_tablet_max_width":0,"ocean_custom_logo_mobile_max_width":0,"ocean_custom_logo_max_height":0,"ocean_custom_logo_tablet_max_height":0,"ocean_custom_logo_mobile_max_height":0,"ocean_header_custom_menu":"0","ocean_menu_typo_font_family":"0","ocean_menu_typo_font_subset":"","ocean_menu_typo_font_size":0,"ocean_menu_typo_font_size_tablet":0,"ocean_menu_typo_font_size_mobile":0,"ocean_menu_typo_font_size_unit":"px","ocean_menu_typo_font_weight":"","ocean_menu_typo_font_weight_tablet":"","ocean_menu_typo_font_weight_mobile":"","ocean_menu_typo_transform":"","ocean_menu_typo_transform_tablet":"","ocean_menu_typo_transform_mobile":"","ocean_menu_typo_line_height":0,"ocean_menu_typo_line_height_tablet":0,"ocean_menu_typo_line_height_mobile":0,"ocean_menu_typo_line_height_unit":"","ocean_menu_typo_spacing":0,"ocean_menu_typo_spacing_tablet":0,"ocean_menu_typo_spacing_mobile":0,"ocean_menu_typo_spacing_unit":"","ocean_menu_link_color":"","ocean_menu_link_color_hover":"","ocean_menu_link_color_active":"","ocean_menu_link_background":"","ocean_menu_link_hover_background":"","ocean_menu_link_active_background":"","ocean_menu_social_links_bg":"","ocean_menu_social_hover_links_bg":"","ocean_menu_social_links_color":"","ocean_menu_social_hover_links_color":"","ocean_disable_title":"default","ocean_disable_heading":"default","ocean_post_title":"","ocean_post_subheading":"","ocean_post_title_style":"","ocean_post_title_background_color":"","ocean_post_title_background":0,"ocean_post_title_bg_image_position":"","ocean_post_title_bg_image_attachment":"","ocean_post_title_bg_image_repeat":"","ocean_post_title_bg_image_size":"","ocean_post_title_height":0,"ocean_post_title_bg_overlay":0.5,"ocean_post_title_bg_overlay_color":"","ocean_disable_breadcrumbs":"default","ocean_breadcrumbs_color":"","ocean_breadcrumbs_separator_color":"","ocean_breadcrumbs_links_color":"","ocean_breadcrumbs_links_hover_color":"","ocean_display_footer_widgets":"default","ocean_display_footer_bottom":"default","ocean_custom_footer_template":"0","osh_disable_topbar_sticky":"default","osh_disable_header_sticky":"default","osh_sticky_header_style":"default","osh_sticky_header_effect":"","osh_custom_sticky_logo":0,"osh_custom_retina_sticky_logo":0,"osh_custom_sticky_logo_height":0,"osh_background_color":"","osh_links_color":"","osh_links_hover_color":"","osh_links_active_color":"","osh_links_bg_color":"","osh_links_hover_bg_color":"","osh_links_active_bg_color":"","osh_menu_social_links_color":"","osh_menu_social_hover_links_color":""},"product_brand":[],"product_cat":[42,41],"product_tag":[207,76,206],"class_list":{"0":"post-3333","1":"product","2":"type-product","3":"status-publish","4":"has-post-thumbnail","6":"product_cat-electric-progressive-pumps","7":"product_cat-progressive-grease-systems","8":"product_tag-auto-greaser","9":"product_tag-electric-lubrication-system","10":"product_tag-graco-grease-pump","12":"entry","13":"has-media","15":"first","16":"instock","17":"shipping-taxable","18":"product-type-external","19":"col","20":"span_1_of_3","21":"owp-content-center","22":"owp-thumbs-layout-horizontal","23":"owp-btn-very-big","24":"owp-tabs-layout-horizontal"},"_links":{"self":[{"href":"https:\/\/www.jinpinlub.com\/hu\/wp-json\/wp\/v2\/product\/3333","targetHints":{"allow":["GET"]}}],"collection":[{"href":"https:\/\/www.jinpinlub.com\/hu\/wp-json\/wp\/v2\/product"}],"about":[{"href":"https:\/\/www.jinpinlub.com\/hu\/wp-json\/wp\/v2\/types\/product"}],"wp:featuredmedia":[{"embeddable":true,"href":"https:\/\/www.jinpinlub.com\/hu\/wp-json\/wp\/v2\/media\/3266"}],"wp:attachment":[{"href":"https:\/\/www.jinpinlub.com\/hu\/wp-json\/wp\/v2\/media?parent=3333"}],"wp:term":[{"taxonomy":"product_brand","embeddable":true,"href":"https:\/\/www.jinpinlub.com\/hu\/wp-json\/wp\/v2\/product_brand?post=3333"},{"taxonomy":"product_cat","embeddable":true,"href":"https:\/\/www.jinpinlub.com\/hu\/wp-json\/wp\/v2\/product_cat?post=3333"},{"taxonomy":"product_tag","embeddable":true,"href":"https:\/\/www.jinpinlub.com\/hu\/wp-json\/wp\/v2\/product_tag?post=3333"}],"curies":[{"name":"wp","href":"https:\/\/api.w.org\/{rel}","templated":true}]}}