{"id":3338,"date":"2024-08-22T11:22:19","date_gmt":"2024-08-22T03:22:19","guid":{"rendered":"https:\/\/www.jinpinlub.com\/?post_type=product&#038;p=3338"},"modified":"2024-08-22T13:21:46","modified_gmt":"2024-08-22T05:21:46","slug":"j203-tobbportos-zsirkeno-epitoipari-gepekhez","status":"publish","type":"product","link":"https:\/\/www.jinpinlub.com\/hu\/product\/j203-multiport-grease-lubricator-for-construction-machinery\/","title":{"rendered":"J203 t\u00f6bbportos zs\u00edrken\u0151 \u00e9p\u00edt\u0151ipari g\u00e9pekhez"},"content":{"rendered":"<h2>Jellemz\u0151k<\/h2>\n<p><span id=\"input-sentence~0\">A J203 elektromos ken\u0151szivatty\u00fa univerz\u00e1lis, kompakt \u00e9s nagyon gazdas\u00e1gos. Felszerelhet\u0151 alacsony szint\u0171 riaszt\u00f3val \u00e9s a m\u0171k\u00f6d\u00e9s\u00e9t vez\u00e9rl\u0151 PCB k\u00e1rty\u00e1val. Tov\u00e1bb\u00e1 ebben a fesz\u00fclts\u00e9gtartom\u00e1nyban k\u00edn\u00e1lj\u00e1k: 12V \u00e9s 24V DC vagy 110V~220V.<\/span><span id=\"input-sentence~1\"> A ken\u0151szivatty\u00fa 1, 2 vagy 3 szivatty\u00faelemmel is felszerelhet\u0151. N\u00e9gyf\u00e9le szivatty\u00faelem l\u00e9tezik: K5, K6, K7 \u00e9s KR, \u00e1ll\u00edthat\u00f3 elmozdul\u00e1ssal. A szivatty\u00fatart\u00e1ly kapacit\u00e1sa t\u00f6bbek k\u00f6z\u00f6tt 2, 4, 8 literes v\u00e1ltozatban is el\u00e9rhet\u0151.<\/span><\/p>\n<h2>Specifik\u00e1ci\u00f3<\/h2>\n<table>\n<tbody>\n<tr>\n<td>\u00dczemi h\u0151m\u00e9rs\u00e9klet<\/td>\n<td>(-40\u00b0C \u00e9s +70\u00b0C k\u00f6z\u00f6tt)<\/td>\n<\/tr>\n<tr>\n<td>Az \u00fczletek sz\u00e1ma<\/td>\n<td>1, 2 vagy 3<\/td>\n<\/tr>\n<tr>\n<td>A t\u00e1roz\u00f3 kapacit\u00e1sa<\/td>\n<td>2L, 4L, 8L<\/td>\n<\/tr>\n<tr>\n<td>\u00dajrat\u00f6lt\u00e9s<\/td>\n<td>Hidraulikus ken\u0151szerelv\u00e9ny vagy fel\u00fclr\u0151l<\/td>\n<\/tr>\n<tr>\n<td>Ken\u0151anyag<\/td>\n<td>Legal\u00e1bb NLGI 2. fokozat\u00fa zs\u00edrok, olajok 40 mm\u00b2\/s-ig (cSt) 40\u00b0C-on<\/td>\n<\/tr>\n<tr>\n<td>V\u00e9delmi oszt\u00e1ly<\/td>\n<td>IP6K 9K<\/td>\n<\/tr>\n<tr>\n<td>Dugatty\u00fa \u00e1tm\u00e9r\u0151, K5<\/td>\n<td>5 mm, kb. 2 cm\u00b3\/perc<\/td>\n<\/tr>\n<tr>\n<td>Dugatty\u00fa \u00e1tm\u00e9r\u0151, (standard) K6<\/td>\n<td>6 mm, kb. 2,8 cm\u00b3\/perc<\/td>\n<\/tr>\n<tr>\n<td>Dugatty\u00fa \u00e1tm\u00e9r\u0151, K7<\/td>\n<td>7 mm, kb. 4 cm\u00b3\/perc<\/td>\n<\/tr>\n<tr>\n<td>Max. \u00fczemi nyom\u00e1s<\/td>\n<td>350 bar<\/td>\n<\/tr>\n<tr>\n<td>Csatlakoz\u00f3 menet<\/td>\n<td>G 1\/4<\/td>\n<\/tr>\n<tr>\n<td>\u00dczemi fesz\u00fclts\u00e9g<\/td>\n<td>12VDC, 24VDC, 110-240 VAC<\/td>\n<\/tr>\n<\/tbody>\n<\/table>\n<h2><span id=\"input-sentence~2\">Elemek<\/span><\/h2>\n<p><span id=\"input-sentence~2\">A szivatty\u00faelemek a ken\u0151szivatty\u00fak, p\u00e9ld\u00e1ul a J203 n\u00e9lk\u00fcl\u00f6zhetetlen alkatr\u00e9szei. \u0150k pump\u00e1lj\u00e1k a ken\u0151anyagot a tart\u00e1lyb\u00f3l a ken\u00e9si pontokba.<br \/>\nT\u00edpusok: A ken\u0151szivatty\u00fa elemeinek t\u00f6bbf\u00e9le v\u00e1ltozata \u00e1ll rendelkez\u00e9sre a k\u00fcl\u00f6nb\u00f6z\u0151 viszkozit\u00e1si \u00e9s teljes\u00edtm\u00e9nyig\u00e9nyekhez.<\/span><span id=\"input-sentence~3\"> Ez lehet\u0151v\u00e9 teszi a v\u00e1laszt\u00e1st a g\u00e9p ken\u00e9si k\u00f6vetelm\u00e9nyei alapj\u00e1n.<br \/>\nTart\u00f3ss\u00e1g: A szivatty\u00faelem gy\u00e1rt\u00e1s\u00e1hoz haszn\u00e1lt anyag t\u00f6bbnyire kiv\u00e1l\u00f3 min\u0151s\u00e9g\u0171, \u00e1ltal\u00e1ban rozsdamentes ac\u00e9l, ez\u00e9rt tart\u00f3s \u00e9s kop\u00e1s\u00e1ll\u00f3.<br \/>\nKompatibilit\u00e1s: Ezeket a ken\u0151szivatty\u00fa elemeket \u00fagy tervezt\u00e9k, hogy a ken\u0151anyagok sz\u00e9les sk\u00e1l\u00e1j\u00e1val m\u0171k\u00f6djenek, bele\u00e9rtve az olajokat \u00e9s zs\u00edrokat.<br \/>\nKarbantart\u00e1s: A szivatty\u00faelemeket rendszeres karbantart\u00e1snak kell al\u00e1vetni a hat\u00e9kony m\u0171k\u00f6d\u00e9s \u00e9s \u00e9lettartam \u00e9rdek\u00e9ben. Ez azt jelenti, hogy ellen\u0151rizni kell a kop\u00e1st \u00e9s ki kell cser\u00e9lni \u0151ket.<\/span><\/p>\n<h2>K\u00e9zik\u00f6nyvek<\/h2>\n<div class=\"sdm_download_button_box_default\"><div class=\"sdm_download_link\"><a href=\"https:\/\/www.jinpinlub.com\/hu\/?sdm_process_download=1&download_id=2429\" class=\"sdm_download white\" title=\"Mag\u00e1n: J203 Grease Pump\" target=\"&quot;_blank&quot;\">Adatlap megtekint\u00e9se - J203 zs\u00edrszivatty\u00fa<\/a><\/div><\/div>","protected":false},"excerpt":{"rendered":"<p>A J203 egy elektromos szivatty\u00fa, amelyet progressz\u00edv ken\u00e9si rendszerekben haszn\u00e1lnak. Alkalmas \u00e9p\u00edt\u0151ipari g\u00e9pekhez, p\u00e9ld\u00e1ul kerekes rakod\u00f3g\u00e9pekhez \u00e9s kotr\u00f3g\u00e9pekhez; kis- \u00e9s k\u00f6zepes m\u00e9ret\u0171 g\u00e9pek \u00e9s \u00e1ltal\u00e1nos ipari berendez\u00e9sek, p\u00e9ld\u00e1ul betakar\u00edt\u00f3g\u00e9pek, b\u00e1l\u00e1z\u00f3k \u00e9s takarm\u00e1nykomb\u00e1jnok.<\/p>","protected":false},"featured_media":3278,"template":"","meta":{"ocean_post_layout":"","ocean_both_sidebars_style":"","ocean_both_sidebars_content_width":0,"ocean_both_sidebars_sidebars_width":0,"ocean_sidebar":"0","ocean_second_sidebar":"0","ocean_disable_margins":"enable","ocean_add_body_class":"","ocean_shortcode_before_top_bar":"","ocean_shortcode_after_top_bar":"","ocean_shortcode_before_header":"","ocean_shortcode_after_header":"","ocean_has_shortcode":"","ocean_shortcode_after_title":"","ocean_shortcode_before_footer_widgets":"","ocean_shortcode_after_footer_widgets":"","ocean_shortcode_before_footer_bottom":"","ocean_shortcode_after_footer_bottom":"","ocean_display_top_bar":"default","ocean_display_header":"default","ocean_header_style":"","ocean_center_header_left_menu":"0","ocean_custom_header_template":"0","ocean_custom_logo":0,"ocean_custom_retina_logo":0,"ocean_custom_logo_max_width":0,"ocean_custom_logo_tablet_max_width":0,"ocean_custom_logo_mobile_max_width":0,"ocean_custom_logo_max_height":0,"ocean_custom_logo_tablet_max_height":0,"ocean_custom_logo_mobile_max_height":0,"ocean_header_custom_menu":"0","ocean_menu_typo_font_family":"0","ocean_menu_typo_font_subset":"","ocean_menu_typo_font_size":0,"ocean_menu_typo_font_size_tablet":0,"ocean_menu_typo_font_size_mobile":0,"ocean_menu_typo_font_size_unit":"px","ocean_menu_typo_font_weight":"","ocean_menu_typo_font_weight_tablet":"","ocean_menu_typo_font_weight_mobile":"","ocean_menu_typo_transform":"","ocean_menu_typo_transform_tablet":"","ocean_menu_typo_transform_mobile":"","ocean_menu_typo_line_height":0,"ocean_menu_typo_line_height_tablet":0,"ocean_menu_typo_line_height_mobile":0,"ocean_menu_typo_line_height_unit":"","ocean_menu_typo_spacing":0,"ocean_menu_typo_spacing_tablet":0,"ocean_menu_typo_spacing_mobile":0,"ocean_menu_typo_spacing_unit":"","ocean_menu_link_color":"","ocean_menu_link_color_hover":"","ocean_menu_link_color_active":"","ocean_menu_link_background":"","ocean_menu_link_hover_background":"","ocean_menu_link_active_background":"","ocean_menu_social_links_bg":"","ocean_menu_social_hover_links_bg":"","ocean_menu_social_links_color":"","ocean_menu_social_hover_links_color":"","ocean_disable_title":"default","ocean_disable_heading":"default","ocean_post_title":"","ocean_post_subheading":"","ocean_post_title_style":"","ocean_post_title_background_color":"","ocean_post_title_background":0,"ocean_post_title_bg_image_position":"","ocean_post_title_bg_image_attachment":"","ocean_post_title_bg_image_repeat":"","ocean_post_title_bg_image_size":"","ocean_post_title_height":0,"ocean_post_title_bg_overlay":0.5,"ocean_post_title_bg_overlay_color":"","ocean_disable_breadcrumbs":"default","ocean_breadcrumbs_color":"","ocean_breadcrumbs_separator_color":"","ocean_breadcrumbs_links_color":"","ocean_breadcrumbs_links_hover_color":"","ocean_display_footer_widgets":"default","ocean_display_footer_bottom":"default","ocean_custom_footer_template":"0","osh_disable_topbar_sticky":"default","osh_disable_header_sticky":"default","osh_sticky_header_style":"default","osh_sticky_header_effect":"","osh_custom_sticky_logo":0,"osh_custom_retina_sticky_logo":0,"osh_custom_sticky_logo_height":0,"osh_background_color":"","osh_links_color":"","osh_links_hover_color":"","osh_links_active_color":"","osh_links_bg_color":"","osh_links_hover_bg_color":"","osh_links_active_bg_color":"","osh_menu_social_links_color":"","osh_menu_social_hover_links_color":""},"product_brand":[],"product_cat":[42,41],"product_tag":[74,215,214],"class_list":{"0":"post-3338","1":"product","2":"type-product","3":"status-publish","4":"has-post-thumbnail","6":"product_cat-electric-progressive-pumps","7":"product_cat-progressive-grease-systems","8":"product_tag-automatic-lubrication-pump","9":"product_tag-motor-driven-pump","10":"product_tag-multiport-grease-lubricator","12":"entry","13":"has-media","15":"first","16":"instock","17":"shipping-taxable","18":"product-type-external","19":"col","20":"span_1_of_3","21":"owp-content-center","22":"owp-thumbs-layout-horizontal","23":"owp-btn-very-big","24":"owp-tabs-layout-horizontal"},"_links":{"self":[{"href":"https:\/\/www.jinpinlub.com\/hu\/wp-json\/wp\/v2\/product\/3338","targetHints":{"allow":["GET"]}}],"collection":[{"href":"https:\/\/www.jinpinlub.com\/hu\/wp-json\/wp\/v2\/product"}],"about":[{"href":"https:\/\/www.jinpinlub.com\/hu\/wp-json\/wp\/v2\/types\/product"}],"wp:featuredmedia":[{"embeddable":true,"href":"https:\/\/www.jinpinlub.com\/hu\/wp-json\/wp\/v2\/media\/3278"}],"wp:attachment":[{"href":"https:\/\/www.jinpinlub.com\/hu\/wp-json\/wp\/v2\/media?parent=3338"}],"wp:term":[{"taxonomy":"product_brand","embeddable":true,"href":"https:\/\/www.jinpinlub.com\/hu\/wp-json\/wp\/v2\/product_brand?post=3338"},{"taxonomy":"product_cat","embeddable":true,"href":"https:\/\/www.jinpinlub.com\/hu\/wp-json\/wp\/v2\/product_cat?post=3338"},{"taxonomy":"product_tag","embeddable":true,"href":"https:\/\/www.jinpinlub.com\/hu\/wp-json\/wp\/v2\/product_tag?post=3338"}],"curies":[{"name":"wp","href":"https:\/\/api.w.org\/{rel}","templated":true}]}}