{"id":3339,"date":"2024-08-22T11:28:29","date_gmt":"2024-08-22T03:28:29","guid":{"rendered":"https:\/\/www.jinpinlub.com\/?post_type=product&#038;p=3339"},"modified":"2024-08-22T11:30:29","modified_gmt":"2024-08-22T03:30:29","slug":"j203-automatikus-kenogep-vezerlovel-tobbsoros-zsirozashoz","status":"publish","type":"product","link":"https:\/\/www.jinpinlub.com\/hu\/product\/j203-auto-lubricator-with-controller-for-multi-line-greasing\/","title":{"rendered":"J203 Auto Lubricator Controller Multi Line zs\u00edroz\u00e1shoz"},"content":{"rendered":"<h2>\u00dajrat\u00f6lt\u00e9s<\/h2>\n<p>1. Felt\u00f6lt\u00e9s a tart\u00e1ly fedel\u00e9n kereszt\u00fcl<br \/>\nCsavarja le a ken\u0151szivatty\u00fa tart\u00e1ly kupakj\u00e1t a tart\u00e1lyr\u00f3l az \u00f3ramutat\u00f3 j\u00e1r\u00e1s\u00e1val ellent\u00e9tes ir\u00e1nyban. Helyezze a tart\u00e1ly fedel\u00e9t tiszta helyre, amely nem lehet szennyezett.<br \/>\nT\u00f6ltse fel a ken\u0151anyag-tart\u00e1lyt a tetej\u00e9t\u0151l a ken\u0151szivatty\u00fa MAX jelz\u00e9s\u00e9ig, \u00e9s t\u00f6ltse fel a ken\u0151anyagot, amennyire csak lehets\u00e9ges, bubor\u00e9kok n\u00e9lk\u00fcl.<br \/>\nSzerelje vissza a ken\u0151szivatty\u00fa tart\u00e1ly fedel\u00e9t az \u00f3ramutat\u00f3 j\u00e1r\u00e1s\u00e1val megegyez\u0151 ir\u00e1nyban.<br \/>\n2. Felt\u00f6lt\u00e9s a t\u00f6lt\u0151csonkon kereszt\u00fcl<br \/>\nCsatlakoztassa a ken\u0151szivatty\u00fa t\u00f6lt\u0151csonkj\u00e1t a t\u00f6lt\u0151szivatty\u00fahoz.<br \/>\nKapcsolja be a t\u00f6lt\u0151szivatty\u00fat, \u00e9s t\u00f6ltse fel ken\u0151anyaggal a MAX jelz\u00e9sig.<br \/>\nKapcsolja ki a t\u00f6lt\u0151szivatty\u00fat, \u00e9s t\u00e1vol\u00edtsa el a ken\u0151szivatty\u00fa t\u00f6lt\u0151csonkj\u00e1t.<\/p>\n<h2>Specifik\u00e1ci\u00f3<\/h2>\n<table>\n<tbody>\n<tr>\n<td>\u00dczemi h\u0151m\u00e9rs\u00e9klet<\/td>\n<td>(-40\u00b0C \u00e9s +70\u00b0C k\u00f6z\u00f6tt)<\/td>\n<\/tr>\n<tr>\n<td>Az \u00fczletek sz\u00e1ma<\/td>\n<td>1, 2 vagy 3<\/td>\n<\/tr>\n<tr>\n<td>A t\u00e1roz\u00f3 kapacit\u00e1sa<\/td>\n<td>2L, 4L, 8L<\/td>\n<\/tr>\n<tr>\n<td>\u00dajrat\u00f6lt\u00e9s<\/td>\n<td>Hidraulikus ken\u0151szerelv\u00e9ny vagy fel\u00fclr\u0151l<\/td>\n<\/tr>\n<tr>\n<td>Ken\u0151anyag<\/td>\n<td>Legal\u00e1bb NLGI 2. fokozat\u00fa zs\u00edrok, olajok 40 mm\u00b2\/s-ig (cSt) 40\u00b0C-on<\/td>\n<\/tr>\n<tr>\n<td>V\u00e9delmi oszt\u00e1ly<\/td>\n<td>IP6K 9K<\/td>\n<\/tr>\n<tr>\n<td>Dugatty\u00fa \u00e1tm\u00e9r\u0151, K5<\/td>\n<td>5 mm, kb. 2 cm\u00b3\/perc<\/td>\n<\/tr>\n<tr>\n<td>Dugatty\u00fa \u00e1tm\u00e9r\u0151, (standard) K6<\/td>\n<td>6 mm, kb. 2,8 cm\u00b3\/perc<\/td>\n<\/tr>\n<tr>\n<td>Dugatty\u00fa \u00e1tm\u00e9r\u0151, K7<\/td>\n<td>7 mm, kb. 4 cm\u00b3\/perc<\/td>\n<\/tr>\n<tr>\n<td>Max. \u00fczemi nyom\u00e1s<\/td>\n<td>350 bar<\/td>\n<\/tr>\n<tr>\n<td>Csatlakoz\u00f3 menet<\/td>\n<td>G 1\/4<\/td>\n<\/tr>\n<tr>\n<td>\u00dczemi fesz\u00fclts\u00e9g<\/td>\n<td>12VDC, 24VDC, 110-240 VAC<\/td>\n<\/tr>\n<\/tbody>\n<\/table>\n<h2>Alkalmaz\u00e1s<\/h2>\n<p>A ken\u00e9si rendszerhez tiszta alkatr\u00e9szeket \u00e9s zs\u00edrral t\u00f6lt\u00f6tt ken\u0151vezet\u00e9keket haszn\u00e1ljon.<br \/>\nElvileg a ken\u0151vezet\u00e9k-rendszert \u00fagy kell elhelyezni, hogy ne k\u00e9pz\u0151djenek bubor\u00e9kok.<br \/>\nAmikor eloszt\u00f3t szerel fel a ken\u00e9si f\u0151vezet\u00e9k v\u00e9g\u00e9re, \u00fcgyeljen arra, hogy a ken\u0151anyag-eloszt\u00f3 kimenete felfel\u00e9 n\u00e9zzen.<br \/>\nA cs\u0151vezet\u00e9k \u00edveinek, k\u00f6ny\u00f6keinek, befel\u00e9 ki\u00e1ll\u00f3 t\u00f6m\u00edt\u00e9seinek \u00e9s az elker\u00fclhetetlen keresztmetszetbeli \u00e1tmeneteknek a lehet\u0151 legk\u00edm\u00e9letesebbnek kell lenni\u00fck, hogy biztos\u00edts\u00e1k a ken\u0151anyag akad\u00e1lytalan \u00e1raml\u00e1s\u00e1t.<\/p>\n<h2>K\u00e9zik\u00f6nyvek<\/h2>\n<div class=\"sdm_download_button_box_default\"><div class=\"sdm_download_link\"><a href=\"https:\/\/www.jinpinlub.com\/hu\/?sdm_process_download=1&download_id=2429\" class=\"sdm_download white\" title=\"Mag\u00e1n: J203 Grease Pump\" target=\"&quot;_blank&quot;\">Adatlap megtekint\u00e9se - J203 zs\u00edrszivatty\u00fa<\/a><\/div><\/div>","protected":false},"excerpt":{"rendered":"<p>A J203 ken\u0151szivatty\u00fat az SSV progressz\u00edv adagol\u00f3k\u00e9sz\u00fcl\u00e9kkel egy\u00fctt haszn\u00e1lj\u00e1k a ken\u0151anyag el\u0151re meghat\u00e1rozott mennyis\u00e9gben t\u00f6rt\u00e9n\u0151 megb\u00edzhat\u00f3 adagol\u00e1s\u00e1ra. Az SSV k\u00e9pes elviselni a magas ellennyom\u00e1st, sz\u00e9les h\u0151m\u00e9rs\u00e9klet-tartom\u00e1nyban haszn\u00e1lhat\u00f3, \u00e9s maxim\u00e1lis \u00fczemi nyom\u00e1sa 350 bar.<\/p>","protected":false},"featured_media":3283,"template":"","meta":{"ocean_post_layout":"","ocean_both_sidebars_style":"","ocean_both_sidebars_content_width":0,"ocean_both_sidebars_sidebars_width":0,"ocean_sidebar":"0","ocean_second_sidebar":"0","ocean_disable_margins":"enable","ocean_add_body_class":"","ocean_shortcode_before_top_bar":"","ocean_shortcode_after_top_bar":"","ocean_shortcode_before_header":"","ocean_shortcode_after_header":"","ocean_has_shortcode":"","ocean_shortcode_after_title":"","ocean_shortcode_before_footer_widgets":"","ocean_shortcode_after_footer_widgets":"","ocean_shortcode_before_footer_bottom":"","ocean_shortcode_after_footer_bottom":"","ocean_display_top_bar":"default","ocean_display_header":"default","ocean_header_style":"","ocean_center_header_left_menu":"0","ocean_custom_header_template":"0","ocean_custom_logo":0,"ocean_custom_retina_logo":0,"ocean_custom_logo_max_width":0,"ocean_custom_logo_tablet_max_width":0,"ocean_custom_logo_mobile_max_width":0,"ocean_custom_logo_max_height":0,"ocean_custom_logo_tablet_max_height":0,"ocean_custom_logo_mobile_max_height":0,"ocean_header_custom_menu":"0","ocean_menu_typo_font_family":"0","ocean_menu_typo_font_subset":"","ocean_menu_typo_font_size":0,"ocean_menu_typo_font_size_tablet":0,"ocean_menu_typo_font_size_mobile":0,"ocean_menu_typo_font_size_unit":"px","ocean_menu_typo_font_weight":"","ocean_menu_typo_font_weight_tablet":"","ocean_menu_typo_font_weight_mobile":"","ocean_menu_typo_transform":"","ocean_menu_typo_transform_tablet":"","ocean_menu_typo_transform_mobile":"","ocean_menu_typo_line_height":0,"ocean_menu_typo_line_height_tablet":0,"ocean_menu_typo_line_height_mobile":0,"ocean_menu_typo_line_height_unit":"","ocean_menu_typo_spacing":0,"ocean_menu_typo_spacing_tablet":0,"ocean_menu_typo_spacing_mobile":0,"ocean_menu_typo_spacing_unit":"","ocean_menu_link_color":"","ocean_menu_link_color_hover":"","ocean_menu_link_color_active":"","ocean_menu_link_background":"","ocean_menu_link_hover_background":"","ocean_menu_link_active_background":"","ocean_menu_social_links_bg":"","ocean_menu_social_hover_links_bg":"","ocean_menu_social_links_color":"","ocean_menu_social_hover_links_color":"","ocean_disable_title":"default","ocean_disable_heading":"default","ocean_post_title":"","ocean_post_subheading":"","ocean_post_title_style":"","ocean_post_title_background_color":"","ocean_post_title_background":0,"ocean_post_title_bg_image_position":"","ocean_post_title_bg_image_attachment":"","ocean_post_title_bg_image_repeat":"","ocean_post_title_bg_image_size":"","ocean_post_title_height":0,"ocean_post_title_bg_overlay":0.5,"ocean_post_title_bg_overlay_color":"","ocean_disable_breadcrumbs":"default","ocean_breadcrumbs_color":"","ocean_breadcrumbs_separator_color":"","ocean_breadcrumbs_links_color":"","ocean_breadcrumbs_links_hover_color":"","ocean_display_footer_widgets":"default","ocean_display_footer_bottom":"default","ocean_custom_footer_template":"0","osh_disable_topbar_sticky":"default","osh_disable_header_sticky":"default","osh_sticky_header_style":"default","osh_sticky_header_effect":"","osh_custom_sticky_logo":0,"osh_custom_retina_sticky_logo":0,"osh_custom_sticky_logo_height":0,"osh_background_color":"","osh_links_color":"","osh_links_hover_color":"","osh_links_active_color":"","osh_links_bg_color":"","osh_links_hover_bg_color":"","osh_links_active_bg_color":"","osh_menu_social_links_color":"","osh_menu_social_hover_links_color":""},"product_brand":[],"product_cat":[42,41],"product_tag":[72,217,216],"class_list":{"0":"post-3339","1":"product","2":"type-product","3":"status-publish","4":"has-post-thumbnail","6":"product_cat-electric-progressive-pumps","7":"product_cat-progressive-grease-systems","8":"product_tag-lubrication-system","9":"product_tag-lubricator-with-controller","10":"product_tag-multiport-lubrication-pump","12":"entry","13":"has-media","15":"first","16":"instock","17":"shipping-taxable","18":"product-type-external","19":"col","20":"span_1_of_3","21":"owp-content-center","22":"owp-thumbs-layout-horizontal","23":"owp-btn-very-big","24":"owp-tabs-layout-horizontal"},"_links":{"self":[{"href":"https:\/\/www.jinpinlub.com\/hu\/wp-json\/wp\/v2\/product\/3339","targetHints":{"allow":["GET"]}}],"collection":[{"href":"https:\/\/www.jinpinlub.com\/hu\/wp-json\/wp\/v2\/product"}],"about":[{"href":"https:\/\/www.jinpinlub.com\/hu\/wp-json\/wp\/v2\/types\/product"}],"wp:featuredmedia":[{"embeddable":true,"href":"https:\/\/www.jinpinlub.com\/hu\/wp-json\/wp\/v2\/media\/3283"}],"wp:attachment":[{"href":"https:\/\/www.jinpinlub.com\/hu\/wp-json\/wp\/v2\/media?parent=3339"}],"wp:term":[{"taxonomy":"product_brand","embeddable":true,"href":"https:\/\/www.jinpinlub.com\/hu\/wp-json\/wp\/v2\/product_brand?post=3339"},{"taxonomy":"product_cat","embeddable":true,"href":"https:\/\/www.jinpinlub.com\/hu\/wp-json\/wp\/v2\/product_cat?post=3339"},{"taxonomy":"product_tag","embeddable":true,"href":"https:\/\/www.jinpinlub.com\/hu\/wp-json\/wp\/v2\/product_tag?post=3339"}],"curies":[{"name":"wp","href":"https:\/\/api.w.org\/{rel}","templated":true}]}}