{"id":3340,"date":"2024-08-22T11:30:44","date_gmt":"2024-08-22T03:30:44","guid":{"rendered":"https:\/\/www.jinpinlub.com\/?post_type=product&#038;p=3340"},"modified":"2024-08-22T11:33:40","modified_gmt":"2024-08-22T03:33:40","slug":"j203-elektromos-kozponti-kenes-betonkevero-teherautohoz","status":"publish","type":"product","link":"https:\/\/www.jinpinlub.com\/hu\/product\/j203-electric-central-lubrication-for-concrete-mixer-truck\/","title":{"rendered":"J203 elektromos k\u00f6zponti ken\u00e9s betonkever\u0151 teheraut\u00f3khoz"},"content":{"rendered":"<h2>Jellemz\u0151k<\/h2>\n<p>A J203 ken\u0151szivatty\u00fa opcion\u00e1lis vez\u00e9rl\u0151 PCB-je k\u00fcl\u00f6nb\u00f6z\u0151 m\u0171k\u00f6d\u00e9si be\u00e1ll\u00edt\u00e1sokat biztos\u00edt.<br \/>\nT\u00f6bbf\u00e9le 2L, 4L, 8L t\u00edpus\u00fa tart\u00e1ly v\u00e1laszthat\u00f3, hogy megfeleljen a k\u00fcl\u00f6nb\u00f6z\u0151 alkalmaz\u00e1si k\u00f6vetelm\u00e9nyeknek.<br \/>\nA ken\u0151szivatty\u00fa t\u00f6bbf\u00e9le fesz\u00fclts\u00e9ggel kaphat\u00f3 DC \u00e9s AC alkalmaz\u00e1sokhoz.<br \/>\nAz opcion\u00e1lis ken\u0151szivatty\u00fa magok k\u00fcl\u00f6nb\u00f6z\u0151 teljes\u00edtm\u00e9nyeket biztos\u00edtanak a k\u00fcl\u00f6nf\u00e9le ken\u00e9si ig\u00e9nyek kiel\u00e9g\u00edt\u00e9s\u00e9re.<\/p>\n<h2>Specifik\u00e1ci\u00f3<\/h2>\n<table>\n<tbody>\n<tr>\n<td>\u00dczemi h\u0151m\u00e9rs\u00e9klet<\/td>\n<td>(-40\u00b0C \u00e9s +70\u00b0C k\u00f6z\u00f6tt)<\/td>\n<\/tr>\n<tr>\n<td>Az \u00fczletek sz\u00e1ma<\/td>\n<td>1, 2 vagy 3<\/td>\n<\/tr>\n<tr>\n<td>A t\u00e1roz\u00f3 kapacit\u00e1sa<\/td>\n<td>2L, 4L, 8L<\/td>\n<\/tr>\n<tr>\n<td>\u00dajrat\u00f6lt\u00e9s<\/td>\n<td>Hidraulikus ken\u0151szerelv\u00e9ny vagy fel\u00fclr\u0151l<\/td>\n<\/tr>\n<tr>\n<td>Ken\u0151anyag<\/td>\n<td>Legal\u00e1bb NLGI 2. fokozat\u00fa zs\u00edrok, olajok 40 mm\u00b2\/s-ig (cSt) 40\u00b0C-on<\/td>\n<\/tr>\n<tr>\n<td>V\u00e9delmi oszt\u00e1ly<\/td>\n<td>IP6K 9K<\/td>\n<\/tr>\n<tr>\n<td>Dugatty\u00fa \u00e1tm\u00e9r\u0151, K5<\/td>\n<td>5 mm, kb. 2 cm\u00b3\/perc<\/td>\n<\/tr>\n<tr>\n<td>Dugatty\u00fa \u00e1tm\u00e9r\u0151, (standard) K6<\/td>\n<td>6 mm, kb. 2,8 cm\u00b3\/perc<\/td>\n<\/tr>\n<tr>\n<td>Dugatty\u00fa \u00e1tm\u00e9r\u0151, K7<\/td>\n<td>7 mm, kb. 4 cm\u00b3\/perc<\/td>\n<\/tr>\n<tr>\n<td>Max. \u00fczemi nyom\u00e1s<\/td>\n<td>350 bar<\/td>\n<\/tr>\n<tr>\n<td>Csatlakoz\u00f3 menet<\/td>\n<td>G 1\/4<\/td>\n<\/tr>\n<tr>\n<td>\u00dczemi fesz\u00fclts\u00e9g<\/td>\n<td>12VDC, 24VDC, 110-240 VAC<\/td>\n<\/tr>\n<\/tbody>\n<\/table>\n<h2>Telep\u00edt\u00e9s<\/h2>\n<p>Telep\u00edt\u00e9si hely: Ker\u00fclje a szivatty\u00fa magas h\u0151m\u00e9rs\u00e9klet\u0171 vagy korroz\u00edv anyagokkal rendelkez\u0151 k\u00f6rnyezetbe t\u00f6rt\u00e9n\u0151 telep\u00edt\u00e9s\u00e9t.<br \/>\nR\u00f6gz\u00edtett m\u00f3dszer: Haszn\u00e1lja a megfelel\u0151 csavarokat \u00e9s konzolokat a felszerel\u00e9shez, \u00e9s gy\u0151z\u0151dj\u00f6n meg arr\u00f3l, hogy a ken\u0151szivatty\u00fa r\u00f6gz\u00edt\u00e9si fel\u00fclete sima, hogy elker\u00fclje a vibr\u00e1ci\u00f3t \u00e9s a zajt.<br \/>\nCsatlakoztassa a t\u00e1pfesz\u00fclts\u00e9get: A szivatty\u00fa fesz\u00fclts\u00e9g\u00e9nek megfelel\u0151en csatlakoztassa a t\u00e1pk\u00e1belt, \u00fcgyeljen arra, hogy a t\u00e1pcsatlakoz\u00e1s szil\u00e1rd legyen \u00e9s megfeleljen a helyi elektromos el\u0151\u00edr\u00e1soknak.<br \/>\nCsatlakoztassa a ken\u0151vezet\u00e9ket: Helyesen csatlakoztassa a cs\u0151vezet\u00e9ket a ken\u0151szivatty\u00fa kimenet\u00e9hez, hogy biztos\u00edtsa a csatlakoz\u00e1s szoross\u00e1g\u00e1t \u00e9s a sziv\u00e1rg\u00e1smentess\u00e9get.<br \/>\nT\u00f6ltse be a ken\u0151anyagot: t\u00f6lts\u00f6n be megfelel\u0151 mennyis\u00e9g\u0171 ken\u0151anyagot, \u00e9s ellen\u0151rizze, hogy a haszn\u00e1lt ken\u0151anyag megfelel-e a szivatty\u00fa specifik\u00e1ci\u00f3inak.<br \/>\nEllen\u0151rizze a rendszert: A szivatty\u00fa ind\u00edt\u00e1sa ut\u00e1n ellen\u0151rizze, hogy nincs-e sziv\u00e1rg\u00e1s, \u00e9s gy\u0151z\u0151dj\u00f6n meg arr\u00f3l, hogy a ken\u0151anyag el\u00e9ri az egyes ken\u00e9si pontokat.<\/p>\n<h2>K\u00e9zik\u00f6nyvek<\/h2>\n<div class=\"sdm_download_button_box_default\"><div class=\"sdm_download_link\"><a href=\"https:\/\/www.jinpinlub.com\/hu\/?sdm_process_download=1&download_id=2429\" class=\"sdm_download white\" title=\"Mag\u00e1n: J203 Grease Pump\" target=\"&quot;_blank&quot;\">Adatlap megtekint\u00e9se - J203 zs\u00edrszivatty\u00fa<\/a><\/div><\/div>","protected":false},"excerpt":{"rendered":"<p>A J203 ken\u0151szivatty\u00fa kialak\u00edt\u00e1sa tartalmaz egy alapegys\u00e9get be\u00e9p\u00edtett motorral, tart\u00e1lyt kever\u0151vel, opcion\u00e1lis nyom\u00e1scs\u00f6kkent\u0151 szelepet \u00e9s elektromos csatlakoz\u00e1sokat. Legfeljebb 3 szivatty\u00faelemet \u00e9s egy alacsony szint\u00e9rz\u00e9kel\u0151t k\u00e9pes meghajtani a ken\u0151rendszer megb\u00edzhat\u00f3 m\u0171k\u00f6d\u00e9se \u00e9rdek\u00e9ben.<\/p>","protected":false},"featured_media":3288,"template":"","meta":{"ocean_post_layout":"","ocean_both_sidebars_style":"","ocean_both_sidebars_content_width":0,"ocean_both_sidebars_sidebars_width":0,"ocean_sidebar":"0","ocean_second_sidebar":"0","ocean_disable_margins":"enable","ocean_add_body_class":"","ocean_shortcode_before_top_bar":"","ocean_shortcode_after_top_bar":"","ocean_shortcode_before_header":"","ocean_shortcode_after_header":"","ocean_has_shortcode":"","ocean_shortcode_after_title":"","ocean_shortcode_before_footer_widgets":"","ocean_shortcode_after_footer_widgets":"","ocean_shortcode_before_footer_bottom":"","ocean_shortcode_after_footer_bottom":"","ocean_display_top_bar":"default","ocean_display_header":"default","ocean_header_style":"","ocean_center_header_left_menu":"0","ocean_custom_header_template":"0","ocean_custom_logo":0,"ocean_custom_retina_logo":0,"ocean_custom_logo_max_width":0,"ocean_custom_logo_tablet_max_width":0,"ocean_custom_logo_mobile_max_width":0,"ocean_custom_logo_max_height":0,"ocean_custom_logo_tablet_max_height":0,"ocean_custom_logo_mobile_max_height":0,"ocean_header_custom_menu":"0","ocean_menu_typo_font_family":"0","ocean_menu_typo_font_subset":"","ocean_menu_typo_font_size":0,"ocean_menu_typo_font_size_tablet":0,"ocean_menu_typo_font_size_mobile":0,"ocean_menu_typo_font_size_unit":"px","ocean_menu_typo_font_weight":"","ocean_menu_typo_font_weight_tablet":"","ocean_menu_typo_font_weight_mobile":"","ocean_menu_typo_transform":"","ocean_menu_typo_transform_tablet":"","ocean_menu_typo_transform_mobile":"","ocean_menu_typo_line_height":0,"ocean_menu_typo_line_height_tablet":0,"ocean_menu_typo_line_height_mobile":0,"ocean_menu_typo_line_height_unit":"","ocean_menu_typo_spacing":0,"ocean_menu_typo_spacing_tablet":0,"ocean_menu_typo_spacing_mobile":0,"ocean_menu_typo_spacing_unit":"","ocean_menu_link_color":"","ocean_menu_link_color_hover":"","ocean_menu_link_color_active":"","ocean_menu_link_background":"","ocean_menu_link_hover_background":"","ocean_menu_link_active_background":"","ocean_menu_social_links_bg":"","ocean_menu_social_hover_links_bg":"","ocean_menu_social_links_color":"","ocean_menu_social_hover_links_color":"","ocean_disable_title":"default","ocean_disable_heading":"default","ocean_post_title":"","ocean_post_subheading":"","ocean_post_title_style":"","ocean_post_title_background_color":"","ocean_post_title_background":0,"ocean_post_title_bg_image_position":"","ocean_post_title_bg_image_attachment":"","ocean_post_title_bg_image_repeat":"","ocean_post_title_bg_image_size":"","ocean_post_title_height":0,"ocean_post_title_bg_overlay":0.5,"ocean_post_title_bg_overlay_color":"","ocean_disable_breadcrumbs":"default","ocean_breadcrumbs_color":"","ocean_breadcrumbs_separator_color":"","ocean_breadcrumbs_links_color":"","ocean_breadcrumbs_links_hover_color":"","ocean_display_footer_widgets":"default","ocean_display_footer_bottom":"default","ocean_custom_footer_template":"0","osh_disable_topbar_sticky":"default","osh_disable_header_sticky":"default","osh_sticky_header_style":"default","osh_sticky_header_effect":"","osh_custom_sticky_logo":0,"osh_custom_retina_sticky_logo":0,"osh_custom_sticky_logo_height":0,"osh_background_color":"","osh_links_color":"","osh_links_hover_color":"","osh_links_active_color":"","osh_links_bg_color":"","osh_links_hover_bg_color":"","osh_links_active_bg_color":"","osh_menu_social_links_color":"","osh_menu_social_hover_links_color":""},"product_brand":[],"product_cat":[42,41],"product_tag":[218,219,220],"class_list":{"0":"post-3340","1":"product","2":"type-product","3":"status-publish","4":"has-post-thumbnail","6":"product_cat-electric-progressive-pumps","7":"product_cat-progressive-grease-systems","8":"product_tag-centralized-grease-pump","9":"product_tag-delimon-grease-pump","10":"product_tag-lubrication-solution","12":"entry","13":"has-media","15":"first","16":"instock","17":"shipping-taxable","18":"product-type-external","19":"col","20":"span_1_of_3","21":"owp-content-center","22":"owp-thumbs-layout-horizontal","23":"owp-btn-very-big","24":"owp-tabs-layout-horizontal"},"_links":{"self":[{"href":"https:\/\/www.jinpinlub.com\/hu\/wp-json\/wp\/v2\/product\/3340","targetHints":{"allow":["GET"]}}],"collection":[{"href":"https:\/\/www.jinpinlub.com\/hu\/wp-json\/wp\/v2\/product"}],"about":[{"href":"https:\/\/www.jinpinlub.com\/hu\/wp-json\/wp\/v2\/types\/product"}],"wp:featuredmedia":[{"embeddable":true,"href":"https:\/\/www.jinpinlub.com\/hu\/wp-json\/wp\/v2\/media\/3288"}],"wp:attachment":[{"href":"https:\/\/www.jinpinlub.com\/hu\/wp-json\/wp\/v2\/media?parent=3340"}],"wp:term":[{"taxonomy":"product_brand","embeddable":true,"href":"https:\/\/www.jinpinlub.com\/hu\/wp-json\/wp\/v2\/product_brand?post=3340"},{"taxonomy":"product_cat","embeddable":true,"href":"https:\/\/www.jinpinlub.com\/hu\/wp-json\/wp\/v2\/product_cat?post=3340"},{"taxonomy":"product_tag","embeddable":true,"href":"https:\/\/www.jinpinlub.com\/hu\/wp-json\/wp\/v2\/product_tag?post=3340"}],"curies":[{"name":"wp","href":"https:\/\/api.w.org\/{rel}","templated":true}]}}