{"id":3341,"date":"2024-08-22T11:33:45","date_gmt":"2024-08-22T03:33:45","guid":{"rendered":"https:\/\/www.jinpinlub.com\/?post_type=product&#038;p=3341"},"modified":"2024-08-22T11:39:00","modified_gmt":"2024-08-22T03:39:00","slug":"j203-elektromos-progressziv-kenoszivattyu-vezerlessel","status":"publish","type":"product","link":"https:\/\/www.jinpinlub.com\/hu\/product\/j203-electric-progressive-lubrication-pump-for-with-control\/","title":{"rendered":"J203 elektromos progressz\u00edv ken\u0151szivatty\u00fa vez\u00e9rl\u00e9ssel"},"content":{"rendered":"<h2>Jellemz\u0151k<\/h2>\n<p><span id=\"input-sentence~0\">Nagy hat\u00e9konys\u00e1g: A J203 ken\u0151szivatty\u00fa fejlett szivatty\u00faz\u00e1si technol\u00f3gi\u00e1val rendelkezik, amely folyamatosan stabil ken\u00e9st biztos\u00edt, \u00edgy biztos\u00edtja a norm\u00e1l munk\u00e1t nagy terhel\u00e9s\u0171 berendez\u00e9sek mellett.<br \/>\nTart\u00f3ss\u00e1g: Nagy szil\u00e1rds\u00e1g\u00fa anyag\u00f6sszet\u00e9telb\u0151l k\u00e9sz\u00fclt, kiv\u00e1l\u00f3 kop\u00e1s- \u00e9s korr\u00f3zi\u00f3\u00e1ll\u00f3s\u00e1ggal rendelkezik, ez\u00e9rt alkalmas hossz\u00fa t\u00e1v\u00fa, rossz k\u00f6rnyezetben v\u00e9gzett munk\u00e1ra.<\/span><span id=\"input-sentence~1\"><br \/>\nK\u00f6nny\u0171 karbantart\u00e1s: A ken\u0151szivatty\u00fa modul\u00e1ris fel\u00e9p\u00edt\u00e9s\u00e9nek k\u00f6sz\u00f6nhet\u0151en a karbantart\u00e1s \u00e9s az alkatr\u00e9szek cser\u00e9je sokkal egyszer\u0171bb.<br \/>\nSokoldal\u00fas\u00e1g: A ken\u0151szivatty\u00fa k\u00fcl\u00f6nf\u00e9le olajokat \u00e9s zs\u00edrokat k\u00e9pes haszn\u00e1lni, hogy megfeleljen a k\u00fcl\u00f6nb\u00f6z\u0151 munkag\u00e9peknek \u00e9s forgat\u00f3k\u00f6nyveknek.<\/span><\/p>\n<h2>Specifik\u00e1ci\u00f3<\/h2>\n<table>\n<tbody>\n<tr>\n<td>\u00dczemi h\u0151m\u00e9rs\u00e9klet<\/td>\n<td>(-40\u00b0C \u00e9s +70\u00b0C k\u00f6z\u00f6tt)<\/td>\n<\/tr>\n<tr>\n<td>Az \u00fczletek sz\u00e1ma<\/td>\n<td>1, 2 vagy 3<\/td>\n<\/tr>\n<tr>\n<td>A t\u00e1roz\u00f3 kapacit\u00e1sa<\/td>\n<td>2L, 4L, 8L<\/td>\n<\/tr>\n<tr>\n<td>\u00dajrat\u00f6lt\u00e9s<\/td>\n<td>Hidraulikus ken\u0151szerelv\u00e9ny vagy fel\u00fclr\u0151l<\/td>\n<\/tr>\n<tr>\n<td>Ken\u0151anyag<\/td>\n<td>Legal\u00e1bb NLGI 2. fokozat\u00fa zs\u00edrok, olajok 40 mm\u00b2\/s-ig (cSt) 40\u00b0C-on<\/td>\n<\/tr>\n<tr>\n<td>V\u00e9delmi oszt\u00e1ly<\/td>\n<td>IP6K 9K<\/td>\n<\/tr>\n<tr>\n<td>Dugatty\u00fa \u00e1tm\u00e9r\u0151, K5<\/td>\n<td>5 mm, kb. 2 cm\u00b3\/perc<\/td>\n<\/tr>\n<tr>\n<td>Dugatty\u00fa \u00e1tm\u00e9r\u0151, (standard) K6<\/td>\n<td>6 mm, kb. 2,8 cm\u00b3\/perc<\/td>\n<\/tr>\n<tr>\n<td>Dugatty\u00fa \u00e1tm\u00e9r\u0151, K7<\/td>\n<td>7 mm, kb. 4 cm\u00b3\/perc<\/td>\n<\/tr>\n<tr>\n<td>Max. \u00fczemi nyom\u00e1s<\/td>\n<td>350 bar<\/td>\n<\/tr>\n<tr>\n<td>Csatlakoz\u00f3 menet<\/td>\n<td>G 1\/4<\/td>\n<\/tr>\n<tr>\n<td>\u00dczemi fesz\u00fclts\u00e9g<\/td>\n<td>12VDC, 24VDC, 110-240 VAC<\/td>\n<\/tr>\n<\/tbody>\n<\/table>\n<h2>Karbantart\u00e1s<\/h2>\n<p><span id=\"input-sentence~2\">Rendszeres ellen\u0151rz\u00e9s: Rendszeresen ellen\u0151rizze a ken\u0151szivatty\u00fa m\u0171k\u00f6d\u00e9si \u00e1llapot\u00e1t, hogy megbizonyosodjon arr\u00f3l, hogy nincs szokatlan zaj vagy vibr\u00e1ci\u00f3. Ezut\u00e1n ellen\u0151rizze, hogy az elektromos csatlakoz\u00e1s szil\u00e1rd-e, nincs-e laza vagy korr\u00f3zi\u00f3.<br \/>\nKen\u0151anyag ut\u00e1nt\u00f6lt\u00e9s: A ken\u0151anyag szintj\u00e9t a tart\u00e1lyban rendszeresen ellen\u0151rizni kell, \u00e9s id\u0151ben fel kell t\u00f6lteni.<\/span><span id=\"input-sentence~3\"> Gy\u0151z\u0151dj\u00f6n meg arr\u00f3l, hogy a haszn\u00e1land\u00f3 ken\u0151anyag megfelel a szivatty\u00fa k\u00f6vetelm\u00e9nyeinek.<br \/>\nTiszt\u00edt\u00e1s: A szivatty\u00fa k\u00fclsej\u00e9t rendszeresen tiszt\u00e1n kell tartani. Megfelel\u0151 tiszt\u00edt\u00f3szereket kell haszn\u00e1lni, \u00e9s ker\u00fclni kell a mar\u00f3 hat\u00e1s\u00fa vegyszerek haszn\u00e1lat\u00e1t.<br \/>\nAlkatr\u00e9szek cser\u00e9je: A ken\u0151szivatty\u00fa \u00e9s a sz\u0171r\u0151k elemei cser\u00e9lhet\u0151k. Rendszeresen cser\u00e9lje ki \u0151ket a haszn\u00e1lati \u00fatmutat\u00f3 szerint.<br \/>\nRendszerteszt: A ken\u0151szivatty\u00fa rendszernyom\u00e1s\u00e1nak a norm\u00e1l tartom\u00e1nyon bel\u00fcl kell lennie.<\/span><\/p>\n<h2>K\u00e9zik\u00f6nyvek<\/h2>\n<div class=\"sdm_download_button_box_default\"><div class=\"sdm_download_link\"><a href=\"https:\/\/www.jinpinlub.com\/hu\/?sdm_process_download=1&download_id=2429\" class=\"sdm_download white\" title=\"Mag\u00e1n: J203 Grease Pump\" target=\"&quot;_blank&quot;\">Adatlap megtekint\u00e9se - J203 zs\u00edrszivatty\u00fa<\/a><\/div><\/div>","protected":false},"excerpt":{"rendered":"<p>A JINPINLUB J203 egy ipari alkalmaz\u00e1sokhoz tervezett ken\u0151berendez\u00e9s, amely k\u00e9pes megb\u00edzhat\u00f3 ken\u00e9si szolg\u00e1ltat\u00e1sokat ny\u00fajtani k\u00fcl\u00f6nf\u00e9le durva munkak\u00f6rnyezetekben. \u00dagy tervezt\u00e9k, hogy cs\u00f6kkentse a berendez\u00e9sek s\u00farl\u00f3d\u00e1s\u00e1t \u00e9s kop\u00e1s\u00e1t, meghosszabb\u00edtva a berendez\u00e9sek \u00e9lettartam\u00e1t.<\/p>","protected":false},"featured_media":3290,"template":"","meta":{"ocean_post_layout":"","ocean_both_sidebars_style":"","ocean_both_sidebars_content_width":0,"ocean_both_sidebars_sidebars_width":0,"ocean_sidebar":"0","ocean_second_sidebar":"0","ocean_disable_margins":"enable","ocean_add_body_class":"","ocean_shortcode_before_top_bar":"","ocean_shortcode_after_top_bar":"","ocean_shortcode_before_header":"","ocean_shortcode_after_header":"","ocean_has_shortcode":"","ocean_shortcode_after_title":"","ocean_shortcode_before_footer_widgets":"","ocean_shortcode_after_footer_widgets":"","ocean_shortcode_before_footer_bottom":"","ocean_shortcode_after_footer_bottom":"","ocean_display_top_bar":"default","ocean_display_header":"default","ocean_header_style":"","ocean_center_header_left_menu":"0","ocean_custom_header_template":"0","ocean_custom_logo":0,"ocean_custom_retina_logo":0,"ocean_custom_logo_max_width":0,"ocean_custom_logo_tablet_max_width":0,"ocean_custom_logo_mobile_max_width":0,"ocean_custom_logo_max_height":0,"ocean_custom_logo_tablet_max_height":0,"ocean_custom_logo_mobile_max_height":0,"ocean_header_custom_menu":"0","ocean_menu_typo_font_family":"0","ocean_menu_typo_font_subset":"","ocean_menu_typo_font_size":0,"ocean_menu_typo_font_size_tablet":0,"ocean_menu_typo_font_size_mobile":0,"ocean_menu_typo_font_size_unit":"px","ocean_menu_typo_font_weight":"","ocean_menu_typo_font_weight_tablet":"","ocean_menu_typo_font_weight_mobile":"","ocean_menu_typo_transform":"","ocean_menu_typo_transform_tablet":"","ocean_menu_typo_transform_mobile":"","ocean_menu_typo_line_height":0,"ocean_menu_typo_line_height_tablet":0,"ocean_menu_typo_line_height_mobile":0,"ocean_menu_typo_line_height_unit":"","ocean_menu_typo_spacing":0,"ocean_menu_typo_spacing_tablet":0,"ocean_menu_typo_spacing_mobile":0,"ocean_menu_typo_spacing_unit":"","ocean_menu_link_color":"","ocean_menu_link_color_hover":"","ocean_menu_link_color_active":"","ocean_menu_link_background":"","ocean_menu_link_hover_background":"","ocean_menu_link_active_background":"","ocean_menu_social_links_bg":"","ocean_menu_social_hover_links_bg":"","ocean_menu_social_links_color":"","ocean_menu_social_hover_links_color":"","ocean_disable_title":"default","ocean_disable_heading":"default","ocean_post_title":"","ocean_post_subheading":"","ocean_post_title_style":"","ocean_post_title_background_color":"","ocean_post_title_background":0,"ocean_post_title_bg_image_position":"","ocean_post_title_bg_image_attachment":"","ocean_post_title_bg_image_repeat":"","ocean_post_title_bg_image_size":"","ocean_post_title_height":0,"ocean_post_title_bg_overlay":0.5,"ocean_post_title_bg_overlay_color":"","ocean_disable_breadcrumbs":"default","ocean_breadcrumbs_color":"","ocean_breadcrumbs_separator_color":"","ocean_breadcrumbs_links_color":"","ocean_breadcrumbs_links_hover_color":"","ocean_display_footer_widgets":"default","ocean_display_footer_bottom":"default","ocean_custom_footer_template":"0","osh_disable_topbar_sticky":"default","osh_disable_header_sticky":"default","osh_sticky_header_style":"default","osh_sticky_header_effect":"","osh_custom_sticky_logo":0,"osh_custom_retina_sticky_logo":0,"osh_custom_sticky_logo_height":0,"osh_background_color":"","osh_links_color":"","osh_links_hover_color":"","osh_links_active_color":"","osh_links_bg_color":"","osh_links_hover_bg_color":"","osh_links_active_bg_color":"","osh_menu_social_links_color":"","osh_menu_social_hover_links_color":""},"product_brand":[],"product_cat":[42,41],"product_tag":[185,220,221],"class_list":{"0":"post-3341","1":"product","2":"type-product","3":"status-publish","4":"has-post-thumbnail","6":"product_cat-electric-progressive-pumps","7":"product_cat-progressive-grease-systems","8":"product_tag-electric-grease-pump","9":"product_tag-lubrication-solution","10":"product_tag-progressive-lubrication-system","12":"entry","13":"has-media","15":"first","16":"instock","17":"shipping-taxable","18":"product-type-external","19":"col","20":"span_1_of_3","21":"owp-content-center","22":"owp-thumbs-layout-horizontal","23":"owp-btn-very-big","24":"owp-tabs-layout-horizontal"},"_links":{"self":[{"href":"https:\/\/www.jinpinlub.com\/hu\/wp-json\/wp\/v2\/product\/3341","targetHints":{"allow":["GET"]}}],"collection":[{"href":"https:\/\/www.jinpinlub.com\/hu\/wp-json\/wp\/v2\/product"}],"about":[{"href":"https:\/\/www.jinpinlub.com\/hu\/wp-json\/wp\/v2\/types\/product"}],"wp:featuredmedia":[{"embeddable":true,"href":"https:\/\/www.jinpinlub.com\/hu\/wp-json\/wp\/v2\/media\/3290"}],"wp:attachment":[{"href":"https:\/\/www.jinpinlub.com\/hu\/wp-json\/wp\/v2\/media?parent=3341"}],"wp:term":[{"taxonomy":"product_brand","embeddable":true,"href":"https:\/\/www.jinpinlub.com\/hu\/wp-json\/wp\/v2\/product_brand?post=3341"},{"taxonomy":"product_cat","embeddable":true,"href":"https:\/\/www.jinpinlub.com\/hu\/wp-json\/wp\/v2\/product_cat?post=3341"},{"taxonomy":"product_tag","embeddable":true,"href":"https:\/\/www.jinpinlub.com\/hu\/wp-json\/wp\/v2\/product_tag?post=3341"}],"curies":[{"name":"wp","href":"https:\/\/api.w.org\/{rel}","templated":true}]}}