{"id":3345,"date":"2024-08-22T13:05:45","date_gmt":"2024-08-22T05:05:45","guid":{"rendered":"https:\/\/www.jinpinlub.com\/?post_type=product&#038;p=3345"},"modified":"2025-01-24T02:09:19","modified_gmt":"2025-01-23T18:09:19","slug":"jl-1-zsirbefecskendezo-nyomascsokkento-egysoros-rendszerhez","status":"publish","type":"product","link":"https:\/\/www.jinpinlub.com\/hu\/product\/jl-1-grease-injector-for-pressure-relief-single-line-system\/","title":{"rendered":"Jl-1 zs\u00edrbefecskendez\u0151 nyom\u00e1scs\u00f6kkent\u0151 egysoros rendszerhez"},"content":{"rendered":"<h2>Jellemz\u0151k<\/h2>\n<p><span id=\"input-sentence~1\">Nagynyom\u00e1s\u00fa m\u0171k\u00f6d\u00e9s: A JL-1 zs\u00edradagol\u00f3 127 \u00e9s 240 bar k\u00f6z\u00f6tti nagy nyom\u00e1son k\u00e9pes m\u0171k\u00f6dni, \u00edgy biztos\u00edtva, hogy a ken\u0151anyag hat\u00e9konyan ker\u00fclj\u00f6n minden ken\u00e9si pontra.<br \/>\n\u00c1ll\u00edthat\u00f3 kimenet: Az egyes adagol\u00f3k teljes\u00edtm\u00e9nye k\u00fcls\u0151leg 0,016 \u00e9s 1,31 cm\u00b3 k\u00f6z\u00f6tt \u00e1ll\u00edthat\u00f3, ami lehet\u0151v\u00e9 teszi a felhaszn\u00e1l\u00f3 sz\u00e1m\u00e1ra, hogy pontosan szab\u00e1lyozza az adagolt ken\u0151anyag mennyis\u00e9g\u00e9t az egyedi ig\u00e9nyek alapj\u00e1n.<br \/>\nSzemrev\u00e9telez\u00e9s: A jelz\u0151t\u0171 kialak\u00edt\u00e1sa lehet\u0151v\u00e9 teszi a felhaszn\u00e1l\u00f3 sz\u00e1m\u00e1ra, hogy szemrev\u00e9telez\u00e9ssel ellen\u0151rizze a zs\u00edradagol\u00f3 m\u0171k\u00f6d\u00e9si \u00e1llapot\u00e1t, hogy megbizonyosodjon arr\u00f3l, hogy az eszk\u00f6z megfelel\u0151en m\u0171k\u00f6dik.<br \/>\nK\u00f6nny\u0171 karbantart\u00e1s: Az egyes adagol\u00f3szelepek ellen\u0151rz\u00e9s \u00e9s csere c\u00e9lj\u00e1b\u00f3l k\u00f6nnyen elt\u00e1vol\u00edthat\u00f3k, cs\u00f6kkentve a karbantart\u00e1si id\u0151t \u00e9s a k\u00f6lts\u00e9geket.<\/span><\/p>\n<h2>Specifik\u00e1ci\u00f3<\/h2>\n<table>\n<tbody>\n<tr>\n<td>M\u0171k\u00f6d\u00e9si elv<\/td>\n<td>Nyom\u00e1scs\u00f6kkent\u0151 adagol\u00f3szelep<\/td>\n<\/tr>\n<tr>\n<td>Az \u00fczletek sz\u00e1ma<\/td>\n<td>1, 2, 3, 4, 5, 6<\/td>\n<\/tr>\n<tr>\n<td>M\u00e9r\u00e9si mennyis\u00e9g<\/td>\n<td>0,016-1,31 ml\/ciklus<\/td>\n<\/tr>\n<tr>\n<td>Ken\u0151anyag<\/td>\n<td>NLGI 0, 1, 2 zs\u00edr<\/td>\n<\/tr>\n<tr>\n<td>\u00dczemi h\u0151m\u00e9rs\u00e9klet<\/td>\n<td>\u00a0(-26 \u00e9s +176 \u00b0C k\u00f6z\u00f6tt)<\/td>\n<\/tr>\n<tr>\n<td>\u00dczemi nyom\u00e1s<\/td>\n<td>127-240 bar<\/td>\n<\/tr>\n<tr>\n<td>Anyag<\/td>\n<td>Sz\u00e9nac\u00e9l, rozsdamentes ac\u00e9l<\/td>\n<\/tr>\n<tr>\n<td>Csatlakoz\u00e1s f\u0151vezet\u00e9k<\/td>\n<td>M22*1,5<\/td>\n<\/tr>\n<tr>\n<td>Csatlakoz\u00f3 kimenet<\/td>\n<td>Rc 1\/8<\/td>\n<\/tr>\n<tr>\n<td>Be\u00e9p\u00edt\u00e9si helyzet<\/td>\n<td>B\u00e1rmilyen<\/td>\n<\/tr>\n<\/tbody>\n<\/table>\n<h2>Alkalmaz\u00e1s<\/h2>\n<p>A JL-1 zs\u00edreloszt\u00f3t f\u0151k\u00e9nt t\u00f6bbpontos, nagynyom\u00e1s\u00fa, nem h\u00e1zas vonal\u00fa nyom\u00e1scs\u00f6kkent\u0151 ken\u0151zs\u00edr-rendszerekben haszn\u00e1lj\u00e1k, \u00edgy az eloszt\u00f3t sz\u00e9les k\u00f6rben alkalmazz\u00e1k azokban az ipar\u00e1gakban, amelyek z\u00f6ldken\u00e9s-szab\u00e1lyoz\u00e1st ig\u00e9nyelnek.<br \/>\nB\u00e1ny\u00e1szat \u00e9s \u00e1sv\u00e1nyi feldolgoz\u00e1s: Ezekben a k\u00f6rnyezetekben a k\u00e9sz\u00fcl\u00e9k folyamatos ken\u00e9st ig\u00e9nyel, hogy bizonyos k\u00f6rnyezetbar\u00e1t m\u0171k\u00f6d\u00e9st \u00e9s cs\u00f6kken\u00e9st biztos\u00edtson.<br \/>\n\u00c9p\u00edt\u0151ipari berendez\u00e9sek: Az \u00e9p\u00edt\u0151ipari berendez\u00e9sek gyakran kem\u00e9ny k\u00f6r\u00fclm\u00e9nyek k\u00f6z\u00f6tt m\u0171k\u00f6dnek, \u00e9s a JL-1 eloszt\u00f3 megb\u00edzhat\u00f3 ken\u00e9st biztos\u00edt.<br \/>\nAc\u00e9l- \u00e9s neh\u00e9zipar: ezekben az ipar\u00e1gakban a berendez\u00e9sek m\u0171k\u00f6d\u00e9s\u00e9hez gyakran nagynyom\u00e1s\u00fa ken\u0151szerkezetekre van sz\u00fcks\u00e9g.<\/p>\n<h2>K\u00e9zik\u00f6nyvek<\/h2>\n<div class=\"sdm_download_button_box_default\"><div class=\"sdm_download_link\"><a href=\"https:\/\/www.jinpinlub.com\/hu\/?sdm_process_download=1&download_id=2472\" class=\"sdm_download white\" title=\"Mag\u00e1n: JL-1 Grease Injector\" target=\"&quot;_blank&quot;\">Adatlap megtekint\u00e9se - JL-1 zs\u00edrbefecskendez\u0151<\/a><\/div><\/div>","protected":false},"excerpt":{"rendered":"<p>A JL-1 eloszt\u00f3 egy nagynyom\u00e1s\u00fa egysoros ken\u0151rendszer alkatr\u00e9sze, amelyet nagy viszkozit\u00e1s\u00fa ken\u0151anyagok adagol\u00e1s\u00e1ra terveztek (NLGI 2-ig). K\u00fcl\u00f6nf\u00e9le ipari alkalmaz\u00e1sokhoz alkalmas, bele\u00e9rtve a b\u00e1ny\u00e1szati \u00e9s \u00e1sv\u00e1nyi feldolgoz\u00e1st, \u00e9p\u00edt\u0151ipari g\u00e9peket.<\/p>","protected":false},"featured_media":3303,"template":"","meta":{"ocean_post_layout":"","ocean_both_sidebars_style":"","ocean_both_sidebars_content_width":0,"ocean_both_sidebars_sidebars_width":0,"ocean_sidebar":"0","ocean_second_sidebar":"0","ocean_disable_margins":"enable","ocean_add_body_class":"","ocean_shortcode_before_top_bar":"","ocean_shortcode_after_top_bar":"","ocean_shortcode_before_header":"","ocean_shortcode_after_header":"","ocean_has_shortcode":"","ocean_shortcode_after_title":"","ocean_shortcode_before_footer_widgets":"","ocean_shortcode_after_footer_widgets":"","ocean_shortcode_before_footer_bottom":"","ocean_shortcode_after_footer_bottom":"","ocean_display_top_bar":"default","ocean_display_header":"default","ocean_header_style":"","ocean_center_header_left_menu":"0","ocean_custom_header_template":"0","ocean_custom_logo":0,"ocean_custom_retina_logo":0,"ocean_custom_logo_max_width":0,"ocean_custom_logo_tablet_max_width":0,"ocean_custom_logo_mobile_max_width":0,"ocean_custom_logo_max_height":0,"ocean_custom_logo_tablet_max_height":0,"ocean_custom_logo_mobile_max_height":0,"ocean_header_custom_menu":"0","ocean_menu_typo_font_family":"0","ocean_menu_typo_font_subset":"","ocean_menu_typo_font_size":0,"ocean_menu_typo_font_size_tablet":0,"ocean_menu_typo_font_size_mobile":0,"ocean_menu_typo_font_size_unit":"px","ocean_menu_typo_font_weight":"","ocean_menu_typo_font_weight_tablet":"","ocean_menu_typo_font_weight_mobile":"","ocean_menu_typo_transform":"","ocean_menu_typo_transform_tablet":"","ocean_menu_typo_transform_mobile":"","ocean_menu_typo_line_height":0,"ocean_menu_typo_line_height_tablet":0,"ocean_menu_typo_line_height_mobile":0,"ocean_menu_typo_line_height_unit":"","ocean_menu_typo_spacing":0,"ocean_menu_typo_spacing_tablet":0,"ocean_menu_typo_spacing_mobile":0,"ocean_menu_typo_spacing_unit":"","ocean_menu_link_color":"","ocean_menu_link_color_hover":"","ocean_menu_link_color_active":"","ocean_menu_link_background":"","ocean_menu_link_hover_background":"","ocean_menu_link_active_background":"","ocean_menu_social_links_bg":"","ocean_menu_social_hover_links_bg":"","ocean_menu_social_links_color":"","ocean_menu_social_hover_links_color":"","ocean_disable_title":"default","ocean_disable_heading":"default","ocean_post_title":"","ocean_post_subheading":"","ocean_post_title_style":"","ocean_post_title_background_color":"","ocean_post_title_background":0,"ocean_post_title_bg_image_position":"","ocean_post_title_bg_image_attachment":"","ocean_post_title_bg_image_repeat":"","ocean_post_title_bg_image_size":"","ocean_post_title_height":0,"ocean_post_title_bg_overlay":0.5,"ocean_post_title_bg_overlay_color":"","ocean_disable_breadcrumbs":"default","ocean_breadcrumbs_color":"","ocean_breadcrumbs_separator_color":"","ocean_breadcrumbs_links_color":"","ocean_breadcrumbs_links_hover_color":"","ocean_display_footer_widgets":"default","ocean_display_footer_bottom":"default","ocean_custom_footer_template":"0","osh_disable_topbar_sticky":"default","osh_disable_header_sticky":"default","osh_sticky_header_style":"default","osh_sticky_header_effect":"","osh_custom_sticky_logo":0,"osh_custom_retina_sticky_logo":0,"osh_custom_sticky_logo_height":0,"osh_background_color":"","osh_links_color":"","osh_links_hover_color":"","osh_links_active_color":"","osh_links_bg_color":"","osh_links_hover_bg_color":"","osh_links_active_bg_color":"","osh_menu_social_links_color":"","osh_menu_social_hover_links_color":""},"product_brand":[],"product_cat":[40,37],"product_tag":[225,97,226],"class_list":{"0":"post-3345","1":"product","2":"type-product","3":"status-publish","4":"has-post-thumbnail","6":"product_cat-pressure-relief-metering-valves","7":"product_cat-single-line-grease-systems","8":"product_tag-bijur-delimon-divider","9":"product_tag-grease-injector","10":"product_tag-mobile-divider-valve","12":"entry","13":"has-media","15":"first","16":"instock","17":"shipping-taxable","18":"product-type-external","19":"col","20":"span_1_of_3","21":"owp-content-center","22":"owp-thumbs-layout-horizontal","23":"owp-btn-very-big","24":"owp-tabs-layout-horizontal"},"_links":{"self":[{"href":"https:\/\/www.jinpinlub.com\/hu\/wp-json\/wp\/v2\/product\/3345","targetHints":{"allow":["GET"]}}],"collection":[{"href":"https:\/\/www.jinpinlub.com\/hu\/wp-json\/wp\/v2\/product"}],"about":[{"href":"https:\/\/www.jinpinlub.com\/hu\/wp-json\/wp\/v2\/types\/product"}],"wp:featuredmedia":[{"embeddable":true,"href":"https:\/\/www.jinpinlub.com\/hu\/wp-json\/wp\/v2\/media\/3303"}],"wp:attachment":[{"href":"https:\/\/www.jinpinlub.com\/hu\/wp-json\/wp\/v2\/media?parent=3345"}],"wp:term":[{"taxonomy":"product_brand","embeddable":true,"href":"https:\/\/www.jinpinlub.com\/hu\/wp-json\/wp\/v2\/product_brand?post=3345"},{"taxonomy":"product_cat","embeddable":true,"href":"https:\/\/www.jinpinlub.com\/hu\/wp-json\/wp\/v2\/product_cat?post=3345"},{"taxonomy":"product_tag","embeddable":true,"href":"https:\/\/www.jinpinlub.com\/hu\/wp-json\/wp\/v2\/product_tag?post=3345"}],"curies":[{"name":"wp","href":"https:\/\/api.w.org\/{rel}","templated":true}]}}