{"id":3399,"date":"2024-08-27T03:21:06","date_gmt":"2024-08-26T19:21:06","guid":{"rendered":"https:\/\/www.jinpinlub.com\/?post_type=product&#038;p=3399"},"modified":"2024-10-16T11:29:29","modified_gmt":"2024-10-16T03:29:29","slug":"dpb-dugattyus-eloszto-eloszto-szelep-a-kenesi-rendszerhez","status":"publish","type":"product","link":"https:\/\/www.jinpinlub.com\/hu\/product\/dpb-piston-distributor-manifold-valve-for-lubrication-system\/","title":{"rendered":"DPB dugatty\u00fas eloszt\u00f3 szelep a ken\u00e9si rendszerhez"},"content":{"rendered":"<h2>Funkci\u00f3<\/h2>\n<p><span id=\"input-sentence~0\">Prec\u00edzi\u00f3 \u00e9s pontoss\u00e1g: A JINPINLUB DPB befecskendez\u0151ket \u00fagy tervezt\u00e9k, hogy nagy pontoss\u00e1g\u00fa ken\u0151anyag-sz\u00e1ll\u00edt\u00e1st biztos\u00edtsanak, \u00edgy minden alkalommal egyenletes ken\u00e9si mennyis\u00e9get biztos\u00edtanak.<br \/>\nSokoldal\u00fas\u00e1g: A ken\u0151szivatty\u00fa befecskendez\u0151i a folyad\u00e9kok sz\u00e9les sk\u00e1l\u00e1j\u00e1t k\u00e9pesek kezelni, a h\u00edg olajokt\u00f3l a foly\u00f3 zs\u00edrokig.<\/span><span id=\"input-sentence~1\"><br \/>\nTart\u00f3ss\u00e1g: A ken\u0151injektorok kiv\u00e1l\u00f3 min\u0151s\u00e9g\u0171 anyagokb\u00f3l k\u00e9sz\u00fclnek, \u00e9s ellen\u00e1llnak a zord \u00fczemi k\u00f6r\u00fclm\u00e9nyeknek. Ez a tart\u00f3ss\u00e1g biztos\u00edtja a hossz\u00fa \u00e9lettartamot, cs\u00f6kkentve a gyakori csere \u00e9s karbantart\u00e1s sz\u00fcks\u00e9gess\u00e9g\u00e9t.<br \/>\nK\u00f6nny\u0171 integr\u00e1lhat\u00f3s\u00e1g: A ken\u0151anyag-injektorokat \u00fagy tervezt\u00e9k, hogy k\u00f6nnyen integr\u00e1lhat\u00f3k a megl\u00e9v\u0151 gy\u00e1rt\u00f3sorokba.<\/span><span id=\"input-sentence~2\"> Kompakt m\u00e9ret\u00fck \u00e9s a k\u00fcl\u00f6nf\u00e9le vez\u00e9rl\u0151rendszerekkel val\u00f3 kompatibilit\u00e1suk k\u00e9nyelmes v\u00e1laszt\u00e1ss\u00e1 teszik az adagol\u00e1si folyamataikat korszer\u0171s\u00edt\u0151 gy\u00e1rt\u00f3k sz\u00e1m\u00e1ra.<\/span><\/p>\n<h2>Specifik\u00e1ci\u00f3<\/h2>\n<table>\n<tbody>\n<tr>\n<td>M\u0171k\u00f6d\u00e9si elv<\/td>\n<td>Nyom\u00e1s alatti eloszt\u00f3<\/td>\n<\/tr>\n<tr>\n<td>Outlets<\/td>\n<td>2, 3, 4, 5, 6, 8 ,10<\/td>\n<\/tr>\n<tr>\n<td>Olajmennyis\u00e9g adagol\u00e1sa<\/td>\n<td>0,03, 0,06, 0,10, 0,16 ml\/ciklus<\/td>\n<\/tr>\n<tr>\n<td>Ken\u0151anyag<\/td>\n<td>32-90 cSt@40\u00b0C (olaj), \u2264NLGI 0 (zs\u00edr)<\/td>\n<\/tr>\n<tr>\n<td>\u00dczemi h\u0151m\u00e9rs\u00e9klet<\/td>\n<td>0 \u00e9s +80 \u00b0C k\u00f6z\u00f6tt<\/td>\n<\/tr>\n<tr>\n<td>\u00dczemi nyom\u00e1s<\/td>\n<td>8-30 bar (olaj), 20-50 bar (zs\u00edr)<\/td>\n<\/tr>\n<tr>\n<td>Anyag<\/td>\n<td>Cink pr\u00e9s\u00f6ntv\u00e9ny, s\u00e1rgar\u00e9z<\/td>\n<\/tr>\n<tr>\n<td>Csatlakoz\u00f3 kimenet<\/td>\n<td>Bemenet \u03a66 (M10x1), Kimenet \u03a64 (M8x1)<\/td>\n<\/tr>\n<tr>\n<td>Kimeneti szerelv\u00e9nyek<\/td>\n<td>Ujj t\u00edpus, Gyors t\u00edpus<\/td>\n<\/tr>\n<tr>\n<td>Be\u00e9p\u00edt\u00e9si helyzet<\/td>\n<td>B\u00e1rmilyen<\/td>\n<\/tr>\n<\/tbody>\n<\/table>\n<h2>Alkalmaz\u00e1s<\/h2>\n<p><span id=\"input-sentence~2\">F\u0151leg kiszor\u00edt\u00e1sos ken\u0151rendszerekhez haszn\u00e1lj\u00e1k, a pozit\u00edv elmozdul\u00e1s\u00fa olajeloszt\u00f3kat pedig sz\u00e9les k\u00f6rben alkalmazz\u00e1k nyomda, m\u0171anyag, csomagol\u00e1s, szersz\u00e1mg\u00e9pek \u00e9s egy\u00e9b berendez\u00e9sek k\u00f6zponti ken\u00e9s\u00e9re.<\/span><span id=\"input-sentence~3\"> Rug\u00f3s dugatty\u00fas szerkezettel biztos\u00edtj\u00e1k a mennyis\u00e9gi olajell\u00e1t\u00e1st, \u00edgy biztos\u00edtva, hogy minden ken\u00e9si pont pontos mennyis\u00e9g\u0171 ken\u0151olajat kapjon.<br \/>\nAz olajszivatty\u00fa m\u0171k\u00f6d\u00e9se sor\u00e1n az eloszt\u00f3 ken\u0151anyagot bocs\u00e1t ki a rug\u00f3 hat\u00e1s\u00e1ra; azut\u00e1n le\u00e1ll \u00e9s kiengedi a nyom\u00e1st, t\u00e1rolva a ken\u0151anyagot az eloszt\u00f3ban. Az ilyen kialak\u00edt\u00e1s hat\u00e9konyabb\u00e1 \u00e9s megb\u00edzhat\u00f3bb\u00e1 teszi a ken\u00e9si folyamatot.<\/span><\/p>\n<h2>K\u00e9zik\u00f6nyvek<\/h2>\n<div class=\"sdm_download_button_box_default\"><div class=\"sdm_download_link\"><a href=\"https:\/\/www.jinpinlub.com\/hu\/?sdm_process_download=1&download_id=2458\" class=\"sdm_download white\" title=\"Mag\u00e1n: DPB Lubrication Distributor\" target=\"&quot;_blank&quot;\">Adatlap megtekint\u00e9se \u2013 DPB Distributor<\/a><\/div><\/div>","protected":false},"excerpt":{"rendered":"<p>A PDB pozit\u00edv elmozdul\u00e1s\u00fa befecskendez\u0151 egy prec\u00edz ken\u0151anyag-adagol\u00e1sra haszn\u00e1lt eszk\u00f6z, amely a ken\u0151anyag-viszkozit\u00e1sok sz\u00e9les sk\u00e1l\u00e1j\u00e1nak kezel\u00e9s\u00e9re val\u00f3 k\u00e9pess\u00e9ge \u00e9s a nagy ism\u00e9telhet\u0151s\u00e9g miatt kedvelt, \u00edgy alkalmas a prec\u00edz ken\u00e9si mennyis\u00e9get ig\u00e9nyl\u0151 alkalmaz\u00e1sokhoz.<\/p>","protected":false},"featured_media":3361,"template":"","meta":{"ocean_post_layout":"","ocean_both_sidebars_style":"","ocean_both_sidebars_content_width":0,"ocean_both_sidebars_sidebars_width":0,"ocean_sidebar":"0","ocean_second_sidebar":"0","ocean_disable_margins":"enable","ocean_add_body_class":"","ocean_shortcode_before_top_bar":"","ocean_shortcode_after_top_bar":"","ocean_shortcode_before_header":"","ocean_shortcode_after_header":"","ocean_has_shortcode":"","ocean_shortcode_after_title":"","ocean_shortcode_before_footer_widgets":"","ocean_shortcode_after_footer_widgets":"","ocean_shortcode_before_footer_bottom":"","ocean_shortcode_after_footer_bottom":"","ocean_display_top_bar":"default","ocean_display_header":"default","ocean_header_style":"","ocean_center_header_left_menu":"0","ocean_custom_header_template":"0","ocean_custom_logo":0,"ocean_custom_retina_logo":0,"ocean_custom_logo_max_width":0,"ocean_custom_logo_tablet_max_width":0,"ocean_custom_logo_mobile_max_width":0,"ocean_custom_logo_max_height":0,"ocean_custom_logo_tablet_max_height":0,"ocean_custom_logo_mobile_max_height":0,"ocean_header_custom_menu":"0","ocean_menu_typo_font_family":"0","ocean_menu_typo_font_subset":"","ocean_menu_typo_font_size":0,"ocean_menu_typo_font_size_tablet":0,"ocean_menu_typo_font_size_mobile":0,"ocean_menu_typo_font_size_unit":"px","ocean_menu_typo_font_weight":"","ocean_menu_typo_font_weight_tablet":"","ocean_menu_typo_font_weight_mobile":"","ocean_menu_typo_transform":"","ocean_menu_typo_transform_tablet":"","ocean_menu_typo_transform_mobile":"","ocean_menu_typo_line_height":0,"ocean_menu_typo_line_height_tablet":0,"ocean_menu_typo_line_height_mobile":0,"ocean_menu_typo_line_height_unit":"","ocean_menu_typo_spacing":0,"ocean_menu_typo_spacing_tablet":0,"ocean_menu_typo_spacing_mobile":0,"ocean_menu_typo_spacing_unit":"","ocean_menu_link_color":"","ocean_menu_link_color_hover":"","ocean_menu_link_color_active":"","ocean_menu_link_background":"","ocean_menu_link_hover_background":"","ocean_menu_link_active_background":"","ocean_menu_social_links_bg":"","ocean_menu_social_hover_links_bg":"","ocean_menu_social_links_color":"","ocean_menu_social_hover_links_color":"","ocean_disable_title":"default","ocean_disable_heading":"default","ocean_post_title":"","ocean_post_subheading":"","ocean_post_title_style":"","ocean_post_title_background_color":"","ocean_post_title_background":0,"ocean_post_title_bg_image_position":"","ocean_post_title_bg_image_attachment":"","ocean_post_title_bg_image_repeat":"","ocean_post_title_bg_image_size":"","ocean_post_title_height":0,"ocean_post_title_bg_overlay":0.5,"ocean_post_title_bg_overlay_color":"","ocean_disable_breadcrumbs":"default","ocean_breadcrumbs_color":"","ocean_breadcrumbs_separator_color":"","ocean_breadcrumbs_links_color":"","ocean_breadcrumbs_links_hover_color":"","ocean_display_footer_widgets":"default","ocean_display_footer_bottom":"default","ocean_custom_footer_template":"0","osh_disable_topbar_sticky":"default","osh_disable_header_sticky":"default","osh_sticky_header_style":"default","osh_sticky_header_effect":"","osh_custom_sticky_logo":0,"osh_custom_retina_sticky_logo":0,"osh_custom_sticky_logo_height":0,"osh_background_color":"","osh_links_color":"","osh_links_hover_color":"","osh_links_active_color":"","osh_links_bg_color":"","osh_links_hover_bg_color":"","osh_links_active_bg_color":"","osh_menu_social_links_color":"","osh_menu_social_hover_links_color":""},"product_brand":[],"product_cat":[49,47],"product_tag":[236,235,80],"class_list":{"0":"post-3399","1":"product","2":"type-product","3":"status-publish","4":"has-post-thumbnail","6":"product_cat-volumetric-oil-injectors","7":"product_cat-volumetric-thin-oil-systems","8":"product_tag-lubrication-pump-distributor","9":"product_tag-oil-lubrication-divider","10":"product_tag-volumetric-oil-distributor","12":"entry","13":"has-media","15":"first","16":"instock","17":"shipping-taxable","18":"product-type-external","19":"col","20":"span_1_of_3","21":"owp-content-center","22":"owp-thumbs-layout-horizontal","23":"owp-btn-very-big","24":"owp-tabs-layout-horizontal"},"_links":{"self":[{"href":"https:\/\/www.jinpinlub.com\/hu\/wp-json\/wp\/v2\/product\/3399","targetHints":{"allow":["GET"]}}],"collection":[{"href":"https:\/\/www.jinpinlub.com\/hu\/wp-json\/wp\/v2\/product"}],"about":[{"href":"https:\/\/www.jinpinlub.com\/hu\/wp-json\/wp\/v2\/types\/product"}],"wp:featuredmedia":[{"embeddable":true,"href":"https:\/\/www.jinpinlub.com\/hu\/wp-json\/wp\/v2\/media\/3361"}],"wp:attachment":[{"href":"https:\/\/www.jinpinlub.com\/hu\/wp-json\/wp\/v2\/media?parent=3399"}],"wp:term":[{"taxonomy":"product_brand","embeddable":true,"href":"https:\/\/www.jinpinlub.com\/hu\/wp-json\/wp\/v2\/product_brand?post=3399"},{"taxonomy":"product_cat","embeddable":true,"href":"https:\/\/www.jinpinlub.com\/hu\/wp-json\/wp\/v2\/product_cat?post=3399"},{"taxonomy":"product_tag","embeddable":true,"href":"https:\/\/www.jinpinlub.com\/hu\/wp-json\/wp\/v2\/product_tag?post=3399"}],"curies":[{"name":"wp","href":"https:\/\/api.w.org\/{rel}","templated":true}]}}