{"id":3400,"date":"2024-08-27T03:31:55","date_gmt":"2024-08-26T19:31:55","guid":{"rendered":"https:\/\/www.jinpinlub.com\/?post_type=product&#038;p=3400"},"modified":"2024-08-27T03:36:21","modified_gmt":"2024-08-26T19:36:21","slug":"2-10-kimenetu-tulnyomasos-kenoolaj-zsireloszto","status":"publish","type":"product","link":"https:\/\/www.jinpinlub.com\/hu\/product\/2-10-outlet-pressurized-lubricating-oil-grease-distributor\/","title":{"rendered":"2-10 Kimeneti nyom\u00e1s alatti ken\u0151olaj-zs\u00edreloszt\u00f3"},"content":{"rendered":"<h2>Funkci\u00f3<\/h2>\n<p><span id=\"input-sentence~0\">\u00dczemi nyom\u00e1s: A JINPINLUB DPB eloszt\u00f3 \u00fczemi nyom\u00e1startom\u00e1nya 8-5 bar, \u00e9s stabilan m\u0171k\u00f6dik magas nyom\u00e1s\u00fa k\u00f6rnyezetben.<br \/>\nAdagol\u00e1si pontoss\u00e1g: Az eloszt\u00f3 pontos ken\u00e9si mennyis\u00e9get biztos\u00edt, a ken\u0151anyag adagol\u00e1si tartom\u00e1nya 0,03-0,16 cc.<\/span><span id=\"input-sentence~1\"><br \/>\nT\u00f6bb modell: A ken\u00e9seloszt\u00f3 2-10 kivezet\u00e9ssel rendelkezik, amelyek v\u00e1laszthat\u00f3ak a k\u00fcl\u00f6nb\u00f6z\u0151 ken\u00e9si pontok ig\u00e9nyeinek kiel\u00e9g\u00edt\u00e9s\u00e9re.<br \/>\nEgyszer\u0171 telep\u00edt\u00e9s: A DPB eloszt\u00f3 gyorscsatlakoz\u00f3i opcion\u00e1lisak, ami leegyszer\u0171s\u00edti a telep\u00edt\u00e9si \u00e9s karbantart\u00e1si folyamatot.<\/span><\/p>\n<h2>Specifik\u00e1ci\u00f3<\/h2>\n<table>\n<tbody>\n<tr>\n<td>M\u0171k\u00f6d\u00e9si elv<\/td>\n<td>Nyom\u00e1s alatti eloszt\u00f3<\/td>\n<\/tr>\n<tr>\n<td>Outlets<\/td>\n<td>2, 3, 4, 5, 6, 8 ,10<\/td>\n<\/tr>\n<tr>\n<td>Olajmennyis\u00e9g adagol\u00e1sa<\/td>\n<td>0,03, 0,06, 0,10, 0,16 ml\/ciklus<\/td>\n<\/tr>\n<tr>\n<td>Ken\u0151anyag<\/td>\n<td>32-90 cSt@40\u00b0C (olaj), \u2264NLGI 0 (zs\u00edr)<\/td>\n<\/tr>\n<tr>\n<td>\u00dczemi h\u0151m\u00e9rs\u00e9klet<\/td>\n<td>0 \u00e9s +80 \u00b0C k\u00f6z\u00f6tt<\/td>\n<\/tr>\n<tr>\n<td>\u00dczemi nyom\u00e1s<\/td>\n<td>8-30 bar (olaj), 20-50 bar (zs\u00edr)<\/td>\n<\/tr>\n<tr>\n<td>Anyag<\/td>\n<td>Cink pr\u00e9s\u00f6ntv\u00e9ny, s\u00e1rgar\u00e9z<\/td>\n<\/tr>\n<tr>\n<td>Csatlakoz\u00f3 kimenet<\/td>\n<td>Bemenet \u03a66 (M10x1), Kimenet \u03a64 (M8x1)<\/td>\n<\/tr>\n<tr>\n<td>Kimeneti szerelv\u00e9nyek<\/td>\n<td>Ujj t\u00edpus, Gyors t\u00edpus<\/td>\n<\/tr>\n<tr>\n<td>Be\u00e9p\u00edt\u00e9si helyzet<\/td>\n<td>B\u00e1rmilyen<\/td>\n<\/tr>\n<\/tbody>\n<\/table>\n<h2>Alkalmaz\u00e1s<\/h2>\n<p>Ezt a ken\u0151rendszer-eloszt\u00f3t sz\u00e1mos ipar\u00e1gban haszn\u00e1lj\u00e1k:<br \/>\nAut\u00f3ipar: A zs\u00edreloszt\u00f3k biztos\u00edtj\u00e1k a motorok \u00e9s m\u00e1s kulcsfontoss\u00e1g\u00fa alkatr\u00e9szek ken\u00e9s\u00e9t, cs\u00f6kkentve a kop\u00e1st \u00e9s a meghib\u00e1sod\u00e1st.<br \/>\nEnergiaipar: A ken\u0151anyag-befecskendez\u0151ket energiatermel\u0151 berendez\u00e9sekben, valamint energia\u00e1tviteli \u00e9s eloszt\u00f3rendszerekben haszn\u00e1lj\u00e1k a berendez\u00e9sek hat\u00e9kony m\u0171k\u00f6d\u00e9s\u00e9nek biztos\u00edt\u00e1s\u00e1ra.<br \/>\n\u00c9lelmiszer- \u00e9s italipar: Az olajinjektorokat gy\u00e1rt\u00f3sorokon \u00e9s csomagol\u00f3berendez\u00e9sekben haszn\u00e1lj\u00e1k a higi\u00e9nia \u00e9s a hat\u00e9konys\u00e1g biztos\u00edt\u00e1sa \u00e9rdek\u00e9ben.<br \/>\nIpari berendez\u00e9sek: p\u00e9ld\u00e1ul szersz\u00e1mg\u00e9pek, nyomdag\u00e9pek, csomagol\u00f3berendez\u00e9sek \u00e9s textilipari g\u00e9pek.<\/p>\n<h2>K\u00e9zik\u00f6nyvek<\/h2>\n<div class=\"sdm_download_button_box_default\"><div class=\"sdm_download_link\"><a href=\"https:\/\/www.jinpinlub.com\/hu\/?sdm_process_download=1&download_id=2458\" class=\"sdm_download white\" title=\"Mag\u00e1n: DPB Lubrication Distributor\" target=\"&quot;_blank&quot;\">Adatlap megtekint\u00e9se \u2013 DPB Distributor<\/a><\/div><\/div>","protected":false},"excerpt":{"rendered":"<p>A JINPINLUB DPB eloszt\u00f3 egysoros adagol\u00f3 berendez\u00e9s olajhoz (32-90 cSt@40\u00b0C) \u00e9s zs\u00edrhoz (\u2264 NLGI 0#), f\u0151k\u00e9nt k\u00f6zponti ken\u0151rendszerekben haszn\u00e1latos. F\u00e9m pr\u00e9s\u00f6ntv\u00e9ny anyagb\u00f3l k\u00e9sz\u00fclt, a t\u00f6m\u00edt\u00e9sek pedig nitril gumib\u00f3l k\u00e9sz\u00fcltek, ami tart\u00f3ss\u00e1got \u00e9s megb\u00edzhat\u00f3s\u00e1got biztos\u00edt.<\/p>","protected":false},"featured_media":3365,"template":"","meta":{"ocean_post_layout":"","ocean_both_sidebars_style":"","ocean_both_sidebars_content_width":0,"ocean_both_sidebars_sidebars_width":0,"ocean_sidebar":"0","ocean_second_sidebar":"0","ocean_disable_margins":"enable","ocean_add_body_class":"","ocean_shortcode_before_top_bar":"","ocean_shortcode_after_top_bar":"","ocean_shortcode_before_header":"","ocean_shortcode_after_header":"","ocean_has_shortcode":"","ocean_shortcode_after_title":"","ocean_shortcode_before_footer_widgets":"","ocean_shortcode_after_footer_widgets":"","ocean_shortcode_before_footer_bottom":"","ocean_shortcode_after_footer_bottom":"","ocean_display_top_bar":"default","ocean_display_header":"default","ocean_header_style":"","ocean_center_header_left_menu":"0","ocean_custom_header_template":"0","ocean_custom_logo":0,"ocean_custom_retina_logo":0,"ocean_custom_logo_max_width":0,"ocean_custom_logo_tablet_max_width":0,"ocean_custom_logo_mobile_max_width":0,"ocean_custom_logo_max_height":0,"ocean_custom_logo_tablet_max_height":0,"ocean_custom_logo_mobile_max_height":0,"ocean_header_custom_menu":"0","ocean_menu_typo_font_family":"0","ocean_menu_typo_font_subset":"","ocean_menu_typo_font_size":0,"ocean_menu_typo_font_size_tablet":0,"ocean_menu_typo_font_size_mobile":0,"ocean_menu_typo_font_size_unit":"px","ocean_menu_typo_font_weight":"","ocean_menu_typo_font_weight_tablet":"","ocean_menu_typo_font_weight_mobile":"","ocean_menu_typo_transform":"","ocean_menu_typo_transform_tablet":"","ocean_menu_typo_transform_mobile":"","ocean_menu_typo_line_height":0,"ocean_menu_typo_line_height_tablet":0,"ocean_menu_typo_line_height_mobile":0,"ocean_menu_typo_line_height_unit":"","ocean_menu_typo_spacing":0,"ocean_menu_typo_spacing_tablet":0,"ocean_menu_typo_spacing_mobile":0,"ocean_menu_typo_spacing_unit":"","ocean_menu_link_color":"","ocean_menu_link_color_hover":"","ocean_menu_link_color_active":"","ocean_menu_link_background":"","ocean_menu_link_hover_background":"","ocean_menu_link_active_background":"","ocean_menu_social_links_bg":"","ocean_menu_social_hover_links_bg":"","ocean_menu_social_links_color":"","ocean_menu_social_hover_links_color":"","ocean_disable_title":"default","ocean_disable_heading":"default","ocean_post_title":"","ocean_post_subheading":"","ocean_post_title_style":"","ocean_post_title_background_color":"","ocean_post_title_background":0,"ocean_post_title_bg_image_position":"","ocean_post_title_bg_image_attachment":"","ocean_post_title_bg_image_repeat":"","ocean_post_title_bg_image_size":"","ocean_post_title_height":0,"ocean_post_title_bg_overlay":0.5,"ocean_post_title_bg_overlay_color":"","ocean_disable_breadcrumbs":"default","ocean_breadcrumbs_color":"","ocean_breadcrumbs_separator_color":"","ocean_breadcrumbs_links_color":"","ocean_breadcrumbs_links_hover_color":"","ocean_display_footer_widgets":"default","ocean_display_footer_bottom":"default","ocean_custom_footer_template":"0","osh_disable_topbar_sticky":"default","osh_disable_header_sticky":"default","osh_sticky_header_style":"default","osh_sticky_header_effect":"","osh_custom_sticky_logo":0,"osh_custom_retina_sticky_logo":0,"osh_custom_sticky_logo_height":0,"osh_background_color":"","osh_links_color":"","osh_links_hover_color":"","osh_links_active_color":"","osh_links_bg_color":"","osh_links_hover_bg_color":"","osh_links_active_bg_color":"","osh_menu_social_links_color":"","osh_menu_social_hover_links_color":""},"product_brand":[],"product_cat":[49,47],"product_tag":[238,237,239],"class_list":{"0":"post-3400","1":"product","2":"type-product","3":"status-publish","4":"has-post-thumbnail","6":"product_cat-volumetric-oil-injectors","7":"product_cat-volumetric-thin-oil-systems","8":"product_tag-lubricant-metering-device","9":"product_tag-oil-grease-distributor-valve","10":"product_tag-oil-quantitative-valve","12":"entry","13":"has-media","15":"first","16":"instock","17":"shipping-taxable","18":"product-type-external","19":"col","20":"span_1_of_3","21":"owp-content-center","22":"owp-thumbs-layout-horizontal","23":"owp-btn-very-big","24":"owp-tabs-layout-horizontal"},"_links":{"self":[{"href":"https:\/\/www.jinpinlub.com\/hu\/wp-json\/wp\/v2\/product\/3400","targetHints":{"allow":["GET"]}}],"collection":[{"href":"https:\/\/www.jinpinlub.com\/hu\/wp-json\/wp\/v2\/product"}],"about":[{"href":"https:\/\/www.jinpinlub.com\/hu\/wp-json\/wp\/v2\/types\/product"}],"wp:featuredmedia":[{"embeddable":true,"href":"https:\/\/www.jinpinlub.com\/hu\/wp-json\/wp\/v2\/media\/3365"}],"wp:attachment":[{"href":"https:\/\/www.jinpinlub.com\/hu\/wp-json\/wp\/v2\/media?parent=3400"}],"wp:term":[{"taxonomy":"product_brand","embeddable":true,"href":"https:\/\/www.jinpinlub.com\/hu\/wp-json\/wp\/v2\/product_brand?post=3400"},{"taxonomy":"product_cat","embeddable":true,"href":"https:\/\/www.jinpinlub.com\/hu\/wp-json\/wp\/v2\/product_cat?post=3400"},{"taxonomy":"product_tag","embeddable":true,"href":"https:\/\/www.jinpinlub.com\/hu\/wp-json\/wp\/v2\/product_tag?post=3400"}],"curies":[{"name":"wp","href":"https:\/\/api.w.org\/{rel}","templated":true}]}}