{"id":3402,"date":"2024-08-27T03:41:17","date_gmt":"2024-08-26T19:41:17","guid":{"rendered":"https:\/\/www.jinpinlub.com\/?post_type=product&#038;p=3402"},"modified":"2024-08-27T03:44:26","modified_gmt":"2024-08-26T19:44:26","slug":"jvb-zsiroszto-szelepek-progressziv-kenesi-rendszerekhez","status":"publish","type":"product","link":"https:\/\/www.jinpinlub.com\/hu\/product\/jvb-grease-divider-valves-for-progressive-lubrication-system\/","title":{"rendered":"JVB zs\u00edroszt\u00f3 szelepek progressz\u00edv ken\u00e9si rendszerhez"},"content":{"rendered":"<h2>Jellemz\u0151k<\/h2>\n<p>Rugalmas kialak\u00edt\u00e1s: A JINPINLUB JVB eloszt\u00f3szelepei lehet\u0151v\u00e9 teszik a helysz\u00edni konfigur\u00e1ci\u00f3t a k\u00fcl\u00f6nb\u00f6z\u0151 ig\u00e9nyekhez 6-20 kivezet\u00e9s k\u00f6z\u00f6tt.<br \/>\nPozit\u00edv elmozdul\u00e1s: A kimenetenk\u00e9nti \u00fcr\u00edt\u00e9si mennyis\u00e9g ciklusonk\u00e9nt 0,17 cc-ben van r\u00f6gz\u00edtve, \u00e9s megfelel\u0151 tartoz\u00e9kokkal kombin\u00e1lhat\u00f3 a nagyobb kimeneti ig\u00e9nyek kiel\u00e9g\u00edt\u00e9s\u00e9re.<br \/>\nKorr\u00f3zi\u00f3\u00e1ll\u00f3: A progressz\u00edv szeleph\u00e1z sz\u00e9nac\u00e9lb\u00f3l k\u00e9sz\u00fclt, \u00e9s fel\u00fcletv\u00e9delemmel lett kezelve, hogy lehet\u0151v\u00e9 tegye a hossz\u00fa t\u00e1v\u00fa haszn\u00e1lat\u00e1t zord k\u00f6rnyezetben.<br \/>\nFel\u00fcgyeleti funkci\u00f3: Az eloszt\u00f3szelep ciklusjelz\u0151 t\u0171vel van felszerelve, amely vizu\u00e1lisan meger\u0151s\u00edti a rendszer m\u0171k\u00f6d\u00e9s\u00e9t. Ezenk\u00edv\u00fcl a cikluscsap egy kapcsol\u00f3val is felszerelhet\u0151, amely elektromos visszacsatol\u00e1st biztos\u00edt a rendszervez\u00e9rl\u0151nek.<\/p>\n<h2>Specifik\u00e1ci\u00f3<\/h2>\n<table>\n<tbody>\n<tr>\n<td>M\u0171k\u00f6d\u00e9si elv<\/td>\n<td>M\u00e9r\u0151eszk\u00f6z\u00f6k<\/td>\n<\/tr>\n<tr>\n<td>Az \u00fczletek sz\u00e1ma<\/td>\n<td>6-20<\/td>\n<\/tr>\n<tr>\n<td>M\u00e9r\u00e9si mennyis\u00e9g<\/td>\n<td>0,17 ml\/ciklus<\/td>\n<\/tr>\n<tr>\n<td>Ken\u0151anyag<\/td>\n<td>Zs\u00edr NLGI 2-ig, olaj 32-220cSt@40\u2103<\/td>\n<\/tr>\n<tr>\n<td>\u00dczemi h\u0151m\u00e9rs\u00e9klet<\/td>\n<td>-20 \u00e9s +80 \u00b0C k\u00f6z\u00f6tt<\/td>\n<\/tr>\n<tr>\n<td>\u00dczemi nyom\u00e1s<\/td>\n<td>Max. 250 bar<\/td>\n<\/tr>\n<tr>\n<td>Anyag<\/td>\n<td>Fekete horganyzott<\/td>\n<\/tr>\n<tr>\n<td>Csatlakoz\u00f3 bemenet<\/td>\n<td>\u03a66 (M10x1,0), \u03a68 (M10x1,0)<\/td>\n<\/tr>\n<tr>\n<td>Csatlakoz\u00f3 kimenet<\/td>\n<td>\u03a66 (M10x1,0), \u03a68 (M10x1,0)<\/td>\n<\/tr>\n<tr>\n<td>Be\u00e9p\u00edt\u00e9si helyzet<\/td>\n<td>B\u00e1rmilyen<\/td>\n<\/tr>\n<\/tbody>\n<\/table>\n<h2>Alkalmaz\u00e1s<\/h2>\n<p>A JVB eloszt\u00f3szelep m\u0171k\u00f6d\u00e9si elve progressz\u00edv, ami azt jelenti, hogy a dugatty\u00fal\u00f6ket befejez\u00e9se ut\u00e1n minden szelepszakasz bizonyos mennyis\u00e9g\u0171 ken\u0151anyagot enged ki az \u00e1ltala kiszolg\u00e1lt ken\u00e9si pontra, majd a k\u00f6vetkez\u0151 szelepszakasz kezd m\u0171k\u00f6dni. A JVB eloszt\u00f3szelepet sz\u00e9les k\u00f6rben haszn\u00e1lj\u00e1k kis mechanikai berendez\u00e9sekben, amelyek t\u00f6bbpontos ken\u00e9st ig\u00e9nyelnek, p\u00e9ld\u00e1ul szersz\u00e1mg\u00e9pekben, feldolgoz\u00f3g\u00e9pekben, nyomda- \u00e9s csomagol\u00f3g\u00e9pekben stb.<\/p>\n<h2>K\u00e9zik\u00f6nyvek<\/h2>\n<div class=\"sdm_download_button_box_default\"><div class=\"sdm_download_link\"><a href=\"https:\/\/www.jinpinlub.com\/hu\/?sdm_process_download=1&download_id=3055\" class=\"sdm_download white\" title=\"Mag\u00e1n: JVB Progressive Divider\" target=\"&quot;_blank&quot;\">Adatlap megtekint\u00e9se \u2013 JVB forgalmaz\u00f3<\/a><\/div><\/div>","protected":false},"excerpt":{"rendered":"<p>A JVB a progressz\u00edv ken\u0151rendszerek forgalmaz\u00f3ja. \u00dagy tervezt\u00e9k, hogy pontosan ossza el a ken\u0151anyagot t\u00f6bb ken\u00e9si pont k\u00f6z\u00f6tt, biztos\u00edtva, hogy minden ken\u00e9si pont megfelel\u0151 mennyis\u00e9g\u0171 ken\u0151anyagot kapjon, jav\u00edtva a berendez\u00e9s m\u0171k\u00f6d\u00e9si hat\u00e9konys\u00e1g\u00e1t.<\/p>","protected":false},"featured_media":3372,"template":"","meta":{"ocean_post_layout":"","ocean_both_sidebars_style":"","ocean_both_sidebars_content_width":0,"ocean_both_sidebars_sidebars_width":0,"ocean_sidebar":"0","ocean_second_sidebar":"0","ocean_disable_margins":"enable","ocean_add_body_class":"","ocean_shortcode_before_top_bar":"","ocean_shortcode_after_top_bar":"","ocean_shortcode_before_header":"","ocean_shortcode_after_header":"","ocean_has_shortcode":"","ocean_shortcode_after_title":"","ocean_shortcode_before_footer_widgets":"","ocean_shortcode_after_footer_widgets":"","ocean_shortcode_before_footer_bottom":"","ocean_shortcode_after_footer_bottom":"","ocean_display_top_bar":"default","ocean_display_header":"default","ocean_header_style":"","ocean_center_header_left_menu":"0","ocean_custom_header_template":"0","ocean_custom_logo":0,"ocean_custom_retina_logo":0,"ocean_custom_logo_max_width":0,"ocean_custom_logo_tablet_max_width":0,"ocean_custom_logo_mobile_max_width":0,"ocean_custom_logo_max_height":0,"ocean_custom_logo_tablet_max_height":0,"ocean_custom_logo_mobile_max_height":0,"ocean_header_custom_menu":"0","ocean_menu_typo_font_family":"0","ocean_menu_typo_font_subset":"","ocean_menu_typo_font_size":0,"ocean_menu_typo_font_size_tablet":0,"ocean_menu_typo_font_size_mobile":0,"ocean_menu_typo_font_size_unit":"px","ocean_menu_typo_font_weight":"","ocean_menu_typo_font_weight_tablet":"","ocean_menu_typo_font_weight_mobile":"","ocean_menu_typo_transform":"","ocean_menu_typo_transform_tablet":"","ocean_menu_typo_transform_mobile":"","ocean_menu_typo_line_height":0,"ocean_menu_typo_line_height_tablet":0,"ocean_menu_typo_line_height_mobile":0,"ocean_menu_typo_line_height_unit":"","ocean_menu_typo_spacing":0,"ocean_menu_typo_spacing_tablet":0,"ocean_menu_typo_spacing_mobile":0,"ocean_menu_typo_spacing_unit":"","ocean_menu_link_color":"","ocean_menu_link_color_hover":"","ocean_menu_link_color_active":"","ocean_menu_link_background":"","ocean_menu_link_hover_background":"","ocean_menu_link_active_background":"","ocean_menu_social_links_bg":"","ocean_menu_social_hover_links_bg":"","ocean_menu_social_links_color":"","ocean_menu_social_hover_links_color":"","ocean_disable_title":"default","ocean_disable_heading":"default","ocean_post_title":"","ocean_post_subheading":"","ocean_post_title_style":"","ocean_post_title_background_color":"","ocean_post_title_background":0,"ocean_post_title_bg_image_position":"","ocean_post_title_bg_image_attachment":"","ocean_post_title_bg_image_repeat":"","ocean_post_title_bg_image_size":"","ocean_post_title_height":0,"ocean_post_title_bg_overlay":0.5,"ocean_post_title_bg_overlay_color":"","ocean_disable_breadcrumbs":"default","ocean_breadcrumbs_color":"","ocean_breadcrumbs_separator_color":"","ocean_breadcrumbs_links_color":"","ocean_breadcrumbs_links_hover_color":"","ocean_display_footer_widgets":"default","ocean_display_footer_bottom":"default","ocean_custom_footer_template":"0","osh_disable_topbar_sticky":"default","osh_disable_header_sticky":"default","osh_sticky_header_style":"default","osh_sticky_header_effect":"","osh_custom_sticky_logo":0,"osh_custom_retina_sticky_logo":0,"osh_custom_sticky_logo_height":0,"osh_background_color":"","osh_links_color":"","osh_links_hover_color":"","osh_links_active_color":"","osh_links_bg_color":"","osh_links_hover_bg_color":"","osh_links_active_bg_color":"","osh_menu_social_links_color":"","osh_menu_social_hover_links_color":""},"product_brand":[],"product_cat":[44,41],"product_tag":[99,242,241],"class_list":{"0":"post-3402","1":"product","2":"type-product","3":"status-publish","4":"has-post-thumbnail","6":"product_cat-progressive-grease-dividers","7":"product_cat-progressive-grease-systems","8":"product_tag-progressive-distributor","9":"product_tag-progressive-divider-valves","10":"product_tag-progressive-metering-device","12":"entry","13":"has-media","15":"first","16":"instock","17":"shipping-taxable","18":"product-type-external","19":"col","20":"span_1_of_3","21":"owp-content-center","22":"owp-thumbs-layout-horizontal","23":"owp-btn-very-big","24":"owp-tabs-layout-horizontal"},"_links":{"self":[{"href":"https:\/\/www.jinpinlub.com\/hu\/wp-json\/wp\/v2\/product\/3402","targetHints":{"allow":["GET"]}}],"collection":[{"href":"https:\/\/www.jinpinlub.com\/hu\/wp-json\/wp\/v2\/product"}],"about":[{"href":"https:\/\/www.jinpinlub.com\/hu\/wp-json\/wp\/v2\/types\/product"}],"wp:featuredmedia":[{"embeddable":true,"href":"https:\/\/www.jinpinlub.com\/hu\/wp-json\/wp\/v2\/media\/3372"}],"wp:attachment":[{"href":"https:\/\/www.jinpinlub.com\/hu\/wp-json\/wp\/v2\/media?parent=3402"}],"wp:term":[{"taxonomy":"product_brand","embeddable":true,"href":"https:\/\/www.jinpinlub.com\/hu\/wp-json\/wp\/v2\/product_brand?post=3402"},{"taxonomy":"product_cat","embeddable":true,"href":"https:\/\/www.jinpinlub.com\/hu\/wp-json\/wp\/v2\/product_cat?post=3402"},{"taxonomy":"product_tag","embeddable":true,"href":"https:\/\/www.jinpinlub.com\/hu\/wp-json\/wp\/v2\/product_tag?post=3402"}],"curies":[{"name":"wp","href":"https:\/\/api.w.org\/{rel}","templated":true}]}}