{"id":3410,"date":"2024-08-27T04:05:54","date_gmt":"2024-08-26T20:05:54","guid":{"rendered":"https:\/\/www.jinpinlub.com\/?post_type=product&#038;p=3410"},"modified":"2025-02-13T17:17:49","modified_gmt":"2025-02-13T09:17:49","slug":"muk-preciz-tobb-kimenetu-terfogatmeros-zsiradagolo-keszulek","status":"publish","type":"product","link":"https:\/\/www.jinpinlub.com\/hu\/product\/muk-precise-multi-outlet-volumetric-grease-metering-device\/","title":{"rendered":"MUK Precise Multi-Outlet Volumetrikus zs\u00edrm\u00e9r\u0151 k\u00e9sz\u00fcl\u00e9k"},"content":{"rendered":"<h2>Funkci\u00f3<\/h2>\n<p>T\u00f6bb kimenet\u0171 eloszt\u00e1s: A JINPINLUB MUK zs\u00edrnyom\u00e1s-cs\u00f6kkent\u0151 eloszt\u00f3k 2-12 sz\u00e1mjegy\u0171ek konfigur\u00e1lhat\u00f3k, hogy megfeleljenek a k\u00fcl\u00f6nb\u00f6z\u0151 ken\u00e9si rendszerek ig\u00e9nyeinek.<br \/>\nEserny\u0151szelep kialak\u00edt\u00e1sa: Az eloszt\u00f3 belsej\u00e9ben l\u00e9v\u0151 eserny\u0151szelep szab\u00e1lyozza a ken\u0151anyag \u00e1raml\u00e1s\u00e1t a ken\u0151rendszer nyom\u00e1sa alatt, \u00edgy nagyon prec\u00edzen \u00e9s a k\u00fcl\u00f6nb\u00f6z\u0151 ken\u00e9si pontokon elosztva.<br \/>\nT\u00f6bb kimenet: Az adagol\u00f3szelep, a MUK egyik \u00f6sszetev\u0151je, t\u00f6bbf\u00e9le kif\u00fav\u00f3 mennyis\u00e9g k\u00f6z\u00fcl v\u00e1laszthat, p\u00e9ld\u00e1ul 0,05, 0,1, 0,2, 0,3, 0,5 ml\/ciklus.<br \/>\nKorr\u00f3zi\u00f3\u00e1ll\u00f3 anyagok: A MUK zs\u00edreloszt\u00f3k \u00e1ltal\u00e1ban korr\u00f3zi\u00f3\u00e1ll\u00f3 anyagokb\u00f3l k\u00e9sz\u00fclnek, hogy alkalmazkodjanak a k\u00fcl\u00f6nb\u00f6z\u0151 munkak\u00f6rnyezetekhez.<\/p>\n<h2>Specifik\u00e1ci\u00f3<\/h2>\n<table>\n<tbody>\n<tr>\n<td>M\u0171k\u00f6d\u00e9si elv<\/td>\n<td>Nyom\u00e1scs\u00f6kkent\u0151 adagol\u00f3szelep<\/td>\n<\/tr>\n<tr>\n<td>Az \u00fczletek sz\u00e1ma<\/td>\n<td>1, 2, 3, 4, 5<\/td>\n<\/tr>\n<tr>\n<td>M\u00e9r\u00e9si mennyis\u00e9g<\/td>\n<td>0,03, 0,05, 0,13, 0,20, 0,30, 0,50 ml\/ciklus<\/td>\n<\/tr>\n<tr>\n<td>Ken\u0151anyag<\/td>\n<td>NLGI 000#, 00# zs\u00edr.<\/td>\n<\/tr>\n<tr>\n<td>\u00dczemi h\u0151m\u00e9rs\u00e9klet<\/td>\n<td>0 \u00e9s +80 \u00b0C k\u00f6z\u00f6tt<\/td>\n<\/tr>\n<tr>\n<td>\u00dczemi nyom\u00e1s<\/td>\n<td>0,5-1,5 MPa<\/td>\n<\/tr>\n<tr>\n<td>Anyag<\/td>\n<td>S\u00e1rgar\u00e9z, alum\u00ednium<\/td>\n<\/tr>\n<tr>\n<td>Csatlakoz\u00f3 kimenet<\/td>\n<td>Bemenet Rc1\/8, Kimenet \u03a64 (Rc1\/8)<\/td>\n<\/tr>\n<tr>\n<td>Kimeneti szerelv\u00e9nyek<\/td>\n<td>Ujj t\u00edpus, Gyors t\u00edpus<\/td>\n<\/tr>\n<tr>\n<td>Be\u00e9p\u00edt\u00e9si helyzet<\/td>\n<td>B\u00e1rmilyen<\/td>\n<\/tr>\n<\/tbody>\n<\/table>\n<h2>Alapelv<\/h2>\n<p>A ken\u0151anyag kifolyik a ken\u0151szivatty\u00fab\u00f3l, \u00e9s a rendszer nyom\u00e1sa felfel\u00e9 nyomja a MUK eloszt\u00f3 dugatty\u00faj\u00e1t. Az olajkamr\u00e1ban t\u00e1rolt ken\u0151anyag ki\u00fcr\u00fcl. Amikor a dugatty\u00fa az olajkamra tetej\u00e9re mozog, az olaj\u00fcr\u00edt\u00e9s befejez\u0151dik.<br \/>\nAmikor a ken\u0151szivatty\u00fa le\u00e1ll\u00edtja az olajell\u00e1t\u00e1st, a nyom\u00e1scs\u00f6kkent\u0151 szelep automatikusan kienged, lehet\u0151v\u00e9 t\u00e9ve a f\u0151 olajcs\u0151ben l\u00e9v\u0151 ken\u0151anyag visszajut\u00e1s\u00e1t a nyom\u00e1scs\u00f6kkent\u0151 szelepen kereszt\u00fcl. Ekkor a rendszer nyom\u00e1sa cs\u00f6kken, \u00e9s a ken\u0151anyag az eloszt\u00f3 belsej\u00e9ben t\u00e1rol\u00f3dik, k\u00e9szen \u00e1ll a k\u00f6vetkez\u0151 ciklusra.<\/p>\n<h2>K\u00e9zik\u00f6nyvek<\/h2>\n<div class=\"sdm_download_button_box_default\"><div class=\"sdm_download_link\"><a href=\"https:\/\/www.jinpinlub.com\/hu\/?sdm_process_download=1&download_id=3070\" class=\"sdm_download white\" title=\"Mag\u00e1n: MUK Pressure-relief Distributor\" target=\"&quot;_blank&quot;\">Adatlap megtekint\u00e9se - MUK Forgalmaz\u00f3<\/a><\/div><\/div>","protected":false},"excerpt":{"rendered":"<p>A MUK Grease Distributor egy modul\u00e1ris fel\u00e9p\u00edt\u00e9s\u0171 egysoros ken\u0151rendszer-eloszt\u00f3 alkatr\u00e9sz, amely s\u00e1rgar\u00e9z adagol\u00f3szelepb\u0151l \u00e9s alum\u00ednium eloszt\u00f3b\u00f3l \u00e1ll. Nyom\u00e1scs\u00f6kkent\u0151 berendez\u00e9ssel ell\u00e1tott t\u00e9rfogati zs\u00edrken\u0151rendszerekben, elektromos vagy k\u00e9zi rendszerekben haszn\u00e1lj\u00e1k.<\/p>","protected":false},"featured_media":3386,"template":"","meta":{"ocean_post_layout":"","ocean_both_sidebars_style":"","ocean_both_sidebars_content_width":0,"ocean_both_sidebars_sidebars_width":0,"ocean_sidebar":"0","ocean_second_sidebar":"0","ocean_disable_margins":"enable","ocean_add_body_class":"","ocean_shortcode_before_top_bar":"","ocean_shortcode_after_top_bar":"","ocean_shortcode_before_header":"","ocean_shortcode_after_header":"","ocean_has_shortcode":"","ocean_shortcode_after_title":"","ocean_shortcode_before_footer_widgets":"","ocean_shortcode_after_footer_widgets":"","ocean_shortcode_before_footer_bottom":"","ocean_shortcode_after_footer_bottom":"","ocean_display_top_bar":"default","ocean_display_header":"default","ocean_header_style":"","ocean_center_header_left_menu":"0","ocean_custom_header_template":"0","ocean_custom_logo":0,"ocean_custom_retina_logo":0,"ocean_custom_logo_max_width":0,"ocean_custom_logo_tablet_max_width":0,"ocean_custom_logo_mobile_max_width":0,"ocean_custom_logo_max_height":0,"ocean_custom_logo_tablet_max_height":0,"ocean_custom_logo_mobile_max_height":0,"ocean_header_custom_menu":"0","ocean_menu_typo_font_family":"0","ocean_menu_typo_font_subset":"","ocean_menu_typo_font_size":0,"ocean_menu_typo_font_size_tablet":0,"ocean_menu_typo_font_size_mobile":0,"ocean_menu_typo_font_size_unit":"px","ocean_menu_typo_font_weight":"","ocean_menu_typo_font_weight_tablet":"","ocean_menu_typo_font_weight_mobile":"","ocean_menu_typo_transform":"","ocean_menu_typo_transform_tablet":"","ocean_menu_typo_transform_mobile":"","ocean_menu_typo_line_height":0,"ocean_menu_typo_line_height_tablet":0,"ocean_menu_typo_line_height_mobile":0,"ocean_menu_typo_line_height_unit":"","ocean_menu_typo_spacing":0,"ocean_menu_typo_spacing_tablet":0,"ocean_menu_typo_spacing_mobile":0,"ocean_menu_typo_spacing_unit":"","ocean_menu_link_color":"","ocean_menu_link_color_hover":"","ocean_menu_link_color_active":"","ocean_menu_link_background":"","ocean_menu_link_hover_background":"","ocean_menu_link_active_background":"","ocean_menu_social_links_bg":"","ocean_menu_social_hover_links_bg":"","ocean_menu_social_links_color":"","ocean_menu_social_hover_links_color":"","ocean_disable_title":"default","ocean_disable_heading":"default","ocean_post_title":"","ocean_post_subheading":"","ocean_post_title_style":"","ocean_post_title_background_color":"","ocean_post_title_background":0,"ocean_post_title_bg_image_position":"","ocean_post_title_bg_image_attachment":"","ocean_post_title_bg_image_repeat":"","ocean_post_title_bg_image_size":"","ocean_post_title_height":0,"ocean_post_title_bg_overlay":0.5,"ocean_post_title_bg_overlay_color":"","ocean_disable_breadcrumbs":"default","ocean_breadcrumbs_color":"","ocean_breadcrumbs_separator_color":"","ocean_breadcrumbs_links_color":"","ocean_breadcrumbs_links_hover_color":"","ocean_display_footer_widgets":"default","ocean_display_footer_bottom":"default","ocean_custom_footer_template":"0","osh_disable_topbar_sticky":"default","osh_disable_header_sticky":"default","osh_sticky_header_style":"default","osh_sticky_header_effect":"","osh_custom_sticky_logo":0,"osh_custom_retina_sticky_logo":0,"osh_custom_sticky_logo_height":0,"osh_background_color":"","osh_links_color":"","osh_links_hover_color":"","osh_links_active_color":"","osh_links_bg_color":"","osh_links_hover_bg_color":"","osh_links_active_bg_color":"","osh_menu_social_links_color":"","osh_menu_social_hover_links_color":""},"product_brand":[],"product_cat":[40,37],"product_tag":[97,98,84],"class_list":{"0":"post-3410","1":"product","2":"type-product","3":"status-publish","4":"has-post-thumbnail","6":"product_cat-pressure-relief-metering-valves","7":"product_cat-single-line-grease-systems","8":"product_tag-grease-injector","9":"product_tag-grease-metering-device","10":"product_tag-volumetric-distributor","12":"entry","13":"has-media","15":"first","16":"instock","17":"shipping-taxable","18":"product-type-external","19":"col","20":"span_1_of_3","21":"owp-content-center","22":"owp-thumbs-layout-horizontal","23":"owp-btn-very-big","24":"owp-tabs-layout-horizontal"},"_links":{"self":[{"href":"https:\/\/www.jinpinlub.com\/hu\/wp-json\/wp\/v2\/product\/3410","targetHints":{"allow":["GET"]}}],"collection":[{"href":"https:\/\/www.jinpinlub.com\/hu\/wp-json\/wp\/v2\/product"}],"about":[{"href":"https:\/\/www.jinpinlub.com\/hu\/wp-json\/wp\/v2\/types\/product"}],"wp:featuredmedia":[{"embeddable":true,"href":"https:\/\/www.jinpinlub.com\/hu\/wp-json\/wp\/v2\/media\/3386"}],"wp:attachment":[{"href":"https:\/\/www.jinpinlub.com\/hu\/wp-json\/wp\/v2\/media?parent=3410"}],"wp:term":[{"taxonomy":"product_brand","embeddable":true,"href":"https:\/\/www.jinpinlub.com\/hu\/wp-json\/wp\/v2\/product_brand?post=3410"},{"taxonomy":"product_cat","embeddable":true,"href":"https:\/\/www.jinpinlub.com\/hu\/wp-json\/wp\/v2\/product_cat?post=3410"},{"taxonomy":"product_tag","embeddable":true,"href":"https:\/\/www.jinpinlub.com\/hu\/wp-json\/wp\/v2\/product_tag?post=3410"}],"curies":[{"name":"wp","href":"https:\/\/api.w.org\/{rel}","templated":true}]}}