{"id":3411,"date":"2024-08-27T04:10:51","date_gmt":"2024-08-26T20:10:51","guid":{"rendered":"https:\/\/www.jinpinlub.com\/?post_type=product&#038;p=3411"},"modified":"2025-02-13T17:17:53","modified_gmt":"2025-02-13T09:17:53","slug":"muk-modularis-egysoros-kenoanyag-eloszto-zsirrendszerhez","status":"publish","type":"product","link":"https:\/\/www.jinpinlub.com\/hu\/product\/muk-modular-single-line-lube-distributor-for-grease-system\/","title":{"rendered":"MUK modul\u00e1ris egysoros ken\u0151anyag-eloszt\u00f3 zs\u00edrrendszerhez"},"content":{"rendered":"<h2>Funkci\u00f3<\/h2>\n<p>Kis m\u00e9ret \u00e9s kompakt fel\u00e9p\u00edt\u00e9s: A JINPINLUB MUK eloszt\u00f3 kialak\u00edt\u00e1sa nagyon kompakt \u00e9s alkalmas korl\u00e1tozott hely\u0171 berendez\u00e9sekbe t\u00f6rt\u00e9n\u0151 be\u00e9p\u00edt\u00e9sre. Kis m\u00e9rete lehet\u0151v\u00e9 teszi, hogy k\u00f6nnyen be\u00e9p\u00edthet\u0151 k\u00fcl\u00f6nf\u00e9le g\u00e9p\u00e9szeti berendez\u00e9sekbe.<br \/>\nK\u00f6nny\u0171 karbantart\u00e1s: Ennek az olajoz\u00f3nak a kialak\u00edt\u00e1sa figyelembe veszi a felhaszn\u00e1l\u00f3k karbantart\u00e1si ig\u00e9nyeit. Modul\u00e1ris fel\u00e9p\u00edt\u00e9se lehet\u0151v\u00e9 teszi az egyes alkatr\u00e9szek \u00f6n\u00e1ll\u00f3 cser\u00e9j\u00e9t \u00e9s jav\u00edt\u00e1s\u00e1t, cs\u00f6kkentve a berendez\u00e9sek le\u00e1ll\u00e1si idej\u00e9t \u00e9s jav\u00edtva a gy\u00e1rt\u00e1s hat\u00e9konys\u00e1g\u00e1t.<br \/>\nNagy olajkibocs\u00e1t\u00e1si pontoss\u00e1g: A MUK egysoros eloszt\u00f3 pontosan tudja szab\u00e1lyozni a ken\u0151anyag-kibocs\u00e1t\u00e1st, \u00edgy biztos\u00edtva, hogy minden ken\u00e9si pont megfelel\u0151 mennyis\u00e9g\u0171 ken\u00e9st kapjon. Ez nem csak a ken\u00e9si hat\u00e1st jav\u00edtja, hanem cs\u00f6kkenti a ken\u0151anyag-pazarl\u00e1st is.<\/p>\n<h2>Specifik\u00e1ci\u00f3<\/h2>\n<table>\n<tbody>\n<tr>\n<td>M\u0171k\u00f6d\u00e9si elv<\/td>\n<td>Nyom\u00e1scs\u00f6kkent\u0151 adagol\u00f3szelep<\/td>\n<\/tr>\n<tr>\n<td>Az \u00fczletek sz\u00e1ma<\/td>\n<td>1, 2, 3, 4, 5<\/td>\n<\/tr>\n<tr>\n<td>M\u00e9r\u00e9si mennyis\u00e9g<\/td>\n<td>0,03, 0,05, 0,13, 0,20, 0,30, 0,50 ml\/ciklus<\/td>\n<\/tr>\n<tr>\n<td>Ken\u0151anyag<\/td>\n<td>NLGI 000#, 00# zs\u00edr.<\/td>\n<\/tr>\n<tr>\n<td>\u00dczemi h\u0151m\u00e9rs\u00e9klet<\/td>\n<td>0 \u00e9s +80 \u00b0C k\u00f6z\u00f6tt<\/td>\n<\/tr>\n<tr>\n<td>\u00dczemi nyom\u00e1s<\/td>\n<td>0,5-1,5 MPa<\/td>\n<\/tr>\n<tr>\n<td>Anyag<\/td>\n<td>S\u00e1rgar\u00e9z, alum\u00ednium<\/td>\n<\/tr>\n<tr>\n<td>Csatlakoz\u00f3 kimenet<\/td>\n<td>Bemenet Rc1\/8, Kimenet \u03a64 (Rc1\/8)<\/td>\n<\/tr>\n<tr>\n<td>Kimeneti szerelv\u00e9nyek<\/td>\n<td>Ujj t\u00edpus, Gyors t\u00edpus<\/td>\n<\/tr>\n<tr>\n<td>Be\u00e9p\u00edt\u00e9si helyzet<\/td>\n<td>B\u00e1rmilyen<\/td>\n<\/tr>\n<\/tbody>\n<\/table>\n<h2>Alkalmaz\u00e1s<\/h2>\n<p>A MUK egysoros zs\u00edreloszt\u00f3kat sz\u00e9les k\u00f6rben alkalmazz\u00e1k a szersz\u00e1mg\u00e9pek olyan berendez\u00e9sekben, mint a CNC szersz\u00e1mg\u00e9pek, megmunk\u00e1l\u00f3 k\u00f6zpontok \u00e9s csiszol\u00f3k. J\u00f3 \u00e9s hat\u00e9kony ken\u00e9st tud biztos\u00edtani, ami nagym\u00e9rt\u00e9kben meghosszabb\u00edtja a berendez\u00e9s \u00e9lettartam\u00e1t, cs\u00f6kkenti a berendez\u00e9s meghib\u00e1sod\u00e1s\u00e1nak ar\u00e1ny\u00e1t \u00e9s n\u00f6veli a termel\u00e9s hat\u00e9konys\u00e1g\u00e1t. Annak \u00e9rdek\u00e9ben, hogy hossz\u00fa ideig a legjobban m\u0171k\u00f6dj\u00f6n, az eloszt\u00f3t rendszeresen karban kell tartani. A felhaszn\u00e1l\u00f3knak id\u0151nk\u00e9nt meg kell vizsg\u00e1lniuk az olajbefecskendez\u0151 szelep k\u00fcl\u00f6nb\u00f6z\u0151 r\u00e9szeit, hogy megbizonyosodjanak arr\u00f3l, hogy azok hat\u00e9konyan m\u0171k\u00f6dnek.<\/p>\n<h2>K\u00e9zik\u00f6nyvek<\/h2>\n<div class=\"sdm_download_button_box_default\"><div class=\"sdm_download_link\"><a href=\"https:\/\/www.jinpinlub.com\/hu\/?sdm_process_download=1&download_id=3070\" class=\"sdm_download white\" title=\"Mag\u00e1n: MUK Pressure-relief Distributor\" target=\"&quot;_blank&quot;\">Adatlap megtekint\u00e9se - MUK Forgalmaz\u00f3<\/a><\/div><\/div>","protected":false},"excerpt":{"rendered":"<p>A MUK egysoros zs\u00edreloszt\u00f3 a szersz\u00e1mg\u00e9pipar sz\u00e1m\u00e1ra kialak\u00edtott ken\u0151anyag-tartoz\u00e9k, melynek jellemz\u0151i a kis m\u00e9ret, kompakt fel\u00e9p\u00edt\u00e9s, modulariz\u00e1ci\u00f3, k\u00f6nny\u0171 karbantart\u00e1s, nagy kimeneti pontoss\u00e1g stb. Pontos l\u00e1gy\u00edt\u00e1sra \u00e9s k\u00f6nny\u0171 beszerel\u00e9sre tervezt\u00e9k.<\/p>","protected":false},"featured_media":3390,"template":"","meta":{"ocean_post_layout":"","ocean_both_sidebars_style":"","ocean_both_sidebars_content_width":0,"ocean_both_sidebars_sidebars_width":0,"ocean_sidebar":"0","ocean_second_sidebar":"0","ocean_disable_margins":"enable","ocean_add_body_class":"","ocean_shortcode_before_top_bar":"","ocean_shortcode_after_top_bar":"","ocean_shortcode_before_header":"","ocean_shortcode_after_header":"","ocean_has_shortcode":"","ocean_shortcode_after_title":"","ocean_shortcode_before_footer_widgets":"","ocean_shortcode_after_footer_widgets":"","ocean_shortcode_before_footer_bottom":"","ocean_shortcode_after_footer_bottom":"","ocean_display_top_bar":"default","ocean_display_header":"default","ocean_header_style":"","ocean_center_header_left_menu":"0","ocean_custom_header_template":"0","ocean_custom_logo":0,"ocean_custom_retina_logo":0,"ocean_custom_logo_max_width":0,"ocean_custom_logo_tablet_max_width":0,"ocean_custom_logo_mobile_max_width":0,"ocean_custom_logo_max_height":0,"ocean_custom_logo_tablet_max_height":0,"ocean_custom_logo_mobile_max_height":0,"ocean_header_custom_menu":"0","ocean_menu_typo_font_family":"0","ocean_menu_typo_font_subset":"","ocean_menu_typo_font_size":0,"ocean_menu_typo_font_size_tablet":0,"ocean_menu_typo_font_size_mobile":0,"ocean_menu_typo_font_size_unit":"px","ocean_menu_typo_font_weight":"","ocean_menu_typo_font_weight_tablet":"","ocean_menu_typo_font_weight_mobile":"","ocean_menu_typo_transform":"","ocean_menu_typo_transform_tablet":"","ocean_menu_typo_transform_mobile":"","ocean_menu_typo_line_height":0,"ocean_menu_typo_line_height_tablet":0,"ocean_menu_typo_line_height_mobile":0,"ocean_menu_typo_line_height_unit":"","ocean_menu_typo_spacing":0,"ocean_menu_typo_spacing_tablet":0,"ocean_menu_typo_spacing_mobile":0,"ocean_menu_typo_spacing_unit":"","ocean_menu_link_color":"","ocean_menu_link_color_hover":"","ocean_menu_link_color_active":"","ocean_menu_link_background":"","ocean_menu_link_hover_background":"","ocean_menu_link_active_background":"","ocean_menu_social_links_bg":"","ocean_menu_social_hover_links_bg":"","ocean_menu_social_links_color":"","ocean_menu_social_hover_links_color":"","ocean_disable_title":"default","ocean_disable_heading":"default","ocean_post_title":"","ocean_post_subheading":"","ocean_post_title_style":"","ocean_post_title_background_color":"","ocean_post_title_background":0,"ocean_post_title_bg_image_position":"","ocean_post_title_bg_image_attachment":"","ocean_post_title_bg_image_repeat":"","ocean_post_title_bg_image_size":"","ocean_post_title_height":0,"ocean_post_title_bg_overlay":0.5,"ocean_post_title_bg_overlay_color":"","ocean_disable_breadcrumbs":"default","ocean_breadcrumbs_color":"","ocean_breadcrumbs_separator_color":"","ocean_breadcrumbs_links_color":"","ocean_breadcrumbs_links_hover_color":"","ocean_display_footer_widgets":"default","ocean_display_footer_bottom":"default","ocean_custom_footer_template":"0","osh_disable_topbar_sticky":"default","osh_disable_header_sticky":"default","osh_sticky_header_style":"default","osh_sticky_header_effect":"","osh_custom_sticky_logo":0,"osh_custom_retina_sticky_logo":0,"osh_custom_sticky_logo_height":0,"osh_background_color":"","osh_links_color":"","osh_links_hover_color":"","osh_links_active_color":"","osh_links_bg_color":"","osh_links_hover_bg_color":"","osh_links_active_bg_color":"","osh_menu_social_links_color":"","osh_menu_social_hover_links_color":""},"product_brand":[],"product_cat":[40,37],"product_tag":[87,100,240],"class_list":{"0":"post-3411","1":"product","2":"type-product","3":"status-publish","4":"has-post-thumbnail","6":"product_cat-pressure-relief-metering-valves","7":"product_cat-single-line-grease-systems","8":"product_tag-grease-distributor","9":"product_tag-grease-metering-valve","10":"product_tag-pressurized-distributor","12":"entry","13":"has-media","15":"first","16":"instock","17":"shipping-taxable","18":"product-type-external","19":"col","20":"span_1_of_3","21":"owp-content-center","22":"owp-thumbs-layout-horizontal","23":"owp-btn-very-big","24":"owp-tabs-layout-horizontal"},"_links":{"self":[{"href":"https:\/\/www.jinpinlub.com\/hu\/wp-json\/wp\/v2\/product\/3411","targetHints":{"allow":["GET"]}}],"collection":[{"href":"https:\/\/www.jinpinlub.com\/hu\/wp-json\/wp\/v2\/product"}],"about":[{"href":"https:\/\/www.jinpinlub.com\/hu\/wp-json\/wp\/v2\/types\/product"}],"wp:featuredmedia":[{"embeddable":true,"href":"https:\/\/www.jinpinlub.com\/hu\/wp-json\/wp\/v2\/media\/3390"}],"wp:attachment":[{"href":"https:\/\/www.jinpinlub.com\/hu\/wp-json\/wp\/v2\/media?parent=3411"}],"wp:term":[{"taxonomy":"product_brand","embeddable":true,"href":"https:\/\/www.jinpinlub.com\/hu\/wp-json\/wp\/v2\/product_brand?post=3411"},{"taxonomy":"product_cat","embeddable":true,"href":"https:\/\/www.jinpinlub.com\/hu\/wp-json\/wp\/v2\/product_cat?post=3411"},{"taxonomy":"product_tag","embeddable":true,"href":"https:\/\/www.jinpinlub.com\/hu\/wp-json\/wp\/v2\/product_tag?post=3411"}],"curies":[{"name":"wp","href":"https:\/\/api.w.org\/{rel}","templated":true}]}}