{"id":3440,"date":"2024-08-28T05:15:03","date_gmt":"2024-08-27T21:15:03","guid":{"rendered":"https:\/\/www.jinpinlub.com\/?post_type=product&#038;p=3440"},"modified":"2025-06-06T19:31:58","modified_gmt":"2025-06-06T11:31:58","slug":"jsv-progressziv-kenoanyag-adagolo-keszulekek-blokk-kivitelben","status":"publish","type":"product","link":"https:\/\/www.jinpinlub.com\/hu\/product\/jsv-progressive-lubricant-metering-devices-in-block-design\/","title":{"rendered":"JSV Progressz\u00edv ken\u0151anyag-adagol\u00f3 k\u00e9sz\u00fcl\u00e9kek blokk kivitelben"},"content":{"rendered":"<h2>Jellemz\u0151k<\/h2>\n<p>Magas \u00fczemi nyom\u00e1s: A JINPINLUB JSV nagy ellennyom\u00e1son, legfeljebb 350 bar \u00fczemi nyom\u00e1son haszn\u00e1lhat\u00f3.<br \/>\nSz\u00e9les h\u0151m\u00e9rs\u00e9kleti tartom\u00e1nyra alkalmas: A progressz\u00edv eloszt\u00f3 sz\u00e9les h\u0151m\u00e9rs\u00e9kleti tartom\u00e1nyra alkalmas.<br \/>\nT\u00f6bbf\u00e9le kivezet\u00e9s: A JSV m\u00e9r\u0151k\u00e9sz\u00fcl\u00e9kek 6-20 kivezet\u00e9ssel kaphat\u00f3k, amelyek ig\u00e9ny szerint v\u00e1laszthat\u00f3k.<br \/>\nPontos ken\u0151anyag-adagol\u00e1s: A JSV egyed\u00fcl\u00e1ll\u00f3 bels\u0151 keresztcsatorn\u00e1s technol\u00f3gi\u00e1t alkalmaz a pontos ken\u0151anyag-adagol\u00e1s \u00e9rdek\u00e9ben.<br \/>\nFel\u00fcgyeleti lehet\u0151s\u00e9gek: A fel\u00fcgyelet vizu\u00e1lis rendszerfel\u00fcgyelettel vagy elektromos rendszerfel\u00fcgyelettel v\u00e9gezhet\u0151, bele\u00e9rtve a t\u0171jelz\u0151ket vagy a dugatty\u00fas \u00e9rz\u00e9kel\u0151ket.<\/p>\n<h2>Specifik\u00e1ci\u00f3<\/h2>\n<table>\n<tbody>\n<tr>\n<td>M\u0171k\u00f6d\u00e9si elv<\/td>\n<td>M\u00e9r\u0151eszk\u00f6z\u00f6k<\/td>\n<\/tr>\n<tr>\n<td>Az \u00fczletek sz\u00e1ma<\/td>\n<td>6-20<\/td>\n<\/tr>\n<tr>\n<td>M\u00e9r\u00e9si mennyis\u00e9g<\/td>\n<td>0,2 ml\/ciklus<\/td>\n<\/tr>\n<tr>\n<td>Ken\u0151anyag<\/td>\n<td>Zs\u00edr NLGI 2-ig, olaj 32-220cSt@40\u2103<\/td>\n<\/tr>\n<tr>\n<td>\u00dczemi h\u0151m\u00e9rs\u00e9klet<\/td>\n<td>-20 \u00e9s +80 \u00b0C k\u00f6z\u00f6tt<\/td>\n<\/tr>\n<tr>\n<td>\u00dczemi nyom\u00e1s<\/td>\n<td>Max. 350 bar<\/td>\n<\/tr>\n<tr>\n<td>Anyag<\/td>\n<td>Fekete horganyzott<\/td>\n<\/tr>\n<tr>\n<td>Csatlakoz\u00f3 bemenet<\/td>\n<td>\u03a66\/\u03a68 (M10x1)<\/td>\n<\/tr>\n<tr>\n<td>Csatlakoz\u00f3 kimenet<\/td>\n<td>\u03a66\/\u03a68 (M10x1)<\/td>\n<\/tr>\n<tr>\n<td>Be\u00e9p\u00edt\u00e9si helyzet<\/td>\n<td>B\u00e1rmilyen<\/td>\n<\/tr>\n<\/tbody>\n<\/table>\n<h2>Alkalmaz\u00e1s<\/h2>\n<p>\u00c9p\u00edt\u0151ipar \u00e9s b\u00e1ny\u00e1szat: Az \u00e9p\u00edt\u0151iparban \u00e9s a b\u00e1ny\u00e1szatban a JSV m\u00e9r\u0151eszk\u00f6z\u00f6ket nagy g\u00e9pek, p\u00e9ld\u00e1ul kotr\u00f3g\u00e9pek, rakod\u00f3k \u00e9s hengerek ken\u00e9s\u00e9re haszn\u00e1lj\u00e1k.<br \/>\nMez\u0151gazdas\u00e1gi g\u00e9pek: A mez\u0151gazdas\u00e1gi ter\u00fcleten haszn\u00e1lt g\u00e9pek, p\u00e9ld\u00e1ul traktorok, betakar\u00edt\u00f3g\u00e9pek \u00e9s vet\u0151g\u00e9pek szint\u00e9n hat\u00e9konyan kenhet\u0151k ezzel az adagol\u00f3val.<br \/>\nIpari berendez\u00e9sek: A JSV m\u00e9r\u0151eszk\u00f6z\u00f6k kulcsszerepet j\u00e1tszanak az ipari automatiz\u00e1l\u00e1sban \u00e9s a gy\u00e1rt\u00f3sorokon.<br \/>\nMeg\u00fajul\u00f3 energia: A meg\u00fajul\u00f3 energi\u00e1t haszn\u00e1l\u00f3 berendez\u00e9sek, p\u00e9ld\u00e1ul sz\u00e9lken\u0151rendszerek \u00e9s napelemes nyomk\u00f6vet\u0151k \u00e1ltal ig\u00e9nyelt pontos ken\u00e9st a JSV is ki tudja adni.<\/p>\n<h2>K\u00e9zik\u00f6nyvek<\/h2>\n<div class=\"sdm_download_button_box_default\"><div class=\"sdm_download_link\"><a href=\"https:\/\/www.jinpinlub.com\/hu\/?sdm_process_download=1&download_id=2474\" class=\"sdm_download white\" title=\"Mag\u00e1n: JSV Progressive Distributor\" target=\"&quot;_blank&quot;\">Adatlap megtekint\u00e9se \u2013 JSV Forgalmaz\u00f3<\/a><\/div><\/div>","protected":false},"excerpt":{"rendered":"<p>A JSV egyetlen progressz\u00edv adagol\u00f3berendez\u00e9s, amely a ken\u0151szivatty\u00fab\u00f3l kibocs\u00e1tott ken\u0151anyagot megb\u00edzhat\u00f3an k\u00e9pes el\u0151re meghat\u00e1rozott egyedi mennyis\u00e9gekre osztani, sorrendben ki\u00fcr\u00edteni \u00e9s a berendez\u00e9s ken\u00e9si pontjaira eljuttatni.<\/p>","protected":false},"featured_media":3419,"template":"","meta":{"ocean_post_layout":"","ocean_both_sidebars_style":"","ocean_both_sidebars_content_width":0,"ocean_both_sidebars_sidebars_width":0,"ocean_sidebar":"0","ocean_second_sidebar":"0","ocean_disable_margins":"enable","ocean_add_body_class":"","ocean_shortcode_before_top_bar":"","ocean_shortcode_after_top_bar":"","ocean_shortcode_before_header":"","ocean_shortcode_after_header":"","ocean_has_shortcode":"","ocean_shortcode_after_title":"","ocean_shortcode_before_footer_widgets":"","ocean_shortcode_after_footer_widgets":"","ocean_shortcode_before_footer_bottom":"","ocean_shortcode_after_footer_bottom":"","ocean_display_top_bar":"default","ocean_display_header":"default","ocean_header_style":"","ocean_center_header_left_menu":"0","ocean_custom_header_template":"0","ocean_custom_logo":0,"ocean_custom_retina_logo":0,"ocean_custom_logo_max_width":0,"ocean_custom_logo_tablet_max_width":0,"ocean_custom_logo_mobile_max_width":0,"ocean_custom_logo_max_height":0,"ocean_custom_logo_tablet_max_height":0,"ocean_custom_logo_mobile_max_height":0,"ocean_header_custom_menu":"0","ocean_menu_typo_font_family":"0","ocean_menu_typo_font_subset":"","ocean_menu_typo_font_size":0,"ocean_menu_typo_font_size_tablet":0,"ocean_menu_typo_font_size_mobile":0,"ocean_menu_typo_font_size_unit":"px","ocean_menu_typo_font_weight":"","ocean_menu_typo_font_weight_tablet":"","ocean_menu_typo_font_weight_mobile":"","ocean_menu_typo_transform":"","ocean_menu_typo_transform_tablet":"","ocean_menu_typo_transform_mobile":"","ocean_menu_typo_line_height":0,"ocean_menu_typo_line_height_tablet":0,"ocean_menu_typo_line_height_mobile":0,"ocean_menu_typo_line_height_unit":"","ocean_menu_typo_spacing":0,"ocean_menu_typo_spacing_tablet":0,"ocean_menu_typo_spacing_mobile":0,"ocean_menu_typo_spacing_unit":"","ocean_menu_link_color":"","ocean_menu_link_color_hover":"","ocean_menu_link_color_active":"","ocean_menu_link_background":"","ocean_menu_link_hover_background":"","ocean_menu_link_active_background":"","ocean_menu_social_links_bg":"","ocean_menu_social_hover_links_bg":"","ocean_menu_social_links_color":"","ocean_menu_social_hover_links_color":"","ocean_disable_title":"default","ocean_disable_heading":"default","ocean_post_title":"","ocean_post_subheading":"","ocean_post_title_style":"","ocean_post_title_background_color":"","ocean_post_title_background":0,"ocean_post_title_bg_image_position":"","ocean_post_title_bg_image_attachment":"","ocean_post_title_bg_image_repeat":"","ocean_post_title_bg_image_size":"","ocean_post_title_height":0,"ocean_post_title_bg_overlay":0.5,"ocean_post_title_bg_overlay_color":"","ocean_disable_breadcrumbs":"default","ocean_breadcrumbs_color":"","ocean_breadcrumbs_separator_color":"","ocean_breadcrumbs_links_color":"","ocean_breadcrumbs_links_hover_color":"","ocean_display_footer_widgets":"default","ocean_display_footer_bottom":"default","ocean_custom_footer_template":"0","osh_disable_topbar_sticky":"default","osh_disable_header_sticky":"default","osh_sticky_header_style":"default","osh_sticky_header_effect":"","osh_custom_sticky_logo":0,"osh_custom_retina_sticky_logo":0,"osh_custom_sticky_logo_height":0,"osh_background_color":"","osh_links_color":"","osh_links_hover_color":"","osh_links_active_color":"","osh_links_bg_color":"","osh_links_hover_bg_color":"","osh_links_active_bg_color":"","osh_menu_social_links_color":"","osh_menu_social_hover_links_color":""},"product_brand":[],"product_cat":[44,41],"product_tag":[248,241,249],"class_list":{"0":"post-3440","1":"product","2":"type-product","3":"status-publish","4":"has-post-thumbnail","6":"product_cat-progressive-grease-dividers","7":"product_cat-progressive-grease-systems","8":"product_tag-block-metering-valve","9":"product_tag-progressive-metering-device","10":"product_tag-ssv-metering-device","12":"entry","13":"has-media","15":"first","16":"instock","17":"shipping-taxable","18":"product-type-external","19":"col","20":"span_1_of_3","21":"owp-content-center","22":"owp-thumbs-layout-horizontal","23":"owp-btn-very-big","24":"owp-tabs-layout-horizontal"},"_links":{"self":[{"href":"https:\/\/www.jinpinlub.com\/hu\/wp-json\/wp\/v2\/product\/3440","targetHints":{"allow":["GET"]}}],"collection":[{"href":"https:\/\/www.jinpinlub.com\/hu\/wp-json\/wp\/v2\/product"}],"about":[{"href":"https:\/\/www.jinpinlub.com\/hu\/wp-json\/wp\/v2\/types\/product"}],"wp:featuredmedia":[{"embeddable":true,"href":"https:\/\/www.jinpinlub.com\/hu\/wp-json\/wp\/v2\/media\/3419"}],"wp:attachment":[{"href":"https:\/\/www.jinpinlub.com\/hu\/wp-json\/wp\/v2\/media?parent=3440"}],"wp:term":[{"taxonomy":"product_brand","embeddable":true,"href":"https:\/\/www.jinpinlub.com\/hu\/wp-json\/wp\/v2\/product_brand?post=3440"},{"taxonomy":"product_cat","embeddable":true,"href":"https:\/\/www.jinpinlub.com\/hu\/wp-json\/wp\/v2\/product_cat?post=3440"},{"taxonomy":"product_tag","embeddable":true,"href":"https:\/\/www.jinpinlub.com\/hu\/wp-json\/wp\/v2\/product_tag?post=3440"}],"curies":[{"name":"wp","href":"https:\/\/api.w.org\/{rel}","templated":true}]}}