{"id":3441,"date":"2024-08-28T05:18:03","date_gmt":"2024-08-27T21:18:03","guid":{"rendered":"https:\/\/www.jinpinlub.com\/?post_type=product&#038;p=3441"},"modified":"2025-06-06T19:34:05","modified_gmt":"2025-06-06T11:34:05","slug":"jsv-10-progressziv-osztoszelep-a-kenorendszer-szivattyujahoz","status":"publish","type":"product","link":"https:\/\/www.jinpinlub.com\/hu\/product\/jsv-10-progressive-divider-valve-for-lubrication-system-pump\/","title":{"rendered":"JSV-10 progressz\u00edv oszt\u00f3szelep a ken\u00e9si rendszer szivatty\u00faj\u00e1hoz"},"content":{"rendered":"<h2>Jellemz\u0151k<\/h2>\n<p>Funkci\u00f3: A JINPINLUB JSV oszt\u00f3szelepet minden progressz\u00edv ken\u00e9si rendszerben haszn\u00e1lj\u00e1k, amely t\u00f6bb ken\u00e9si pontra osztja el a ken\u0151anyagot, ak\u00e1r zs\u00edrban, ak\u00e1r olajban.<br \/>\nM\u0171k\u00f6d\u00e9si elv: A JSV oszt\u00f3szelep a ken\u0151anyagot egy k\u00f6zponti bemeneti ny\u00edl\u00e1son kereszt\u00fcl kapja. Ezt k\u00f6vet\u0151en a ken\u0151anyagot t\u00f6bb kimeneti vezet\u00e9kre osztj\u00e1k sz\u00e9t, amelyek mindegyike egy ken\u00e9si ponthoz csatlakozik.<br \/>\nKimeneti t\u00e9rfogat: Az egyes JSV oszt\u00f3szelepek kimeneti t\u00e9rfogata 0,2 cm3-re van be\u00e1ll\u00edtva kimenetenk\u00e9nt ciklusonk\u00e9nt. Ez azt jelenti, hogy minden egyes ki\u00f6ml\u0151ny\u00edl\u00e1s minden ken\u00e9si ciklusban ugyanannyi ken\u0151anyagot kap a JSV-t\u0151l.<br \/>\nKimenetek sz\u00e1ma: A JSV elv\u00e1laszt\u00f3 szelepek ak\u00e1r 20 kimeneti vezet\u00e9ket is csatlakoztathatnak. Ez egyszer\u0171en ide\u00e1liss\u00e1 teszi \u0151ket olyan alkalmaz\u00e1sokhoz, ahol t\u00f6bb ken\u00e9si pontra kell elosztani.<\/p>\n<h2>Specifik\u00e1ci\u00f3<\/h2>\n<table>\n<tbody>\n<tr>\n<td>M\u0171k\u00f6d\u00e9si elv<\/td>\n<td>M\u00e9r\u0151eszk\u00f6z\u00f6k<\/td>\n<\/tr>\n<tr>\n<td>Az \u00fczletek sz\u00e1ma<\/td>\n<td>6-20<\/td>\n<\/tr>\n<tr>\n<td>M\u00e9r\u00e9si mennyis\u00e9g<\/td>\n<td>0,2 ml\/ciklus<\/td>\n<\/tr>\n<tr>\n<td>Ken\u0151anyag<\/td>\n<td>Zs\u00edr NLGI 2-ig, olaj 32-220cSt@40\u2103<\/td>\n<\/tr>\n<tr>\n<td>\u00dczemi h\u0151m\u00e9rs\u00e9klet<\/td>\n<td>-20 \u00e9s +80 \u00b0C k\u00f6z\u00f6tt<\/td>\n<\/tr>\n<tr>\n<td>\u00dczemi nyom\u00e1s<\/td>\n<td>Max. 350 bar<\/td>\n<\/tr>\n<tr>\n<td>Anyag<\/td>\n<td>Fekete horganyzott<\/td>\n<\/tr>\n<tr>\n<td>Csatlakoz\u00f3 bemenet<\/td>\n<td>\u03a66\/\u03a68 (M10x1)<\/td>\n<\/tr>\n<tr>\n<td>Csatlakoz\u00f3 kimenet<\/td>\n<td>\u03a66\/\u03a68 (M10x1)<\/td>\n<\/tr>\n<tr>\n<td>Be\u00e9p\u00edt\u00e9si helyzet<\/td>\n<td>B\u00e1rmilyen<\/td>\n<\/tr>\n<\/tbody>\n<\/table>\n<h2>Karbantart\u00e1s<\/h2>\n<p>Alkalmaz\u00e1si k\u00f6vetelm\u00e9nyek: Hat\u00e1rozza meg alkalmaz\u00e1si ig\u00e9nyeit: milyen t\u00edpus\u00fa berendez\u00e9seket kennek, h\u00e1ny ken\u00e9si pont van, \u00e9s milyen ken\u0151anyagra van sz\u00fcks\u00e9g.<br \/>\nKimenet \u00e9s nyom\u00e1s: Mindegyik JSV eloszt\u00f3szelep kimenete 0,2 cc\/ciklus\/kimenet. Az \u00fczemi nyom\u00e1s legfeljebb 350 bar. Gy\u0151z\u0151dj\u00f6n meg arr\u00f3l, hogy ezek a param\u00e9terek megfelelnek az alkalmaz\u00e1s ig\u00e9nyeinek.<br \/>\nTelep\u00edt\u00e9s: Vegye figyelembe a JSV eloszt\u00f3szelep telep\u00edt\u00e9si \u00e9s karbantart\u00e1si k\u00f6vetelm\u00e9nyeit. Ismerje meg m\u00e9ret\u00e9t, k\u00e1belez\u00e9si k\u00f6vetelm\u00e9nyeit \u00e9s karbantart\u00e1si szempontjait.<\/p>\n<h2>K\u00e9zik\u00f6nyvek<\/h2>\n<div class=\"sdm_download_button_box_default\"><div class=\"sdm_download_link\"><a href=\"https:\/\/www.jinpinlub.com\/hu\/?sdm_process_download=1&download_id=2474\" class=\"sdm_download white\" title=\"Mag\u00e1n: JSV Progressive Distributor\" target=\"&quot;_blank&quot;\">Adatlap megtekint\u00e9se \u2013 JSV Forgalmaz\u00f3<\/a><\/div><\/div>","protected":false},"excerpt":{"rendered":"<p>A JSV progressz\u00edv oszt\u00f3szelep pontosan k\u00e9pes adagolni \u00e9s elosztani a ken\u0151anyagot ak\u00e1r 20 kimeneti vezet\u00e9kre ak\u00e1r 350 bar \u00fczemi nyom\u00e1son. A kimenetenk\u00e9nti kimenet ciklusonk\u00e9nt 0,2 cc-ben van r\u00f6gz\u00edtve, de a kimenetek kieg\u00e9sz\u00edt\u0151kkel kombin\u00e1lhat\u00f3k nagyobb teljes\u00edtm\u00e9ny el\u00e9r\u00e9se \u00e9rdek\u00e9ben.<\/p>","protected":false},"featured_media":3426,"template":"","meta":{"ocean_post_layout":"","ocean_both_sidebars_style":"","ocean_both_sidebars_content_width":0,"ocean_both_sidebars_sidebars_width":0,"ocean_sidebar":"0","ocean_second_sidebar":"0","ocean_disable_margins":"enable","ocean_add_body_class":"","ocean_shortcode_before_top_bar":"","ocean_shortcode_after_top_bar":"","ocean_shortcode_before_header":"","ocean_shortcode_after_header":"","ocean_has_shortcode":"","ocean_shortcode_after_title":"","ocean_shortcode_before_footer_widgets":"","ocean_shortcode_after_footer_widgets":"","ocean_shortcode_before_footer_bottom":"","ocean_shortcode_after_footer_bottom":"","ocean_display_top_bar":"default","ocean_display_header":"default","ocean_header_style":"","ocean_center_header_left_menu":"0","ocean_custom_header_template":"0","ocean_custom_logo":0,"ocean_custom_retina_logo":0,"ocean_custom_logo_max_width":0,"ocean_custom_logo_tablet_max_width":0,"ocean_custom_logo_mobile_max_width":0,"ocean_custom_logo_max_height":0,"ocean_custom_logo_tablet_max_height":0,"ocean_custom_logo_mobile_max_height":0,"ocean_header_custom_menu":"0","ocean_menu_typo_font_family":"0","ocean_menu_typo_font_subset":"","ocean_menu_typo_font_size":0,"ocean_menu_typo_font_size_tablet":0,"ocean_menu_typo_font_size_mobile":0,"ocean_menu_typo_font_size_unit":"px","ocean_menu_typo_font_weight":"","ocean_menu_typo_font_weight_tablet":"","ocean_menu_typo_font_weight_mobile":"","ocean_menu_typo_transform":"","ocean_menu_typo_transform_tablet":"","ocean_menu_typo_transform_mobile":"","ocean_menu_typo_line_height":0,"ocean_menu_typo_line_height_tablet":0,"ocean_menu_typo_line_height_mobile":0,"ocean_menu_typo_line_height_unit":"","ocean_menu_typo_spacing":0,"ocean_menu_typo_spacing_tablet":0,"ocean_menu_typo_spacing_mobile":0,"ocean_menu_typo_spacing_unit":"","ocean_menu_link_color":"","ocean_menu_link_color_hover":"","ocean_menu_link_color_active":"","ocean_menu_link_background":"","ocean_menu_link_hover_background":"","ocean_menu_link_active_background":"","ocean_menu_social_links_bg":"","ocean_menu_social_hover_links_bg":"","ocean_menu_social_links_color":"","ocean_menu_social_hover_links_color":"","ocean_disable_title":"default","ocean_disable_heading":"default","ocean_post_title":"","ocean_post_subheading":"","ocean_post_title_style":"","ocean_post_title_background_color":"","ocean_post_title_background":0,"ocean_post_title_bg_image_position":"","ocean_post_title_bg_image_attachment":"","ocean_post_title_bg_image_repeat":"","ocean_post_title_bg_image_size":"","ocean_post_title_height":0,"ocean_post_title_bg_overlay":0.5,"ocean_post_title_bg_overlay_color":"","ocean_disable_breadcrumbs":"default","ocean_breadcrumbs_color":"","ocean_breadcrumbs_separator_color":"","ocean_breadcrumbs_links_color":"","ocean_breadcrumbs_links_hover_color":"","ocean_display_footer_widgets":"default","ocean_display_footer_bottom":"default","ocean_custom_footer_template":"0","osh_disable_topbar_sticky":"default","osh_disable_header_sticky":"default","osh_sticky_header_style":"default","osh_sticky_header_effect":"","osh_custom_sticky_logo":0,"osh_custom_retina_sticky_logo":0,"osh_custom_sticky_logo_height":0,"osh_background_color":"","osh_links_color":"","osh_links_hover_color":"","osh_links_active_color":"","osh_links_bg_color":"","osh_links_hover_bg_color":"","osh_links_active_bg_color":"","osh_menu_social_links_color":"","osh_menu_social_hover_links_color":""},"product_brand":[],"product_cat":[44,41],"product_tag":[251,252,250],"class_list":{"0":"post-3441","1":"product","2":"type-product","3":"status-publish","4":"has-post-thumbnail","6":"product_cat-progressive-grease-dividers","7":"product_cat-progressive-grease-systems","8":"product_tag-grease-divider","9":"product_tag-lubrication-divider","10":"product_tag-progressive-divider-valve","12":"entry","13":"has-media","15":"first","16":"instock","17":"shipping-taxable","18":"product-type-external","19":"col","20":"span_1_of_3","21":"owp-content-center","22":"owp-thumbs-layout-horizontal","23":"owp-btn-very-big","24":"owp-tabs-layout-horizontal"},"_links":{"self":[{"href":"https:\/\/www.jinpinlub.com\/hu\/wp-json\/wp\/v2\/product\/3441","targetHints":{"allow":["GET"]}}],"collection":[{"href":"https:\/\/www.jinpinlub.com\/hu\/wp-json\/wp\/v2\/product"}],"about":[{"href":"https:\/\/www.jinpinlub.com\/hu\/wp-json\/wp\/v2\/types\/product"}],"wp:featuredmedia":[{"embeddable":true,"href":"https:\/\/www.jinpinlub.com\/hu\/wp-json\/wp\/v2\/media\/3426"}],"wp:attachment":[{"href":"https:\/\/www.jinpinlub.com\/hu\/wp-json\/wp\/v2\/media?parent=3441"}],"wp:term":[{"taxonomy":"product_brand","embeddable":true,"href":"https:\/\/www.jinpinlub.com\/hu\/wp-json\/wp\/v2\/product_brand?post=3441"},{"taxonomy":"product_cat","embeddable":true,"href":"https:\/\/www.jinpinlub.com\/hu\/wp-json\/wp\/v2\/product_cat?post=3441"},{"taxonomy":"product_tag","embeddable":true,"href":"https:\/\/www.jinpinlub.com\/hu\/wp-json\/wp\/v2\/product_tag?post=3441"}],"curies":[{"name":"wp","href":"https:\/\/api.w.org\/{rel}","templated":true}]}}