{"id":3443,"date":"2024-08-28T05:26:08","date_gmt":"2024-08-27T21:26:08","guid":{"rendered":"https:\/\/www.jinpinlub.com\/?post_type=product&#038;p=3443"},"modified":"2025-06-06T19:33:56","modified_gmt":"2025-06-06T11:33:56","slug":"jsv14-progressziv-aramlaseloszto-kozponti-kenorendszerhez","status":"publish","type":"product","link":"https:\/\/www.jinpinlub.com\/hu\/product\/jsv14-progressive-flow-divider-for-centralized-lube-system\/","title":{"rendered":"JSV14 progressz\u00edv \u00e1raml\u00e1seloszt\u00f3 k\u00f6zponti ken\u0151rendszerhez"},"content":{"rendered":"<h2>Jellemz\u0151k<\/h2>\n<p>A JSV egy progressz\u00edv dugatty\u00fas eloszt\u00f3 fekete horganyzott ac\u00e9lb\u00f3l.<br \/>\n1-20 az aljzatok sz\u00e1ma, \u00e9s nem szabad dug\u00f3t csatlakoztatni az 1-es \u00e9s 2-es aljzatokhoz.<br \/>\nAz \u00fcr\u00edt\u00e9si sorrend a 20-as kimenett\u0151l az 1-ig terjed, az egyik kimenet lemer\u00fcl\u00e9se ut\u00e1n a k\u00f6vetkez\u0151 kezd ki\u00fcr\u00edteni.<br \/>\nA ken\u0151anyag mennyis\u00e9ge n\u00f6velhet\u0151 a kimenetek bels\u0151 vagy k\u00fcls\u0151 egyes\u00edt\u00e9s\u00e9vel.<br \/>\nA JSV rendelkezik fel\u00fcgyeleti vagy vez\u00e9rl\u00e9si funkci\u00f3kkal, \u00e9s opcion\u00e1lis mechanikus jelz\u0151, mikrokapcsol\u00f3 vagy k\u00f6zel\u00edt\u00e9skapcsol\u00f3.<br \/>\nAz alap\u00e9rtelmezett csatlakoz\u00f3k visszacsap\u00f3 szelepek, amelyek megakad\u00e1lyozz\u00e1k a ken\u0151anyag vissza\u00e1raml\u00e1s\u00e1t.<br \/>\nKompatibilis ken\u0151anyagok: NLGI 000#~2# zs\u00edr, olaj 32-220cSt@40\u2103 (visszacsap\u00f3 szelep szerelv\u00e9ny);<br \/>\nM\u0171k\u00f6d\u00e9si h\u0151m\u00e9rs\u00e9klet: -20 \u2103 ~ + 80 \u2103.<\/p>\n<h2>Specifik\u00e1ci\u00f3<\/h2>\n<table>\n<tbody>\n<tr>\n<td>M\u0171k\u00f6d\u00e9si elv<\/td>\n<td>M\u00e9r\u0151eszk\u00f6z\u00f6k<\/td>\n<\/tr>\n<tr>\n<td>Az \u00fczletek sz\u00e1ma<\/td>\n<td>6-20<\/td>\n<\/tr>\n<tr>\n<td>M\u00e9r\u00e9si mennyis\u00e9g<\/td>\n<td>0,2 ml\/ciklus<\/td>\n<\/tr>\n<tr>\n<td>Ken\u0151anyag<\/td>\n<td>Zs\u00edr NLGI 2-ig, olaj 32-220cSt@40\u2103<\/td>\n<\/tr>\n<tr>\n<td>\u00dczemi h\u0151m\u00e9rs\u00e9klet<\/td>\n<td>-20 \u00e9s +80 \u00b0C k\u00f6z\u00f6tt<\/td>\n<\/tr>\n<tr>\n<td>\u00dczemi nyom\u00e1s<\/td>\n<td>Max. 350 bar<\/td>\n<\/tr>\n<tr>\n<td>Anyag<\/td>\n<td>Fekete horganyzott<\/td>\n<\/tr>\n<tr>\n<td>Csatlakoz\u00f3 bemenet<\/td>\n<td>\u03a66\/\u03a68 (M10x1)<\/td>\n<\/tr>\n<tr>\n<td>Csatlakoz\u00f3 kimenet<\/td>\n<td>\u03a66\/\u03a68 (M10x1)<\/td>\n<\/tr>\n<tr>\n<td>Be\u00e9p\u00edt\u00e9si helyzet<\/td>\n<td>B\u00e1rmilyen<\/td>\n<\/tr>\n<\/tbody>\n<\/table>\n<h2>Alkalmaz\u00e1s<\/h2>\n<p>Ipari berendez\u00e9sek ken\u00e9se: A JSV eloszt\u00f3szelepek k\u00fcl\u00f6nf\u00e9le gy\u00e1ri berendez\u00e9sekhez haszn\u00e1lhat\u00f3k, mint p\u00e9ld\u00e1ul csap\u00e1gyak, fogaskerekek, l\u00e1ncok, cs\u00fasz\u00f3s\u00ednek stb.<br \/>\n\u00c9p\u00edt\u0151ipari \u00e9s m\u00e9rn\u00f6ki g\u00e9pek: A JSV eloszt\u00f3szelepek alkalmasak \u00e9p\u00edt\u0151ipari \u00e9s m\u00e9rn\u00f6ki g\u00e9pekhez, p\u00e9ld\u00e1ul kotr\u00f3g\u00e9pekhez, rakod\u00f3g\u00e9pekhez, buld\u00f3zerekhez stb.<br \/>\nKoh\u00e1szati \u00e9s b\u00e1ny\u00e1szati berendez\u00e9sek: A koh\u00e1szati \u00e9s b\u00e1ny\u00e1szati iparban a JSV eloszt\u00f3szelepek neh\u00e9z berendez\u00e9sek, p\u00e9ld\u00e1ul b\u00e1ny\u00e1szati teheraut\u00f3k, b\u00e1ny\u00e1szati g\u00e9pek \u00e9s olvaszt\u00f3 berendez\u00e9sek ken\u00e9s\u00e9re haszn\u00e1lhat\u00f3k.<\/p>\n<h2>K\u00e9zik\u00f6nyvek<\/h2>\n<div class=\"sdm_download_button_box_default\"><div class=\"sdm_download_link\"><a href=\"https:\/\/www.jinpinlub.com\/hu\/?sdm_process_download=1&download_id=2474\" class=\"sdm_download white\" title=\"Mag\u00e1n: JSV Progressive Distributor\" target=\"&quot;_blank&quot;\">Adatlap megtekint\u00e9se \u2013 JSV Forgalmaz\u00f3<\/a><\/div><\/div>","protected":false},"excerpt":{"rendered":"<p>A JSV zs\u00edreloszt\u00f3 egy integr\u00e1lt progressz\u00edv eloszt\u00f3, amely adagolt ken\u00e9st biztos\u00edt a k\u00f6zponti ken\u00e9si rendszer minden egyes ken\u00e9si pontj\u00e1hoz. El\u0151nye a nagy nyom\u00e1s, por- \u00e9s korr\u00f3zi\u00f3\u00e1ll\u00f3s\u00e1g, energiatakar\u00e9koss\u00e1g \u00e9s nagy hat\u00e9konys\u00e1g.<\/p>","protected":false},"featured_media":3432,"template":"","meta":{"ocean_post_layout":"","ocean_both_sidebars_style":"","ocean_both_sidebars_content_width":0,"ocean_both_sidebars_sidebars_width":0,"ocean_sidebar":"0","ocean_second_sidebar":"0","ocean_disable_margins":"enable","ocean_add_body_class":"","ocean_shortcode_before_top_bar":"","ocean_shortcode_after_top_bar":"","ocean_shortcode_before_header":"","ocean_shortcode_after_header":"","ocean_has_shortcode":"","ocean_shortcode_after_title":"","ocean_shortcode_before_footer_widgets":"","ocean_shortcode_after_footer_widgets":"","ocean_shortcode_before_footer_bottom":"","ocean_shortcode_after_footer_bottom":"","ocean_display_top_bar":"default","ocean_display_header":"default","ocean_header_style":"","ocean_center_header_left_menu":"0","ocean_custom_header_template":"0","ocean_custom_logo":0,"ocean_custom_retina_logo":0,"ocean_custom_logo_max_width":0,"ocean_custom_logo_tablet_max_width":0,"ocean_custom_logo_mobile_max_width":0,"ocean_custom_logo_max_height":0,"ocean_custom_logo_tablet_max_height":0,"ocean_custom_logo_mobile_max_height":0,"ocean_header_custom_menu":"0","ocean_menu_typo_font_family":"0","ocean_menu_typo_font_subset":"","ocean_menu_typo_font_size":0,"ocean_menu_typo_font_size_tablet":0,"ocean_menu_typo_font_size_mobile":0,"ocean_menu_typo_font_size_unit":"px","ocean_menu_typo_font_weight":"","ocean_menu_typo_font_weight_tablet":"","ocean_menu_typo_font_weight_mobile":"","ocean_menu_typo_transform":"","ocean_menu_typo_transform_tablet":"","ocean_menu_typo_transform_mobile":"","ocean_menu_typo_line_height":0,"ocean_menu_typo_line_height_tablet":0,"ocean_menu_typo_line_height_mobile":0,"ocean_menu_typo_line_height_unit":"","ocean_menu_typo_spacing":0,"ocean_menu_typo_spacing_tablet":0,"ocean_menu_typo_spacing_mobile":0,"ocean_menu_typo_spacing_unit":"","ocean_menu_link_color":"","ocean_menu_link_color_hover":"","ocean_menu_link_color_active":"","ocean_menu_link_background":"","ocean_menu_link_hover_background":"","ocean_menu_link_active_background":"","ocean_menu_social_links_bg":"","ocean_menu_social_hover_links_bg":"","ocean_menu_social_links_color":"","ocean_menu_social_hover_links_color":"","ocean_disable_title":"default","ocean_disable_heading":"default","ocean_post_title":"","ocean_post_subheading":"","ocean_post_title_style":"","ocean_post_title_background_color":"","ocean_post_title_background":0,"ocean_post_title_bg_image_position":"","ocean_post_title_bg_image_attachment":"","ocean_post_title_bg_image_repeat":"","ocean_post_title_bg_image_size":"","ocean_post_title_height":0,"ocean_post_title_bg_overlay":0.5,"ocean_post_title_bg_overlay_color":"","ocean_disable_breadcrumbs":"default","ocean_breadcrumbs_color":"","ocean_breadcrumbs_separator_color":"","ocean_breadcrumbs_links_color":"","ocean_breadcrumbs_links_hover_color":"","ocean_display_footer_widgets":"default","ocean_display_footer_bottom":"default","ocean_custom_footer_template":"0","osh_disable_topbar_sticky":"default","osh_disable_header_sticky":"default","osh_sticky_header_style":"default","osh_sticky_header_effect":"","osh_custom_sticky_logo":0,"osh_custom_retina_sticky_logo":0,"osh_custom_sticky_logo_height":0,"osh_background_color":"","osh_links_color":"","osh_links_hover_color":"","osh_links_active_color":"","osh_links_bg_color":"","osh_links_hover_bg_color":"","osh_links_active_bg_color":"","osh_menu_social_links_color":"","osh_menu_social_hover_links_color":""},"product_brand":[],"product_cat":[44,41],"product_tag":[255,256,257],"class_list":{"0":"post-3443","1":"product","2":"type-product","3":"status-publish","4":"has-post-thumbnail","6":"product_cat-progressive-grease-dividers","7":"product_cat-progressive-grease-systems","8":"product_tag-flow-divider-valves","9":"product_tag-lube-divider-block","10":"product_tag-lube-metering-valve","12":"entry","13":"has-media","15":"first","16":"instock","17":"shipping-taxable","18":"product-type-external","19":"col","20":"span_1_of_3","21":"owp-content-center","22":"owp-thumbs-layout-horizontal","23":"owp-btn-very-big","24":"owp-tabs-layout-horizontal"},"_links":{"self":[{"href":"https:\/\/www.jinpinlub.com\/hu\/wp-json\/wp\/v2\/product\/3443","targetHints":{"allow":["GET"]}}],"collection":[{"href":"https:\/\/www.jinpinlub.com\/hu\/wp-json\/wp\/v2\/product"}],"about":[{"href":"https:\/\/www.jinpinlub.com\/hu\/wp-json\/wp\/v2\/types\/product"}],"wp:featuredmedia":[{"embeddable":true,"href":"https:\/\/www.jinpinlub.com\/hu\/wp-json\/wp\/v2\/media\/3432"}],"wp:attachment":[{"href":"https:\/\/www.jinpinlub.com\/hu\/wp-json\/wp\/v2\/media?parent=3443"}],"wp:term":[{"taxonomy":"product_brand","embeddable":true,"href":"https:\/\/www.jinpinlub.com\/hu\/wp-json\/wp\/v2\/product_brand?post=3443"},{"taxonomy":"product_cat","embeddable":true,"href":"https:\/\/www.jinpinlub.com\/hu\/wp-json\/wp\/v2\/product_cat?post=3443"},{"taxonomy":"product_tag","embeddable":true,"href":"https:\/\/www.jinpinlub.com\/hu\/wp-json\/wp\/v2\/product_tag?post=3443"}],"curies":[{"name":"wp","href":"https:\/\/api.w.org\/{rel}","templated":true}]}}