{"id":3485,"date":"2024-08-29T04:18:58","date_gmt":"2024-08-28T20:18:58","guid":{"rendered":"https:\/\/www.jinpinlub.com\/?post_type=product&#038;p=3485"},"modified":"2025-06-06T19:33:47","modified_gmt":"2025-06-06T11:33:47","slug":"jsv-progressziv-kozponti-kenorendszer-eloszto","status":"publish","type":"product","link":"https:\/\/www.jinpinlub.com\/hu\/product\/jsv-progressive-centralized-lubrication-system-distributor\/","title":{"rendered":"JSV progressz\u00edv k\u00f6zponti ken\u00e9si rendszer eloszt\u00f3"},"content":{"rendered":"<h2>Jellemz\u0151k<\/h2>\n<p><span id=\"input-sentence~0\">Progressz\u00edv eloszt\u00e1s: A JSV eloszt\u00f3 minden egyes kimenete sorrendben bocs\u00e1tja ki a zs\u00edrt, biztos\u00edtva, hogy minden ken\u00e9si pont j\u00f3l legyen kenve.<br \/>\nMagas nyom\u00e1st\u0171r\u00e9s: Az eloszt\u00f3k \u00fczemi nyom\u00e1st\u0171r\u00e9si hat\u00e1ra 300 bar, ez\u00e9rt alkalmas magas nyom\u00e1s\u00fa k\u00f6rnyezetben.<\/span><span id=\"input-sentence~1\"><br \/>\nT\u00f6bb kivezet\u00e9ses kialak\u00edt\u00e1s: 6-14 kimenet \u00e1ll rendelkez\u00e9sre \u2013 mindegyik kimenet elmozdul\u00e1sa 0,2 cm3\/ciklus.<br \/>\nMagas \u00e9s alacsony h\u0151m\u00e9rs\u00e9klettel szembeni ellen\u00e1ll\u00e1s: A f\u00e9m t\u00f6m\u00edt\u0151 szerkezettel -20\u00b0C \u00e9s 80\u00b0C k\u00f6z\u00f6tti h\u0151m\u00e9rs\u00e9kleti tartom\u00e1nyban is stabilan m\u0171k\u00f6dik.<\/span><span id=\"input-sentence~2\"><br \/>\nEr\u0151s anyag: Sz\u00e9nac\u00e9lb\u00f3l \u00e9s nikkelezett \u00f6tv\u00f6zetb\u0151l k\u00e9sz\u00fclt, kiv\u00e1l\u00f3 korr\u00f3zi\u00f3\u00e1ll\u00f3s\u00e1ggal \u00e9s nagy tart\u00f3ss\u00e1ggal rendelkezik.<\/span><\/p>\n<h2>Specifik\u00e1ci\u00f3<\/h2>\n<table>\n<tbody>\n<tr>\n<td>M\u0171k\u00f6d\u00e9si elv<\/td>\n<td>M\u00e9r\u0151eszk\u00f6z\u00f6k<\/td>\n<\/tr>\n<tr>\n<td>Az \u00fczletek sz\u00e1ma<\/td>\n<td>6-20<\/td>\n<\/tr>\n<tr>\n<td>M\u00e9r\u00e9si mennyis\u00e9g<\/td>\n<td>0,2 ml\/ciklus<\/td>\n<\/tr>\n<tr>\n<td>Ken\u0151anyag<\/td>\n<td>Zs\u00edr NLGI 2-ig, olaj 32-220cSt@40\u2103<\/td>\n<\/tr>\n<tr>\n<td>\u00dczemi h\u0151m\u00e9rs\u00e9klet<\/td>\n<td>-20 \u00e9s +80 \u00b0C k\u00f6z\u00f6tt<\/td>\n<\/tr>\n<tr>\n<td>\u00dczemi nyom\u00e1s<\/td>\n<td>Max. 300 bar<\/td>\n<\/tr>\n<tr>\n<td>Anyag<\/td>\n<td>Fekete horganyzott<\/td>\n<\/tr>\n<tr>\n<td>Csatlakoz\u00f3 bemenet<\/td>\n<td>\u03a66\/\u03a68 (M10x1)<\/td>\n<\/tr>\n<tr>\n<td>Csatlakoz\u00f3 kimenet<\/td>\n<td>\u03a66\/\u03a68 (M10x1)<\/td>\n<\/tr>\n<tr>\n<td>Be\u00e9p\u00edt\u00e9si helyzet<\/td>\n<td>B\u00e1rmilyen<\/td>\n<\/tr>\n<\/tbody>\n<\/table>\n<h2>Alkalmaz\u00e1s<\/h2>\n<p><span id=\"input-sentence~2\">J\u00e1rm\u0171vek \u00e9s \u00e9p\u00edt\u0151ipari g\u00e9pek: A JINPINLUB JSV m\u00e9r\u0151k\u00e9sz\u00fcl\u00e9kek k\u00fcl\u00f6nf\u00e9le t\u00edpus\u00fa j\u00e1rm\u0171vekhez \u00e9s neh\u00e9z \u00e9p\u00edt\u0151ipari g\u00e9pekhez haszn\u00e1lhat\u00f3k k\u00f6zponti ken\u0151rendszerekhez.<br \/>\nA JSV m\u00e9r\u0151eszk\u00f6z sz\u00e9les k\u00f6rben haszn\u00e1lhat\u00f3 sokf\u00e9le gy\u00e1rt\u00f3berendez\u00e9sben, p\u00e9ld\u00e1ul szersz\u00e1mg\u00e9pekben, m\u0171anyagipari g\u00e9pekben \u00e9s pap\u00edripari g\u00e9pekben.<\/span><span id=\"input-sentence~3\"><br \/>\nSz\u00e9lenergia-termel\u00e9s: A JSV m\u00e9r\u0151eszk\u00f6z sz\u00e9lenergia-termel\u0151 berendez\u00e9sekben haszn\u00e1lhat\u00f3, hogy l\u00e9p\u00e9st tartson a megb\u00edzhat\u00f3 ken\u00e9ssel \u00e9s cs\u00f6kkentse a karbantart\u00e1s gyakoris\u00e1g\u00e1t. Nyomda- \u00e9s csomagol\u00f3g\u00e9pek: Sz\u00e1mos JSV m\u00e9r\u0151eszk\u00f6zt bels\u0151leg haszn\u00e1lnak a nyomtat\u00f3- \u00e9s csomagol\u00f3g\u00e9pekben a berendez\u00e9s zavartalan m\u0171k\u00f6d\u00e9se \u00e9rdek\u00e9ben.<\/span><\/p>\n<h2>K\u00e9zik\u00f6nyvek<\/h2>\n<div class=\"sdm_download_button_box_default\"><div class=\"sdm_download_link\"><a href=\"https:\/\/www.jinpinlub.com\/hu\/?sdm_process_download=1&download_id=2474\" class=\"sdm_download white\" title=\"Mag\u00e1n: JSV Progressive Distributor\" target=\"&quot;_blank&quot;\">Adatlap megtekint\u00e9se \u2013 JSV Forgalmaz\u00f3<\/a><\/div><\/div>","protected":false},"excerpt":{"rendered":"<p>A JINPINLUB JSV eloszt\u00f3 egy komplex progressz\u00edv ken\u00e9si rendszerekhez tervezett eszk\u00f6z. M\u0171k\u00f6dhet nagynyom\u00e1s\u00fa zs\u00edros k\u00f6zponti ken\u0151rendszerekben, \u00e9s mennyis\u00e9gileg elosztja a ken\u0151szivatty\u00fab\u00f3l kibocs\u00e1tott ken\u0151anyagot az egyes ken\u00e9si pontokon.<\/p>","protected":false},"featured_media":3483,"template":"","meta":{"ocean_post_layout":"","ocean_both_sidebars_style":"","ocean_both_sidebars_content_width":0,"ocean_both_sidebars_sidebars_width":0,"ocean_sidebar":"0","ocean_second_sidebar":"0","ocean_disable_margins":"enable","ocean_add_body_class":"","ocean_shortcode_before_top_bar":"","ocean_shortcode_after_top_bar":"","ocean_shortcode_before_header":"","ocean_shortcode_after_header":"","ocean_has_shortcode":"","ocean_shortcode_after_title":"","ocean_shortcode_before_footer_widgets":"","ocean_shortcode_after_footer_widgets":"","ocean_shortcode_before_footer_bottom":"","ocean_shortcode_after_footer_bottom":"","ocean_display_top_bar":"default","ocean_display_header":"default","ocean_header_style":"","ocean_center_header_left_menu":"0","ocean_custom_header_template":"0","ocean_custom_logo":0,"ocean_custom_retina_logo":0,"ocean_custom_logo_max_width":0,"ocean_custom_logo_tablet_max_width":0,"ocean_custom_logo_mobile_max_width":0,"ocean_custom_logo_max_height":0,"ocean_custom_logo_tablet_max_height":0,"ocean_custom_logo_mobile_max_height":0,"ocean_header_custom_menu":"0","ocean_menu_typo_font_family":"0","ocean_menu_typo_font_subset":"","ocean_menu_typo_font_size":0,"ocean_menu_typo_font_size_tablet":0,"ocean_menu_typo_font_size_mobile":0,"ocean_menu_typo_font_size_unit":"px","ocean_menu_typo_font_weight":"","ocean_menu_typo_font_weight_tablet":"","ocean_menu_typo_font_weight_mobile":"","ocean_menu_typo_transform":"","ocean_menu_typo_transform_tablet":"","ocean_menu_typo_transform_mobile":"","ocean_menu_typo_line_height":0,"ocean_menu_typo_line_height_tablet":0,"ocean_menu_typo_line_height_mobile":0,"ocean_menu_typo_line_height_unit":"","ocean_menu_typo_spacing":0,"ocean_menu_typo_spacing_tablet":0,"ocean_menu_typo_spacing_mobile":0,"ocean_menu_typo_spacing_unit":"","ocean_menu_link_color":"","ocean_menu_link_color_hover":"","ocean_menu_link_color_active":"","ocean_menu_link_background":"","ocean_menu_link_hover_background":"","ocean_menu_link_active_background":"","ocean_menu_social_links_bg":"","ocean_menu_social_hover_links_bg":"","ocean_menu_social_links_color":"","ocean_menu_social_hover_links_color":"","ocean_disable_title":"default","ocean_disable_heading":"default","ocean_post_title":"","ocean_post_subheading":"","ocean_post_title_style":"","ocean_post_title_background_color":"","ocean_post_title_background":0,"ocean_post_title_bg_image_position":"","ocean_post_title_bg_image_attachment":"","ocean_post_title_bg_image_repeat":"","ocean_post_title_bg_image_size":"","ocean_post_title_height":0,"ocean_post_title_bg_overlay":0.5,"ocean_post_title_bg_overlay_color":"","ocean_disable_breadcrumbs":"default","ocean_breadcrumbs_color":"","ocean_breadcrumbs_separator_color":"","ocean_breadcrumbs_links_color":"","ocean_breadcrumbs_links_hover_color":"","ocean_display_footer_widgets":"default","ocean_display_footer_bottom":"default","ocean_custom_footer_template":"0","osh_disable_topbar_sticky":"default","osh_disable_header_sticky":"default","osh_sticky_header_style":"default","osh_sticky_header_effect":"","osh_custom_sticky_logo":0,"osh_custom_retina_sticky_logo":0,"osh_custom_sticky_logo_height":0,"osh_background_color":"","osh_links_color":"","osh_links_hover_color":"","osh_links_active_color":"","osh_links_bg_color":"","osh_links_hover_bg_color":"","osh_links_active_bg_color":"","osh_menu_social_links_color":"","osh_menu_social_hover_links_color":""},"product_brand":[],"product_cat":[44,41],"product_tag":[261,262,100],"class_list":{"0":"post-3485","1":"product","2":"type-product","3":"status-publish","4":"has-post-thumbnail","6":"product_cat-progressive-grease-dividers","7":"product_cat-progressive-grease-systems","8":"product_tag-grease-dispenser-valve","9":"product_tag-grease-feeder","10":"product_tag-grease-metering-valve","12":"entry","13":"has-media","15":"first","16":"instock","17":"shipping-taxable","18":"product-type-external","19":"col","20":"span_1_of_3","21":"owp-content-center","22":"owp-thumbs-layout-horizontal","23":"owp-btn-very-big","24":"owp-tabs-layout-horizontal"},"_links":{"self":[{"href":"https:\/\/www.jinpinlub.com\/hu\/wp-json\/wp\/v2\/product\/3485","targetHints":{"allow":["GET"]}}],"collection":[{"href":"https:\/\/www.jinpinlub.com\/hu\/wp-json\/wp\/v2\/product"}],"about":[{"href":"https:\/\/www.jinpinlub.com\/hu\/wp-json\/wp\/v2\/types\/product"}],"wp:featuredmedia":[{"embeddable":true,"href":"https:\/\/www.jinpinlub.com\/hu\/wp-json\/wp\/v2\/media\/3483"}],"wp:attachment":[{"href":"https:\/\/www.jinpinlub.com\/hu\/wp-json\/wp\/v2\/media?parent=3485"}],"wp:term":[{"taxonomy":"product_brand","embeddable":true,"href":"https:\/\/www.jinpinlub.com\/hu\/wp-json\/wp\/v2\/product_brand?post=3485"},{"taxonomy":"product_cat","embeddable":true,"href":"https:\/\/www.jinpinlub.com\/hu\/wp-json\/wp\/v2\/product_cat?post=3485"},{"taxonomy":"product_tag","embeddable":true,"href":"https:\/\/www.jinpinlub.com\/hu\/wp-json\/wp\/v2\/product_tag?post=3485"}],"curies":[{"name":"wp","href":"https:\/\/api.w.org\/{rel}","templated":true}]}}