{"id":3486,"date":"2024-08-29T04:21:15","date_gmt":"2024-08-28T20:21:15","guid":{"rendered":"https:\/\/www.jinpinlub.com\/?post_type=product&#038;p=3486"},"modified":"2025-06-06T19:33:42","modified_gmt":"2025-06-06T11:33:42","slug":"jsv-dugattyus-progressziv-eloszto-kenoanyaghoz-nlgi-0-2","status":"publish","type":"product","link":"https:\/\/www.jinpinlub.com\/hu\/product\/jsv-plunger-progressive-distributor-for-lubricant-nlgi-0-2\/","title":{"rendered":"JSV dugatty\u00fas progressz\u00edv eloszt\u00f3 ken\u0151anyaghoz NLGI 0-2"},"content":{"rendered":"<h2>Jellemz\u0151k<\/h2>\n<p><span id=\"input-sentence~0\">T\u00f6bbkimenetes kialak\u00edt\u00e1s: A JSV progressz\u00edv eloszt\u00f3k ak\u00e1r 6-20 kivezet\u00e9ses kivitelben is el\u00e9rhet\u0151k, hogy megfeleljenek a legt\u00f6bb ken\u00e9si k\u00f6vetelm\u00e9nynek.<br \/>\nFejlett szekvenciaeloszt\u00e1s: A JSV zs\u00edreloszt\u00f3k sorban adagolj\u00e1k a ken\u0151anyagot minden egyes kimenetn\u00e9l, ez\u00e1ltal k\u00f6nnyen fel\u00fcgyelve a m\u0171k\u00f6d\u00e9st.<br \/>\nRugalmass\u00e1gi be\u00e1ll\u00edt\u00e1s: A JSV adagol\u00f3szelepeinek adagol\u00e1si mennyis\u00e9ge n\u00f6velhet\u0151 egy kimenet elz\u00e1r\u00e1s\u00e1val, hogy a ken\u0151anyagot a k\u00f6vetkez\u0151 kimenetre ir\u00e1ny\u00edts\u00e1k.<\/span><span id=\"input-sentence~1\"><br \/>\nAnyagtart\u00f3ss\u00e1g: A JSV szelepeloszt\u00f3k sz\u00e9nac\u00e9lb\u00f3l \u00e9s nikkelezett \u00f6tv\u00f6zetb\u0151l k\u00e9sz\u00fclnek, ellen\u00e1llnak a k\u00f6rnyezeti agresszi\u00f3nak.<\/span><\/p>\n<h2>Specifik\u00e1ci\u00f3<\/h2>\n<table>\n<tbody>\n<tr>\n<td>M\u0171k\u00f6d\u00e9si elv<\/td>\n<td>M\u00e9r\u0151eszk\u00f6z\u00f6k<\/td>\n<\/tr>\n<tr>\n<td>Az \u00fczletek sz\u00e1ma<\/td>\n<td>6-20<\/td>\n<\/tr>\n<tr>\n<td>M\u00e9r\u00e9si mennyis\u00e9g<\/td>\n<td>0,2 ml\/ciklus<\/td>\n<\/tr>\n<tr>\n<td>Ken\u0151anyag<\/td>\n<td>Zs\u00edr NLGI 2-ig, olaj 32-220cSt@40\u2103<\/td>\n<\/tr>\n<tr>\n<td>\u00dczemi h\u0151m\u00e9rs\u00e9klet<\/td>\n<td>-20 \u00e9s +80 \u00b0C k\u00f6z\u00f6tt<\/td>\n<\/tr>\n<tr>\n<td>\u00dczemi nyom\u00e1s<\/td>\n<td>Max. 300 bar<\/td>\n<\/tr>\n<tr>\n<td>Anyag<\/td>\n<td>Fekete horganyzott<\/td>\n<\/tr>\n<tr>\n<td>Csatlakoz\u00f3 bemenet<\/td>\n<td>\u03a66\/\u03a68 (M10x1)<\/td>\n<\/tr>\n<tr>\n<td>Csatlakoz\u00f3 kimenet<\/td>\n<td>\u03a66\/\u03a68 (M10x1)<\/td>\n<\/tr>\n<tr>\n<td>Be\u00e9p\u00edt\u00e9si helyzet<\/td>\n<td>B\u00e1rmilyen<\/td>\n<\/tr>\n<\/tbody>\n<\/table>\n<h2>Alkalmaz\u00e1s<\/h2>\n<p>Ipari g\u00e9pek: A JINPUNLUB JSV m\u00e9r\u0151eszk\u00f6z\u00f6ket sz\u00e9les k\u00f6rben alkalmazz\u00e1k k\u00fcl\u00f6nf\u00e9le ipari g\u00e9pekhez \u00e9s berendez\u00e9sekhez, p\u00e9ld\u00e1ul szersz\u00e1mg\u00e9pekhez, fr\u00f6ccs\u00f6nt\u0151 g\u00e9pekhez, fr\u00f6ccs\u00f6nt\u0151 g\u00e9pekhez stb., hogy garant\u00e1lj\u00e1k az eszk\u00f6z norm\u00e1l m\u0171k\u00f6d\u00e9s\u00e9t \u00e9s meghosszabb\u00edts\u00e1k az \u00e9lettartamot.<br \/>\nM\u00e9rn\u00f6ki g\u00e9pek: JSV m\u00e9r\u0151eszk\u00f6z\u00f6k Az olyan m\u00e9rn\u00f6ki g\u00e9pek, mint a kotr\u00f3g\u00e9p, rakod\u00f3g\u00e9p, daru stb., progressz\u00edv eloszt\u00f3kat haszn\u00e1lhatnak a megb\u00edzhat\u00f3 ken\u00e9s \u00e9s a mechanikai kop\u00e1s cs\u00f6kkent\u00e9se \u00e9rdek\u00e9ben.<\/p>\n<h2>K\u00e9zik\u00f6nyvek<\/h2>\n<div class=\"sdm_download_button_box_default\"><div class=\"sdm_download_link\"><a href=\"https:\/\/www.jinpinlub.com\/hu\/?sdm_process_download=1&download_id=2474\" class=\"sdm_download white\" title=\"Mag\u00e1n: JSV Progressive Distributor\" target=\"&quot;_blank&quot;\">Adatlap megtekint\u00e9se \u2013 JSV Forgalmaz\u00f3<\/a><\/div><\/div>","protected":false},"excerpt":{"rendered":"<p>A JSV progressz\u00edv zs\u00edradagol\u00f3it sz\u00e9les k\u00f6rben haszn\u00e1lj\u00e1k ipari berendez\u00e9sek ken\u00e9si rendszereiben, k\u00fcl\u00f6n\u00f6sen olyan helyzetekben, ahol sz\u00fcks\u00e9g van a ken\u0151anyag mennyis\u00e9g\u00e9nek pontos szab\u00e1lyoz\u00e1s\u00e1ra, mint p\u00e9ld\u00e1ul neh\u00e9zg\u00e9pek, gy\u00e1rt\u00f3berendez\u00e9sek \u00e9s automatiz\u00e1lt gy\u00e1rt\u00f3sorok.<\/p>","protected":false},"featured_media":3478,"template":"","meta":{"ocean_post_layout":"","ocean_both_sidebars_style":"","ocean_both_sidebars_content_width":0,"ocean_both_sidebars_sidebars_width":0,"ocean_sidebar":"0","ocean_second_sidebar":"0","ocean_disable_margins":"enable","ocean_add_body_class":"","ocean_shortcode_before_top_bar":"","ocean_shortcode_after_top_bar":"","ocean_shortcode_before_header":"","ocean_shortcode_after_header":"","ocean_has_shortcode":"","ocean_shortcode_after_title":"","ocean_shortcode_before_footer_widgets":"","ocean_shortcode_after_footer_widgets":"","ocean_shortcode_before_footer_bottom":"","ocean_shortcode_after_footer_bottom":"","ocean_display_top_bar":"default","ocean_display_header":"default","ocean_header_style":"","ocean_center_header_left_menu":"0","ocean_custom_header_template":"0","ocean_custom_logo":0,"ocean_custom_retina_logo":0,"ocean_custom_logo_max_width":0,"ocean_custom_logo_tablet_max_width":0,"ocean_custom_logo_mobile_max_width":0,"ocean_custom_logo_max_height":0,"ocean_custom_logo_tablet_max_height":0,"ocean_custom_logo_mobile_max_height":0,"ocean_header_custom_menu":"0","ocean_menu_typo_font_family":"0","ocean_menu_typo_font_subset":"","ocean_menu_typo_font_size":0,"ocean_menu_typo_font_size_tablet":0,"ocean_menu_typo_font_size_mobile":0,"ocean_menu_typo_font_size_unit":"px","ocean_menu_typo_font_weight":"","ocean_menu_typo_font_weight_tablet":"","ocean_menu_typo_font_weight_mobile":"","ocean_menu_typo_transform":"","ocean_menu_typo_transform_tablet":"","ocean_menu_typo_transform_mobile":"","ocean_menu_typo_line_height":0,"ocean_menu_typo_line_height_tablet":0,"ocean_menu_typo_line_height_mobile":0,"ocean_menu_typo_line_height_unit":"","ocean_menu_typo_spacing":0,"ocean_menu_typo_spacing_tablet":0,"ocean_menu_typo_spacing_mobile":0,"ocean_menu_typo_spacing_unit":"","ocean_menu_link_color":"","ocean_menu_link_color_hover":"","ocean_menu_link_color_active":"","ocean_menu_link_background":"","ocean_menu_link_hover_background":"","ocean_menu_link_active_background":"","ocean_menu_social_links_bg":"","ocean_menu_social_hover_links_bg":"","ocean_menu_social_links_color":"","ocean_menu_social_hover_links_color":"","ocean_disable_title":"default","ocean_disable_heading":"default","ocean_post_title":"","ocean_post_subheading":"","ocean_post_title_style":"","ocean_post_title_background_color":"","ocean_post_title_background":0,"ocean_post_title_bg_image_position":"","ocean_post_title_bg_image_attachment":"","ocean_post_title_bg_image_repeat":"","ocean_post_title_bg_image_size":"","ocean_post_title_height":0,"ocean_post_title_bg_overlay":0.5,"ocean_post_title_bg_overlay_color":"","ocean_disable_breadcrumbs":"default","ocean_breadcrumbs_color":"","ocean_breadcrumbs_separator_color":"","ocean_breadcrumbs_links_color":"","ocean_breadcrumbs_links_hover_color":"","ocean_display_footer_widgets":"default","ocean_display_footer_bottom":"default","ocean_custom_footer_template":"0","osh_disable_topbar_sticky":"default","osh_disable_header_sticky":"default","osh_sticky_header_style":"default","osh_sticky_header_effect":"","osh_custom_sticky_logo":0,"osh_custom_retina_sticky_logo":0,"osh_custom_sticky_logo_height":0,"osh_background_color":"","osh_links_color":"","osh_links_hover_color":"","osh_links_active_color":"","osh_links_bg_color":"","osh_links_hover_bg_color":"","osh_links_active_bg_color":"","osh_menu_social_links_color":"","osh_menu_social_hover_links_color":""},"product_brand":[],"product_cat":[44,41],"product_tag":[87,141,236],"class_list":{"0":"post-3486","1":"product","2":"type-product","3":"status-publish","4":"has-post-thumbnail","6":"product_cat-progressive-grease-dividers","7":"product_cat-progressive-grease-systems","8":"product_tag-grease-distributor","9":"product_tag-lubrication-distributor","10":"product_tag-lubrication-pump-distributor","12":"entry","13":"has-media","15":"first","16":"instock","17":"shipping-taxable","18":"product-type-external","19":"col","20":"span_1_of_3","21":"owp-content-center","22":"owp-thumbs-layout-horizontal","23":"owp-btn-very-big","24":"owp-tabs-layout-horizontal"},"_links":{"self":[{"href":"https:\/\/www.jinpinlub.com\/hu\/wp-json\/wp\/v2\/product\/3486","targetHints":{"allow":["GET"]}}],"collection":[{"href":"https:\/\/www.jinpinlub.com\/hu\/wp-json\/wp\/v2\/product"}],"about":[{"href":"https:\/\/www.jinpinlub.com\/hu\/wp-json\/wp\/v2\/types\/product"}],"wp:featuredmedia":[{"embeddable":true,"href":"https:\/\/www.jinpinlub.com\/hu\/wp-json\/wp\/v2\/media\/3478"}],"wp:attachment":[{"href":"https:\/\/www.jinpinlub.com\/hu\/wp-json\/wp\/v2\/media?parent=3486"}],"wp:term":[{"taxonomy":"product_brand","embeddable":true,"href":"https:\/\/www.jinpinlub.com\/hu\/wp-json\/wp\/v2\/product_brand?post=3486"},{"taxonomy":"product_cat","embeddable":true,"href":"https:\/\/www.jinpinlub.com\/hu\/wp-json\/wp\/v2\/product_cat?post=3486"},{"taxonomy":"product_tag","embeddable":true,"href":"https:\/\/www.jinpinlub.com\/hu\/wp-json\/wp\/v2\/product_tag?post=3486"}],"curies":[{"name":"wp","href":"https:\/\/api.w.org\/{rel}","templated":true}]}}