{"id":3488,"date":"2024-08-29T04:29:17","date_gmt":"2024-08-28T20:29:17","guid":{"rendered":"https:\/\/www.jinpinlub.com\/?post_type=product&#038;p=3488"},"modified":"2025-06-06T19:33:28","modified_gmt":"2025-06-06T11:33:28","slug":"jsv-adagoloblokk-zsir-kozponti-kenorendszerhez","status":"publish","type":"product","link":"https:\/\/www.jinpinlub.com\/hu\/product\/jsv-metering-block-for-grease-centralized-lubrication-system\/","title":{"rendered":"JSV adagol\u00f3blokk zs\u00edr k\u00f6zponti ken\u0151rendszerhez"},"content":{"rendered":"<h2>Jellemz\u0151k<\/h2>\n<p><span id=\"input-sentence~0\">Prec\u00edz ken\u00e9s: a JSV adagol\u00f3k\u00e9sz\u00fcl\u00e9k minden ken\u00e9si pontja pontos ken\u0151anyag-kibocs\u00e1t\u00e1st kaphat, hogy garant\u00e1lja a berendez\u00e9s legjobb m\u0171k\u00f6d\u00e9s\u00e9t.<\/span><span id=\"input-sentence~1\"><br \/>\nEnergiatakar\u00e9kos \u00e9s hat\u00e9kony: a JSV m\u00e9r\u0151k\u00e9sz\u00fcl\u00e9k kompakt kialak\u00edt\u00e1s\u00fa a k\u00f6nny\u0171 telep\u00edt\u00e9s \u00e9rdek\u00e9ben, \u00e9s visszacsap\u00f3 szeleppel van be\u00e9p\u00edtve a ken\u0151anyag-pazarl\u00e1s cs\u00f6kkent\u00e9se \u00e9rdek\u00e9ben, ez\u00e1ltal jav\u00edtva az energiahat\u00e9konys\u00e1got.<br \/>\nT\u00f6bbpontos fel\u00fcgyelet: a JSV m\u00e9r\u0151eszk\u00f6z jelz\u0151r\u00faddal \u00e9s k\u00f6zel\u00edt\u00e9skapcsol\u00f3val van felszerelve a kimenetn\u00e9l a ken\u00e9si \u00e1llapot val\u00f3s idej\u0171 fel\u00fcgyelet\u00e9hez.<\/span><span id=\"input-sentence~2\"><br \/>\nEr\u0151s tart\u00f3ss\u00e1g: a JSV m\u00e9r\u0151k\u00e9sz\u00fcl\u00e9k kiv\u00e1l\u00f3 anyagmin\u0151s\u00e9g\u0171, nagy \u00fczemi nyom\u00e1st is b\u00edrt, sokf\u00e9le rossz \u00fczem\u00e1llapot k\u00f6vetelm\u00e9ny\u00e9t kiel\u00e9g\u00edtve.<\/span><\/p>\n<h2>Specifik\u00e1ci\u00f3<\/h2>\n<table>\n<tbody>\n<tr>\n<td>M\u0171k\u00f6d\u00e9si elv<\/td>\n<td>M\u00e9r\u0151eszk\u00f6z\u00f6k<\/td>\n<\/tr>\n<tr>\n<td>Az \u00fczletek sz\u00e1ma<\/td>\n<td>6-20<\/td>\n<\/tr>\n<tr>\n<td>M\u00e9r\u00e9si mennyis\u00e9g<\/td>\n<td>0,2 ml\/ciklus<\/td>\n<\/tr>\n<tr>\n<td>Ken\u0151anyag<\/td>\n<td>Zs\u00edr NLGI 2-ig, olaj 32-220cSt@40\u2103<\/td>\n<\/tr>\n<tr>\n<td>\u00dczemi h\u0151m\u00e9rs\u00e9klet<\/td>\n<td>-20 \u00e9s +80 \u00b0C k\u00f6z\u00f6tt<\/td>\n<\/tr>\n<tr>\n<td>\u00dczemi nyom\u00e1s<\/td>\n<td>Max. 300 bar<\/td>\n<\/tr>\n<tr>\n<td>Anyag<\/td>\n<td>Fekete horganyzott<\/td>\n<\/tr>\n<tr>\n<td>Csatlakoz\u00f3 bemenet<\/td>\n<td>\u03a66\/\u03a68 (M10x1)<\/td>\n<\/tr>\n<tr>\n<td>Csatlakoz\u00f3 kimenet<\/td>\n<td>\u03a66\/\u03a68 (M10x1)<\/td>\n<\/tr>\n<tr>\n<td>Be\u00e9p\u00edt\u00e9si helyzet<\/td>\n<td>B\u00e1rmilyen<\/td>\n<\/tr>\n<\/tbody>\n<\/table>\n<h2>Alkalmaz\u00e1s<\/h2>\n<p><span id=\"input-sentence~2\">G\u00e9pj\u00e1rm\u0171gy\u00e1rt\u00e1s: az aut\u00f3gy\u00e1rt\u00f3 sorok k\u00fcl\u00f6nb\u00f6z\u0151 szakaszain a progressz\u00edv forgalmaz\u00f3t k\u00fcl\u00f6nf\u00e9le sebess\u00e9gv\u00e1lt\u00f3-alkatr\u00e9szek ken\u00e9s\u00e9re fogadt\u00e1k el, hogy el\u0151seg\u00edts\u00e9k a termel\u00e9s hat\u00e9konys\u00e1g\u00e1t \u00e9s a term\u00e9kmin\u0151s\u00e9get.<\/span><span id=\"input-sentence~3\"><br \/>\nKoh\u00e1szati berendez\u00e9sek: A JSV m\u00e9r\u0151eszk\u00f6z\u00f6k hat\u00e9konyan elker\u00fclhetik a berendez\u00e9s \u00fczem k\u00f6zbeni meghib\u00e1sod\u00e1s\u00e1t, \u00e9s biztos\u00edtj\u00e1k a gy\u00e1rt\u00e1s folyamatoss\u00e1g\u00e1t a folyamatos \u00f6nt\u0151g\u00e9pekben, hengerm\u0171vekben \u00e9s m\u00e1s koh\u00e1szati berendez\u00e9sekben.<br \/>\n\u00c9lelmiszer-feldolgoz\u00e1s: Az \u00e9lelmiszer-feldolgoz\u00f3 berendez\u00e9sekben a progressz\u00edv forgalmaz\u00f3k biztos\u00edtj\u00e1k a megfelel\u0151 ken\u00e9st a berendez\u00e9s tiszt\u00e1n \u00e9s biztons\u00e1gosan tart\u00e1sa \u00e9rdek\u00e9ben.<\/span><\/p>\n<h2>K\u00e9zik\u00f6nyvek<\/h2>\n<div class=\"sdm_download_button_box_default\"><div class=\"sdm_download_link\"><a href=\"https:\/\/www.jinpinlub.com\/hu\/?sdm_process_download=1&download_id=2474\" class=\"sdm_download white\" title=\"Mag\u00e1n: JSV Progressive Distributor\" target=\"&quot;_blank&quot;\">Adatlap megtekint\u00e9se \u2013 JSV Forgalmaz\u00f3<\/a><\/div><\/div>","protected":false},"excerpt":{"rendered":"<p>A JSV eloszt\u00f3 b\u00e1rmely aljzata csatlakoztathat\u00f3 a szomsz\u00e9dos k\u00f6vetkez\u0151 aljzathoz a dug\u00f3 beszerel\u00e9se ut\u00e1n, el\u00e9rve az \u00e1raml\u00e1si szuperpoz\u00edci\u00f3t. A dug\u00f3 kiszerel\u00e9s\u00e9vel \u00e9s a vizu\u00e1lis vagy elektronikus fel\u00fcgyeleti eszk\u00f6z felszerel\u00e9s\u00e9vel vizu\u00e1lis vagy elektronikus fel\u00fcgyeletet val\u00f3s\u00edthat meg.<\/p>","protected":false},"featured_media":3475,"template":"","meta":{"ocean_post_layout":"","ocean_both_sidebars_style":"","ocean_both_sidebars_content_width":0,"ocean_both_sidebars_sidebars_width":0,"ocean_sidebar":"0","ocean_second_sidebar":"0","ocean_disable_margins":"enable","ocean_add_body_class":"","ocean_shortcode_before_top_bar":"","ocean_shortcode_after_top_bar":"","ocean_shortcode_before_header":"","ocean_shortcode_after_header":"","ocean_has_shortcode":"","ocean_shortcode_after_title":"","ocean_shortcode_before_footer_widgets":"","ocean_shortcode_after_footer_widgets":"","ocean_shortcode_before_footer_bottom":"","ocean_shortcode_after_footer_bottom":"","ocean_display_top_bar":"default","ocean_display_header":"default","ocean_header_style":"","ocean_center_header_left_menu":"0","ocean_custom_header_template":"0","ocean_custom_logo":0,"ocean_custom_retina_logo":0,"ocean_custom_logo_max_width":0,"ocean_custom_logo_tablet_max_width":0,"ocean_custom_logo_mobile_max_width":0,"ocean_custom_logo_max_height":0,"ocean_custom_logo_tablet_max_height":0,"ocean_custom_logo_mobile_max_height":0,"ocean_header_custom_menu":"0","ocean_menu_typo_font_family":"0","ocean_menu_typo_font_subset":"","ocean_menu_typo_font_size":0,"ocean_menu_typo_font_size_tablet":0,"ocean_menu_typo_font_size_mobile":0,"ocean_menu_typo_font_size_unit":"px","ocean_menu_typo_font_weight":"","ocean_menu_typo_font_weight_tablet":"","ocean_menu_typo_font_weight_mobile":"","ocean_menu_typo_transform":"","ocean_menu_typo_transform_tablet":"","ocean_menu_typo_transform_mobile":"","ocean_menu_typo_line_height":0,"ocean_menu_typo_line_height_tablet":0,"ocean_menu_typo_line_height_mobile":0,"ocean_menu_typo_line_height_unit":"","ocean_menu_typo_spacing":0,"ocean_menu_typo_spacing_tablet":0,"ocean_menu_typo_spacing_mobile":0,"ocean_menu_typo_spacing_unit":"","ocean_menu_link_color":"","ocean_menu_link_color_hover":"","ocean_menu_link_color_active":"","ocean_menu_link_background":"","ocean_menu_link_hover_background":"","ocean_menu_link_active_background":"","ocean_menu_social_links_bg":"","ocean_menu_social_hover_links_bg":"","ocean_menu_social_links_color":"","ocean_menu_social_hover_links_color":"","ocean_disable_title":"default","ocean_disable_heading":"default","ocean_post_title":"","ocean_post_subheading":"","ocean_post_title_style":"","ocean_post_title_background_color":"","ocean_post_title_background":0,"ocean_post_title_bg_image_position":"","ocean_post_title_bg_image_attachment":"","ocean_post_title_bg_image_repeat":"","ocean_post_title_bg_image_size":"","ocean_post_title_height":0,"ocean_post_title_bg_overlay":0.5,"ocean_post_title_bg_overlay_color":"","ocean_disable_breadcrumbs":"default","ocean_breadcrumbs_color":"","ocean_breadcrumbs_separator_color":"","ocean_breadcrumbs_links_color":"","ocean_breadcrumbs_links_hover_color":"","ocean_display_footer_widgets":"default","ocean_display_footer_bottom":"default","ocean_custom_footer_template":"0","osh_disable_topbar_sticky":"default","osh_disable_header_sticky":"default","osh_sticky_header_style":"default","osh_sticky_header_effect":"","osh_custom_sticky_logo":0,"osh_custom_retina_sticky_logo":0,"osh_custom_sticky_logo_height":0,"osh_background_color":"","osh_links_color":"","osh_links_hover_color":"","osh_links_active_color":"","osh_links_bg_color":"","osh_links_hover_bg_color":"","osh_links_active_bg_color":"","osh_menu_social_links_color":"","osh_menu_social_hover_links_color":""},"product_brand":[],"product_cat":[44,41],"product_tag":[263,98,100],"class_list":{"0":"post-3488","1":"product","2":"type-product","3":"status-publish","4":"has-post-thumbnail","6":"product_cat-progressive-grease-dividers","7":"product_cat-progressive-grease-systems","8":"product_tag-grease-metering-block","9":"product_tag-grease-metering-device","10":"product_tag-grease-metering-valve","12":"entry","13":"has-media","15":"first","16":"instock","17":"shipping-taxable","18":"product-type-external","19":"col","20":"span_1_of_3","21":"owp-content-center","22":"owp-thumbs-layout-horizontal","23":"owp-btn-very-big","24":"owp-tabs-layout-horizontal"},"_links":{"self":[{"href":"https:\/\/www.jinpinlub.com\/hu\/wp-json\/wp\/v2\/product\/3488","targetHints":{"allow":["GET"]}}],"collection":[{"href":"https:\/\/www.jinpinlub.com\/hu\/wp-json\/wp\/v2\/product"}],"about":[{"href":"https:\/\/www.jinpinlub.com\/hu\/wp-json\/wp\/v2\/types\/product"}],"wp:featuredmedia":[{"embeddable":true,"href":"https:\/\/www.jinpinlub.com\/hu\/wp-json\/wp\/v2\/media\/3475"}],"wp:attachment":[{"href":"https:\/\/www.jinpinlub.com\/hu\/wp-json\/wp\/v2\/media?parent=3488"}],"wp:term":[{"taxonomy":"product_brand","embeddable":true,"href":"https:\/\/www.jinpinlub.com\/hu\/wp-json\/wp\/v2\/product_brand?post=3488"},{"taxonomy":"product_cat","embeddable":true,"href":"https:\/\/www.jinpinlub.com\/hu\/wp-json\/wp\/v2\/product_cat?post=3488"},{"taxonomy":"product_tag","embeddable":true,"href":"https:\/\/www.jinpinlub.com\/hu\/wp-json\/wp\/v2\/product_tag?post=3488"}],"curies":[{"name":"wp","href":"https:\/\/api.w.org\/{rel}","templated":true}]}}