{"id":3491,"date":"2024-08-29T05:03:59","date_gmt":"2024-08-28T21:03:59","guid":{"rendered":"https:\/\/www.jinpinlub.com\/?post_type=product&#038;p=3491"},"modified":"2025-06-06T19:33:23","modified_gmt":"2025-06-06T11:33:23","slug":"jsv-tobb-kimenetu-progressziv-eloszto-kenoanyag-szivattyuhoz","status":"publish","type":"product","link":"https:\/\/www.jinpinlub.com\/hu\/product\/jsv-multi-outlet-progressive-distributor-for-lubricant-pump\/","title":{"rendered":"JSV Multi-Outlet progressz\u00edv eloszt\u00f3 ken\u0151anyag-szivatty\u00fahoz"},"content":{"rendered":"<h2>Funkci\u00f3<\/h2>\n<p>Fejlett tervez\u00e9s: Az eloszt\u00f3 fejlett kialak\u00edt\u00e1st alkalmaz az olajeloszt\u00e1s pontoss\u00e1g\u00e1nak \u00e9s stabilit\u00e1s\u00e1nak biztos\u00edt\u00e1sa \u00e9rdek\u00e9ben.<br \/>\nModul\u00e1ris fel\u00e9p\u00edt\u00e9s: A JSV eloszt\u00f3 minden kimenet\u00e9nek kimeneti t\u00e9rfogata r\u00f6gz\u00edtett, de a kimenet kis\u00fcl\u00e9se egy dug\u00f3 be\u00e9p\u00edt\u00e9s\u00e9vel \u00e9s egy speci\u00e1lis csatlakoz\u00e1s elt\u00e1vol\u00edt\u00e1s\u00e1val megv\u00e1ltoztathat\u00f3.<br \/>\n\u00c9sszer\u0171 fel\u00e9p\u00edt\u00e9s: A JSV progressz\u00edv adagol\u00f3szelep kompakt szerkezet\u0171, k\u00f6nnyen telep\u00edthet\u0151 \u00e9s karbantarthat\u00f3.<br \/>\nSz\u00e9lesk\u00f6r\u0171 felhaszn\u00e1l\u00e1si ter\u00fclet: Alkalmas k\u00f6zepes nyom\u00e1s\u00fa \u00e9s nagy h\u0151m\u00e9rs\u00e9klet-ingadoz\u00e1s\u00fa munkak\u00f6r\u00fclm\u00e9nyekre, k\u00e9zi, elektromos, pneumatikus szivatty\u00fakkal kombin\u00e1lva egysoros ken\u0151rendszert alkot.<\/p>\n<h2>Specifik\u00e1ci\u00f3<\/h2>\n<table>\n<tbody>\n<tr>\n<td>M\u0171k\u00f6d\u00e9si elv<\/td>\n<td>M\u00e9r\u0151eszk\u00f6z\u00f6k<\/td>\n<\/tr>\n<tr>\n<td>Az \u00fczletek sz\u00e1ma<\/td>\n<td>6-20<\/td>\n<\/tr>\n<tr>\n<td>M\u00e9r\u00e9si mennyis\u00e9g<\/td>\n<td>0,2 ml\/ciklus<\/td>\n<\/tr>\n<tr>\n<td>Ken\u0151anyag<\/td>\n<td>Zs\u00edr NLGI 2-ig, olaj 32-220cSt@40\u2103<\/td>\n<\/tr>\n<tr>\n<td>\u00dczemi h\u0151m\u00e9rs\u00e9klet<\/td>\n<td>-20 \u00e9s +80 \u00b0C k\u00f6z\u00f6tt<\/td>\n<\/tr>\n<tr>\n<td>\u00dczemi nyom\u00e1s<\/td>\n<td>Max. 300 bar<\/td>\n<\/tr>\n<tr>\n<td>Anyag<\/td>\n<td>Fekete horganyzott<\/td>\n<\/tr>\n<tr>\n<td>Csatlakoz\u00f3 bemenet<\/td>\n<td>\u03a66\/\u03a68 (M10x1)<\/td>\n<\/tr>\n<tr>\n<td>Csatlakoz\u00f3 kimenet<\/td>\n<td>\u03a66\/\u03a68 (M10x1)<\/td>\n<\/tr>\n<tr>\n<td>Be\u00e9p\u00edt\u00e9si helyzet<\/td>\n<td>B\u00e1rmilyen<\/td>\n<\/tr>\n<\/tbody>\n<\/table>\n<h2>Alkalmaz\u00e1s<\/h2>\n<p>Kis- \u00e9s k\u00f6zepes m\u00e9ret\u0171 szersz\u00e1mg\u00e9pek \u00e9s lyukaszt\u00f3g\u00e9pek: A JINPINLUB JSV progressz\u00edv eloszt\u00f3i k\u00fcl\u00f6nf\u00e9le kis- \u00e9s k\u00f6zepes m\u00e9ret\u0171 g\u00e9p\u00e9szeti berendez\u00e9sek ken\u00e9si ig\u00e9nyeire alkalmasak.<br \/>\nM\u0171anyag g\u00e9pek \u00e9s berendez\u00e9sek: A JSV progressz\u00edv forgalmaz\u00f3it sz\u00e9les k\u00f6rben haszn\u00e1lj\u00e1k a m\u0171anyagfeldolgoz\u00f3 berendez\u00e9sekben.<br \/>\nNagy, egysoros ken\u0151rendszer: A JSV progressz\u00edv eloszt\u00f3k aleloszt\u00f3k\u00e9nt haszn\u00e1lhat\u00f3k a rendszer hat\u00e9kony m\u0171k\u00f6d\u00e9s\u00e9nek biztos\u00edt\u00e1s\u00e1ra.<\/p>\n<h2>K\u00e9zik\u00f6nyvek<\/h2>\n<div class=\"sdm_download_button_box_default\"><div class=\"sdm_download_link\"><a href=\"https:\/\/www.jinpinlub.com\/hu\/?sdm_process_download=1&download_id=2474\" class=\"sdm_download white\" title=\"Mag\u00e1n: JSV Progressive Distributor\" target=\"&quot;_blank&quot;\">Adatlap megtekint\u00e9se \u2013 JSV Forgalmaz\u00f3<\/a><\/div><\/div>","protected":false},"excerpt":{"rendered":"<p>A JSV progressz\u00edv eloszt\u00f3 t\u00f6bb eloszt\u00f3 egys\u00e9gb\u0151l \u00e1ll, amelyek mindegyike sorban osztja el a ken\u0151anyagot a dugatty\u00fa oda-vissza mozg\u00e1s\u00e1val. Az egyes eloszt\u00f3egys\u00e9gek teljes\u00edtm\u00e9nye r\u00f6gz\u00edtett, \u00edgy biztos\u00edtva, hogy minden ken\u00e9si pont megfelel\u0151 mennyis\u00e9get kapjon.<\/p>","protected":false},"featured_media":3462,"template":"","meta":{"ocean_post_layout":"","ocean_both_sidebars_style":"","ocean_both_sidebars_content_width":0,"ocean_both_sidebars_sidebars_width":0,"ocean_sidebar":"0","ocean_second_sidebar":"0","ocean_disable_margins":"enable","ocean_add_body_class":"","ocean_shortcode_before_top_bar":"","ocean_shortcode_after_top_bar":"","ocean_shortcode_before_header":"","ocean_shortcode_after_header":"","ocean_has_shortcode":"","ocean_shortcode_after_title":"","ocean_shortcode_before_footer_widgets":"","ocean_shortcode_after_footer_widgets":"","ocean_shortcode_before_footer_bottom":"","ocean_shortcode_after_footer_bottom":"","ocean_display_top_bar":"default","ocean_display_header":"default","ocean_header_style":"","ocean_center_header_left_menu":"0","ocean_custom_header_template":"0","ocean_custom_logo":0,"ocean_custom_retina_logo":0,"ocean_custom_logo_max_width":0,"ocean_custom_logo_tablet_max_width":0,"ocean_custom_logo_mobile_max_width":0,"ocean_custom_logo_max_height":0,"ocean_custom_logo_tablet_max_height":0,"ocean_custom_logo_mobile_max_height":0,"ocean_header_custom_menu":"0","ocean_menu_typo_font_family":"0","ocean_menu_typo_font_subset":"","ocean_menu_typo_font_size":0,"ocean_menu_typo_font_size_tablet":0,"ocean_menu_typo_font_size_mobile":0,"ocean_menu_typo_font_size_unit":"px","ocean_menu_typo_font_weight":"","ocean_menu_typo_font_weight_tablet":"","ocean_menu_typo_font_weight_mobile":"","ocean_menu_typo_transform":"","ocean_menu_typo_transform_tablet":"","ocean_menu_typo_transform_mobile":"","ocean_menu_typo_line_height":0,"ocean_menu_typo_line_height_tablet":0,"ocean_menu_typo_line_height_mobile":0,"ocean_menu_typo_line_height_unit":"","ocean_menu_typo_spacing":0,"ocean_menu_typo_spacing_tablet":0,"ocean_menu_typo_spacing_mobile":0,"ocean_menu_typo_spacing_unit":"","ocean_menu_link_color":"","ocean_menu_link_color_hover":"","ocean_menu_link_color_active":"","ocean_menu_link_background":"","ocean_menu_link_hover_background":"","ocean_menu_link_active_background":"","ocean_menu_social_links_bg":"","ocean_menu_social_hover_links_bg":"","ocean_menu_social_links_color":"","ocean_menu_social_hover_links_color":"","ocean_disable_title":"default","ocean_disable_heading":"default","ocean_post_title":"","ocean_post_subheading":"","ocean_post_title_style":"","ocean_post_title_background_color":"","ocean_post_title_background":0,"ocean_post_title_bg_image_position":"","ocean_post_title_bg_image_attachment":"","ocean_post_title_bg_image_repeat":"","ocean_post_title_bg_image_size":"","ocean_post_title_height":0,"ocean_post_title_bg_overlay":0.5,"ocean_post_title_bg_overlay_color":"","ocean_disable_breadcrumbs":"default","ocean_breadcrumbs_color":"","ocean_breadcrumbs_separator_color":"","ocean_breadcrumbs_links_color":"","ocean_breadcrumbs_links_hover_color":"","ocean_display_footer_widgets":"default","ocean_display_footer_bottom":"default","ocean_custom_footer_template":"0","osh_disable_topbar_sticky":"default","osh_disable_header_sticky":"default","osh_sticky_header_style":"default","osh_sticky_header_effect":"","osh_custom_sticky_logo":0,"osh_custom_retina_sticky_logo":0,"osh_custom_sticky_logo_height":0,"osh_background_color":"","osh_links_color":"","osh_links_hover_color":"","osh_links_active_color":"","osh_links_bg_color":"","osh_links_hover_bg_color":"","osh_links_active_bg_color":"","osh_menu_social_links_color":"","osh_menu_social_hover_links_color":""},"product_brand":[],"product_cat":[44,41],"product_tag":[267,122,266],"class_list":{"0":"post-3491","1":"product","2":"type-product","3":"status-publish","4":"has-post-thumbnail","6":"product_cat-progressive-grease-dividers","7":"product_cat-progressive-grease-systems","8":"product_tag-progressive-distribution-valve","9":"product_tag-progressive-divider","10":"product_tag-progressive-lubrication-valve","12":"entry","13":"has-media","15":"first","16":"instock","17":"shipping-taxable","18":"product-type-external","19":"col","20":"span_1_of_3","21":"owp-content-center","22":"owp-thumbs-layout-horizontal","23":"owp-btn-very-big","24":"owp-tabs-layout-horizontal"},"_links":{"self":[{"href":"https:\/\/www.jinpinlub.com\/hu\/wp-json\/wp\/v2\/product\/3491","targetHints":{"allow":["GET"]}}],"collection":[{"href":"https:\/\/www.jinpinlub.com\/hu\/wp-json\/wp\/v2\/product"}],"about":[{"href":"https:\/\/www.jinpinlub.com\/hu\/wp-json\/wp\/v2\/types\/product"}],"wp:featuredmedia":[{"embeddable":true,"href":"https:\/\/www.jinpinlub.com\/hu\/wp-json\/wp\/v2\/media\/3462"}],"wp:attachment":[{"href":"https:\/\/www.jinpinlub.com\/hu\/wp-json\/wp\/v2\/media?parent=3491"}],"wp:term":[{"taxonomy":"product_brand","embeddable":true,"href":"https:\/\/www.jinpinlub.com\/hu\/wp-json\/wp\/v2\/product_brand?post=3491"},{"taxonomy":"product_cat","embeddable":true,"href":"https:\/\/www.jinpinlub.com\/hu\/wp-json\/wp\/v2\/product_cat?post=3491"},{"taxonomy":"product_tag","embeddable":true,"href":"https:\/\/www.jinpinlub.com\/hu\/wp-json\/wp\/v2\/product_tag?post=3491"}],"curies":[{"name":"wp","href":"https:\/\/api.w.org\/{rel}","templated":true}]}}