{"id":3493,"date":"2024-08-29T05:20:47","date_gmt":"2024-08-28T21:20:47","guid":{"rendered":"https:\/\/www.jinpinlub.com\/?post_type=product&#038;p=3493"},"modified":"2025-06-06T19:32:42","modified_gmt":"2025-06-06T11:32:42","slug":"jsv-zsir-kenoblokk-vajkeno-rendszerhez","status":"publish","type":"product","link":"https:\/\/www.jinpinlub.com\/hu\/product\/jsv-grease-lubrication-block-for-butter-lubricating-system\/","title":{"rendered":"JSV zs\u00edros ken\u0151blokk vajken\u0151 rendszerhez"},"content":{"rendered":"<h2>Funkci\u00f3<\/h2>\n<p><span id=\"input-sentence~0\">Szabv\u00e1nyos kimenet: A JINPINLUB JSV Feeder szabv\u00e1nyos l\u00f6kett\u00e9rfogata 0,18 cm3, \u00e9s a kimenetek sz\u00e1m\u00e1nak n\u00f6vel\u00e9s\u00e9nek ig\u00e9nye szerint t\u00f6bb kimenet kombin\u00e1lhat\u00f3 t\u00f6bb l\u00f6kett\u00e9rfogat el\u00e9r\u00e9se \u00e9rdek\u00e9ben.<br \/>\nAlkalmazhat\u00f3 ken\u0151anyagok: JSV Feeder olajos \u00e9s zs\u00edros ken\u0151anyagokhoz.<\/span><span id=\"input-sentence~1\"> A maxim\u00e1lis \u00fczemi nyom\u00e1s 30 bar.<br \/>\nModul\u00e1ris fel\u00e9p\u00edt\u00e9s: A JSV Feeder kimeneti sz\u00e1mai \u00e9s kimenetei az ig\u00e9nyeknek megfelel\u0151en v\u00e1ltoztathat\u00f3k, \u00e9s a rugalmass\u00e1g nagyon nagy.<br \/>\nMegb\u00edzhat\u00f3s\u00e1g: Minden egyes kimeneti dugatty\u00fa \u00f6n\u00e1ll\u00f3an m\u0171k\u00f6dik, \u00edgy biztos\u00edtva, hogy minden ken\u00e9si pont a megfelel\u0151 mennyis\u00e9g\u0171 ken\u0151anyagot kapja.<\/span><\/p>\n<h2>Specifik\u00e1ci\u00f3<\/h2>\n<table>\n<tbody>\n<tr>\n<td>M\u0171k\u00f6d\u00e9si elv<\/td>\n<td>M\u00e9r\u0151eszk\u00f6z\u00f6k<\/td>\n<\/tr>\n<tr>\n<td>Az \u00fczletek sz\u00e1ma<\/td>\n<td>6-20<\/td>\n<\/tr>\n<tr>\n<td>M\u00e9r\u00e9si mennyis\u00e9g<\/td>\n<td>0,2 ml\/ciklus<\/td>\n<\/tr>\n<tr>\n<td>Ken\u0151anyag<\/td>\n<td>Zs\u00edr NLGI 2-ig, olaj 32-220cSt@40\u2103<\/td>\n<\/tr>\n<tr>\n<td>\u00dczemi h\u0151m\u00e9rs\u00e9klet<\/td>\n<td>-20 \u00e9s +80 \u00b0C k\u00f6z\u00f6tt<\/td>\n<\/tr>\n<tr>\n<td>\u00dczemi nyom\u00e1s<\/td>\n<td>Max. 300 bar<\/td>\n<\/tr>\n<tr>\n<td>Anyag<\/td>\n<td>Fekete horganyzott<\/td>\n<\/tr>\n<tr>\n<td>Csatlakoz\u00f3 bemenet<\/td>\n<td>\u03a66\/\u03a68 (M10x1)<\/td>\n<\/tr>\n<tr>\n<td>Csatlakoz\u00f3 kimenet<\/td>\n<td>\u03a66\/\u03a68 (M10x1)<\/td>\n<\/tr>\n<tr>\n<td>Be\u00e9p\u00edt\u00e9si helyzet<\/td>\n<td>B\u00e1rmilyen<\/td>\n<\/tr>\n<\/tbody>\n<\/table>\n<h2>Alkalmaz\u00e1s<\/h2>\n<p>A feldolgoz\u00f3iparban a JSV t\u00edpus\u00fa progressz\u00edv eloszt\u00f3kat gyakran haszn\u00e1lj\u00e1k automatiz\u00e1lt gy\u00e1rt\u00f3sorok mechanikai berendez\u00e9seiben, p\u00e9ld\u00e1ul sajtol\u00f3g\u00e9pekben, fr\u00f6ccs\u00f6nt\u0151 g\u00e9pekben \u00e9s sz\u00e1ll\u00edt\u00f3szalag-rendszerekben. A ken\u0151anyag prec\u00edz eloszt\u00e1sa biztos\u00edtja a berendez\u00e9s z\u00f6kken\u0151mentes m\u0171k\u00f6d\u00e9s\u00e9t nagy terhel\u00e9s mellett, valamint cs\u00f6kkenti a kop\u00e1st \u00e9s a meghib\u00e1sod\u00e1st.<br \/>\nA sz\u00e9lturbin\u00e1kban JSV t\u00edpus\u00fa progressz\u00edv eloszt\u00f3kat haszn\u00e1lnak a f\u0151csap\u00e1gyak \u00e9s sebess\u00e9gv\u00e1lt\u00f3k ken\u00e9s\u00e9re. Ezek az alkatr\u00e9szek nagy terhel\u00e9sen \u00e9s nagy fordulatsz\u00e1mon m\u0171k\u00f6dnek, \u00e9s egy megb\u00edzhat\u00f3 ken\u0151rendszer jav\u00edthatja a gener\u00e1tor hat\u00e9konys\u00e1g\u00e1t \u00e9s megb\u00edzhat\u00f3s\u00e1g\u00e1t.<\/p>\n<h2>K\u00e9zik\u00f6nyvek<\/h2>\n<div class=\"sdm_download_button_box_default\"><div class=\"sdm_download_link\"><a href=\"https:\/\/www.jinpinlub.com\/hu\/?sdm_process_download=1&download_id=2474\" class=\"sdm_download white\" title=\"Mag\u00e1n: JSV Progressive Distributor\" target=\"&quot;_blank&quot;\">Adatlap megtekint\u00e9se \u2013 JSV Forgalmaz\u00f3<\/a><\/div><\/div>","protected":false},"excerpt":{"rendered":"<p>A JINPINLUB JSV progressz\u00edv ken\u00e9si eloszt\u00f3t \u00fagy tervezt\u00e9k, hogy pontos \u00e9s hat\u00e9kony ken\u00e9st biztos\u00edtson k\u00fcl\u00f6nb\u00f6z\u0151 mechanikai berendez\u00e9sekhez. Klasszikus kialak\u00edt\u00e1s\u00fa, nagyon sokoldal\u00fa, stabil m\u0171k\u00f6d\u00e9s\u0171 \u00e9s egyszer\u0171en szerelhet\u0151, egy progressz\u00edv ken\u0151anyag-eloszt\u00f3 szelep.<\/p>","protected":false},"featured_media":3453,"template":"","meta":{"ocean_post_layout":"","ocean_both_sidebars_style":"","ocean_both_sidebars_content_width":0,"ocean_both_sidebars_sidebars_width":0,"ocean_sidebar":"0","ocean_second_sidebar":"0","ocean_disable_margins":"enable","ocean_add_body_class":"","ocean_shortcode_before_top_bar":"","ocean_shortcode_after_top_bar":"","ocean_shortcode_before_header":"","ocean_shortcode_after_header":"","ocean_has_shortcode":"","ocean_shortcode_after_title":"","ocean_shortcode_before_footer_widgets":"","ocean_shortcode_after_footer_widgets":"","ocean_shortcode_before_footer_bottom":"","ocean_shortcode_after_footer_bottom":"","ocean_display_top_bar":"default","ocean_display_header":"default","ocean_header_style":"","ocean_center_header_left_menu":"0","ocean_custom_header_template":"0","ocean_custom_logo":0,"ocean_custom_retina_logo":0,"ocean_custom_logo_max_width":0,"ocean_custom_logo_tablet_max_width":0,"ocean_custom_logo_mobile_max_width":0,"ocean_custom_logo_max_height":0,"ocean_custom_logo_tablet_max_height":0,"ocean_custom_logo_mobile_max_height":0,"ocean_header_custom_menu":"0","ocean_menu_typo_font_family":"0","ocean_menu_typo_font_subset":"","ocean_menu_typo_font_size":0,"ocean_menu_typo_font_size_tablet":0,"ocean_menu_typo_font_size_mobile":0,"ocean_menu_typo_font_size_unit":"px","ocean_menu_typo_font_weight":"","ocean_menu_typo_font_weight_tablet":"","ocean_menu_typo_font_weight_mobile":"","ocean_menu_typo_transform":"","ocean_menu_typo_transform_tablet":"","ocean_menu_typo_transform_mobile":"","ocean_menu_typo_line_height":0,"ocean_menu_typo_line_height_tablet":0,"ocean_menu_typo_line_height_mobile":0,"ocean_menu_typo_line_height_unit":"","ocean_menu_typo_spacing":0,"ocean_menu_typo_spacing_tablet":0,"ocean_menu_typo_spacing_mobile":0,"ocean_menu_typo_spacing_unit":"","ocean_menu_link_color":"","ocean_menu_link_color_hover":"","ocean_menu_link_color_active":"","ocean_menu_link_background":"","ocean_menu_link_hover_background":"","ocean_menu_link_active_background":"","ocean_menu_social_links_bg":"","ocean_menu_social_hover_links_bg":"","ocean_menu_social_links_color":"","ocean_menu_social_hover_links_color":"","ocean_disable_title":"default","ocean_disable_heading":"default","ocean_post_title":"","ocean_post_subheading":"","ocean_post_title_style":"","ocean_post_title_background_color":"","ocean_post_title_background":0,"ocean_post_title_bg_image_position":"","ocean_post_title_bg_image_attachment":"","ocean_post_title_bg_image_repeat":"","ocean_post_title_bg_image_size":"","ocean_post_title_height":0,"ocean_post_title_bg_overlay":0.5,"ocean_post_title_bg_overlay_color":"","ocean_disable_breadcrumbs":"default","ocean_breadcrumbs_color":"","ocean_breadcrumbs_separator_color":"","ocean_breadcrumbs_links_color":"","ocean_breadcrumbs_links_hover_color":"","ocean_display_footer_widgets":"default","ocean_display_footer_bottom":"default","ocean_custom_footer_template":"0","osh_disable_topbar_sticky":"default","osh_disable_header_sticky":"default","osh_sticky_header_style":"default","osh_sticky_header_effect":"","osh_custom_sticky_logo":0,"osh_custom_retina_sticky_logo":0,"osh_custom_sticky_logo_height":0,"osh_background_color":"","osh_links_color":"","osh_links_hover_color":"","osh_links_active_color":"","osh_links_bg_color":"","osh_links_hover_bg_color":"","osh_links_active_bg_color":"","osh_menu_social_links_color":"","osh_menu_social_hover_links_color":""},"product_brand":[],"product_cat":[44,41],"product_tag":[270,271,272],"class_list":{"0":"post-3493","1":"product","2":"type-product","3":"status-publish","4":"has-post-thumbnail","6":"product_cat-progressive-grease-dividers","7":"product_cat-progressive-grease-systems","8":"product_tag-grease-lubrication-block","9":"product_tag-grease-measurement-device","10":"product_tag-lubricating-system-divider","12":"entry","13":"has-media","15":"first","16":"instock","17":"shipping-taxable","18":"product-type-external","19":"col","20":"span_1_of_3","21":"owp-content-center","22":"owp-thumbs-layout-horizontal","23":"owp-btn-very-big","24":"owp-tabs-layout-horizontal"},"_links":{"self":[{"href":"https:\/\/www.jinpinlub.com\/hu\/wp-json\/wp\/v2\/product\/3493","targetHints":{"allow":["GET"]}}],"collection":[{"href":"https:\/\/www.jinpinlub.com\/hu\/wp-json\/wp\/v2\/product"}],"about":[{"href":"https:\/\/www.jinpinlub.com\/hu\/wp-json\/wp\/v2\/types\/product"}],"wp:featuredmedia":[{"embeddable":true,"href":"https:\/\/www.jinpinlub.com\/hu\/wp-json\/wp\/v2\/media\/3453"}],"wp:attachment":[{"href":"https:\/\/www.jinpinlub.com\/hu\/wp-json\/wp\/v2\/media?parent=3493"}],"wp:term":[{"taxonomy":"product_brand","embeddable":true,"href":"https:\/\/www.jinpinlub.com\/hu\/wp-json\/wp\/v2\/product_brand?post=3493"},{"taxonomy":"product_cat","embeddable":true,"href":"https:\/\/www.jinpinlub.com\/hu\/wp-json\/wp\/v2\/product_cat?post=3493"},{"taxonomy":"product_tag","embeddable":true,"href":"https:\/\/www.jinpinlub.com\/hu\/wp-json\/wp\/v2\/product_tag?post=3493"}],"curies":[{"name":"wp","href":"https:\/\/api.w.org\/{rel}","templated":true}]}}