{"id":3494,"date":"2024-08-29T05:22:34","date_gmt":"2024-08-28T21:22:34","guid":{"rendered":"https:\/\/www.jinpinlub.com\/?post_type=product&#038;p=3494"},"modified":"2025-06-06T19:32:38","modified_gmt":"2025-06-06T11:32:38","slug":"jsv-6-kompakt-egyszeru-monoblokk-progressziv-osztoszelep","status":"publish","type":"product","link":"https:\/\/www.jinpinlub.com\/hu\/product\/jsv-6-compact-simple-monoblock-progressive-divider-valves\/","title":{"rendered":"JSV-6 kompakt egyszer\u0171 monoblokkos progressz\u00edv oszt\u00f3szelepek"},"content":{"rendered":"<h2>Funkci\u00f3<\/h2>\n<p><span id=\"input-sentence~0\">Ken\u0151anyag bemenet: A ken\u0151anyag a ken\u0151szivatty\u00fan kereszt\u00fcl jut be az eloszt\u00f3szelep bemenet\u00e9be.<br \/>\nSzekvenci\u00e1lis eloszl\u00e1s: Az oszt\u00f3szelep dugatty\u00fai sorban mozognak, hogy a ken\u0151anyagot eloszts\u00e1k az egyes kimenetekhez. Mindegyik dugatty\u00fa mozg\u00e1sa megnyomja a k\u00f6vetkez\u0151 dugatty\u00fat, folyamatos ciklust alkotva.<\/span><span id=\"input-sentence~1\"><br \/>\nEgyenletes eloszl\u00e1s: Minden egyes kimenet ugyanannyi ken\u0151anyagot oszt el minden ciklusban, biztos\u00edtva, hogy minden ken\u00e9si pont egyenletesen legyen kenve.<br \/>\nHiba\u00e9szlel\u00e9s: Ha egy konnektor el van z\u00e1rva, az eg\u00e9sz rendszer le\u00e1ll, ami k\u00e9nyelmes az \u00e9szlel\u00e9shez \u00e9s karbantart\u00e1shoz.<\/span><\/p>\n<h2>Specifik\u00e1ci\u00f3<\/h2>\n<table>\n<tbody>\n<tr>\n<td>M\u0171k\u00f6d\u00e9si elv<\/td>\n<td>M\u00e9r\u0151eszk\u00f6z\u00f6k<\/td>\n<\/tr>\n<tr>\n<td>Az \u00fczletek sz\u00e1ma<\/td>\n<td>6-20<\/td>\n<\/tr>\n<tr>\n<td>M\u00e9r\u00e9si mennyis\u00e9g<\/td>\n<td>0,2 ml\/ciklus<\/td>\n<\/tr>\n<tr>\n<td>Ken\u0151anyag<\/td>\n<td>Zs\u00edr NLGI 2-ig, olaj 32-220cSt@40\u2103<\/td>\n<\/tr>\n<tr>\n<td>\u00dczemi h\u0151m\u00e9rs\u00e9klet<\/td>\n<td>-20 \u00e9s +80 \u00b0C k\u00f6z\u00f6tt<\/td>\n<\/tr>\n<tr>\n<td>\u00dczemi nyom\u00e1s<\/td>\n<td>Max. 300 bar<\/td>\n<\/tr>\n<tr>\n<td>Anyag<\/td>\n<td>Fekete horganyzott<\/td>\n<\/tr>\n<tr>\n<td>Csatlakoz\u00f3 bemenet<\/td>\n<td>\u03a66\/\u03a68 (M10x1)<\/td>\n<\/tr>\n<tr>\n<td>Csatlakoz\u00f3 kimenet<\/td>\n<td>\u03a66\/\u03a68 (M10x1)<\/td>\n<\/tr>\n<tr>\n<td>Be\u00e9p\u00edt\u00e9si helyzet<\/td>\n<td>B\u00e1rmilyen<\/td>\n<\/tr>\n<\/tbody>\n<\/table>\n<h2>Alkalmaz\u00e1s<\/h2>\n<p><span id=\"input-sentence~0\">Gy\u00e1rt\u00e1s: A JINPINLUB JSV oszt\u00f3szelepeket ken\u00e9sre haszn\u00e1lj\u00e1k olyan ter\u00fcleteken, mint a gy\u00e1rt\u00f3sorok \u00e9s a mechanikus berendez\u00e9sek automatiz\u00e1l\u00e1sa.<br \/>\nG\u00e9pj\u00e1rm\u0171ipar: a JSV oszt\u00f3szelepeket v\u00e1ltozatos mechanikai alkatr\u00e9szek ken\u00e9s\u00e9re haszn\u00e1lj\u00e1k az aut\u00f3k \u00f6sszeszerel\u00e9si l\u00e1ncai \u00e9s az alkatr\u00e9szgy\u00e1rt\u00e1si folyamatok ment\u00e9n.<\/span><span id=\"input-sentence~1\"><br \/>\n\u00c9lelmiszer- \u00e9s italipar: A JSV elv\u00e1laszt\u00f3 szelepeket \u00e9lelmiszer-feldolgoz\u00f3 berendez\u00e9sekben haszn\u00e1lj\u00e1k ken\u00e9sre, m\u0171k\u00f6d\u00e9s\u00fck j\u00f3 hat\u00e9konys\u00e1g\u00e1nak meg\u0151rz\u00e9se \u00e9rdek\u00e9ben.<br \/>\nB\u00e1ny\u00e1szat \u00e9s neh\u00e9zg\u00e9pek: A b\u00e1ny\u00e1szati berendez\u00e9sekben \u00e9s neh\u00e9zg\u00e9pekben nagy fogaskerekek \u00e9s csap\u00e1gyak ken\u00e9s\u00e9re haszn\u00e1lj\u00e1k.<\/span><\/p>\n<h2>K\u00e9zik\u00f6nyvek<\/h2>\n<div class=\"sdm_download_button_box_default\"><div class=\"sdm_download_link\"><a href=\"https:\/\/www.jinpinlub.com\/hu\/?sdm_process_download=1&download_id=2474\" class=\"sdm_download white\" title=\"Mag\u00e1n: JSV Progressive Distributor\" target=\"&quot;_blank&quot;\">Adatlap megtekint\u00e9se \u2013 JSV Forgalmaz\u00f3<\/a><\/div><\/div>","protected":false},"excerpt":{"rendered":"<p>A JSV progressz\u00edv oszt\u00f3szelep egy kompakt, monolit egys\u00e9g, amelyet sz\u0171k helyeken t\u00f6rt\u00e9n\u0151 hat\u00e9kony ken\u00e9sre terveztek. Ezek a szelepek egym\u00e1s ut\u00e1n m\u0171k\u00f6dnek, biztos\u00edtva a ken\u0151anyag egyenletes eloszl\u00e1s\u00e1t az \u00f6sszes kimenethez. Ha egy aljzat elt\u00f6m\u0151dik, az eg\u00e9sz rendszer m\u0171k\u00f6d\u00e9se le\u00e1ll.<\/p>","protected":false},"featured_media":3447,"template":"","meta":{"ocean_post_layout":"","ocean_both_sidebars_style":"","ocean_both_sidebars_content_width":0,"ocean_both_sidebars_sidebars_width":0,"ocean_sidebar":"0","ocean_second_sidebar":"0","ocean_disable_margins":"enable","ocean_add_body_class":"","ocean_shortcode_before_top_bar":"","ocean_shortcode_after_top_bar":"","ocean_shortcode_before_header":"","ocean_shortcode_after_header":"","ocean_has_shortcode":"","ocean_shortcode_after_title":"","ocean_shortcode_before_footer_widgets":"","ocean_shortcode_after_footer_widgets":"","ocean_shortcode_before_footer_bottom":"","ocean_shortcode_after_footer_bottom":"","ocean_display_top_bar":"default","ocean_display_header":"default","ocean_header_style":"","ocean_center_header_left_menu":"0","ocean_custom_header_template":"0","ocean_custom_logo":0,"ocean_custom_retina_logo":0,"ocean_custom_logo_max_width":0,"ocean_custom_logo_tablet_max_width":0,"ocean_custom_logo_mobile_max_width":0,"ocean_custom_logo_max_height":0,"ocean_custom_logo_tablet_max_height":0,"ocean_custom_logo_mobile_max_height":0,"ocean_header_custom_menu":"0","ocean_menu_typo_font_family":"0","ocean_menu_typo_font_subset":"","ocean_menu_typo_font_size":0,"ocean_menu_typo_font_size_tablet":0,"ocean_menu_typo_font_size_mobile":0,"ocean_menu_typo_font_size_unit":"px","ocean_menu_typo_font_weight":"","ocean_menu_typo_font_weight_tablet":"","ocean_menu_typo_font_weight_mobile":"","ocean_menu_typo_transform":"","ocean_menu_typo_transform_tablet":"","ocean_menu_typo_transform_mobile":"","ocean_menu_typo_line_height":0,"ocean_menu_typo_line_height_tablet":0,"ocean_menu_typo_line_height_mobile":0,"ocean_menu_typo_line_height_unit":"","ocean_menu_typo_spacing":0,"ocean_menu_typo_spacing_tablet":0,"ocean_menu_typo_spacing_mobile":0,"ocean_menu_typo_spacing_unit":"","ocean_menu_link_color":"","ocean_menu_link_color_hover":"","ocean_menu_link_color_active":"","ocean_menu_link_background":"","ocean_menu_link_hover_background":"","ocean_menu_link_active_background":"","ocean_menu_social_links_bg":"","ocean_menu_social_hover_links_bg":"","ocean_menu_social_links_color":"","ocean_menu_social_hover_links_color":"","ocean_disable_title":"default","ocean_disable_heading":"default","ocean_post_title":"","ocean_post_subheading":"","ocean_post_title_style":"","ocean_post_title_background_color":"","ocean_post_title_background":0,"ocean_post_title_bg_image_position":"","ocean_post_title_bg_image_attachment":"","ocean_post_title_bg_image_repeat":"","ocean_post_title_bg_image_size":"","ocean_post_title_height":0,"ocean_post_title_bg_overlay":0.5,"ocean_post_title_bg_overlay_color":"","ocean_disable_breadcrumbs":"default","ocean_breadcrumbs_color":"","ocean_breadcrumbs_separator_color":"","ocean_breadcrumbs_links_color":"","ocean_breadcrumbs_links_hover_color":"","ocean_display_footer_widgets":"default","ocean_display_footer_bottom":"default","ocean_custom_footer_template":"0","osh_disable_topbar_sticky":"default","osh_disable_header_sticky":"default","osh_sticky_header_style":"default","osh_sticky_header_effect":"","osh_custom_sticky_logo":0,"osh_custom_retina_sticky_logo":0,"osh_custom_sticky_logo_height":0,"osh_background_color":"","osh_links_color":"","osh_links_hover_color":"","osh_links_active_color":"","osh_links_bg_color":"","osh_links_hover_bg_color":"","osh_links_active_bg_color":"","osh_menu_social_links_color":"","osh_menu_social_hover_links_color":""},"product_brand":[],"product_cat":[44,41],"product_tag":[274,99,273],"class_list":{"0":"post-3494","1":"product","2":"type-product","3":"status-publish","4":"has-post-thumbnail","6":"product_cat-progressive-grease-dividers","7":"product_cat-progressive-grease-systems","8":"product_tag-distribution-valve","9":"product_tag-progressive-distributor","10":"product_tag-progressive-lubrication","12":"entry","13":"has-media","15":"first","16":"instock","17":"shipping-taxable","18":"product-type-external","19":"col","20":"span_1_of_3","21":"owp-content-center","22":"owp-thumbs-layout-horizontal","23":"owp-btn-very-big","24":"owp-tabs-layout-horizontal"},"_links":{"self":[{"href":"https:\/\/www.jinpinlub.com\/hu\/wp-json\/wp\/v2\/product\/3494","targetHints":{"allow":["GET"]}}],"collection":[{"href":"https:\/\/www.jinpinlub.com\/hu\/wp-json\/wp\/v2\/product"}],"about":[{"href":"https:\/\/www.jinpinlub.com\/hu\/wp-json\/wp\/v2\/types\/product"}],"wp:featuredmedia":[{"embeddable":true,"href":"https:\/\/www.jinpinlub.com\/hu\/wp-json\/wp\/v2\/media\/3447"}],"wp:attachment":[{"href":"https:\/\/www.jinpinlub.com\/hu\/wp-json\/wp\/v2\/media?parent=3494"}],"wp:term":[{"taxonomy":"product_brand","embeddable":true,"href":"https:\/\/www.jinpinlub.com\/hu\/wp-json\/wp\/v2\/product_brand?post=3494"},{"taxonomy":"product_cat","embeddable":true,"href":"https:\/\/www.jinpinlub.com\/hu\/wp-json\/wp\/v2\/product_cat?post=3494"},{"taxonomy":"product_tag","embeddable":true,"href":"https:\/\/www.jinpinlub.com\/hu\/wp-json\/wp\/v2\/product_tag?post=3494"}],"curies":[{"name":"wp","href":"https:\/\/api.w.org\/{rel}","templated":true}]}}