{"id":3496,"date":"2024-08-29T05:31:03","date_gmt":"2024-08-28T21:31:03","guid":{"rendered":"https:\/\/www.jinpinlub.com\/?post_type=product&#038;p=3496"},"modified":"2025-06-06T19:32:33","modified_gmt":"2025-06-06T11:32:33","slug":"jsv-6-progressziv-monoblokk-eloszto-1-20-kimenetrol","status":"publish","type":"product","link":"https:\/\/www.jinpinlub.com\/hu\/product\/jsv-6-progressive-monoblock-distributors-from-1-20-outputs\/","title":{"rendered":"JSV-6 progressz\u00edv monoblokk eloszt\u00f3k 1-20 kimenettel"},"content":{"rendered":"<h2>Funkci\u00f3<\/h2>\n<p><span id=\"input-sentence~0\">Kivitel: A JINPINLUB JSV szelepek nikkelezett ac\u00e9lb\u00f3l vagy rozsdamentes ac\u00e9lb\u00f3l k\u00e9sz\u00fclnek a massz\u00edv szolg\u00e1ltat\u00e1s \u00e9s a korr\u00f3zi\u00f3v\u00e9delem \u00e9rdek\u00e9ben. \u00c1ltal\u00e1ban 6, 8, 10, 12, 14, 16 vagy 18 kivezet\u00e9ssel kaphat\u00f3k.<br \/>\nAlapelv: A szelep sorban m\u00e9ri a ken\u0151anyagot t\u00f6bb dugatty\u00fan kereszt\u00fcl.<\/span><span id=\"input-sentence~1\"> Mindegyik dugatty\u00fa felv\u00e1ltva mozog, \u00e9s meghat\u00e1rozott mennyis\u00e9g\u0171 ken\u0151anyag juthat \u00e1t minden egyes kimeneten.<br \/>\nFel\u00fcgyelet: A JSV szelepek vizu\u00e1lis vagy elektronikus fel\u00fcgyeleti eszk\u00f6z\u00f6kkel szerelhet\u0151k fel. Figyelemmel k\u00eds\u00e9rik a rendszeren bel\u00fcli dugul\u00e1sokat vagy hib\u00e1kat, valamint a karbantart\u00e1si ig\u00e9nyeket, hogy megakad\u00e1lyozz\u00e1k az \u00e1ll\u00e1sid\u0151t.<\/span><span id=\"input-sentence~2\"><br \/>\nTestreszab\u00e1s: A JSV szelepek konfigur\u00e1ci\u00f3ja rugalmas. Kimeneteik kombin\u00e1lhat\u00f3k vagy blokkolhat\u00f3k az adott ken\u00e9si ig\u00e9nyeknek megfelel\u0151en.<\/span><\/p>\n<h2>Specifik\u00e1ci\u00f3<\/h2>\n<table>\n<tbody>\n<tr>\n<td>M\u0171k\u00f6d\u00e9si elv<\/td>\n<td>M\u00e9r\u0151eszk\u00f6z\u00f6k<\/td>\n<\/tr>\n<tr>\n<td>Az \u00fczletek sz\u00e1ma<\/td>\n<td>6-20<\/td>\n<\/tr>\n<tr>\n<td>M\u00e9r\u00e9si mennyis\u00e9g<\/td>\n<td>0,2 ml\/ciklus<\/td>\n<\/tr>\n<tr>\n<td>Ken\u0151anyag<\/td>\n<td>Zs\u00edr NLGI 2-ig, olaj 32-220cSt@40\u2103<\/td>\n<\/tr>\n<tr>\n<td>\u00dczemi h\u0151m\u00e9rs\u00e9klet<\/td>\n<td>-20 \u00e9s +80 \u00b0C k\u00f6z\u00f6tt<\/td>\n<\/tr>\n<tr>\n<td>\u00dczemi nyom\u00e1s<\/td>\n<td>Max. 300 bar<\/td>\n<\/tr>\n<tr>\n<td>Anyag<\/td>\n<td>Fekete horganyzott<\/td>\n<\/tr>\n<tr>\n<td>Csatlakoz\u00f3 bemenet<\/td>\n<td>\u03a66\/\u03a68 (M10x1)<\/td>\n<\/tr>\n<tr>\n<td>Csatlakoz\u00f3 kimenet<\/td>\n<td>\u03a66\/\u03a68 (M10x1)<\/td>\n<\/tr>\n<tr>\n<td>Be\u00e9p\u00edt\u00e9si helyzet<\/td>\n<td>B\u00e1rmilyen<\/td>\n<\/tr>\n<\/tbody>\n<\/table>\n<h2>Alkalmaz\u00e1s<\/h2>\n<p><span id=\"input-sentence~2\">Ipari g\u00e9pek: Az oszt\u00f3szelepet els\u0151sorban k\u00fcl\u00f6nf\u00e9le ipari g\u00e9pekben alkalmazz\u00e1k a mozg\u00f3 alkatr\u00e9szek j\u00f3 ken\u00e9s\u00e9re.<br \/>\nAut\u00f3ipari rendszerek: Az aut\u00f3iparhoz kapcsol\u00f3d\u00f3 gy\u00e1rt\u00e1sban \u00e9s karbantart\u00e1sban a JSV eloszt\u00f3szelepeket a motorok, sebess\u00e9gv\u00e1lt\u00f3k \u00e9s m\u00e1s kritikus alkatr\u00e9szek ken\u00e9s\u00e9re haszn\u00e1lj\u00e1k.<\/span><span id=\"input-sentence~3\"><br \/>\n\u00c9lelmiszer- \u00e9s italgy\u00e1rt\u00f3 \u00fczemek: A JSV elv\u00e1laszt\u00f3 szelepeket sz\u00e1ll\u00edt\u00f3szalagok, kever\u0151k \u00e9s m\u00e1s mechanikai alkatr\u00e9szek ken\u00e9s\u00e9re haszn\u00e1lj\u00e1k.<br \/>\n\u00c9p\u00edt\u0151ipari g\u00e9pek: Az elv\u00e1laszt\u00f3 szelepeket neh\u00e9z \u00e9p\u00edt\u0151ipari g\u00e9peken, p\u00e9ld\u00e1ul kotr\u00f3g\u00e9peken \u00e9s buld\u00f3zereken alkalmazz\u00e1k. Ez fontos a hidraulikus rendszerek ken\u00e9s\u00e9n\u00e9l.<\/span><\/p>\n<h2>K\u00e9zik\u00f6nyvek<\/h2>\n<div class=\"sdm_download_button_box_default\"><div class=\"sdm_download_link\"><a href=\"https:\/\/www.jinpinlub.com\/hu\/?sdm_process_download=1&download_id=2474\" class=\"sdm_download white\" title=\"Mag\u00e1n: JSV Progressive Distributor\" target=\"&quot;_blank&quot;\">Adatlap megtekint\u00e9se \u2013 JSV Forgalmaz\u00f3<\/a><\/div><\/div>","protected":false},"excerpt":{"rendered":"<p>A JSV progressz\u00edv eloszt\u00f3szelep egy kompakt, egyblokkos tervez\u00e9si egys\u00e9g, amelyet a ken\u0151anyagok ellen\u0151rz\u00f6tt \u00e9s szekvenci\u00e1lis eloszt\u00e1s\u00e1ra terveztek. Az eloszt\u00f3 b\u00e1rmely aljzata csatlakoztathat\u00f3 a szomsz\u00e9dos aljzathoz egy dug\u00f3 beszerel\u00e9s\u00e9vel \u00e9s egy speci\u00e1lis szerelv\u00e9ny elt\u00e1vol\u00edt\u00e1s\u00e1val.<\/p>","protected":false},"featured_media":3449,"template":"","meta":{"ocean_post_layout":"","ocean_both_sidebars_style":"","ocean_both_sidebars_content_width":0,"ocean_both_sidebars_sidebars_width":0,"ocean_sidebar":"0","ocean_second_sidebar":"0","ocean_disable_margins":"enable","ocean_add_body_class":"","ocean_shortcode_before_top_bar":"","ocean_shortcode_after_top_bar":"","ocean_shortcode_before_header":"","ocean_shortcode_after_header":"","ocean_has_shortcode":"","ocean_shortcode_after_title":"","ocean_shortcode_before_footer_widgets":"","ocean_shortcode_after_footer_widgets":"","ocean_shortcode_before_footer_bottom":"","ocean_shortcode_after_footer_bottom":"","ocean_display_top_bar":"default","ocean_display_header":"default","ocean_header_style":"","ocean_center_header_left_menu":"0","ocean_custom_header_template":"0","ocean_custom_logo":0,"ocean_custom_retina_logo":0,"ocean_custom_logo_max_width":0,"ocean_custom_logo_tablet_max_width":0,"ocean_custom_logo_mobile_max_width":0,"ocean_custom_logo_max_height":0,"ocean_custom_logo_tablet_max_height":0,"ocean_custom_logo_mobile_max_height":0,"ocean_header_custom_menu":"0","ocean_menu_typo_font_family":"0","ocean_menu_typo_font_subset":"","ocean_menu_typo_font_size":0,"ocean_menu_typo_font_size_tablet":0,"ocean_menu_typo_font_size_mobile":0,"ocean_menu_typo_font_size_unit":"px","ocean_menu_typo_font_weight":"","ocean_menu_typo_font_weight_tablet":"","ocean_menu_typo_font_weight_mobile":"","ocean_menu_typo_transform":"","ocean_menu_typo_transform_tablet":"","ocean_menu_typo_transform_mobile":"","ocean_menu_typo_line_height":0,"ocean_menu_typo_line_height_tablet":0,"ocean_menu_typo_line_height_mobile":0,"ocean_menu_typo_line_height_unit":"","ocean_menu_typo_spacing":0,"ocean_menu_typo_spacing_tablet":0,"ocean_menu_typo_spacing_mobile":0,"ocean_menu_typo_spacing_unit":"","ocean_menu_link_color":"","ocean_menu_link_color_hover":"","ocean_menu_link_color_active":"","ocean_menu_link_background":"","ocean_menu_link_hover_background":"","ocean_menu_link_active_background":"","ocean_menu_social_links_bg":"","ocean_menu_social_hover_links_bg":"","ocean_menu_social_links_color":"","ocean_menu_social_hover_links_color":"","ocean_disable_title":"default","ocean_disable_heading":"default","ocean_post_title":"","ocean_post_subheading":"","ocean_post_title_style":"","ocean_post_title_background_color":"","ocean_post_title_background":0,"ocean_post_title_bg_image_position":"","ocean_post_title_bg_image_attachment":"","ocean_post_title_bg_image_repeat":"","ocean_post_title_bg_image_size":"","ocean_post_title_height":0,"ocean_post_title_bg_overlay":0.5,"ocean_post_title_bg_overlay_color":"","ocean_disable_breadcrumbs":"default","ocean_breadcrumbs_color":"","ocean_breadcrumbs_separator_color":"","ocean_breadcrumbs_links_color":"","ocean_breadcrumbs_links_hover_color":"","ocean_display_footer_widgets":"default","ocean_display_footer_bottom":"default","ocean_custom_footer_template":"0","osh_disable_topbar_sticky":"default","osh_disable_header_sticky":"default","osh_sticky_header_style":"default","osh_sticky_header_effect":"","osh_custom_sticky_logo":0,"osh_custom_retina_sticky_logo":0,"osh_custom_sticky_logo_height":0,"osh_background_color":"","osh_links_color":"","osh_links_hover_color":"","osh_links_active_color":"","osh_links_bg_color":"","osh_links_hover_bg_color":"","osh_links_active_bg_color":"","osh_menu_social_links_color":"","osh_menu_social_hover_links_color":""},"product_brand":[],"product_cat":[44,41],"product_tag":[100,99,122],"class_list":{"0":"post-3496","1":"product","2":"type-product","3":"status-publish","4":"has-post-thumbnail","6":"product_cat-progressive-grease-dividers","7":"product_cat-progressive-grease-systems","8":"product_tag-grease-metering-valve","9":"product_tag-progressive-distributor","10":"product_tag-progressive-divider","12":"entry","13":"has-media","15":"first","16":"instock","17":"shipping-taxable","18":"product-type-external","19":"col","20":"span_1_of_3","21":"owp-content-center","22":"owp-thumbs-layout-horizontal","23":"owp-btn-very-big","24":"owp-tabs-layout-horizontal"},"_links":{"self":[{"href":"https:\/\/www.jinpinlub.com\/hu\/wp-json\/wp\/v2\/product\/3496","targetHints":{"allow":["GET"]}}],"collection":[{"href":"https:\/\/www.jinpinlub.com\/hu\/wp-json\/wp\/v2\/product"}],"about":[{"href":"https:\/\/www.jinpinlub.com\/hu\/wp-json\/wp\/v2\/types\/product"}],"wp:featuredmedia":[{"embeddable":true,"href":"https:\/\/www.jinpinlub.com\/hu\/wp-json\/wp\/v2\/media\/3449"}],"wp:attachment":[{"href":"https:\/\/www.jinpinlub.com\/hu\/wp-json\/wp\/v2\/media?parent=3496"}],"wp:term":[{"taxonomy":"product_brand","embeddable":true,"href":"https:\/\/www.jinpinlub.com\/hu\/wp-json\/wp\/v2\/product_brand?post=3496"},{"taxonomy":"product_cat","embeddable":true,"href":"https:\/\/www.jinpinlub.com\/hu\/wp-json\/wp\/v2\/product_cat?post=3496"},{"taxonomy":"product_tag","embeddable":true,"href":"https:\/\/www.jinpinlub.com\/hu\/wp-json\/wp\/v2\/product_tag?post=3496"}],"curies":[{"name":"wp","href":"https:\/\/api.w.org\/{rel}","templated":true}]}}