{"id":3550,"date":"2024-08-30T08:19:38","date_gmt":"2024-08-30T00:19:38","guid":{"rendered":"https:\/\/www.jinpinlub.com\/?post_type=product&#038;p=3550"},"modified":"2024-08-30T08:29:54","modified_gmt":"2024-08-30T00:29:54","slug":"jdl1-ellenallasu-olajfogaskerek-szivattyu-kenoanyag-szerszamgepekhez","status":"publish","type":"product","link":"https:\/\/www.jinpinlub.com\/hu\/product\/jdl1-resistance-oil-gear-pump-lubricator-for-machine-tools\/","title":{"rendered":"JDL1 ellen\u00e1ll\u00e1s\u00fa olajos fogasker\u00e9k-szivatty\u00fa ken\u0151g\u00e9p szersz\u00e1mg\u00e9pekhez"},"content":{"rendered":"<h2>Jellemz\u0151k<\/h2>\n<p>Id\u0151z\u00edt\u00e9s szab\u00e1lyoz\u00e1s: A JDL1-3 ken\u0151g\u00e9p programozhat\u00f3 id\u0151z\u00edt\u0151vel rendelkezik, amely pontosan tudja szab\u00e1lyozni a ken\u0151szivatty\u00fa m\u0171k\u00f6d\u00e9si idej\u00e9t \u00e9s intervallumidej\u00e9t, \u00edgy garant\u00e1lja, hogy a ken\u00e9si folyamat sor\u00e1n a hat\u00e9konys\u00e1g \u00e9s a pontoss\u00e1g megval\u00f3suljon.<br \/>\nT\u00f6bb \u00fczemm\u00f3d: Ezzel a ken\u0151berendez\u00e9ssel k\u00e9t \u00fczemm\u00f3d lehets\u00e9ges: bekapcsolt ken\u00e9si m\u00f3d \u00e9s bekapcsol\u00e1si intervallum m\u00f3d.<br \/>\nRiaszt\u00f3rendszer: A JLD1-3 belsej\u00e9ben egy \u00fasz\u00f3kapcsol\u00f3 tal\u00e1lhat\u00f3, amely automatikusan riaszt\u00e1st k\u00fcld, ha az olajszint a jelz\u00e9s alatt van, \u00e9s hangjelz\u00e9ssel \u00e9rtes\u00edt.<br \/>\nK\u00e9zi ken\u00e9s: A JDL1-3 ken\u0151g\u00e9p k\u00e9zi ken\u0151gombbal van kialak\u00edtva; v\u00e9szhelyzet eset\u00e9n a ken\u00e9s manu\u00e1lisan is elv\u00e9gezhet\u0151 a motor t\u00falterhel\u00e9s\u00e9nek elker\u00fcl\u00e9se \u00e9rdek\u00e9ben.<br \/>\nNyom\u00e1sfel\u00fcgyelet: Nyom\u00e1sm\u00e9r\u0151vel felszerelt, az \u00fczemi nyom\u00e1s k\u00f6nnyen ellen\u0151rizhet\u0151, hogy a berendez\u00e9s a legjobb \u00e1llapotban m\u0171k\u00f6dj\u00f6n.<br \/>\nT\u00falmeleged\u00e9s elleni v\u00e9delem: A szivatty\u00fa automatikusan le\u00e1ll\u00edtja a motort, ha a motor t\u00falmelegszik, \u00e9s k\u00f6r\u00fclbel\u00fcl 5 perc m\u00falva \u00fajraindul.<\/p>\n<h2>Specifik\u00e1ci\u00f3<\/h2>\n<table>\n<tbody>\n<tr>\n<td>Modell<\/td>\n<td>JDL1<\/td>\n<\/tr>\n<tr>\n<td>Ken\u00e9si id\u0151<\/td>\n<td>1-999 perc<\/td>\n<\/tr>\n<tr>\n<td>Intervallum id\u0151<\/td>\n<td>1-999 perc<\/td>\n<\/tr>\n<tr>\n<td>\u00dczemi h\u0151m\u00e9rs\u00e9klet<\/td>\n<td>0-+50\u00b0C<\/td>\n<\/tr>\n<tr>\n<td>Az \u00fczletek sz\u00e1ma<\/td>\n<td>1<\/td>\n<\/tr>\n<tr>\n<td>A t\u00e1roz\u00f3 kapacit\u00e1sa<\/td>\n<td>2L, 3L, 4L (f\u00e9m vagy gyanta tart\u00e1ly), 8L (f\u00e9m tart\u00e1ly)<\/td>\n<\/tr>\n<tr>\n<td>\u00dajrat\u00f6lt\u00e9s<\/td>\n<td>Fel\u00fclr\u0151l<\/td>\n<\/tr>\n<tr>\n<td>Ken\u0151anyag<\/td>\n<td>32-68cSt@40 \u2103<\/td>\n<\/tr>\n<tr>\n<td>Motor teljes\u00edtm\u00e9ny<\/td>\n<td>30W<\/td>\n<\/tr>\n<tr>\n<td>Kis\u00fcl\u00e9s<\/td>\n<td>150 ml\/perc<\/td>\n<\/tr>\n<tr>\n<td>Max. \u00fczemi nyom\u00e1s<\/td>\n<td>1,5 MPa<\/td>\n<\/tr>\n<tr>\n<td>Csatlakoz\u00f3 menet<\/td>\n<td>Kimenet \u03a66<\/td>\n<\/tr>\n<tr>\n<td>\u00dczemi fesz\u00fclts\u00e9g<\/td>\n<td>110VAC, 220VAC<\/td>\n<\/tr>\n<tr>\n<td>Tan\u00fas\u00edtv\u00e1ny<\/td>\n<td>CE<\/td>\n<\/tr>\n<tr>\n<td>Alacsony szint kapcsol\u00f3<\/td>\n<td>NC \u00e9rintkez\u0151<\/td>\n<\/tr>\n<\/tbody>\n<\/table>\n<h2>Alkalmaz\u00e1sok<\/h2>\n<p>Feldolgoz\u00f3 g\u00e9pek: A JDL1-3 ken\u0151anyag ken\u00e9si rendszerekhez haszn\u00e1lhat\u00f3, p\u00e9ld\u00e1ul CNC szersz\u00e1mg\u00e9pekhez, mar\u00f3g\u00e9pekhez, esztergag\u00e9pekhez stb.<br \/>\nM\u00e9rn\u00f6ki g\u00e9pek: A JDL1-3 k\u00f6zponti ken\u00e9shez haszn\u00e1lhat\u00f3, p\u00e9ld\u00e1ul kotr\u00f3g\u00e9pek \u00e9s buld\u00f3zerek.<br \/>\nAutomatiz\u00e1l\u00e1si berendez\u00e9sek: A JDL1-3 olyan berendez\u00e9sekhez haszn\u00e1lhat\u00f3, mint p\u00e9ld\u00e1ul \u00f6sszeszerel\u0151 sorok \u00e9s robotok, amelyek v\u00e9kony olajken\u00e9st ig\u00e9nyelnek.<\/p>\n<h2>K\u00e9zik\u00f6nyvek<\/h2>\n<div class=\"sdm_download_button_box_default\"><div class=\"sdm_download_link\"><a href=\"https:\/\/www.jinpinlub.com\/hu\/?sdm_process_download=1&download_id=3000\" class=\"sdm_download white\" title=\"Mag\u00e1n: JDL1 Resistance Pump\" target=\"&quot;_blank&quot;\">Adatlap megtekint\u00e9se - JDL1 szivatty\u00fa<\/a><\/div><\/div>","protected":false},"excerpt":{"rendered":"<p>A JDL1-3 ellen\u00e1ll\u00e1s t\u00edpus\u00fa villanymotoros ken\u0151g\u00e9p egy rendk\u00edv\u00fcl hat\u00e9kony v\u00e9kony olajos ken\u0151 fogasker\u00e9k-szivatty\u00fa programozhat\u00f3 id\u0151z\u00edt\u0151vel. Sz\u00e9les k\u00f6rben haszn\u00e1lj\u00e1k k\u00fcl\u00f6nf\u00e9le mechanikai berendez\u00e9sekben a berendez\u00e9s m\u0171k\u00f6d\u00e9si hat\u00e9konys\u00e1g\u00e1nak jav\u00edt\u00e1s\u00e1ra \u00e9s a berendez\u00e9s \u00e9lettartam\u00e1nak meghosszabb\u00edt\u00e1s\u00e1ra.<\/p>","protected":false},"featured_media":3497,"template":"","meta":{"ocean_post_layout":"","ocean_both_sidebars_style":"","ocean_both_sidebars_content_width":0,"ocean_both_sidebars_sidebars_width":0,"ocean_sidebar":"0","ocean_second_sidebar":"0","ocean_disable_margins":"enable","ocean_add_body_class":"","ocean_shortcode_before_top_bar":"","ocean_shortcode_after_top_bar":"","ocean_shortcode_before_header":"","ocean_shortcode_after_header":"","ocean_has_shortcode":"","ocean_shortcode_after_title":"","ocean_shortcode_before_footer_widgets":"","ocean_shortcode_after_footer_widgets":"","ocean_shortcode_before_footer_bottom":"","ocean_shortcode_after_footer_bottom":"","ocean_display_top_bar":"default","ocean_display_header":"default","ocean_header_style":"","ocean_center_header_left_menu":"0","ocean_custom_header_template":"0","ocean_custom_logo":0,"ocean_custom_retina_logo":0,"ocean_custom_logo_max_width":0,"ocean_custom_logo_tablet_max_width":0,"ocean_custom_logo_mobile_max_width":0,"ocean_custom_logo_max_height":0,"ocean_custom_logo_tablet_max_height":0,"ocean_custom_logo_mobile_max_height":0,"ocean_header_custom_menu":"0","ocean_menu_typo_font_family":"0","ocean_menu_typo_font_subset":"","ocean_menu_typo_font_size":0,"ocean_menu_typo_font_size_tablet":0,"ocean_menu_typo_font_size_mobile":0,"ocean_menu_typo_font_size_unit":"px","ocean_menu_typo_font_weight":"","ocean_menu_typo_font_weight_tablet":"","ocean_menu_typo_font_weight_mobile":"","ocean_menu_typo_transform":"","ocean_menu_typo_transform_tablet":"","ocean_menu_typo_transform_mobile":"","ocean_menu_typo_line_height":0,"ocean_menu_typo_line_height_tablet":0,"ocean_menu_typo_line_height_mobile":0,"ocean_menu_typo_line_height_unit":"","ocean_menu_typo_spacing":0,"ocean_menu_typo_spacing_tablet":0,"ocean_menu_typo_spacing_mobile":0,"ocean_menu_typo_spacing_unit":"","ocean_menu_link_color":"","ocean_menu_link_color_hover":"","ocean_menu_link_color_active":"","ocean_menu_link_background":"","ocean_menu_link_hover_background":"","ocean_menu_link_active_background":"","ocean_menu_social_links_bg":"","ocean_menu_social_hover_links_bg":"","ocean_menu_social_links_color":"","ocean_menu_social_hover_links_color":"","ocean_disable_title":"default","ocean_disable_heading":"default","ocean_post_title":"","ocean_post_subheading":"","ocean_post_title_style":"","ocean_post_title_background_color":"","ocean_post_title_background":0,"ocean_post_title_bg_image_position":"","ocean_post_title_bg_image_attachment":"","ocean_post_title_bg_image_repeat":"","ocean_post_title_bg_image_size":"","ocean_post_title_height":0,"ocean_post_title_bg_overlay":0.5,"ocean_post_title_bg_overlay_color":"","ocean_disable_breadcrumbs":"default","ocean_breadcrumbs_color":"","ocean_breadcrumbs_separator_color":"","ocean_breadcrumbs_links_color":"","ocean_breadcrumbs_links_hover_color":"","ocean_display_footer_widgets":"default","ocean_display_footer_bottom":"default","ocean_custom_footer_template":"0","osh_disable_topbar_sticky":"default","osh_disable_header_sticky":"default","osh_sticky_header_style":"default","osh_sticky_header_effect":"","osh_custom_sticky_logo":0,"osh_custom_retina_sticky_logo":0,"osh_custom_sticky_logo_height":0,"osh_background_color":"","osh_links_color":"","osh_links_hover_color":"","osh_links_active_color":"","osh_links_bg_color":"","osh_links_hover_bg_color":"","osh_links_active_bg_color":"","osh_menu_social_links_color":"","osh_menu_social_hover_links_color":""},"product_brand":[],"product_cat":[51,50],"product_tag":[111,281,280],"class_list":{"0":"post-3550","1":"product","2":"type-product","3":"status-publish","4":"has-post-thumbnail","6":"product_cat-electric-resistance-pumps","7":"product_cat-resistance-thin-oil-systems","8":"product_tag-oil-lubrication-pump","9":"product_tag-thin-oil-gear-pump","10":"product_tag-thin-oil-lubricator","12":"entry","13":"has-media","15":"first","16":"instock","17":"shipping-taxable","18":"product-type-external","19":"col","20":"span_1_of_3","21":"owp-content-center","22":"owp-thumbs-layout-horizontal","23":"owp-btn-very-big","24":"owp-tabs-layout-horizontal"},"_links":{"self":[{"href":"https:\/\/www.jinpinlub.com\/hu\/wp-json\/wp\/v2\/product\/3550","targetHints":{"allow":["GET"]}}],"collection":[{"href":"https:\/\/www.jinpinlub.com\/hu\/wp-json\/wp\/v2\/product"}],"about":[{"href":"https:\/\/www.jinpinlub.com\/hu\/wp-json\/wp\/v2\/types\/product"}],"wp:featuredmedia":[{"embeddable":true,"href":"https:\/\/www.jinpinlub.com\/hu\/wp-json\/wp\/v2\/media\/3497"}],"wp:attachment":[{"href":"https:\/\/www.jinpinlub.com\/hu\/wp-json\/wp\/v2\/media?parent=3550"}],"wp:term":[{"taxonomy":"product_brand","embeddable":true,"href":"https:\/\/www.jinpinlub.com\/hu\/wp-json\/wp\/v2\/product_brand?post=3550"},{"taxonomy":"product_cat","embeddable":true,"href":"https:\/\/www.jinpinlub.com\/hu\/wp-json\/wp\/v2\/product_cat?post=3550"},{"taxonomy":"product_tag","embeddable":true,"href":"https:\/\/www.jinpinlub.com\/hu\/wp-json\/wp\/v2\/product_tag?post=3550"}],"curies":[{"name":"wp","href":"https:\/\/api.w.org\/{rel}","templated":true}]}}