{"id":3555,"date":"2024-08-30T08:36:58","date_gmt":"2024-08-30T00:36:58","guid":{"rendered":"https:\/\/www.jinpinlub.com\/?post_type=product&#038;p=3555"},"modified":"2024-08-30T08:49:52","modified_gmt":"2024-08-30T00:49:52","slug":"jdl4-vekony-olajos-fogaskerekes-szivattyu-terfogati-kenorendszerhez","status":"publish","type":"product","link":"https:\/\/www.jinpinlub.com\/hu\/product\/jdl4-thin-oil-gear-pump-for-volumetric-lubrication-system\/","title":{"rendered":"JDL4 v\u00e9kony olajos fogasker\u00e9k-szivatty\u00fa t\u00e9rfogati ken\u0151rendszerhez"},"content":{"rendered":"<h2>Jellemz\u0151k<\/h2>\n<p><span id=\"input-sentence~0\">PLC vez\u00e9rl\u00e9s: a JDL4 ken\u0151szivatty\u00fat a gazdag\u00e9p PLC-je vez\u00e9rli. Pontosan be tudja \u00e1ll\u00edtani a fut\u00e1si id\u0151t \u00e9s a szakaszos id\u0151t, hogy garant\u00e1lja a ken\u00e9s pontoss\u00e1g\u00e1t \u00e9s konzisztenci\u00e1j\u00e1t.<br \/>\nBiztons\u00e1gi v\u00e9delem: Biztons\u00e1gi szeleppel \u00e9s t\u00falterhel\u00e9s elleni v\u00e9delmi eszk\u00f6zzel felszerelve megakad\u00e1lyozhatja a ken\u0151szivatty\u00fa \u00fczemi nyom\u00e1s\u00e1nak t\u00falterhel\u00e9s\u00e9t.<\/span><span id=\"input-sentence~1\"><br \/>\nAlacsony olajszint riaszt\u00e1s: A JDL4 szivatty\u00fasorozat alacsony ken\u0151olajszint\u0171 riaszt\u00e1si kimeneti funkci\u00f3val rendelkezik, hogy eml\u00e9keztesse a felhaszn\u00e1l\u00f3kat a ken\u0151olaj id\u0151ben t\u00f6rt\u00e9n\u0151 hozz\u00e1ad\u00e1s\u00e1ra.<br \/>\nFesz\u00fclts\u00e9g opci\u00f3: k\u00fcl\u00f6nb\u00f6z\u0151 fesz\u00fclts\u00e9geket v\u00e1laszthat. K\u00fcl\u00f6nf\u00e9le konfigur\u00e1ci\u00f3kban kaphat\u00f3, az ig\u00e9nyt\u0151l f\u00fcgg\u0151en, p\u00e9ld\u00e1ul 110 VAC vagy 220 VAC, hogy hat\u00e9konyan m\u0171k\u00f6dj\u00f6n munkak\u00f6rnyezetben.<\/span><\/p>\n<h2>Specifik\u00e1ci\u00f3<\/h2>\n<table>\n<tbody>\n<tr>\n<td>Id\u0151z\u00edt\u0151<\/td>\n<td>PLC<\/td>\n<\/tr>\n<tr>\n<td>\u00dczemi h\u0151m\u00e9rs\u00e9klet<\/td>\n<td>0-+50\u00b0C<\/td>\n<\/tr>\n<tr>\n<td>Az \u00fczletek sz\u00e1ma<\/td>\n<td>1<\/td>\n<\/tr>\n<tr>\n<td>A t\u00e1roz\u00f3 kapacit\u00e1sa<\/td>\n<td>2L, 3L, 4L (f\u00e9m vagy m\u0171gyanta tart\u00e1ly), 8L (f\u00e9m tart\u00e1ly)<\/td>\n<\/tr>\n<tr>\n<td>\u00dajrat\u00f6lt\u00e9s<\/td>\n<td>Fel\u00fclr\u0151l<\/td>\n<\/tr>\n<tr>\n<td>Ken\u0151anyag<\/td>\n<td>32-68cSt@40 \u2103<\/td>\n<\/tr>\n<tr>\n<td>V\u00e9delmi oszt\u00e1ly<\/td>\n<td>IP54<\/td>\n<\/tr>\n<tr>\n<td>Kis\u00fcl\u00e9s<\/td>\n<td>150 ml\/perc<\/td>\n<\/tr>\n<tr>\n<td>Max. \u00fczemi nyom\u00e1s<\/td>\n<td>1,8 MPa<\/td>\n<\/tr>\n<tr>\n<td>Csatlakoz\u00f3 menet<\/td>\n<td>Kimenet \u03a66<\/td>\n<\/tr>\n<tr>\n<td>\u00dczemi fesz\u00fclts\u00e9g<\/td>\n<td>110VAC, 220VAC<\/td>\n<\/tr>\n<tr>\n<td>Tan\u00fas\u00edtv\u00e1ny<\/td>\n<td>CE<\/td>\n<\/tr>\n<tr>\n<td>Be\u00e9p\u00edt\u00e9si helyzet<\/td>\n<td>F\u00fcgg\u0151leges<\/td>\n<\/tr>\n<\/tbody>\n<\/table>\n<h2>Alkalmaz\u00e1sok<\/h2>\n<p><span id=\"input-sentence~0\">Ellen\u0151rizze az olajszintet: A ken\u0151szivatty\u00fa olajtart\u00e1ly\u00e1nak olajszintj\u00e9nek a norm\u00e1l sk\u00e1latartom\u00e1nyban kell lennie.<br \/>\nTiszt\u00edtsa meg az olajtart\u00e1lyt: A ken\u0151szivatty\u00fa tart\u00e1ly\u00e1t rendszeresen mosni kell, hogy elker\u00fclje a szennyez\u0151d\u00e9sek vagy \u00fcled\u00e9kek felhalmoz\u00f3d\u00e1s\u00e1t.<\/span><span id=\"input-sentence~1\"><br \/>\nEllen\u0151rizze a cs\u0151vezet\u00e9ket: A ken\u0151rendszer cs\u0151vezet\u00e9k\u00e9t ellen\u0151rizni kell, hogy nincs-e benne sziv\u00e1rg\u00e1s \u00e9s elt\u00f6m\u0151d\u00e9s.<br \/>\nCser\u00e9lje ki a sz\u0171r\u0151elemet: A sz\u0171r\u0151elemeket a haszn\u00e1lati felt\u00e9teleknek megfelel\u0151en kell cser\u00e9lni, hogy a ken\u0151olaj mindig tiszta legyen.<br \/>\nEllen\u0151rizze, hogy a ken\u0151szivatty\u00fa elektromosan csatlakoztatva van-e, nem laza.<br \/>\nBiztons\u00e1gi berendez\u00e9sek: rendszeresen ellen\u0151rizze a biztons\u00e1gi szelepet \u00e9s a t\u00falterhel\u00e9s elleni v\u00e9d\u0151berendez\u00e9st.<\/span><\/p>\n<h2>K\u00e9zik\u00f6nyvek<\/h2>\n<div class=\"sdm_download_button_box_default\"><div class=\"sdm_download_link\"><a href=\"https:\/\/www.jinpinlub.com\/hu\/?sdm_process_download=1&download_id=2466\" class=\"sdm_download white\" title=\"Mag\u00e1n: JDL4 Volumetric Pump\" target=\"&quot;_blank&quot;\">Adatlap megtekint\u00e9se - JDL4 szivatty\u00fa<\/a><\/div><\/div>","protected":false},"excerpt":{"rendered":"<p>A JDL4 egy elektromos motorral hajtott hajt\u00f3m\u0171olaj-ken\u0151szivatty\u00fa. Ennek az automatikus ken\u0151szivatty\u00fanak a ken\u00e9si idej\u00e9t \u00e9s intervallumidej\u00e9t a g\u00e9p gazda PLC-je vez\u00e9rli. Ez egy t\u00e9rfogatkiszor\u00edt\u00e1sos befecskendez\u0151 szivatty\u00fa, \u00e9s t\u00e9rfogatm\u00e9r\u0151 befecskendez\u0151vel kell haszn\u00e1lni.<\/p>","protected":false},"featured_media":3521,"template":"","meta":{"ocean_post_layout":"","ocean_both_sidebars_style":"","ocean_both_sidebars_content_width":0,"ocean_both_sidebars_sidebars_width":0,"ocean_sidebar":"0","ocean_second_sidebar":"0","ocean_disable_margins":"enable","ocean_add_body_class":"","ocean_shortcode_before_top_bar":"","ocean_shortcode_after_top_bar":"","ocean_shortcode_before_header":"","ocean_shortcode_after_header":"","ocean_has_shortcode":"","ocean_shortcode_after_title":"","ocean_shortcode_before_footer_widgets":"","ocean_shortcode_after_footer_widgets":"","ocean_shortcode_before_footer_bottom":"","ocean_shortcode_after_footer_bottom":"","ocean_display_top_bar":"default","ocean_display_header":"default","ocean_header_style":"","ocean_center_header_left_menu":"0","ocean_custom_header_template":"0","ocean_custom_logo":0,"ocean_custom_retina_logo":0,"ocean_custom_logo_max_width":0,"ocean_custom_logo_tablet_max_width":0,"ocean_custom_logo_mobile_max_width":0,"ocean_custom_logo_max_height":0,"ocean_custom_logo_tablet_max_height":0,"ocean_custom_logo_mobile_max_height":0,"ocean_header_custom_menu":"0","ocean_menu_typo_font_family":"0","ocean_menu_typo_font_subset":"","ocean_menu_typo_font_size":0,"ocean_menu_typo_font_size_tablet":0,"ocean_menu_typo_font_size_mobile":0,"ocean_menu_typo_font_size_unit":"px","ocean_menu_typo_font_weight":"","ocean_menu_typo_font_weight_tablet":"","ocean_menu_typo_font_weight_mobile":"","ocean_menu_typo_transform":"","ocean_menu_typo_transform_tablet":"","ocean_menu_typo_transform_mobile":"","ocean_menu_typo_line_height":0,"ocean_menu_typo_line_height_tablet":0,"ocean_menu_typo_line_height_mobile":0,"ocean_menu_typo_line_height_unit":"","ocean_menu_typo_spacing":0,"ocean_menu_typo_spacing_tablet":0,"ocean_menu_typo_spacing_mobile":0,"ocean_menu_typo_spacing_unit":"","ocean_menu_link_color":"","ocean_menu_link_color_hover":"","ocean_menu_link_color_active":"","ocean_menu_link_background":"","ocean_menu_link_hover_background":"","ocean_menu_link_active_background":"","ocean_menu_social_links_bg":"","ocean_menu_social_hover_links_bg":"","ocean_menu_social_links_color":"","ocean_menu_social_hover_links_color":"","ocean_disable_title":"default","ocean_disable_heading":"default","ocean_post_title":"","ocean_post_subheading":"","ocean_post_title_style":"","ocean_post_title_background_color":"","ocean_post_title_background":0,"ocean_post_title_bg_image_position":"","ocean_post_title_bg_image_attachment":"","ocean_post_title_bg_image_repeat":"","ocean_post_title_bg_image_size":"","ocean_post_title_height":0,"ocean_post_title_bg_overlay":0.5,"ocean_post_title_bg_overlay_color":"","ocean_disable_breadcrumbs":"default","ocean_breadcrumbs_color":"","ocean_breadcrumbs_separator_color":"","ocean_breadcrumbs_links_color":"","ocean_breadcrumbs_links_hover_color":"","ocean_display_footer_widgets":"default","ocean_display_footer_bottom":"default","ocean_custom_footer_template":"0","osh_disable_topbar_sticky":"default","osh_disable_header_sticky":"default","osh_sticky_header_style":"default","osh_sticky_header_effect":"","osh_custom_sticky_logo":0,"osh_custom_retina_sticky_logo":0,"osh_custom_sticky_logo_height":0,"osh_background_color":"","osh_links_color":"","osh_links_hover_color":"","osh_links_active_color":"","osh_links_bg_color":"","osh_links_hover_bg_color":"","osh_links_active_bg_color":"","osh_menu_social_links_color":"","osh_menu_social_hover_links_color":""},"product_brand":[],"product_cat":[48,47],"product_tag":[111,114,287],"class_list":{"0":"post-3555","1":"product","2":"type-product","3":"status-publish","4":"has-post-thumbnail","6":"product_cat-electric-volumetric-pumps","7":"product_cat-volumetric-thin-oil-systems","8":"product_tag-oil-lubrication-pump","9":"product_tag-oil-lubrication-system","10":"product_tag-pressure-relief-oil-pump","12":"entry","13":"has-media","15":"first","16":"instock","17":"shipping-taxable","18":"product-type-external","19":"col","20":"span_1_of_3","21":"owp-content-center","22":"owp-thumbs-layout-horizontal","23":"owp-btn-very-big","24":"owp-tabs-layout-horizontal"},"_links":{"self":[{"href":"https:\/\/www.jinpinlub.com\/hu\/wp-json\/wp\/v2\/product\/3555","targetHints":{"allow":["GET"]}}],"collection":[{"href":"https:\/\/www.jinpinlub.com\/hu\/wp-json\/wp\/v2\/product"}],"about":[{"href":"https:\/\/www.jinpinlub.com\/hu\/wp-json\/wp\/v2\/types\/product"}],"wp:featuredmedia":[{"embeddable":true,"href":"https:\/\/www.jinpinlub.com\/hu\/wp-json\/wp\/v2\/media\/3521"}],"wp:attachment":[{"href":"https:\/\/www.jinpinlub.com\/hu\/wp-json\/wp\/v2\/media?parent=3555"}],"wp:term":[{"taxonomy":"product_brand","embeddable":true,"href":"https:\/\/www.jinpinlub.com\/hu\/wp-json\/wp\/v2\/product_brand?post=3555"},{"taxonomy":"product_cat","embeddable":true,"href":"https:\/\/www.jinpinlub.com\/hu\/wp-json\/wp\/v2\/product_cat?post=3555"},{"taxonomy":"product_tag","embeddable":true,"href":"https:\/\/www.jinpinlub.com\/hu\/wp-json\/wp\/v2\/product_tag?post=3555"}],"curies":[{"name":"wp","href":"https:\/\/api.w.org\/{rel}","templated":true}]}}