{"id":3556,"date":"2024-08-30T08:42:52","date_gmt":"2024-08-30T00:42:52","guid":{"rendered":"https:\/\/www.jinpinlub.com\/?post_type=product&#038;p=3556"},"modified":"2024-08-30T08:44:59","modified_gmt":"2024-08-30T00:44:59","slug":"jdl1-4-ellenallasu-elektromos-olaj-kenoszivattyu-idozitovel","status":"publish","type":"product","link":"https:\/\/www.jinpinlub.com\/hu\/product\/jdl1-4-resistance-electric-oil-lubrication-pump-with-timer\/","title":{"rendered":"JDL1-4 ellen\u00e1ll\u00e1s\u00fa elektromos olajken\u0151 szivatty\u00fa id\u0151z\u00edt\u0151vel"},"content":{"rendered":"<h2>Jellemz\u0151k<\/h2>\n<p><span id=\"input-sentence~0\">Digit\u00e1lis kijelz\u0151: A JDL1-4 ken\u0151szivatty\u00fa be\u00e9p\u00edtett vez\u00e9rl\u00e9ssel rendelkezik, amely k\u00f6nnyen haszn\u00e1lhat\u00f3 ken\u00e9si id\u0151 \u00e9s intervallum be\u00e1ll\u00edt\u00e1si funkci\u00f3t biztos\u00edt.<br \/>\nNagy hat\u00e1sfok: A ken\u0151szivatty\u00fa speci\u00e1lis \u00f6tv\u00f6z\u00f6tt ac\u00e9l fogasker\u00e9k-szivatty\u00fat alkalmaz, amely j\u00f3 \u00f6nfelsz\u00edv\u00f3 teljes\u00edtm\u00e9nyt \u00e9s nagy t\u00e9rfogat\u00e1ramot biztos\u00edt.<br \/>\nT\u00f6bb lehet\u0151s\u00e9g: A JDL1-4 ken\u0151szivatty\u00fa felszerelhet\u0151 kett\u0151s id\u0151z\u00edt\u0151 modullal, digit\u00e1lis kijelz\u0151vel \u00e9s kulcsos m\u0171k\u00f6dtet\u00e9ssel.<\/span><span id=\"input-sentence~1\"><br \/>\nRugalmas konfigur\u00e1ci\u00f3: A ken\u0151szivatty\u00fa testreszabhat\u00f3 az \u00fcgyfelek ig\u00e9nyei szerint, nyom\u00e1skapcsol\u00f3val \u00e9s folyad\u00e9kszint-kapcsol\u00f3val felszerelve a rendszernyom\u00e1s \u00e9s az olajszint \u00e9szlel\u00e9se \u00e9rdek\u00e9ben.<br \/>\nAutomatiz\u00e1l\u00e1si funkci\u00f3: A JDL1-4 ken\u0151szivatty\u00fa automatikusan integr\u00e1lja a szakaszos, fut\u00f3 \u00e9s riaszt\u00e1si funkci\u00f3kat.<\/span><\/p>\n<h2>Specifik\u00e1ci\u00f3<\/h2>\n<table>\n<tbody>\n<tr>\n<td>Modell<\/td>\n<td>JDL1<\/td>\n<\/tr>\n<tr>\n<td>Ken\u00e9si id\u0151<\/td>\n<td>1-999 perc<\/td>\n<\/tr>\n<tr>\n<td>Intervallum id\u0151<\/td>\n<td>1-999 perc<\/td>\n<\/tr>\n<tr>\n<td>\u00dczemi h\u0151m\u00e9rs\u00e9klet<\/td>\n<td>0-+50\u00b0C<\/td>\n<\/tr>\n<tr>\n<td>Az \u00fczletek sz\u00e1ma<\/td>\n<td>1<\/td>\n<\/tr>\n<tr>\n<td>A t\u00e1roz\u00f3 kapacit\u00e1sa<\/td>\n<td>2L, 3L, 4L (f\u00e9m vagy gyanta tart\u00e1ly), 8L (f\u00e9m tart\u00e1ly)<\/td>\n<\/tr>\n<tr>\n<td>\u00dajrat\u00f6lt\u00e9s<\/td>\n<td>Fel\u00fclr\u0151l<\/td>\n<\/tr>\n<tr>\n<td>Ken\u0151anyag<\/td>\n<td>32-68cSt@40 \u2103<\/td>\n<\/tr>\n<tr>\n<td>Motor teljes\u00edtm\u00e9ny<\/td>\n<td>30W<\/td>\n<\/tr>\n<tr>\n<td>Kis\u00fcl\u00e9s<\/td>\n<td>150 ml\/perc<\/td>\n<\/tr>\n<tr>\n<td>Max. \u00fczemi nyom\u00e1s<\/td>\n<td>1,5 MPa<\/td>\n<\/tr>\n<tr>\n<td>Csatlakoz\u00f3 menet<\/td>\n<td>Kimenet \u03a66<\/td>\n<\/tr>\n<tr>\n<td>\u00dczemi fesz\u00fclts\u00e9g<\/td>\n<td>110VAC, 220VAC<\/td>\n<\/tr>\n<tr>\n<td>Tan\u00fas\u00edtv\u00e1ny<\/td>\n<td>CE<\/td>\n<\/tr>\n<tr>\n<td>Alacsony szint kapcsol\u00f3<\/td>\n<td>NC \u00e9rintkez\u0151<\/td>\n<\/tr>\n<\/tbody>\n<\/table>\n<h2>Alkalmaz\u00e1sok<\/h2>\n<p>Szersz\u00e1mg\u00e9p: A JDL1-4 sorozat\u00fa ken\u0151szivatty\u00fat mindenf\u00e9le szersz\u00e1mg\u00e9phez alkalmazz\u00e1k a ken\u00e9si rendszer hat\u00e9kony m\u0171k\u00f6dtet\u00e9se \u00e9rdek\u00e9ben. M\u0171anyag g\u00e9pek: A m\u0171anyagfeldolgoz\u00f3 g\u00e9peket JDL1-4 ken\u0151szivatty\u00faval szerelik fel a stabil ken\u00e9s \u00e9rdek\u00e9ben. Textilipari g\u00e9pek: A JDL1-4 ken\u0151szivatty\u00fak alkalmasak textilipari g\u00e9peken t\u00f6rt\u00e9n\u0151 munk\u00e1ra a g\u00e9pek z\u00f6kken\u0151mentes m\u0171k\u00f6d\u00e9se \u00e9rdek\u00e9ben. Mozg\u00f3l\u00e9pcs\u0151k \u00e9s sz\u00e1ll\u00edt\u00f3szalagok: A ken\u00e9si alkalmaz\u00e1sok p\u00e9ld\u00e1i k\u00f6z\u00e9 tartozik a mozg\u00f3l\u00e9pcs\u0151rendszerekhez \u00e9s sz\u00e1ll\u00edt\u00f3szalagos meghajt\u00f3rendszerekhez val\u00f3 ken\u0151szivatty\u00fa.<\/p>\n<h2>K\u00e9zik\u00f6nyvek<\/h2>\n<div class=\"sdm_download_button_box_default\"><div class=\"sdm_download_link\"><a href=\"https:\/\/www.jinpinlub.com\/hu\/?sdm_process_download=1&download_id=3000\" class=\"sdm_download white\" title=\"Mag\u00e1n: JDL1 Resistance Pump\" target=\"&quot;_blank&quot;\">Adatlap megtekint\u00e9se - JDL1 szivatty\u00fa<\/a><\/div><\/div>","protected":false},"excerpt":{"rendered":"<p>A JDL1-4 ellen\u00e1ll\u00e1s\u00fa motorolaj-ken\u0151szivatty\u00fa fogasker\u00e9k-szivatty\u00fab\u00f3l, olajsz\u0171r\u0151b\u0151l, tengelykapcsol\u00f3 testb\u0151l, cs\u0151vezet\u00e9kb\u0151l, ellen\u00e1ll\u00e1s-eloszt\u00f3b\u00f3l \u00e9s olajcs\u0151-adapterb\u0151l \u00e1ll .<\/p>","protected":false},"featured_media":3501,"template":"","meta":{"ocean_post_layout":"","ocean_both_sidebars_style":"","ocean_both_sidebars_content_width":0,"ocean_both_sidebars_sidebars_width":0,"ocean_sidebar":"0","ocean_second_sidebar":"0","ocean_disable_margins":"enable","ocean_add_body_class":"","ocean_shortcode_before_top_bar":"","ocean_shortcode_after_top_bar":"","ocean_shortcode_before_header":"","ocean_shortcode_after_header":"","ocean_has_shortcode":"","ocean_shortcode_after_title":"","ocean_shortcode_before_footer_widgets":"","ocean_shortcode_after_footer_widgets":"","ocean_shortcode_before_footer_bottom":"","ocean_shortcode_after_footer_bottom":"","ocean_display_top_bar":"default","ocean_display_header":"default","ocean_header_style":"","ocean_center_header_left_menu":"0","ocean_custom_header_template":"0","ocean_custom_logo":0,"ocean_custom_retina_logo":0,"ocean_custom_logo_max_width":0,"ocean_custom_logo_tablet_max_width":0,"ocean_custom_logo_mobile_max_width":0,"ocean_custom_logo_max_height":0,"ocean_custom_logo_tablet_max_height":0,"ocean_custom_logo_mobile_max_height":0,"ocean_header_custom_menu":"0","ocean_menu_typo_font_family":"0","ocean_menu_typo_font_subset":"","ocean_menu_typo_font_size":0,"ocean_menu_typo_font_size_tablet":0,"ocean_menu_typo_font_size_mobile":0,"ocean_menu_typo_font_size_unit":"px","ocean_menu_typo_font_weight":"","ocean_menu_typo_font_weight_tablet":"","ocean_menu_typo_font_weight_mobile":"","ocean_menu_typo_transform":"","ocean_menu_typo_transform_tablet":"","ocean_menu_typo_transform_mobile":"","ocean_menu_typo_line_height":0,"ocean_menu_typo_line_height_tablet":0,"ocean_menu_typo_line_height_mobile":0,"ocean_menu_typo_line_height_unit":"","ocean_menu_typo_spacing":0,"ocean_menu_typo_spacing_tablet":0,"ocean_menu_typo_spacing_mobile":0,"ocean_menu_typo_spacing_unit":"","ocean_menu_link_color":"","ocean_menu_link_color_hover":"","ocean_menu_link_color_active":"","ocean_menu_link_background":"","ocean_menu_link_hover_background":"","ocean_menu_link_active_background":"","ocean_menu_social_links_bg":"","ocean_menu_social_hover_links_bg":"","ocean_menu_social_links_color":"","ocean_menu_social_hover_links_color":"","ocean_disable_title":"default","ocean_disable_heading":"default","ocean_post_title":"","ocean_post_subheading":"","ocean_post_title_style":"","ocean_post_title_background_color":"","ocean_post_title_background":0,"ocean_post_title_bg_image_position":"","ocean_post_title_bg_image_attachment":"","ocean_post_title_bg_image_repeat":"","ocean_post_title_bg_image_size":"","ocean_post_title_height":0,"ocean_post_title_bg_overlay":0.5,"ocean_post_title_bg_overlay_color":"","ocean_disable_breadcrumbs":"default","ocean_breadcrumbs_color":"","ocean_breadcrumbs_separator_color":"","ocean_breadcrumbs_links_color":"","ocean_breadcrumbs_links_hover_color":"","ocean_display_footer_widgets":"default","ocean_display_footer_bottom":"default","ocean_custom_footer_template":"0","osh_disable_topbar_sticky":"default","osh_disable_header_sticky":"default","osh_sticky_header_style":"default","osh_sticky_header_effect":"","osh_custom_sticky_logo":0,"osh_custom_retina_sticky_logo":0,"osh_custom_sticky_logo_height":0,"osh_background_color":"","osh_links_color":"","osh_links_hover_color":"","osh_links_active_color":"","osh_links_bg_color":"","osh_links_hover_bg_color":"","osh_links_active_bg_color":"","osh_menu_social_links_color":"","osh_menu_social_hover_links_color":""},"product_brand":[],"product_cat":[51,50],"product_tag":[283,114,108],"class_list":{"0":"post-3556","1":"product","2":"type-product","3":"status-publish","4":"has-post-thumbnail","6":"product_cat-electric-resistance-pumps","7":"product_cat-resistance-thin-oil-systems","8":"product_tag-electric-lubricator","9":"product_tag-oil-lubrication-system","10":"product_tag-resistance-lubrication-pump","12":"entry","13":"has-media","15":"first","16":"instock","17":"shipping-taxable","18":"product-type-external","19":"col","20":"span_1_of_3","21":"owp-content-center","22":"owp-thumbs-layout-horizontal","23":"owp-btn-very-big","24":"owp-tabs-layout-horizontal"},"_links":{"self":[{"href":"https:\/\/www.jinpinlub.com\/hu\/wp-json\/wp\/v2\/product\/3556","targetHints":{"allow":["GET"]}}],"collection":[{"href":"https:\/\/www.jinpinlub.com\/hu\/wp-json\/wp\/v2\/product"}],"about":[{"href":"https:\/\/www.jinpinlub.com\/hu\/wp-json\/wp\/v2\/types\/product"}],"wp:featuredmedia":[{"embeddable":true,"href":"https:\/\/www.jinpinlub.com\/hu\/wp-json\/wp\/v2\/media\/3501"}],"wp:attachment":[{"href":"https:\/\/www.jinpinlub.com\/hu\/wp-json\/wp\/v2\/media?parent=3556"}],"wp:term":[{"taxonomy":"product_brand","embeddable":true,"href":"https:\/\/www.jinpinlub.com\/hu\/wp-json\/wp\/v2\/product_brand?post=3556"},{"taxonomy":"product_cat","embeddable":true,"href":"https:\/\/www.jinpinlub.com\/hu\/wp-json\/wp\/v2\/product_cat?post=3556"},{"taxonomy":"product_tag","embeddable":true,"href":"https:\/\/www.jinpinlub.com\/hu\/wp-json\/wp\/v2\/product_tag?post=3556"}],"curies":[{"name":"wp","href":"https:\/\/api.w.org\/{rel}","templated":true}]}}