{"id":3558,"date":"2024-08-30T08:46:35","date_gmt":"2024-08-30T00:46:35","guid":{"rendered":"https:\/\/www.jinpinlub.com\/?post_type=product&#038;p=3558"},"modified":"2024-08-30T08:49:35","modified_gmt":"2024-08-30T00:49:35","slug":"jdl3-4-elektromos-intervallumu-olajfogaskerek-szivattyu-digitalis-kijelzovel","status":"publish","type":"product","link":"https:\/\/www.jinpinlub.com\/hu\/product\/jdl3-4-electric-interval-oil-gear-pump-with-digital-display\/","title":{"rendered":"JDL3-4 elektromos intervallum olaj fogasker\u00e9k szivatty\u00fa digit\u00e1lis kijelz\u0151vel"},"content":{"rendered":"<h2>Jellemz\u0151k<\/h2>\n<p>Prec\u00edz ken\u00e9s: A JDL3-4 egy t\u00e9rfogat-kiszor\u00edt\u00e1sos befecskendez\u00e9ses ken\u0151szivatty\u00fa, \u00edgy az egyes ken\u00e9si pontokon a ken\u00e9s mennyis\u00e9ge pontosan szab\u00e1lyozhat\u00f3.<br \/>\nFolyad\u00e9kszint \u00e9s nyom\u00e1s figyel\u00e9se: Folyad\u00e9kszint kapcsol\u00f3val \u00e9s opcion\u00e1lis nyom\u00e1skapcsol\u00f3val felszerelt, ha az olajmennyis\u00e9g vagy nyom\u00e1s nem elegend\u0151, abnorm\u00e1lis jelet ad ki.<br \/>\nT\u00falmeleged\u00e9s elleni v\u00e9delem: A JDL3-4 ken\u0151szivatty\u00fa motorja \u00f6nv\u00e9delmi funkci\u00f3val rendelkezik, amely megakad\u00e1lyozza a t\u00falmeleged\u00e9st \u00e9s a t\u00falterhel\u00e9st.<br \/>\nK\u00e9tr\u00e9teg\u0171 sz\u0171r\u00e9s: A JDL3-4 ken\u0151szivatty\u00fa k\u00e9tr\u00e9teg\u0171 sz\u0171r\u0151vel van felszerelve, hogy az olajk\u00f6r sim\u00e1bb legyen.<br \/>\nK\u00e9nyszerken\u00e9s: Ez a rendszer k\u00e9nyszerken\u00e9si funkci\u00f3val van felszerelve, amely biztos\u00edtja, hogy sz\u00fcks\u00e9g eset\u00e9n a ken\u00e9s azonnal elv\u00e9gezhet\u0151 legyen.<br \/>\nId\u0151be\u00e1ll\u00edt\u00e1s: JDL3-4 A ken\u00e9si id\u0151 \u00e9s az intervallum ideje sz\u00fcks\u00e9g szerint be\u00e1ll\u00edthat\u00f3.<\/p>\n<h2>Specifik\u00e1ci\u00f3<\/h2>\n<table>\n<tbody>\n<tr>\n<td>Modell<\/td>\n<td>JDL3<\/td>\n<\/tr>\n<tr>\n<td>Ken\u00e9si id\u0151<\/td>\n<td>1-999 perc<\/td>\n<\/tr>\n<tr>\n<td>Intervallum id\u0151<\/td>\n<td>1-999 perc<\/td>\n<\/tr>\n<tr>\n<td>\u00dczemi h\u0151m\u00e9rs\u00e9klet<\/td>\n<td>0-+50\u00b0C<\/td>\n<\/tr>\n<tr>\n<td>Az \u00fczletek sz\u00e1ma<\/td>\n<td>1<\/td>\n<\/tr>\n<tr>\n<td>A t\u00e1roz\u00f3 kapacit\u00e1sa<\/td>\n<td>2L, 3L, 4L (f\u00e9m vagy m\u0171gyanta tart\u00e1ly), 8L (f\u00e9m tart\u00e1ly)<\/td>\n<\/tr>\n<tr>\n<td>\u00dajrat\u00f6lt\u00e9s<\/td>\n<td>Fel\u00fclr\u0151l<\/td>\n<\/tr>\n<tr>\n<td>Ken\u0151anyag<\/td>\n<td>32-68cSt@40 \u2103<\/td>\n<\/tr>\n<tr>\n<td>Motor teljes\u00edtm\u00e9ny<\/td>\n<td>30W<\/td>\n<\/tr>\n<tr>\n<td>Kis\u00fcl\u00e9s<\/td>\n<td>150 ml\/perc<\/td>\n<\/tr>\n<tr>\n<td>Max. \u00fczemi nyom\u00e1s<\/td>\n<td>1,8 MPa<\/td>\n<\/tr>\n<tr>\n<td>Csatlakoz\u00f3 menet<\/td>\n<td>Kimenet \u03a66<\/td>\n<\/tr>\n<tr>\n<td>\u00dczemi fesz\u00fclts\u00e9g<\/td>\n<td>110VAC, 220VAC<\/td>\n<\/tr>\n<tr>\n<td>Tan\u00fas\u00edtv\u00e1ny<\/td>\n<td>CE<\/td>\n<\/tr>\n<tr>\n<td>Alacsony szint kapcsol\u00f3<\/td>\n<td>NC \u00e9rintkez\u0151<\/td>\n<\/tr>\n<\/tbody>\n<\/table>\n<h2>Alkalmaz\u00e1s<\/h2>\n<p>Rendszeres karbantart\u00e1s: Minden h\u00f3napban nagy ken\u0151rendszer-ellen\u0151rz\u00e9st kell v\u00e9gezni, hogy minden a megfelel\u0151 m\u00f3don m\u0171k\u00f6dik-e.<br \/>\nHaszn\u00e1ljon megfelel\u0151 ken\u0151anyagokat: A ken\u0151anyagot a berendez\u00e9s \u00fczem\u00e1llapot\u00e1nak megfelel\u0151en kell kiv\u00e1lasztani, \u00e9s az alacsonyabb min\u0151s\u00e9g\u0171 olaj haszn\u00e1lata szigor\u00faan tilos.<br \/>\nKarbantart\u00e1si napl\u00f3k r\u00f6gz\u00edt\u00e9se: Jegyezze fel a vonatkoz\u00f3 inform\u00e1ci\u00f3kat minden ken\u0151szivatty\u00fa-karbantart\u00e1s ut\u00e1n k\u00e9s\u0151bbi megkeres\u00e9s \u00e9s kezel\u00e9s c\u00e9lj\u00e1b\u00f3l.<br \/>\nVonatkezel\u0151k: T\u00e1j\u00e9koztassa a kezel\u0151ket a ken\u0151szivatty\u00fa haszn\u00e1lati \u00e9s karbantart\u00e1si m\u00f3dszereir\u0151l, hogy cs\u00f6kkentse a helytelen m\u0171k\u00f6d\u00e9st.<\/p>\n<h2>K\u00e9zik\u00f6nyvek<\/h2>\n<div class=\"sdm_download_button_box_default\"><div class=\"sdm_download_link\"><a href=\"https:\/\/www.jinpinlub.com\/hu\/?sdm_process_download=1&download_id=3015\" class=\"sdm_download white\" title=\"Mag\u00e1n: JDL3 Volumetric Oil Pump\" target=\"&quot;_blank&quot;\">Adatlap megtekint\u00e9se - JDL3 szivatty\u00fa<\/a><\/div><\/div>","protected":false},"excerpt":{"rendered":"<p>A Jinpinlub JDL3-4 olajken\u0151 szivatty\u00fa egy intervallum\u00fa fogaskerekes szivatty\u00fa, amely pontos ken\u0151olaj mennyis\u00e9get biztos\u00edt a berendez\u00e9s norm\u00e1l m\u0171k\u00f6d\u00e9s\u00e9nek biztos\u00edt\u00e1sa \u00e9rdek\u00e9ben. Digit\u00e1lis kijelz\u0151 funkci\u00f3val van felszerelve, amely k\u00e9nyelmes a felhaszn\u00e1l\u00f3k sz\u00e1m\u00e1ra a ken\u00e9si param\u00e9terek figyel\u00e9s\u00e9re \u00e9s be\u00e1ll\u00edt\u00e1s\u00e1ra.<\/p>","protected":false},"featured_media":3517,"template":"","meta":{"ocean_post_layout":"","ocean_both_sidebars_style":"","ocean_both_sidebars_content_width":0,"ocean_both_sidebars_sidebars_width":0,"ocean_sidebar":"0","ocean_second_sidebar":"0","ocean_disable_margins":"enable","ocean_add_body_class":"","ocean_shortcode_before_top_bar":"","ocean_shortcode_after_top_bar":"","ocean_shortcode_before_header":"","ocean_shortcode_after_header":"","ocean_has_shortcode":"","ocean_shortcode_after_title":"","ocean_shortcode_before_footer_widgets":"","ocean_shortcode_after_footer_widgets":"","ocean_shortcode_before_footer_bottom":"","ocean_shortcode_after_footer_bottom":"","ocean_display_top_bar":"default","ocean_display_header":"default","ocean_header_style":"","ocean_center_header_left_menu":"0","ocean_custom_header_template":"0","ocean_custom_logo":0,"ocean_custom_retina_logo":0,"ocean_custom_logo_max_width":0,"ocean_custom_logo_tablet_max_width":0,"ocean_custom_logo_mobile_max_width":0,"ocean_custom_logo_max_height":0,"ocean_custom_logo_tablet_max_height":0,"ocean_custom_logo_mobile_max_height":0,"ocean_header_custom_menu":"0","ocean_menu_typo_font_family":"0","ocean_menu_typo_font_subset":"","ocean_menu_typo_font_size":0,"ocean_menu_typo_font_size_tablet":0,"ocean_menu_typo_font_size_mobile":0,"ocean_menu_typo_font_size_unit":"px","ocean_menu_typo_font_weight":"","ocean_menu_typo_font_weight_tablet":"","ocean_menu_typo_font_weight_mobile":"","ocean_menu_typo_transform":"","ocean_menu_typo_transform_tablet":"","ocean_menu_typo_transform_mobile":"","ocean_menu_typo_line_height":0,"ocean_menu_typo_line_height_tablet":0,"ocean_menu_typo_line_height_mobile":0,"ocean_menu_typo_line_height_unit":"","ocean_menu_typo_spacing":0,"ocean_menu_typo_spacing_tablet":0,"ocean_menu_typo_spacing_mobile":0,"ocean_menu_typo_spacing_unit":"","ocean_menu_link_color":"","ocean_menu_link_color_hover":"","ocean_menu_link_color_active":"","ocean_menu_link_background":"","ocean_menu_link_hover_background":"","ocean_menu_link_active_background":"","ocean_menu_social_links_bg":"","ocean_menu_social_hover_links_bg":"","ocean_menu_social_links_color":"","ocean_menu_social_hover_links_color":"","ocean_disable_title":"default","ocean_disable_heading":"default","ocean_post_title":"","ocean_post_subheading":"","ocean_post_title_style":"","ocean_post_title_background_color":"","ocean_post_title_background":0,"ocean_post_title_bg_image_position":"","ocean_post_title_bg_image_attachment":"","ocean_post_title_bg_image_repeat":"","ocean_post_title_bg_image_size":"","ocean_post_title_height":0,"ocean_post_title_bg_overlay":0.5,"ocean_post_title_bg_overlay_color":"","ocean_disable_breadcrumbs":"default","ocean_breadcrumbs_color":"","ocean_breadcrumbs_separator_color":"","ocean_breadcrumbs_links_color":"","ocean_breadcrumbs_links_hover_color":"","ocean_display_footer_widgets":"default","ocean_display_footer_bottom":"default","ocean_custom_footer_template":"0","osh_disable_topbar_sticky":"default","osh_disable_header_sticky":"default","osh_sticky_header_style":"default","osh_sticky_header_effect":"","osh_custom_sticky_logo":0,"osh_custom_retina_sticky_logo":0,"osh_custom_sticky_logo_height":0,"osh_background_color":"","osh_links_color":"","osh_links_hover_color":"","osh_links_active_color":"","osh_links_bg_color":"","osh_links_hover_bg_color":"","osh_links_active_bg_color":"","osh_menu_social_links_color":"","osh_menu_social_hover_links_color":""},"product_brand":[],"product_cat":[48,47],"product_tag":[76,287,288],"class_list":{"0":"post-3558","1":"product","2":"type-product","3":"status-publish","4":"has-post-thumbnail","6":"product_cat-electric-volumetric-pumps","7":"product_cat-volumetric-thin-oil-systems","8":"product_tag-electric-lubrication-system","9":"product_tag-pressure-relief-oil-pump","10":"product_tag-volumetric-oil-pump","12":"entry","13":"has-media","15":"first","16":"instock","17":"shipping-taxable","18":"product-type-external","19":"col","20":"span_1_of_3","21":"owp-content-center","22":"owp-thumbs-layout-horizontal","23":"owp-btn-very-big","24":"owp-tabs-layout-horizontal"},"_links":{"self":[{"href":"https:\/\/www.jinpinlub.com\/hu\/wp-json\/wp\/v2\/product\/3558","targetHints":{"allow":["GET"]}}],"collection":[{"href":"https:\/\/www.jinpinlub.com\/hu\/wp-json\/wp\/v2\/product"}],"about":[{"href":"https:\/\/www.jinpinlub.com\/hu\/wp-json\/wp\/v2\/types\/product"}],"wp:featuredmedia":[{"embeddable":true,"href":"https:\/\/www.jinpinlub.com\/hu\/wp-json\/wp\/v2\/media\/3517"}],"wp:attachment":[{"href":"https:\/\/www.jinpinlub.com\/hu\/wp-json\/wp\/v2\/media?parent=3558"}],"wp:term":[{"taxonomy":"product_brand","embeddable":true,"href":"https:\/\/www.jinpinlub.com\/hu\/wp-json\/wp\/v2\/product_brand?post=3558"},{"taxonomy":"product_cat","embeddable":true,"href":"https:\/\/www.jinpinlub.com\/hu\/wp-json\/wp\/v2\/product_cat?post=3558"},{"taxonomy":"product_tag","embeddable":true,"href":"https:\/\/www.jinpinlub.com\/hu\/wp-json\/wp\/v2\/product_tag?post=3558"}],"curies":[{"name":"wp","href":"https:\/\/api.w.org\/{rel}","templated":true}]}}