{"id":3559,"date":"2024-08-30T08:50:02","date_gmt":"2024-08-30T00:50:02","guid":{"rendered":"https:\/\/www.jinpinlub.com\/?post_type=product&#038;p=3559"},"modified":"2024-08-30T08:53:09","modified_gmt":"2024-08-30T00:53:09","slug":"jdl4-4-volumetrikus-olajkeno-rendszer-szivattyu-plc-vezerles","status":"publish","type":"product","link":"https:\/\/www.jinpinlub.com\/hu\/product\/jdl4-4-volumetric-oil-lubrication-system-pump-plc-control\/","title":{"rendered":"JDL4-4 Volumetrikus olajken\u00e9si rendszer szivatty\u00fa PLC vez\u00e9rl\u00e9s"},"content":{"rendered":"<h2>Jellemz\u0151k<\/h2>\n<p><span id=\"input-sentence~0\">Folyad\u00e9kszint kapcsol\u00f3 \u00e9s nyom\u00e1skapcsol\u00f3: Ha a ken\u0151rendszer olajmennyis\u00e9ge vagy nyom\u00e1sa nem elegend\u0151, abnorm\u00e1lis jelet ad ki.<br \/>\nPaneljelz\u0151 l\u00e1mpa: A ken\u0151szivatty\u00fa megjelen\u00edtheti a t\u00e1pell\u00e1t\u00e1st \u00e9s a ken\u00e9si \u00e1llapotot a val\u00f3s idej\u0171 megfigyel\u00e9shez.<\/span><span id=\"input-sentence~1\"><br \/>\nK\u00e9nyszerken\u00e9s funkci\u00f3: A ken\u0151szivatty\u00fa rendszer FEED gombbal rendelkezik, amely lehet\u0151v\u00e9 teszi a k\u00e9nyszerken\u00e9st, \u00edgy a ken\u00e9si hat\u00e1s garant\u00e1lt.<br \/>\nId\u0151be\u00e1ll\u00edt\u00e1s: A ken\u0151szivatty\u00fa leghosszabb ken\u00e9si ideje \u22642 perc, szakaszos ideje pedig a ken\u00e9si id\u0151 5-sz\u00f6r\u00f6se.<\/span><span id=\"input-sentence~2\"><br \/>\nMotor \u00f6nv\u00e9delem: A JDL ken\u0151szivatty\u00fak olyan funkci\u00f3val vannak felszerelve, amely megakad\u00e1lyozza a motor t\u00falmeleged\u00e9s\u00e9t \u00e9s t\u00falterhel\u00e9s\u00e9t.<br \/>\nT\u00falfoly\u00f3 szelep: Ker\u00fclje el az olajbefecskendez\u0151 szelep \u00e9s a cs\u0151vezet\u00e9kek k\u00e1rosod\u00e1s\u00e1t, hogy biztos\u00edtsa a rendszer stabil m\u0171k\u00f6d\u00e9s\u00e9t.<br \/>\nBels\u0151 biztos\u00edt\u00e9k: A JDL megakad\u00e1lyozza az IC-k\u00e1rtya \u00e9s a motor r\u00f6vidz\u00e1rlat miatti k\u00e1rosod\u00e1s\u00e1t, jav\u00edtva a rendszer megb\u00edzhat\u00f3s\u00e1g\u00e1t.<\/span><\/p>\n<h2>Specifik\u00e1ci\u00f3<\/h2>\n<table>\n<tbody>\n<tr>\n<td>Id\u0151z\u00edt\u0151<\/td>\n<td>PLC<\/td>\n<\/tr>\n<tr>\n<td>\u00dczemi h\u0151m\u00e9rs\u00e9klet<\/td>\n<td>0-+50\u00b0C<\/td>\n<\/tr>\n<tr>\n<td>Az \u00fczletek sz\u00e1ma<\/td>\n<td>1<\/td>\n<\/tr>\n<tr>\n<td>A t\u00e1roz\u00f3 kapacit\u00e1sa<\/td>\n<td>2L, 3L, 4L (f\u00e9m vagy m\u0171gyanta tart\u00e1ly), 8L (f\u00e9m tart\u00e1ly)<\/td>\n<\/tr>\n<tr>\n<td>\u00dajrat\u00f6lt\u00e9s<\/td>\n<td>Fel\u00fclr\u0151l<\/td>\n<\/tr>\n<tr>\n<td>Ken\u0151anyag<\/td>\n<td>32-68cSt@40 \u2103<\/td>\n<\/tr>\n<tr>\n<td>V\u00e9delmi oszt\u00e1ly<\/td>\n<td>IP54<\/td>\n<\/tr>\n<tr>\n<td>Kis\u00fcl\u00e9s<\/td>\n<td>150 ml\/perc<\/td>\n<\/tr>\n<tr>\n<td>Max. \u00fczemi nyom\u00e1s<\/td>\n<td>1,8 MPa<\/td>\n<\/tr>\n<tr>\n<td>Csatlakoz\u00f3 menet<\/td>\n<td>Kimenet \u03a66<\/td>\n<\/tr>\n<tr>\n<td>\u00dczemi fesz\u00fclts\u00e9g<\/td>\n<td>110VAC, 220VAC<\/td>\n<\/tr>\n<tr>\n<td>Tan\u00fas\u00edtv\u00e1ny<\/td>\n<td>CE<\/td>\n<\/tr>\n<tr>\n<td>Be\u00e9p\u00edt\u00e9si helyzet<\/td>\n<td>F\u00fcgg\u0151leges<\/td>\n<\/tr>\n<\/tbody>\n<\/table>\n<h2>Alkalmaz\u00e1sok<\/h2>\n<p>Olajszint ellen\u0151rz\u00e9s: A ken\u0151olaj mennyis\u00e9g\u00e9nek megfelel\u0151nek kell lennie. Ellenkez\u0151 esetben a megfelel\u0151 ken\u00e9s hi\u00e1nya miatt s\u00falyos kop\u00e1s l\u00e9phet fel.<br \/>\nA sz\u0171r\u0151 \u00fctemezett tiszt\u00edt\u00e1sa: \u00c1ltal\u00e1ban minden ken\u0151szivatty\u00faban van sz\u0171r\u0151. A sz\u0171r\u0151ben l\u00e9v\u0151 szennyez\u0151d\u00e9sek az olajk\u00f6r elt\u00f6m\u0151d\u00e9s\u00e9t okozhatj\u00e1k.<br \/>\nNyom\u00e1skapcsol\u00f3 ellen\u0151rz\u00e9se: a nyom\u00e1skapcsol\u00f3s ken\u0151szivatty\u00fanak alkalmasnak kell lennie a haszn\u00e1latra.<br \/>\nA ken\u00e9si id\u0151 be\u00e1ll\u00edt\u00e1sa: A berendez\u00e9s t\u00e9nyleges ig\u00e9nyeinek megfelel\u0151en \u00e9sszer\u0171en be\u00e1ll\u00edtva a ken\u0151szivatty\u00fa id\u0151- \u00e9s intervallumidej\u00e9t ker\u00fclni kell a felesleges vagy el\u00e9gtelen ken\u00e9st.<\/p>\n<h2>K\u00e9zik\u00f6nyvek<\/h2>\n<div class=\"sdm_download_button_box_default\"><div class=\"sdm_download_link\"><a href=\"https:\/\/www.jinpinlub.com\/hu\/?sdm_process_download=1&download_id=2466\" class=\"sdm_download white\" title=\"Mag\u00e1n: JDL4 Volumetric Pump\" target=\"&quot;_blank&quot;\">Adatlap megtekint\u00e9se - JDL4 szivatty\u00fa<\/a><\/div><\/div>","protected":false},"excerpt":{"rendered":"<p>A Jinpinlub JDL4-4 ken\u0151szivatty\u00fa egy l\u00f6kett\u00e9rfogat\u00fa befecskendez\u0151 szivatty\u00fa, amely prec\u00edz t\u00e9rfogat\u00fa olajat bocs\u00e1t ki, \u00e9s nyom\u00e1s alatti eloszt\u00f3val egy olyan rendszert alkot, amely pontosan tudja szab\u00e1lyozni az egyes ken\u00e9si pontok ken\u00e9si mennyis\u00e9g\u00e9t.<\/p>","protected":false},"featured_media":3525,"template":"","meta":{"ocean_post_layout":"","ocean_both_sidebars_style":"","ocean_both_sidebars_content_width":0,"ocean_both_sidebars_sidebars_width":0,"ocean_sidebar":"0","ocean_second_sidebar":"0","ocean_disable_margins":"enable","ocean_add_body_class":"","ocean_shortcode_before_top_bar":"","ocean_shortcode_after_top_bar":"","ocean_shortcode_before_header":"","ocean_shortcode_after_header":"","ocean_has_shortcode":"","ocean_shortcode_after_title":"","ocean_shortcode_before_footer_widgets":"","ocean_shortcode_after_footer_widgets":"","ocean_shortcode_before_footer_bottom":"","ocean_shortcode_after_footer_bottom":"","ocean_display_top_bar":"default","ocean_display_header":"default","ocean_header_style":"","ocean_center_header_left_menu":"0","ocean_custom_header_template":"0","ocean_custom_logo":0,"ocean_custom_retina_logo":0,"ocean_custom_logo_max_width":0,"ocean_custom_logo_tablet_max_width":0,"ocean_custom_logo_mobile_max_width":0,"ocean_custom_logo_max_height":0,"ocean_custom_logo_tablet_max_height":0,"ocean_custom_logo_mobile_max_height":0,"ocean_header_custom_menu":"0","ocean_menu_typo_font_family":"0","ocean_menu_typo_font_subset":"","ocean_menu_typo_font_size":0,"ocean_menu_typo_font_size_tablet":0,"ocean_menu_typo_font_size_mobile":0,"ocean_menu_typo_font_size_unit":"px","ocean_menu_typo_font_weight":"","ocean_menu_typo_font_weight_tablet":"","ocean_menu_typo_font_weight_mobile":"","ocean_menu_typo_transform":"","ocean_menu_typo_transform_tablet":"","ocean_menu_typo_transform_mobile":"","ocean_menu_typo_line_height":0,"ocean_menu_typo_line_height_tablet":0,"ocean_menu_typo_line_height_mobile":0,"ocean_menu_typo_line_height_unit":"","ocean_menu_typo_spacing":0,"ocean_menu_typo_spacing_tablet":0,"ocean_menu_typo_spacing_mobile":0,"ocean_menu_typo_spacing_unit":"","ocean_menu_link_color":"","ocean_menu_link_color_hover":"","ocean_menu_link_color_active":"","ocean_menu_link_background":"","ocean_menu_link_hover_background":"","ocean_menu_link_active_background":"","ocean_menu_social_links_bg":"","ocean_menu_social_hover_links_bg":"","ocean_menu_social_links_color":"","ocean_menu_social_hover_links_color":"","ocean_disable_title":"default","ocean_disable_heading":"default","ocean_post_title":"","ocean_post_subheading":"","ocean_post_title_style":"","ocean_post_title_background_color":"","ocean_post_title_background":0,"ocean_post_title_bg_image_position":"","ocean_post_title_bg_image_attachment":"","ocean_post_title_bg_image_repeat":"","ocean_post_title_bg_image_size":"","ocean_post_title_height":0,"ocean_post_title_bg_overlay":0.5,"ocean_post_title_bg_overlay_color":"","ocean_disable_breadcrumbs":"default","ocean_breadcrumbs_color":"","ocean_breadcrumbs_separator_color":"","ocean_breadcrumbs_links_color":"","ocean_breadcrumbs_links_hover_color":"","ocean_display_footer_widgets":"default","ocean_display_footer_bottom":"default","ocean_custom_footer_template":"0","osh_disable_topbar_sticky":"default","osh_disable_header_sticky":"default","osh_sticky_header_style":"default","osh_sticky_header_effect":"","osh_custom_sticky_logo":0,"osh_custom_retina_sticky_logo":0,"osh_custom_sticky_logo_height":0,"osh_background_color":"","osh_links_color":"","osh_links_hover_color":"","osh_links_active_color":"","osh_links_bg_color":"","osh_links_hover_bg_color":"","osh_links_active_bg_color":"","osh_menu_social_links_color":"","osh_menu_social_hover_links_color":""},"product_brand":[],"product_cat":[48,47],"product_tag":[73,290,289],"class_list":{"0":"post-3559","1":"product","2":"type-product","3":"status-publish","4":"has-post-thumbnail","6":"product_cat-electric-volumetric-pumps","7":"product_cat-volumetric-thin-oil-systems","8":"product_tag-electric-lubrication-pump","9":"product_tag-electric-motor-oil-pump","10":"product_tag-electric-oil-injector","12":"entry","13":"has-media","15":"first","16":"instock","17":"shipping-taxable","18":"product-type-external","19":"col","20":"span_1_of_3","21":"owp-content-center","22":"owp-thumbs-layout-horizontal","23":"owp-btn-very-big","24":"owp-tabs-layout-horizontal"},"_links":{"self":[{"href":"https:\/\/www.jinpinlub.com\/hu\/wp-json\/wp\/v2\/product\/3559","targetHints":{"allow":["GET"]}}],"collection":[{"href":"https:\/\/www.jinpinlub.com\/hu\/wp-json\/wp\/v2\/product"}],"about":[{"href":"https:\/\/www.jinpinlub.com\/hu\/wp-json\/wp\/v2\/types\/product"}],"wp:featuredmedia":[{"embeddable":true,"href":"https:\/\/www.jinpinlub.com\/hu\/wp-json\/wp\/v2\/media\/3525"}],"wp:attachment":[{"href":"https:\/\/www.jinpinlub.com\/hu\/wp-json\/wp\/v2\/media?parent=3559"}],"wp:term":[{"taxonomy":"product_brand","embeddable":true,"href":"https:\/\/www.jinpinlub.com\/hu\/wp-json\/wp\/v2\/product_brand?post=3559"},{"taxonomy":"product_cat","embeddable":true,"href":"https:\/\/www.jinpinlub.com\/hu\/wp-json\/wp\/v2\/product_cat?post=3559"},{"taxonomy":"product_tag","embeddable":true,"href":"https:\/\/www.jinpinlub.com\/hu\/wp-json\/wp\/v2\/product_tag?post=3559"}],"curies":[{"name":"wp","href":"https:\/\/api.w.org\/{rel}","templated":true}]}}