{"id":3568,"date":"2024-08-30T09:43:07","date_gmt":"2024-08-30T01:43:07","guid":{"rendered":"https:\/\/www.jinpinlub.com\/?post_type=product&#038;p=3568"},"modified":"2024-08-30T09:51:21","modified_gmt":"2024-08-30T01:51:21","slug":"smd-250-ml-es-elektromos-egypontos-kenoanyag-dip-kapcsoloval","status":"publish","type":"product","link":"https:\/\/www.jinpinlub.com\/hu\/product\/smd-250ml-electric-single-point-lubricator-with-dip-switch\/","title":{"rendered":"SMD 250 ml elektromos egypontos ken\u0151anyag DIP kapcsol\u00f3val"},"content":{"rendered":"<h2>Jellemz\u0151k<\/h2>\n<p>V\u00e1ltoz\u00f3 h\u0151m\u00e9rs\u00e9klet\u0171 alkalmaz\u00e1sokhoz, nagy t\u00e1vols\u00e1gra t\u00f6rt\u00e9n\u0151 telep\u00edt\u00e9shez, mint p\u00e9ld\u00e1ul vibr\u00e1ci\u00f3, z\u00e1rt terek vagy vesz\u00e9lyes k\u00f6rnyezet, az SMD egy opci\u00f3.<br \/>\n1. Az \u00e1tl\u00e1tsz\u00f3 fed\u00e9l \u00e9s az \u00e1tl\u00e1tsz\u00f3 olajtart\u00e1ly megk\u00f6nny\u00edti a szemrev\u00e9telez\u00e9st.<br \/>\n2. Ugyanaz a meghajt\u00f3egys\u00e9g k\u00e9t kapacit\u00e1ssal haszn\u00e1lhat\u00f3, csak \u00e1ll\u00edtsa be a 125\/250 ml-es kapcsol\u00f3t. A t\u00e1pegys\u00e9g lehet 24 VDC k\u00fcls\u0151 t\u00e1pegys\u00e9g vagy 3 V DC akkumul\u00e1tor.<br \/>\n3. A kis\u00fcl\u00e9si sebess\u00e9g f\u00fcggetlen a h\u0151m\u00e9rs\u00e9klett\u0151l, \u00e9s az extrud\u00e1l\u00e1si nyom\u00e1s legfeljebb 6,5 bar.<br \/>\n4. A piros-s\u00e1rga-z\u00f6ld LED-l\u00e1mp\u00e1k a ken\u0151anyag \u00e1llapot\u00e1t jelzik.<br \/>\n5. K\u00f6zvetlen\u00fcl vagy cs\u0151re csatlakoztathat\u00f3 z\u00e1rt be\u00e9p\u00edt\u00e9shez.<br \/>\n6. Ha a zs\u00edr kifogyott, cser\u00e9lje ki a patront \u00e9s az akkumul\u00e1torcsomagot.<br \/>\n7. Alkalmaz\u00e1sok korl\u00e1tozott \u00e9s vesz\u00e9lyes helyeken, ahol megb\u00edzhat\u00f3s\u00e1g \u00e9s tov\u00e1bbi fel\u00fcgyelet sz\u00fcks\u00e9ges.<\/p>\n<h2>Specifik\u00e1ci\u00f3<\/h2>\n<p>Ken\u0151anyagok: olaj vagy zs\u00edr \u2264 NLGI #2<br \/>\nTart\u00e1lykapacit\u00e1s: 125mL \u00e9s 250mL<br \/>\n\u00dcr\u00edt\u00e9si id\u0151: 0,5, 1, 3, 6, 9 \u00e9s 12 h\u00f3nap<br \/>\nKibocs\u00e1t\u00e1si tartom\u00e1ny: 0,3-0,8 ml\/nap<br \/>\nK\u00f6rnyezeti h\u0151m\u00e9rs\u00e9klet: -20 ~ 60 \u2103<br \/>\n\u00dczemi nyom\u00e1s: maximum 6,5 bar<br \/>\nCsatlakoz\u00f3 menet: R1\/4<br \/>\nLeghosszabb cs\u0151: 3 m zs\u00edrhoz, 5 m h\u00edg olajhoz<br \/>\nV\u00e9detts\u00e9gi szint: IP65<br \/>\nAkkumul\u00e1tor: SMD1-BAT (2 CR17505 p\u00e1rhuzamosan)<br \/>\nT\u00e1rol\u00e1si id\u0151: 3 \u00e9v (20 \u2103)<br \/>\nTeljes olajt\u00f6meg: 600 g (125 ml), 800 g (250 ml)<\/p>\n<h2>Alkalmaz\u00e1sok<\/h2>\n<p>G\u00f6rd\u00fcl\u0151- \u00e9s cs\u00fasz\u00f3csap\u00e1gy-ken\u00e9s: ezek biztos\u00edtj\u00e1k a csap\u00e1gyak z\u00f6kken\u0151mentes m\u0171k\u00f6d\u00e9s\u00e9t a magas kock\u00e1zat\u00fa k\u00f6rnyezetben.<br \/>\nCs\u00fasz\u00f3vezet\u0151 ken\u00e9s: Pontosan t\u00f6rt\u00e9nik a s\u00farl\u00f3d\u00e1s \u00e9s a kop\u00e1s cs\u00f6kkent\u00e9se \u00e9rdek\u00e9ben.<br \/>\nNyitott hajt\u00f3m\u0171 \u00e9s fogasl\u00e9c ken\u00e9se: Ez a ken\u00e9st \u00e9rintetlen\u00fcl tartja magas nyom\u00e1son \u00e9s magas h\u0151m\u00e9rs\u00e9kleten.<br \/>\nOrs\u00f3 \u00e9s tengelyt\u00f6m\u00edt\u00e9s ken\u00e9se: Ez megv\u00e9di a kritikus mechanikai alkatr\u00e9szeket \u00e9s meghosszabb\u00edtja az \u00e9lettartamot.<br \/>\nL\u00e1ncken\u00e9s: Megakad\u00e1lyozza a l\u00e1ncok rozsd\u00e1sod\u00e1s\u00e1t \u00e9s kop\u00e1s\u00e1t zord k\u00f6rnyezetben.<br \/>\nMotorken\u00e9s: K\u00fcl\u00f6n\u00f6sen alkalmas olyan villanymotorokhoz, amelyek pontos ken\u00e9si mennyis\u00e9get ig\u00e9nyelnek.<\/p>\n<h2>K\u00e9zik\u00f6nyvek<\/h2>\n<div class=\"sdm_download_button_box_default\"><div class=\"sdm_download_link\"><a href=\"https:\/\/www.jinpinlub.com\/hu\/?sdm_process_download=1&download_id=2477\" class=\"sdm_download white\" title=\"Mag\u00e1n: SMD Single-point Lubricator\" target=\"&quot;_blank&quot;\">Adatlap megtekint\u00e9se \u2013 SMD Lubricator<\/a><\/div><\/div>","protected":false},"excerpt":{"rendered":"<p>Az SML ken\u0151anyag b\u00e1rmilyen mobil, vibr\u00e1l\u00f3, v\u00edz alatti, magas tengerszint feletti magass\u00e1gban vagy szennyezett helyre telep\u00edthet\u0151, illetve fejjel lefel\u00e9 vagy v\u00edzszintesen is felszerelhet\u0151. Ez a ken\u0151anyag \u00e1ltal\u00e1ban eldobhat\u00f3 term\u00e9k, de ak\u00e1r h\u00e1romszor is \u00fajrat\u00f6lthet\u0151, \u00e9s haszn\u00e1lat ut\u00e1n k\u00f6nnyen kidobhat\u00f3.<\/p>","protected":false},"featured_media":3564,"template":"","meta":{"ocean_post_layout":"","ocean_both_sidebars_style":"","ocean_both_sidebars_content_width":0,"ocean_both_sidebars_sidebars_width":0,"ocean_sidebar":"0","ocean_second_sidebar":"0","ocean_disable_margins":"enable","ocean_add_body_class":"","ocean_shortcode_before_top_bar":"","ocean_shortcode_after_top_bar":"","ocean_shortcode_before_header":"","ocean_shortcode_after_header":"","ocean_has_shortcode":"","ocean_shortcode_after_title":"","ocean_shortcode_before_footer_widgets":"","ocean_shortcode_after_footer_widgets":"","ocean_shortcode_before_footer_bottom":"","ocean_shortcode_after_footer_bottom":"","ocean_display_top_bar":"default","ocean_display_header":"default","ocean_header_style":"","ocean_center_header_left_menu":"0","ocean_custom_header_template":"0","ocean_custom_logo":0,"ocean_custom_retina_logo":0,"ocean_custom_logo_max_width":0,"ocean_custom_logo_tablet_max_width":0,"ocean_custom_logo_mobile_max_width":0,"ocean_custom_logo_max_height":0,"ocean_custom_logo_tablet_max_height":0,"ocean_custom_logo_mobile_max_height":0,"ocean_header_custom_menu":"0","ocean_menu_typo_font_family":"0","ocean_menu_typo_font_subset":"","ocean_menu_typo_font_size":0,"ocean_menu_typo_font_size_tablet":0,"ocean_menu_typo_font_size_mobile":0,"ocean_menu_typo_font_size_unit":"px","ocean_menu_typo_font_weight":"","ocean_menu_typo_font_weight_tablet":"","ocean_menu_typo_font_weight_mobile":"","ocean_menu_typo_transform":"","ocean_menu_typo_transform_tablet":"","ocean_menu_typo_transform_mobile":"","ocean_menu_typo_line_height":0,"ocean_menu_typo_line_height_tablet":0,"ocean_menu_typo_line_height_mobile":0,"ocean_menu_typo_line_height_unit":"","ocean_menu_typo_spacing":0,"ocean_menu_typo_spacing_tablet":0,"ocean_menu_typo_spacing_mobile":0,"ocean_menu_typo_spacing_unit":"","ocean_menu_link_color":"","ocean_menu_link_color_hover":"","ocean_menu_link_color_active":"","ocean_menu_link_background":"","ocean_menu_link_hover_background":"","ocean_menu_link_active_background":"","ocean_menu_social_links_bg":"","ocean_menu_social_hover_links_bg":"","ocean_menu_social_links_color":"","ocean_menu_social_hover_links_color":"","ocean_disable_title":"default","ocean_disable_heading":"default","ocean_post_title":"","ocean_post_subheading":"","ocean_post_title_style":"","ocean_post_title_background_color":"","ocean_post_title_background":0,"ocean_post_title_bg_image_position":"","ocean_post_title_bg_image_attachment":"","ocean_post_title_bg_image_repeat":"","ocean_post_title_bg_image_size":"","ocean_post_title_height":0,"ocean_post_title_bg_overlay":0.5,"ocean_post_title_bg_overlay_color":"","ocean_disable_breadcrumbs":"default","ocean_breadcrumbs_color":"","ocean_breadcrumbs_separator_color":"","ocean_breadcrumbs_links_color":"","ocean_breadcrumbs_links_hover_color":"","ocean_display_footer_widgets":"default","ocean_display_footer_bottom":"default","ocean_custom_footer_template":"0","osh_disable_topbar_sticky":"default","osh_disable_header_sticky":"default","osh_sticky_header_style":"default","osh_sticky_header_effect":"","osh_custom_sticky_logo":0,"osh_custom_retina_sticky_logo":0,"osh_custom_sticky_logo_height":0,"osh_background_color":"","osh_links_color":"","osh_links_hover_color":"","osh_links_active_color":"","osh_links_bg_color":"","osh_links_hover_bg_color":"","osh_links_active_bg_color":"","osh_menu_social_links_color":"","osh_menu_social_hover_links_color":""},"product_brand":[],"product_cat":[33],"product_tag":[292,291,103],"class_list":{"0":"post-3568","1":"product","2":"type-product","3":"status-publish","4":"has-post-thumbnail","6":"product_cat-single-point-lubricators","7":"product_tag-battery-single-point-lubricator","8":"product_tag-electric-single-point-lubricator","9":"product_tag-single-point-lubricator","11":"entry","12":"has-media","14":"first","15":"instock","16":"featured","17":"shipping-taxable","18":"product-type-external","19":"col","20":"span_1_of_3","21":"owp-content-center","22":"owp-thumbs-layout-horizontal","23":"owp-btn-very-big","24":"owp-tabs-layout-horizontal"},"_links":{"self":[{"href":"https:\/\/www.jinpinlub.com\/hu\/wp-json\/wp\/v2\/product\/3568","targetHints":{"allow":["GET"]}}],"collection":[{"href":"https:\/\/www.jinpinlub.com\/hu\/wp-json\/wp\/v2\/product"}],"about":[{"href":"https:\/\/www.jinpinlub.com\/hu\/wp-json\/wp\/v2\/types\/product"}],"wp:featuredmedia":[{"embeddable":true,"href":"https:\/\/www.jinpinlub.com\/hu\/wp-json\/wp\/v2\/media\/3564"}],"wp:attachment":[{"href":"https:\/\/www.jinpinlub.com\/hu\/wp-json\/wp\/v2\/media?parent=3568"}],"wp:term":[{"taxonomy":"product_brand","embeddable":true,"href":"https:\/\/www.jinpinlub.com\/hu\/wp-json\/wp\/v2\/product_brand?post=3568"},{"taxonomy":"product_cat","embeddable":true,"href":"https:\/\/www.jinpinlub.com\/hu\/wp-json\/wp\/v2\/product_cat?post=3568"},{"taxonomy":"product_tag","embeddable":true,"href":"https:\/\/www.jinpinlub.com\/hu\/wp-json\/wp\/v2\/product_tag?post=3568"}],"curies":[{"name":"wp","href":"https:\/\/api.w.org\/{rel}","templated":true}]}}