{"id":3569,"date":"2024-08-30T09:57:59","date_gmt":"2024-08-30T01:57:59","guid":{"rendered":"https:\/\/www.jinpinlub.com\/?post_type=product&#038;p=3569"},"modified":"2024-08-30T10:15:24","modified_gmt":"2024-08-30T02:15:24","slug":"smd-125-ml-es-motoros-egypontos-automata-kenoanyagok","status":"publish","type":"product","link":"https:\/\/www.jinpinlub.com\/hu\/product\/smd-125ml-motor-driven-single-point-automatic-lubricators\/","title":{"rendered":"SMD 125 ml-es motoros hajt\u00e1s\u00fa egypontos automatikus ken\u0151anyagok"},"content":{"rendered":"<h2>Jellemz\u0151k<\/h2>\n<p><span id=\"input-sentence~0\">Mivel a ken\u00e9si sebess\u00e9g f\u00fcggetlen a h\u0151m\u00e9rs\u00e9klett\u0151l, \u00edgy egyenletes ken\u00e9si eredm\u00e9nyeket biztos\u00edt.<br \/>\nMaxim\u00e1lis \u00fcr\u00edt\u00e9si nyom\u00e1s: Az SMD ken\u0151anyagok maximum 6,5 bar-ra emelkedhetnek a ken\u00e9si ciklus sor\u00e1n.<br \/>\n\u00c1tl\u00e1tsz\u00f3 tart\u00e1ly: Az SMD ken\u0151anyagok lehet\u0151v\u00e9 teszik a ken\u0151anyag \u00e1llapot\u00e1nak vagy \u00e1llapot\u00e1nak vizu\u00e1lis ellen\u0151rz\u00e9s\u00e9t.<\/span><span id=\"input-sentence~1\"><br \/>\nLED \u00e1llapotjelz\u0151: Az SMD ken\u0151k\u00e9sz\u00fcl\u00e9kek piros, s\u00e1rga \u00e9s z\u00f6ld LED l\u00e1mp\u00e1kkal jelzik a ken\u0151anyag \u00e1llapot\u00e1t.<br \/>\nRugalmas ken\u00e9si ciklusok: Az SMD ken\u0151anyagok 1-12 h\u00f3napos ken\u00e9sre \u00e1ll\u00edthat\u00f3k be.<br \/>\nT\u00f6bbf\u00e9le ken\u0151anyag opci\u00f3: Ha a k\u00f6r\u00fclm\u00e9nyek megengedik, a ken\u0151g\u00e9p el\u0151re felt\u00f6lthet\u0151 ken\u0151anyagokkal.<br \/>\nMeghajt\u00e1si lehet\u0151s\u00e9gek: Az alkalmaz\u00e1si ig\u00e9nyekt\u0151l f\u00fcgg\u0151en az SMD ken\u0151anyagok l\u00edtium akkumul\u00e1torral vagy k\u00fcls\u0151 t\u00e1pegys\u00e9ggel m\u0171k\u00f6dhetnek.<br \/>\nT\u00f6m\u00edt\u00e9s: Az SMD ken\u0151anyagok kiv\u00e1l\u00f3 t\u00f6m\u00edt\u00e9ssel rendelkeznek, \u00e9s m\u00e9g v\u00edzben is norm\u00e1lisan m\u0171k\u00f6dnek.<\/span><\/p>\n<h2>Specifik\u00e1ci\u00f3<\/h2>\n<p>Ken\u0151anyagok: olaj vagy zs\u00edr \u2264 NLGI #2<br \/>\nTart\u00e1lykapacit\u00e1s: 125mL \u00e9s 250mL<br \/>\n\u00dcr\u00edt\u00e9si id\u0151: 0,5, 1, 3, 6, 9 \u00e9s 12 h\u00f3nap<br \/>\nKibocs\u00e1t\u00e1si tartom\u00e1ny: 0,3-0,8 ml\/nap<br \/>\nK\u00f6rnyezeti h\u0151m\u00e9rs\u00e9klet: -20 ~ 60 \u2103<br \/>\n\u00dczemi nyom\u00e1s: maximum 6,5 bar<br \/>\nCsatlakoz\u00f3 menet: R1\/4<br \/>\nLeghosszabb cs\u0151: 3 m zs\u00edrhoz, 5 m h\u00edg olajhoz<br \/>\nV\u00e9detts\u00e9gi szint: IP65<br \/>\nAkkumul\u00e1tor: SMD1-BAT (2 CR17505 p\u00e1rhuzamosan)<br \/>\nT\u00e1rol\u00e1si id\u0151: 3 \u00e9v (20 \u2103)<br \/>\nTeljes olajt\u00f6meg: 600 g (125 ml), 800 g (250 ml)<\/p>\n<h2>Alkalmaz\u00e1sok<\/h2>\n<p><span id=\"input-sentence~0\">Ipari berendez\u00e9sek: Az SMD ken\u0151anyagok k\u00fcl\u00f6nf\u00e9le ipari berendez\u00e9sekhez, p\u00e9ld\u00e1ul motorokhoz, ventil\u00e1torokhoz \u00e9s szivatty\u00fakhoz alkalmazhat\u00f3k.<br \/>\nSz\u00e1ll\u00edt\u00f3szalag rendszerek: Az SMD alkalmaz\u00e1sok k\u00f6z\u00e9 tartoznak a sz\u00e1ll\u00edt\u00f3szalagok \u00e9s a daruk.<br \/>\nA felvon\u00f3kat \u00e9s mozg\u00f3l\u00e9pcs\u0151ket legink\u00e1bb olyan alkalmaz\u00e1sokban alkalmazz\u00e1k, ahol olajken\u00e9s sz\u00fcks\u00e9ges.<\/span><span id=\"input-sentence~1\"><br \/>\nVesz\u00e9lyes \u00e9s z\u00e1rt k\u00f6rnyezetek: Az SMD ken\u0151anyagok meglehet\u0151sen j\u00f3l teljes\u00edtenek t\u00e1voli telep\u00edt\u00e9sekn\u00e9l, ahol korl\u00e1tozott a hely, vagy a k\u00f6rnyezet vesz\u00e9lyes.<br \/>\n\u00c9lelmiszer-feldolgoz\u00f3 ipar: Az egypontos SMD ken\u0151anyagokat az \u00e9lelmiszer-feldolgoz\u00f3 iparban haszn\u00e1lj\u00e1k olyan alkalmaz\u00e1sokban, ahol \u00e9lelmiszer-min\u0151s\u00e9g\u0171 ken\u0151anyagokat haszn\u00e1lnak.<\/span><\/p>\n<h2>K\u00e9zik\u00f6nyvek<\/h2>\n<div class=\"sdm_download_button_box_default\"><div class=\"sdm_download_link\"><a href=\"https:\/\/www.jinpinlub.com\/hu\/?sdm_process_download=1&download_id=2477\" class=\"sdm_download white\" title=\"Mag\u00e1n: SMD Single-point Lubricator\" target=\"&quot;_blank&quot;\">Adatlap megtekint\u00e9se \u2013 SMD Lubricator<\/a><\/div><\/div>","protected":false},"excerpt":{"rendered":"<p>Az SMD egy elektromechanikus hajt\u00e1s\u00fa, egypontos automatikus ken\u0151anyag nagy h\u0151m\u00e9rs\u00e9klet-ingadoz\u00e1sokkal, rezg\u00e9ssel \u00e9s korl\u00e1tozott helyig\u00e9ny\u0171 alkalmaz\u00e1sokhoz. LED \u00e1llapotjelz\u0151vel, 6,5 bar maxim\u00e1lis nyom\u00f3nyom\u00e1ssal \u00e9s 1-12 h\u00f3napig \u00e1ll\u00edthat\u00f3 ken\u00e9si intervallumokkal rendelkezik.<\/p>","protected":false},"featured_media":3563,"template":"","meta":{"ocean_post_layout":"","ocean_both_sidebars_style":"","ocean_both_sidebars_content_width":0,"ocean_both_sidebars_sidebars_width":0,"ocean_sidebar":"0","ocean_second_sidebar":"0","ocean_disable_margins":"enable","ocean_add_body_class":"","ocean_shortcode_before_top_bar":"","ocean_shortcode_after_top_bar":"","ocean_shortcode_before_header":"","ocean_shortcode_after_header":"","ocean_has_shortcode":"","ocean_shortcode_after_title":"","ocean_shortcode_before_footer_widgets":"","ocean_shortcode_after_footer_widgets":"","ocean_shortcode_before_footer_bottom":"","ocean_shortcode_after_footer_bottom":"","ocean_display_top_bar":"default","ocean_display_header":"default","ocean_header_style":"","ocean_center_header_left_menu":"0","ocean_custom_header_template":"0","ocean_custom_logo":0,"ocean_custom_retina_logo":0,"ocean_custom_logo_max_width":0,"ocean_custom_logo_tablet_max_width":0,"ocean_custom_logo_mobile_max_width":0,"ocean_custom_logo_max_height":0,"ocean_custom_logo_tablet_max_height":0,"ocean_custom_logo_mobile_max_height":0,"ocean_header_custom_menu":"0","ocean_menu_typo_font_family":"0","ocean_menu_typo_font_subset":"","ocean_menu_typo_font_size":0,"ocean_menu_typo_font_size_tablet":0,"ocean_menu_typo_font_size_mobile":0,"ocean_menu_typo_font_size_unit":"px","ocean_menu_typo_font_weight":"","ocean_menu_typo_font_weight_tablet":"","ocean_menu_typo_font_weight_mobile":"","ocean_menu_typo_transform":"","ocean_menu_typo_transform_tablet":"","ocean_menu_typo_transform_mobile":"","ocean_menu_typo_line_height":0,"ocean_menu_typo_line_height_tablet":0,"ocean_menu_typo_line_height_mobile":0,"ocean_menu_typo_line_height_unit":"","ocean_menu_typo_spacing":0,"ocean_menu_typo_spacing_tablet":0,"ocean_menu_typo_spacing_mobile":0,"ocean_menu_typo_spacing_unit":"","ocean_menu_link_color":"","ocean_menu_link_color_hover":"","ocean_menu_link_color_active":"","ocean_menu_link_background":"","ocean_menu_link_hover_background":"","ocean_menu_link_active_background":"","ocean_menu_social_links_bg":"","ocean_menu_social_hover_links_bg":"","ocean_menu_social_links_color":"","ocean_menu_social_hover_links_color":"","ocean_disable_title":"default","ocean_disable_heading":"default","ocean_post_title":"","ocean_post_subheading":"","ocean_post_title_style":"","ocean_post_title_background_color":"","ocean_post_title_background":0,"ocean_post_title_bg_image_position":"","ocean_post_title_bg_image_attachment":"","ocean_post_title_bg_image_repeat":"","ocean_post_title_bg_image_size":"","ocean_post_title_height":0,"ocean_post_title_bg_overlay":0.5,"ocean_post_title_bg_overlay_color":"","ocean_disable_breadcrumbs":"default","ocean_breadcrumbs_color":"","ocean_breadcrumbs_separator_color":"","ocean_breadcrumbs_links_color":"","ocean_breadcrumbs_links_hover_color":"","ocean_display_footer_widgets":"default","ocean_display_footer_bottom":"default","ocean_custom_footer_template":"0","osh_disable_topbar_sticky":"default","osh_disable_header_sticky":"default","osh_sticky_header_style":"default","osh_sticky_header_effect":"","osh_custom_sticky_logo":0,"osh_custom_retina_sticky_logo":0,"osh_custom_sticky_logo_height":0,"osh_background_color":"","osh_links_color":"","osh_links_hover_color":"","osh_links_active_color":"","osh_links_bg_color":"","osh_links_hover_bg_color":"","osh_links_active_bg_color":"","osh_menu_social_links_color":"","osh_menu_social_hover_links_color":""},"product_brand":[],"product_cat":[33],"product_tag":[293,295,294],"class_list":{"0":"post-3569","1":"product","2":"type-product","3":"status-publish","4":"has-post-thumbnail","6":"product_cat-single-point-lubricators","7":"product_tag-single-point-lubrication-of-bearings","8":"product_tag-single-point-lubrication-of-motors","9":"product_tag-single-point-lubrication-of-spindles","11":"entry","12":"has-media","14":"first","15":"instock","16":"shipping-taxable","17":"product-type-external","18":"col","19":"span_1_of_3","20":"owp-content-center","21":"owp-thumbs-layout-horizontal","22":"owp-btn-very-big","23":"owp-tabs-layout-horizontal"},"_links":{"self":[{"href":"https:\/\/www.jinpinlub.com\/hu\/wp-json\/wp\/v2\/product\/3569","targetHints":{"allow":["GET"]}}],"collection":[{"href":"https:\/\/www.jinpinlub.com\/hu\/wp-json\/wp\/v2\/product"}],"about":[{"href":"https:\/\/www.jinpinlub.com\/hu\/wp-json\/wp\/v2\/types\/product"}],"wp:featuredmedia":[{"embeddable":true,"href":"https:\/\/www.jinpinlub.com\/hu\/wp-json\/wp\/v2\/media\/3563"}],"wp:attachment":[{"href":"https:\/\/www.jinpinlub.com\/hu\/wp-json\/wp\/v2\/media?parent=3569"}],"wp:term":[{"taxonomy":"product_brand","embeddable":true,"href":"https:\/\/www.jinpinlub.com\/hu\/wp-json\/wp\/v2\/product_brand?post=3569"},{"taxonomy":"product_cat","embeddable":true,"href":"https:\/\/www.jinpinlub.com\/hu\/wp-json\/wp\/v2\/product_cat?post=3569"},{"taxonomy":"product_tag","embeddable":true,"href":"https:\/\/www.jinpinlub.com\/hu\/wp-json\/wp\/v2\/product_tag?post=3569"}],"curies":[{"name":"wp","href":"https:\/\/api.w.org\/{rel}","templated":true}]}}