{"id":3666,"date":"2024-09-13T03:27:17","date_gmt":"2024-09-12T19:27:17","guid":{"rendered":"https:\/\/www.jinpinlub.com\/?post_type=product&#038;p=3666"},"modified":"2024-09-13T03:44:51","modified_gmt":"2024-09-12T19:44:51","slug":"bsb-elektromos-zsirszivattyu-ketsoros-kenorendszerekhez","status":"publish","type":"product","link":"https:\/\/www.jinpinlub.com\/hu\/termek\/bsb-elektromos-zsirszivattyu-ketsoros-kenorendszerekhez\/","title":{"rendered":"BSB elektromos zs\u00edrszivatty\u00fa k\u00e9tsoros ken\u0151rendszerekhez"},"content":{"rendered":"<h2>Funkci\u00f3<\/h2>\n<p>A BSB szivatty\u00fa kett\u0151s dugatty\u00fas szelepb\u0151l \u00e9s egy olajtart\u00e1lyb\u00f3l \u00e1ll, \u00e9s egy v\u00e1ltakoz\u00f3 \u00e1ram\u00fa motor hajtja. A motor forg\u00f3 mozg\u00e1sa a dugatty\u00fa oda-vissza mozg\u00e1s\u00e1v\u00e1 alakul \u00e1t egy excenteres ker\u00e9ken kereszt\u00fcl, ami el\u00e9ri az olajsz\u00edv\u00e1s \u00e9s nyom\u00e1s folyamat\u00e1t. Ez a szivatty\u00fa haszn\u00e1lhat\u00f3 k\u00e9tsoros ken\u00e9si rendszerekhez \u00e9s egysoros progressz\u00edv rendszerekhez is. A szivatty\u00fat a rendszer k\u00f6zep\u00e9re kell felszerelni, amely ak\u00e1r 1000 ken\u00e9si pontig is k\u00e9pes zs\u00edrral ell\u00e1tni. A szivatty\u00fa kimenet\u00e9t\u0151l a f\u0151cs\u0151vezet\u00e9k legt\u00e1volabbi v\u00e9g\u00e9ig tart\u00f3 kumulat\u00edv hosszt 100 m\u00e9teren bel\u00fcl kell szab\u00e1lyozni.<br \/>\nMax nyom\u00e1s 40 MPa, ken\u0151zs\u00edr NLGI 000-3# \u00e9s olaj \u2265N68, \u00fczemi h\u0151m\u00e9rs\u00e9klet -20 \u2103 ~ + 80 \u2103.<\/p>\n<h2>Specifik\u00e1ci\u00f3<\/h2>\n<table>\n<tbody>\n<tr>\n<td>\u00dczemi h\u0151m\u00e9rs\u00e9klet<\/td>\n<td>(-20\u00b0C \u00e9s +80\u00b0C k\u00f6z\u00f6tt)<\/td>\n<\/tr>\n<tr>\n<td>Az \u00fczletek sz\u00e1ma<\/td>\n<td>1<\/td>\n<\/tr>\n<tr>\n<td>A t\u00e1roz\u00f3 kapacit\u00e1sa<\/td>\n<td>30L, 60L, 100L<\/td>\n<\/tr>\n<tr>\n<td>\u00dajrat\u00f6lt\u00e9s<\/td>\n<td>Fel\u00fclr\u0151l<\/td>\n<\/tr>\n<tr>\n<td>Ken\u0151anyag<\/td>\n<td>NLGI 000-3# zs\u00edr \u00e9s \u2265N68 olaj<\/td>\n<\/tr>\n<tr>\n<td>V\u00e9delmi oszt\u00e1ly<\/td>\n<td>IP6K 9K<\/td>\n<\/tr>\n<tr>\n<td>Motor 0,75 kw (80 ford.\/perc)<\/td>\n<td>120 ml\/perc<\/td>\n<\/tr>\n<tr>\n<td>Motor 1,5 kW (160 ford.\/perc)<\/td>\n<td>235 ml\/perc<\/td>\n<\/tr>\n<tr>\n<td>Motor 1,5 kW (250 ford.\/perc)<\/td>\n<td>365 ml\/perc<\/td>\n<\/tr>\n<tr>\n<td>Max. \u00fczemi nyom\u00e1s<\/td>\n<td>400 bar<\/td>\n<\/tr>\n<tr>\n<td>Csatlakoz\u00f3 menet<\/td>\n<td>G 3\/8<\/td>\n<\/tr>\n<tr>\n<td>\u00dczemi fesz\u00fclts\u00e9g<\/td>\n<td>3 f\u00e1zis\u00fa 380VAC 50Hz<\/td>\n<\/tr>\n<\/tbody>\n<\/table>\n<h2>Alkalmaz\u00e1s<\/h2>\n<p>Ipari g\u00e9pek: A BSB sorozat\u00fa ken\u0151szivatty\u00fak nagy mechanikai berendez\u00e9sekre alkalmazhat\u00f3k, mint p\u00e9ld\u00e1ul pr\u00e9s, hengerm\u0171 \u00e9s fr\u00f6ccs\u00f6nt\u0151 g\u00e9p t\u00f6bbpontos ken\u00e9shez.<br \/>\nAc\u00e9lgy\u00e1rak: Az ac\u00e9lgy\u00e1rt\u00e1si folyamatban meglehet\u0151sen magas a ken\u00e9si ig\u00e9ny, \u00e9s a BSB zs\u00edrszivatty\u00fak biztos\u00edtj\u00e1k a berendez\u00e9s norm\u00e1l m\u0171k\u00f6d\u00e9s\u00e9t.<br \/>\nA b\u00e1ny\u00e1szati berendez\u00e9sek t\u00f6bbnyire ellens\u00e9ges k\u00f6r\u00fclm\u00e9nyek k\u00f6z\u00f6tt m\u0171k\u00f6dnek. A BSB szivatty\u00fak csak megfelel\u0151 ken\u00e9st tudnak biztos\u00edtani, meghosszabb\u00edtva az \u00e9lettartamot.<br \/>\nPap\u00edrgy\u00e1rak: A pap\u00edrlemezek gy\u00e1rt\u00e1sa a g\u00e9pek folyamatos zs\u00edroz\u00e1s\u00e1t ig\u00e9nyli, hogy a gy\u00e1rt\u00e1s hat\u00e9kony legyen; ezt az ig\u00e9nyt a BSB szivatty\u00fak ki tudj\u00e1k el\u00e9g\u00edteni.<br \/>\nEr\u0151m\u0171vek: A villamosenergia-termel\u00e9shez sz\u00fcks\u00e9ges berendez\u00e9sek ken\u00e9se nagyon fontos az energiatermel\u00e9s stabilit\u00e1sa szempontj\u00e1b\u00f3l. Ezen a ter\u00fcleten a BSB k\u00e9tsoros ken\u0151szivatty\u00fak sz\u00e9les k\u00f6rben alkalmazhat\u00f3k.<\/p>\n<h2>K\u00e9zik\u00f6nyvek<\/h2>\n<div class=\"sdm_download_button_box_default\"><div class=\"sdm_download_link\"><a href=\"https:\/\/www.jinpinlub.com\/hu\/?sdm_process_download=1&download_id=3654\" class=\"sdm_download white\" title=\"Mag\u00e1n: BSB Dual-line Grease Pump\" target=\"&quot;_blank&quot;\">Adatlap megtekint\u00e9se - BSB k\u00e9tsoros szivatty\u00fa<\/a><\/div><\/div>","protected":false},"excerpt":{"rendered":"<p>A BSB k\u00e9tsoros elektromos ken\u0151szivatty\u00fa nyom\u00e1s alatt sz\u00e1ll\u00edtja a ken\u0151anyagot a f\u0151 t\u00e1pvezet\u00e9kbe egy elektromos vagy pneumatikus vez\u00e9rl\u0151szelepen kereszt\u00fcl, egyenletesen \u00e9s pontosan elosztva azt a ken\u00e9si pontokon. Ipari g\u00e9pekben, ac\u00e9lgy\u00e1rakban \u00e9s b\u00e1ny\u00e1szati berendez\u00e9sekben haszn\u00e1lj\u00e1k.<\/p>","protected":false},"featured_media":3593,"template":"","meta":{"ocean_post_layout":"","ocean_both_sidebars_style":"","ocean_both_sidebars_content_width":0,"ocean_both_sidebars_sidebars_width":0,"ocean_sidebar":"0","ocean_second_sidebar":"0","ocean_disable_margins":"enable","ocean_add_body_class":"","ocean_shortcode_before_top_bar":"","ocean_shortcode_after_top_bar":"","ocean_shortcode_before_header":"","ocean_shortcode_after_header":"","ocean_has_shortcode":"","ocean_shortcode_after_title":"","ocean_shortcode_before_footer_widgets":"","ocean_shortcode_after_footer_widgets":"","ocean_shortcode_before_footer_bottom":"","ocean_shortcode_after_footer_bottom":"","ocean_display_top_bar":"default","ocean_display_header":"default","ocean_header_style":"","ocean_center_header_left_menu":"0","ocean_custom_header_template":"0","ocean_custom_logo":0,"ocean_custom_retina_logo":0,"ocean_custom_logo_max_width":0,"ocean_custom_logo_tablet_max_width":0,"ocean_custom_logo_mobile_max_width":0,"ocean_custom_logo_max_height":0,"ocean_custom_logo_tablet_max_height":0,"ocean_custom_logo_mobile_max_height":0,"ocean_header_custom_menu":"0","ocean_menu_typo_font_family":"0","ocean_menu_typo_font_subset":"","ocean_menu_typo_font_size":0,"ocean_menu_typo_font_size_tablet":0,"ocean_menu_typo_font_size_mobile":0,"ocean_menu_typo_font_size_unit":"px","ocean_menu_typo_font_weight":"","ocean_menu_typo_font_weight_tablet":"","ocean_menu_typo_font_weight_mobile":"","ocean_menu_typo_transform":"","ocean_menu_typo_transform_tablet":"","ocean_menu_typo_transform_mobile":"","ocean_menu_typo_line_height":0,"ocean_menu_typo_line_height_tablet":0,"ocean_menu_typo_line_height_mobile":0,"ocean_menu_typo_line_height_unit":"","ocean_menu_typo_spacing":0,"ocean_menu_typo_spacing_tablet":0,"ocean_menu_typo_spacing_mobile":0,"ocean_menu_typo_spacing_unit":"","ocean_menu_link_color":"","ocean_menu_link_color_hover":"","ocean_menu_link_color_active":"","ocean_menu_link_background":"","ocean_menu_link_hover_background":"","ocean_menu_link_active_background":"","ocean_menu_social_links_bg":"","ocean_menu_social_hover_links_bg":"","ocean_menu_social_links_color":"","ocean_menu_social_hover_links_color":"","ocean_disable_title":"default","ocean_disable_heading":"default","ocean_post_title":"","ocean_post_subheading":"","ocean_post_title_style":"","ocean_post_title_background_color":"","ocean_post_title_background":0,"ocean_post_title_bg_image_position":"","ocean_post_title_bg_image_attachment":"","ocean_post_title_bg_image_repeat":"","ocean_post_title_bg_image_size":"","ocean_post_title_height":0,"ocean_post_title_bg_overlay":0.5,"ocean_post_title_bg_overlay_color":"","ocean_disable_breadcrumbs":"default","ocean_breadcrumbs_color":"","ocean_breadcrumbs_separator_color":"","ocean_breadcrumbs_links_color":"","ocean_breadcrumbs_links_hover_color":"","ocean_display_footer_widgets":"default","ocean_display_footer_bottom":"default","ocean_custom_footer_template":"0","osh_disable_topbar_sticky":"default","osh_disable_header_sticky":"default","osh_sticky_header_style":"default","osh_sticky_header_effect":"","osh_custom_sticky_logo":0,"osh_custom_retina_sticky_logo":0,"osh_custom_sticky_logo_height":0,"osh_background_color":"","osh_links_color":"","osh_links_hover_color":"","osh_links_active_color":"","osh_links_bg_color":"","osh_links_hover_bg_color":"","osh_links_active_bg_color":"","osh_menu_social_links_color":"","osh_menu_social_hover_links_color":""},"product_brand":[],"product_cat":[34,35],"product_tag":[296,73,283],"class_list":{"0":"post-3666","1":"product","2":"type-product","3":"status-publish","4":"has-post-thumbnail","6":"product_cat-dual-line-lubrication-systems","7":"product_cat-dual-line-lubrication-pumps","8":"product_tag-dual-line-lubrication-pump","9":"product_tag-electric-lubrication-pump","10":"product_tag-electric-lubricator","12":"entry","13":"has-media","15":"first","16":"instock","17":"shipping-taxable","18":"product-type-external","19":"col","20":"span_1_of_3","21":"owp-content-center","22":"owp-thumbs-layout-horizontal","23":"owp-btn-very-big","24":"owp-tabs-layout-horizontal"},"_links":{"self":[{"href":"https:\/\/www.jinpinlub.com\/hu\/wp-json\/wp\/v2\/product\/3666","targetHints":{"allow":["GET"]}}],"collection":[{"href":"https:\/\/www.jinpinlub.com\/hu\/wp-json\/wp\/v2\/product"}],"about":[{"href":"https:\/\/www.jinpinlub.com\/hu\/wp-json\/wp\/v2\/types\/product"}],"wp:featuredmedia":[{"embeddable":true,"href":"https:\/\/www.jinpinlub.com\/hu\/wp-json\/wp\/v2\/media\/3593"}],"wp:attachment":[{"href":"https:\/\/www.jinpinlub.com\/hu\/wp-json\/wp\/v2\/media?parent=3666"}],"wp:term":[{"taxonomy":"product_brand","embeddable":true,"href":"https:\/\/www.jinpinlub.com\/hu\/wp-json\/wp\/v2\/product_brand?post=3666"},{"taxonomy":"product_cat","embeddable":true,"href":"https:\/\/www.jinpinlub.com\/hu\/wp-json\/wp\/v2\/product_cat?post=3666"},{"taxonomy":"product_tag","embeddable":true,"href":"https:\/\/www.jinpinlub.com\/hu\/wp-json\/wp\/v2\/product_tag?post=3666"}],"curies":[{"name":"wp","href":"https:\/\/api.w.org\/{rel}","templated":true}]}}