{"id":3671,"date":"2024-09-13T20:22:46","date_gmt":"2024-09-13T12:22:46","guid":{"rendered":"https:\/\/www.jinpinlub.com\/?post_type=product&#038;p=3671"},"modified":"2024-09-13T21:41:18","modified_gmt":"2024-09-13T13:41:18","slug":"dv-h-zvc-adagoloszelepek-ketsoros-kenorendszerekhez","status":"publish","type":"product","link":"https:\/\/www.jinpinlub.com\/hu\/product\/dv-h-zvc-metering-valves-for-dual-line-lubrication-systems\/","title":{"rendered":"DV-H ZVC adagol\u00f3szelepek k\u00e9tsoros ken\u0151rendszerekhez"},"content":{"rendered":"<h2>Funkci\u00f3<\/h2>\n<p>Alkalmas 20 MPa k\u00e9tsoros k\u00f6zponti ken\u0151rendszerekhez. Ez hajtja a dugatty\u00fat a ken\u0151anyag kibocs\u00e1t\u00e1s\u00e1ra k\u00e9t olajell\u00e1t\u00f3 cs\u0151 v\u00e1ltakoz\u00f3 olajell\u00e1t\u00e1si nyom\u00e1sa alatt, ezzel befejezve a ken\u0151anyag mennyis\u00e9gi eloszl\u00e1s\u00e1t.<br \/>\nA DV-H kimenetek mindegyike alul tal\u00e1lhat\u00f3, \u00e9s az eloszt\u00f3 dugatty\u00faja ugyanabb\u00f3l a kimenetb\u0151l mozog el\u0151re \u00e9s h\u00e1tra. Minden alkalommal, amikor a rendszer m\u0171k\u00f6dik, minden aljzat egyszer kimenetre ker\u00fcl.<br \/>\nA DV-H m\u0171k\u00f6d\u00e9se k\u00f6zvetlen\u00fcl megfigyelhet\u0151 a kijelz\u0151r\u0151l, \u00e9s az egyes kimenetek kimeneti hangereje a megadott tartom\u00e1nyon bel\u00fcl \u00e1ll\u00edthat\u00f3 csavarok seg\u00edts\u00e9g\u00e9vel.<\/p>\n<h2>Specifik\u00e1ci\u00f3<\/h2>\n<figure id=\"attachment_3672\" aria-describedby=\"caption-attachment-3672\" style=\"width: 900px\" class=\"wp-caption alignnone\"><img loading=\"lazy\" decoding=\"async\" class=\"size-full wp-image-3672\" src=\"https:\/\/www.jinpinlub.com\/wp-content\/uploads\/2024\/09\/DV-H-Specification.jpg\" alt=\"DV-H specifik\u00e1ci\u00f3\" width=\"900\" height=\"660\" srcset=\"https:\/\/www.jinpinlub.com\/wp-content\/uploads\/2024\/09\/DV-H-Specification.jpg 900w, https:\/\/www.jinpinlub.com\/wp-content\/uploads\/2024\/09\/DV-H-Specification-300x220.jpg 300w, https:\/\/www.jinpinlub.com\/wp-content\/uploads\/2024\/09\/DV-H-Specification-768x563.jpg 768w, https:\/\/www.jinpinlub.com\/wp-content\/uploads\/2024\/09\/DV-H-Specification-16x12.jpg 16w, https:\/\/www.jinpinlub.com\/wp-content\/uploads\/2024\/09\/DV-H-Specification-800x587.jpg 800w\" sizes=\"auto, (max-width: 900px) 100vw, 900px\" \/><figcaption id=\"caption-attachment-3672\" class=\"wp-caption-text\">DV-H specifik\u00e1ci\u00f3<\/figcaption><\/figure>\n<h2>Alkalmaz\u00e1s<\/h2>\n<p>Gy\u00e1rt\u00f3ipar: A ZVC eloszt\u00f3kat k\u00e9tsoros ken\u00e9si rendszerekben haszn\u00e1lj\u00e1k, p\u00e9ld\u00e1ul szersz\u00e1mg\u00e9pekben, fr\u00f6ccs\u00f6nt\u0151 g\u00e9pekben \u00e9s fr\u00f6ccs\u00f6nt\u0151 g\u00e9pekben.<br \/>\nAc\u00e9lipar: A ZVC eloszt\u00f3kat hengerm\u0171vek, folyamatos \u00f6nt\u0151g\u00e9pek \u00e9s egy\u00e9b berendez\u00e9sek k\u00e9tsoros ken\u0151rendszereiben haszn\u00e1lj\u00e1k.<br \/>\nB\u00e1ny\u00e1szat: A ZVC k\u00e9tsoros adagol\u00f3szelepeit b\u00e1ny\u00e1szati g\u00e9pek \u00e9s berendez\u00e9sek, p\u00e9ld\u00e1ul z\u00faz\u00f3g\u00e9pek \u00e9s rost\u00e1l\u00f3 g\u00e9pek ken\u00e9s\u00e9re haszn\u00e1lj\u00e1k.<br \/>\nPap\u00edrgy\u00e1rt\u00f3 ipar: A ZVC k\u00e9tsoros adagol\u00f3berendez\u00e9seket pap\u00edrgy\u00e1rt\u00f3 g\u00e9pek ken\u00e9s\u00e9re haszn\u00e1lj\u00e1k a berendez\u00e9sek zavartalan m\u0171k\u00f6d\u00e9s\u00e9nek biztos\u00edt\u00e1sa \u00e9rdek\u00e9ben.<br \/>\nVegyipar: A DV-H eloszt\u00f3kat vegyi berendez\u00e9sek ken\u00e9s\u00e9re haszn\u00e1lj\u00e1k, hogy megakad\u00e1lyozz\u00e1k a berendez\u00e9sek kop\u00e1s\u00e1t \u00e9s korr\u00f3zi\u00f3j\u00e1t.<\/p>\n<h2>K\u00e9zik\u00f6nyvek<\/h2>\n<div class=\"sdm_download_button_box_default\"><div class=\"sdm_download_link\"><a href=\"https:\/\/www.jinpinlub.com\/hu\/?sdm_process_download=1&download_id=3656\" class=\"sdm_download white\" title=\"Mag\u00e1n: DV-H Dual-line Distributor\" target=\"&quot;_blank&quot;\">Adatlap megtekint\u00e9se - DV-H eloszt\u00f3<\/a><\/div><\/div>","protected":false},"excerpt":{"rendered":"<p>A ZV-C k\u00e9tsoros eloszt\u00f3t k\u00e9tsoros k\u00f6zponti ken\u00e9si rendszerben haszn\u00e1lj\u00e1k, amely k\u00e9pes mennyis\u00e9gileg elosztani a ken\u0151zs\u00edrt az egyes ken\u00e9si pontokon. Alkalmas feldolgoz\u00f3iparban, ac\u00e9liparban, b\u00e1ny\u00e1szatban, pap\u00edrgy\u00e1rt\u00e1sban \u00e9s vegyiparban. Az \u00fcr\u00edt\u00e9s \u00e1ll\u00edthat\u00f3.<\/p>","protected":false},"featured_media":3673,"template":"","meta":{"ocean_post_layout":"","ocean_both_sidebars_style":"","ocean_both_sidebars_content_width":0,"ocean_both_sidebars_sidebars_width":0,"ocean_sidebar":"0","ocean_second_sidebar":"0","ocean_disable_margins":"enable","ocean_add_body_class":"","ocean_shortcode_before_top_bar":"","ocean_shortcode_after_top_bar":"","ocean_shortcode_before_header":"","ocean_shortcode_after_header":"","ocean_has_shortcode":"","ocean_shortcode_after_title":"","ocean_shortcode_before_footer_widgets":"","ocean_shortcode_after_footer_widgets":"","ocean_shortcode_before_footer_bottom":"","ocean_shortcode_after_footer_bottom":"","ocean_display_top_bar":"default","ocean_display_header":"default","ocean_header_style":"","ocean_center_header_left_menu":"0","ocean_custom_header_template":"0","ocean_custom_logo":0,"ocean_custom_retina_logo":0,"ocean_custom_logo_max_width":0,"ocean_custom_logo_tablet_max_width":0,"ocean_custom_logo_mobile_max_width":0,"ocean_custom_logo_max_height":0,"ocean_custom_logo_tablet_max_height":0,"ocean_custom_logo_mobile_max_height":0,"ocean_header_custom_menu":"0","ocean_menu_typo_font_family":"0","ocean_menu_typo_font_subset":"","ocean_menu_typo_font_size":0,"ocean_menu_typo_font_size_tablet":0,"ocean_menu_typo_font_size_mobile":0,"ocean_menu_typo_font_size_unit":"px","ocean_menu_typo_font_weight":"","ocean_menu_typo_font_weight_tablet":"","ocean_menu_typo_font_weight_mobile":"","ocean_menu_typo_transform":"","ocean_menu_typo_transform_tablet":"","ocean_menu_typo_transform_mobile":"","ocean_menu_typo_line_height":0,"ocean_menu_typo_line_height_tablet":0,"ocean_menu_typo_line_height_mobile":0,"ocean_menu_typo_line_height_unit":"","ocean_menu_typo_spacing":0,"ocean_menu_typo_spacing_tablet":0,"ocean_menu_typo_spacing_mobile":0,"ocean_menu_typo_spacing_unit":"","ocean_menu_link_color":"","ocean_menu_link_color_hover":"","ocean_menu_link_color_active":"","ocean_menu_link_background":"","ocean_menu_link_hover_background":"","ocean_menu_link_active_background":"","ocean_menu_social_links_bg":"","ocean_menu_social_hover_links_bg":"","ocean_menu_social_links_color":"","ocean_menu_social_hover_links_color":"","ocean_disable_title":"default","ocean_disable_heading":"default","ocean_post_title":"","ocean_post_subheading":"","ocean_post_title_style":"","ocean_post_title_background_color":"","ocean_post_title_background":0,"ocean_post_title_bg_image_position":"","ocean_post_title_bg_image_attachment":"","ocean_post_title_bg_image_repeat":"","ocean_post_title_bg_image_size":"","ocean_post_title_height":0,"ocean_post_title_bg_overlay":0.5,"ocean_post_title_bg_overlay_color":"","ocean_disable_breadcrumbs":"default","ocean_breadcrumbs_color":"","ocean_breadcrumbs_separator_color":"","ocean_breadcrumbs_links_color":"","ocean_breadcrumbs_links_hover_color":"","ocean_display_footer_widgets":"default","ocean_display_footer_bottom":"default","ocean_custom_footer_template":"0","osh_disable_topbar_sticky":"default","osh_disable_header_sticky":"default","osh_sticky_header_style":"default","osh_sticky_header_effect":"","osh_custom_sticky_logo":0,"osh_custom_retina_sticky_logo":0,"osh_custom_sticky_logo_height":0,"osh_background_color":"","osh_links_color":"","osh_links_hover_color":"","osh_links_active_color":"","osh_links_bg_color":"","osh_links_hover_bg_color":"","osh_links_active_bg_color":"","osh_menu_social_links_color":"","osh_menu_social_hover_links_color":""},"product_brand":[],"product_cat":[36,34],"product_tag":[300,302,301],"class_list":{"0":"post-3671","1":"product","2":"type-product","3":"status-publish","4":"has-post-thumbnail","6":"product_cat-dual-line-divider-valves","7":"product_cat-dual-line-lubrication-systems","8":"product_tag-dual-line-distributor","9":"product_tag-dual-line-grease-distributor","10":"product_tag-dual-line-metering-valve","12":"entry","13":"has-media","15":"first","16":"instock","17":"shipping-taxable","18":"product-type-external","19":"col","20":"span_1_of_3","21":"owp-content-center","22":"owp-thumbs-layout-horizontal","23":"owp-btn-very-big","24":"owp-tabs-layout-horizontal"},"_links":{"self":[{"href":"https:\/\/www.jinpinlub.com\/hu\/wp-json\/wp\/v2\/product\/3671","targetHints":{"allow":["GET"]}}],"collection":[{"href":"https:\/\/www.jinpinlub.com\/hu\/wp-json\/wp\/v2\/product"}],"about":[{"href":"https:\/\/www.jinpinlub.com\/hu\/wp-json\/wp\/v2\/types\/product"}],"wp:featuredmedia":[{"embeddable":true,"href":"https:\/\/www.jinpinlub.com\/hu\/wp-json\/wp\/v2\/media\/3673"}],"wp:attachment":[{"href":"https:\/\/www.jinpinlub.com\/hu\/wp-json\/wp\/v2\/media?parent=3671"}],"wp:term":[{"taxonomy":"product_brand","embeddable":true,"href":"https:\/\/www.jinpinlub.com\/hu\/wp-json\/wp\/v2\/product_brand?post=3671"},{"taxonomy":"product_cat","embeddable":true,"href":"https:\/\/www.jinpinlub.com\/hu\/wp-json\/wp\/v2\/product_cat?post=3671"},{"taxonomy":"product_tag","embeddable":true,"href":"https:\/\/www.jinpinlub.com\/hu\/wp-json\/wp\/v2\/product_tag?post=3671"}],"curies":[{"name":"wp","href":"https:\/\/api.w.org\/{rel}","templated":true}]}}