{"id":3674,"date":"2024-09-13T22:13:05","date_gmt":"2024-09-13T14:13:05","guid":{"rendered":"https:\/\/www.jinpinlub.com\/?post_type=product&#038;p=3674"},"modified":"2024-09-13T22:36:52","modified_gmt":"2024-09-13T14:36:52","slug":"fza-1-14-kimenetu-315bar-tobbpontos-elektromos-kenoszivattyu","status":"publish","type":"product","link":"https:\/\/www.jinpinlub.com\/hu\/product\/fza-1-14-outlet-315bar-multi-point-electric-lubrication-pump\/","title":{"rendered":"FZA 1-14 kimenet\u0171 315 bar t\u00f6bbpontos elektromos ken\u0151szivatty\u00fa"},"content":{"rendered":"<h2>Funkci\u00f3<\/h2>\n<p>A szivatty\u00fa alkalmas t\u00f6bbsoros ken\u00e9si rendszerekhez alacsony ken\u00e9si gyakoris\u00e1ggal, 50 pont alatti ken\u00e9si pontokkal \u00e9s 31,5 MPa n\u00e9vleges nyom\u00e1ssal. Ez egy olyan berendez\u00e9s, amely k\u00f6zvetlen\u00fcl vagy egysoros eloszt\u00f3n kereszt\u00fcl ken\u0151zs\u00edrt juttat el a ken\u00e9si pontokhoz. K\u00fcl\u00f6n\u00f6sen alkalmas egyg\u00e9pes berendez\u00e9sekhez, p\u00e9ld\u00e1ul koh\u00e1szathoz, b\u00e1ny\u00e1szathoz, neh\u00e9zg\u00e9pekhez, kik\u00f6t\u0151i sz\u00e1ll\u00edt\u00e1shoz stb.<\/p>\n<h2>Specifik\u00e1ci\u00f3<\/h2>\n<table>\n<tbody>\n<tr>\n<td>\u00dczemi h\u0151m\u00e9rs\u00e9klet<\/td>\n<td>(-20 ~ +80 \u2103)<\/td>\n<\/tr>\n<tr>\n<td>Az \u00fczletek sz\u00e1ma<\/td>\n<td>1~14<\/td>\n<\/tr>\n<tr>\n<td>A t\u00e1roz\u00f3 kapacit\u00e1sa<\/td>\n<td>10L, 20L, 30L<\/td>\n<\/tr>\n<tr>\n<td>\u00dajrat\u00f6lt\u00e9s<\/td>\n<td>Hidraulikus ken\u0151szerelv\u00e9ny<\/td>\n<\/tr>\n<tr>\n<td>Ken\u0151anyag<\/td>\n<td>NLGI 0 #~2 # zs\u00edr, olaj \u2265 N68<\/td>\n<\/tr>\n<tr>\n<td>V\u00e9delmi oszt\u00e1ly<\/td>\n<td>IP6K 9K<\/td>\n<\/tr>\n<tr>\n<td>Kis\u00fcl\u00e9s<\/td>\n<td>1,8, 3,5, 5,8, 10,5, 25 ml\/perc<\/td>\n<\/tr>\n<tr>\n<td>Max. \u00fczemi nyom\u00e1s<\/td>\n<td>315 bar<\/td>\n<\/tr>\n<tr>\n<td>Csatlakoz\u00f3 menet<\/td>\n<td>M14*1 (\u03a68)<\/td>\n<\/tr>\n<tr>\n<td>\u00dczemi fesz\u00fclts\u00e9g<\/td>\n<td>380 VAC<\/td>\n<\/tr>\n<tr>\n<td>M\u0171k\u00f6d\u00e9si sebess\u00e9g<\/td>\n<td>22 ciklus\/perc<\/td>\n<\/tr>\n<\/tbody>\n<\/table>\n<h2>Alkalmaz\u00e1s<\/h2>\n<p>1. Az ilyen t\u00edpus\u00fa t\u00f6bbpontos ken\u0151szivatty\u00fat olyan helyre kell telep\u00edteni, ahol megfelel\u0151 k\u00f6rnyezeti h\u0151m\u00e9rs\u00e9klet, alacsony a por, k\u00f6nnyen ellen\u0151rizhet\u0151, karbantarthat\u00f3 \u00e9s k\u00e9nyelmes a zs\u00edrut\u00e1np\u00f3tl\u00e1s.<br \/>\n2. A tart\u00e1lyba a zs\u00edrt a tart\u00e1ly t\u00f6lt\u0151ny\u00edl\u00e1s\u00e1n kereszt\u00fcl kell felt\u00f6lteni, ut\u00e1nt\u00f6lt\u0151 szivatty\u00fa seg\u00edts\u00e9g\u00e9vel, \u00e9s szigor\u00faan tilos a burkolat elt\u00e1vol\u00edt\u00e1sa \u00e9s sz\u0171retlen ken\u0151anyag hozz\u00e1ad\u00e1sa.<br \/>\n3. Csatlakoztassa a motort az olajt\u00e1rol\u00f3 tart\u00e1ly fal\u00e1n jelzett forg\u00e1sir\u00e1nynak megfelel\u0151en, \u00e9s ne ford\u00edtsa meg.<br \/>\n4. Az olajny\u00edl\u00e1sok sz\u00e1ma szabadon v\u00e1laszthat\u00f3 1-14 k\u00f6z\u00f6tt. A felszerel\u00e9si ig\u00e9nyt\u0151l f\u00fcgg\u0151en a dugatty\u00fas szivatty\u00fa sz\u00fcks\u00e9gtelen alkatr\u00e9szei \u00f6nmagukban elt\u00e1vol\u00edthat\u00f3k, a csavarlyukak M20x1,5-\u00f6s dug\u00f3kkal lez\u00e1rhat\u00f3k.<\/p>\n<h2>K\u00e9zik\u00f6nyvek<\/h2>\n<div class=\"sdm_download_button_box_default\"><div class=\"sdm_download_link\"><a href=\"https:\/\/www.jinpinlub.com\/hu\/?sdm_process_download=1&download_id=3657\" class=\"sdm_download white\" title=\"Mag\u00e1n: FZ-A Multipoint Pump\" target=\"&quot;_blank&quot;\">Adatlap megtekint\u00e9se - FZ-A t\u00f6bbpontos szivatty\u00fa<\/a><\/div><\/div>","protected":false},"excerpt":{"rendered":"<p>Az FZ-A egy elektromos t\u00f6bbpontos ken\u0151szivatty\u00fa, amely ak\u00e1r 14 ken\u00e9si pontot is k\u00e9pes kiszolg\u00e1lni. Massz\u00edv alkatr\u00e9szekkel \u00e9s zs\u00edrkever\u0151vel rendelkezik a folyamatos zs\u00edrlead\u00e1s \u00e9rdek\u00e9ben. T\u00f6bb \u00fcr\u00edt\u00e9si kapacit\u00e1ssal rendelkezik, \u00e9s NLGI 000-2-ig k\u00e9pes kezelni az olajokat \u00e9s zs\u00edrokat.<\/p>","protected":false},"featured_media":3607,"template":"","meta":{"ocean_post_layout":"","ocean_both_sidebars_style":"","ocean_both_sidebars_content_width":0,"ocean_both_sidebars_sidebars_width":0,"ocean_sidebar":"0","ocean_second_sidebar":"0","ocean_disable_margins":"enable","ocean_add_body_class":"","ocean_shortcode_before_top_bar":"","ocean_shortcode_after_top_bar":"","ocean_shortcode_before_header":"","ocean_shortcode_after_header":"","ocean_has_shortcode":"","ocean_shortcode_after_title":"","ocean_shortcode_before_footer_widgets":"","ocean_shortcode_after_footer_widgets":"","ocean_shortcode_before_footer_bottom":"","ocean_shortcode_after_footer_bottom":"","ocean_display_top_bar":"default","ocean_display_header":"default","ocean_header_style":"","ocean_center_header_left_menu":"0","ocean_custom_header_template":"0","ocean_custom_logo":0,"ocean_custom_retina_logo":0,"ocean_custom_logo_max_width":0,"ocean_custom_logo_tablet_max_width":0,"ocean_custom_logo_mobile_max_width":0,"ocean_custom_logo_max_height":0,"ocean_custom_logo_tablet_max_height":0,"ocean_custom_logo_mobile_max_height":0,"ocean_header_custom_menu":"0","ocean_menu_typo_font_family":"0","ocean_menu_typo_font_subset":"","ocean_menu_typo_font_size":0,"ocean_menu_typo_font_size_tablet":0,"ocean_menu_typo_font_size_mobile":0,"ocean_menu_typo_font_size_unit":"px","ocean_menu_typo_font_weight":"","ocean_menu_typo_font_weight_tablet":"","ocean_menu_typo_font_weight_mobile":"","ocean_menu_typo_transform":"","ocean_menu_typo_transform_tablet":"","ocean_menu_typo_transform_mobile":"","ocean_menu_typo_line_height":0,"ocean_menu_typo_line_height_tablet":0,"ocean_menu_typo_line_height_mobile":0,"ocean_menu_typo_line_height_unit":"","ocean_menu_typo_spacing":0,"ocean_menu_typo_spacing_tablet":0,"ocean_menu_typo_spacing_mobile":0,"ocean_menu_typo_spacing_unit":"","ocean_menu_link_color":"","ocean_menu_link_color_hover":"","ocean_menu_link_color_active":"","ocean_menu_link_background":"","ocean_menu_link_hover_background":"","ocean_menu_link_active_background":"","ocean_menu_social_links_bg":"","ocean_menu_social_hover_links_bg":"","ocean_menu_social_links_color":"","ocean_menu_social_hover_links_color":"","ocean_disable_title":"default","ocean_disable_heading":"default","ocean_post_title":"","ocean_post_subheading":"","ocean_post_title_style":"","ocean_post_title_background_color":"","ocean_post_title_background":0,"ocean_post_title_bg_image_position":"","ocean_post_title_bg_image_attachment":"","ocean_post_title_bg_image_repeat":"","ocean_post_title_bg_image_size":"","ocean_post_title_height":0,"ocean_post_title_bg_overlay":0.5,"ocean_post_title_bg_overlay_color":"","ocean_disable_breadcrumbs":"default","ocean_breadcrumbs_color":"","ocean_breadcrumbs_separator_color":"","ocean_breadcrumbs_links_color":"","ocean_breadcrumbs_links_hover_color":"","ocean_display_footer_widgets":"default","ocean_display_footer_bottom":"default","ocean_custom_footer_template":"0","osh_disable_topbar_sticky":"default","osh_disable_header_sticky":"default","osh_sticky_header_style":"default","osh_sticky_header_effect":"","osh_custom_sticky_logo":0,"osh_custom_retina_sticky_logo":0,"osh_custom_sticky_logo_height":0,"osh_background_color":"","osh_links_color":"","osh_links_hover_color":"","osh_links_active_color":"","osh_links_bg_color":"","osh_links_hover_bg_color":"","osh_links_active_bg_color":"","osh_menu_social_links_color":"","osh_menu_social_hover_links_color":""},"product_brand":[],"product_cat":[42,41],"product_tag":[73,77,205],"class_list":{"0":"post-3674","1":"product","2":"type-product","3":"status-publish","4":"has-post-thumbnail","6":"product_cat-electric-progressive-pumps","7":"product_cat-progressive-grease-systems","8":"product_tag-electric-lubrication-pump","9":"product_tag-grease-lubrication-pump","10":"product_tag-multi-point-lubrication-pump","12":"entry","13":"has-media","15":"first","16":"instock","17":"shipping-taxable","18":"product-type-external","19":"col","20":"span_1_of_3","21":"owp-content-center","22":"owp-thumbs-layout-horizontal","23":"owp-btn-very-big","24":"owp-tabs-layout-horizontal"},"_links":{"self":[{"href":"https:\/\/www.jinpinlub.com\/hu\/wp-json\/wp\/v2\/product\/3674","targetHints":{"allow":["GET"]}}],"collection":[{"href":"https:\/\/www.jinpinlub.com\/hu\/wp-json\/wp\/v2\/product"}],"about":[{"href":"https:\/\/www.jinpinlub.com\/hu\/wp-json\/wp\/v2\/types\/product"}],"wp:featuredmedia":[{"embeddable":true,"href":"https:\/\/www.jinpinlub.com\/hu\/wp-json\/wp\/v2\/media\/3607"}],"wp:attachment":[{"href":"https:\/\/www.jinpinlub.com\/hu\/wp-json\/wp\/v2\/media?parent=3674"}],"wp:term":[{"taxonomy":"product_brand","embeddable":true,"href":"https:\/\/www.jinpinlub.com\/hu\/wp-json\/wp\/v2\/product_brand?post=3674"},{"taxonomy":"product_cat","embeddable":true,"href":"https:\/\/www.jinpinlub.com\/hu\/wp-json\/wp\/v2\/product_cat?post=3674"},{"taxonomy":"product_tag","embeddable":true,"href":"https:\/\/www.jinpinlub.com\/hu\/wp-json\/wp\/v2\/product_tag?post=3674"}],"curies":[{"name":"wp","href":"https:\/\/api.w.org\/{rel}","templated":true}]}}