{"id":3675,"date":"2024-09-13T22:39:13","date_gmt":"2024-09-13T14:39:13","guid":{"rendered":"https:\/\/www.jinpinlub.com\/?post_type=product&#038;p=3675"},"modified":"2024-09-13T22:55:23","modified_gmt":"2024-09-13T14:55:23","slug":"sav-2-allasu-4-utas-iranyszelep-ketvezetekes-rendszerhez","status":"publish","type":"product","link":"https:\/\/www.jinpinlub.com\/hu\/product\/sav-2-position-4-way-directional-valve-for-dual-line-system\/","title":{"rendered":"SAV 2 \u00e1ll\u00e1s\u00fa 4 utas ir\u00e1ny\u00edtott szelep k\u00e9tsoros rendszerhez"},"content":{"rendered":"<h2>Funkci\u00f3<\/h2>\n<p>A SAV t\u00edpus\u00fa 2-\u00e1ll\u00e1s\u00fa 2-utas szelep egy egyen\u00e1ram\u00fa motort haszn\u00e1l a szelepmag mozgat\u00e1s\u00e1ra. Ez egy integr\u00e1lt ir\u00e1nyv\u00e1lt\u00f3 vez\u00e9rl\u0151 berendez\u00e9s, amely nyitja \u00e9s z\u00e1rja az olajell\u00e1t\u00f3 cs\u0151vezet\u00e9ket, vagy \u00e1tkapcsolja az olajell\u00e1t\u00e1s ir\u00e1ny\u00e1t. M\u00e9g zord munkak\u00f6r\u00fclm\u00e9nyek k\u00f6z\u00f6tt is (p\u00e9ld\u00e1ul alacsony h\u0151m\u00e9rs\u00e9kleten vagy nagy viszkozit\u00e1s\u00fa zs\u00edr eset\u00e9n) a m\u0171k\u00f6d\u00e9s m\u00e9g mindig meglehet\u0151sen megb\u00edzhat\u00f3. Ez a szelep 40 MPa alatti n\u00e9vleges nyom\u00e1s\u00fa sz\u00e1raz \u00e9s h\u00edg olajos k\u00f6zponti ken\u0151rendszerekben \u00e9s hidraulikus rendszerek f\u0151 le\u00e1gaz\u00f3 cs\u0151vezet\u00e9keiben val\u00f3 haszn\u00e1latra alkalmas. H\u00e1rom t\u00edpusban is haszn\u00e1lhat\u00f3: 2 \u00e1ll\u00e1s\u00fa 4 utas, 2 \u00e1ll\u00e1s\u00fa 3 utas \u00e9s 2 \u00e1ll\u00e1s\u00fa 2 utas.<\/p>\n<h2>Specifik\u00e1ci\u00f3<\/h2>\n<table>\n<tbody>\n<tr>\n<td>Modell<\/td>\n<td>SAV<\/td>\n<\/tr>\n<tr>\n<td>\u00dczemi nyom\u00e1s<\/td>\n<td>40 MPa<\/td>\n<\/tr>\n<tr>\n<td>Fordul\u00e1si id\u0151<\/td>\n<td>0,5 m\u00e1sodperc<\/td>\n<\/tr>\n<tr>\n<td>Motor teljes\u00edtm\u00e9ny<\/td>\n<td>40 W<\/td>\n<\/tr>\n<tr>\n<td>Fesz\u00fclts\u00e9g<\/td>\n<td>220VAC, 24VDC<\/td>\n<\/tr>\n<tr>\n<td>Motor nyomat\u00e9ka<\/td>\n<td>20 NM<\/td>\n<\/tr>\n<tr>\n<td>Ken\u0151anyag<\/td>\n<td>NLGI 0~3# zs\u00edr vagy olaj\uff1e N68<\/td>\n<\/tr>\n<tr>\n<td>\u00dczemi h\u0151m\u00e9rs\u00e9klet<\/td>\n<td>(-20 \u2103 ~ +80 \u2103)<\/td>\n<\/tr>\n<\/tbody>\n<\/table>\n<h2>Oktat\u00e1s<\/h2>\n<p>1. A szelepet a rendszer szab\u00e1lyozott f\u0151- \u00e9s le\u00e1gaz\u00f3 vezet\u00e9keinek el\u00fcls\u0151 v\u00e9g\u00e9re kell felszerelni, \u00e9s szell\u0151z\u0151, sz\u00e1raz, k\u00f6nnyen ellen\u0151rizhet\u0151 helyen kell elhelyezni, ahol a k\u00f6r\u00fcl\u00f6tte mozg\u00f3 mechanizmusok nem zavarj\u00e1k.<br \/>\n2. Ha 2 \u00e1ll\u00e1s\u00fa 2 utask\u00e9nt haszn\u00e1lj\u00e1k, a \u201eB\u201d olajkimenetet \u00e9s az \u201eR\u201d olajvisszavezet\u0151 ny\u00edl\u00e1st el kell z\u00e1rni.<br \/>\n3. Ha k\u00e9t\u00e1ll\u00e1s\u00fa h\u00e1romutask\u00e9nt haszn\u00e1lj\u00e1k, a \u201eB\u201d olajkimenetet el kell z\u00e1rni.<br \/>\n4. Csatlakoztassa az elektronikus vez\u00e9rl\u0151k\u00e1belt a fenti \u00e1br\u00e1n l\u00e1that\u00f3 elv szerint.<\/p>\n<h2>K\u00e9zik\u00f6nyvek<\/h2>\n<div class=\"sdm_download_button_box_default\"><div class=\"sdm_download_link\"><a href=\"https:\/\/www.jinpinlub.com\/hu\/?sdm_process_download=1&download_id=3659\" class=\"sdm_download white\" title=\"Mag\u00e1n: SAV Directional Valve\" target=\"&quot;_blank&quot;\">Adatlap megtekint\u00e9se \u2013 SAV ir\u00e1ny\u00edtott szelep<\/a><\/div><\/div>","protected":false},"excerpt":{"rendered":"<p>Az SA-V egy k\u00e9t\u00e1ll\u00e1s\u00fa, egyen\u00e1ram\u00fa motorral hajtott n\u00e9gyutas szelep, amely ken\u00e9sre \u00e9s hidraulikus rendszerekre alkalmas. Neh\u00e9z k\u00f6r\u00fclm\u00e9nyek k\u00f6z\u00f6tt is m\u0171k\u00f6dik, p\u00e9ld\u00e1ul alacsony h\u0151m\u00e9rs\u00e9kleten vagy nagy viszkozit\u00e1s\u00fa zs\u00edrral, 40 MPa maxim\u00e1lis nyom\u00e1ssal, 0,5 m\u00e1sodperces kapcsol\u00e1si id\u0151vel.<\/p>","protected":false},"featured_media":3610,"template":"","meta":{"ocean_post_layout":"","ocean_both_sidebars_style":"","ocean_both_sidebars_content_width":0,"ocean_both_sidebars_sidebars_width":0,"ocean_sidebar":"0","ocean_second_sidebar":"0","ocean_disable_margins":"enable","ocean_add_body_class":"","ocean_shortcode_before_top_bar":"","ocean_shortcode_after_top_bar":"","ocean_shortcode_before_header":"","ocean_shortcode_after_header":"","ocean_has_shortcode":"","ocean_shortcode_after_title":"","ocean_shortcode_before_footer_widgets":"","ocean_shortcode_after_footer_widgets":"","ocean_shortcode_before_footer_bottom":"","ocean_shortcode_after_footer_bottom":"","ocean_display_top_bar":"default","ocean_display_header":"default","ocean_header_style":"","ocean_center_header_left_menu":"0","ocean_custom_header_template":"0","ocean_custom_logo":0,"ocean_custom_retina_logo":0,"ocean_custom_logo_max_width":0,"ocean_custom_logo_tablet_max_width":0,"ocean_custom_logo_mobile_max_width":0,"ocean_custom_logo_max_height":0,"ocean_custom_logo_tablet_max_height":0,"ocean_custom_logo_mobile_max_height":0,"ocean_header_custom_menu":"0","ocean_menu_typo_font_family":"0","ocean_menu_typo_font_subset":"","ocean_menu_typo_font_size":0,"ocean_menu_typo_font_size_tablet":0,"ocean_menu_typo_font_size_mobile":0,"ocean_menu_typo_font_size_unit":"px","ocean_menu_typo_font_weight":"","ocean_menu_typo_font_weight_tablet":"","ocean_menu_typo_font_weight_mobile":"","ocean_menu_typo_transform":"","ocean_menu_typo_transform_tablet":"","ocean_menu_typo_transform_mobile":"","ocean_menu_typo_line_height":0,"ocean_menu_typo_line_height_tablet":0,"ocean_menu_typo_line_height_mobile":0,"ocean_menu_typo_line_height_unit":"","ocean_menu_typo_spacing":0,"ocean_menu_typo_spacing_tablet":0,"ocean_menu_typo_spacing_mobile":0,"ocean_menu_typo_spacing_unit":"","ocean_menu_link_color":"","ocean_menu_link_color_hover":"","ocean_menu_link_color_active":"","ocean_menu_link_background":"","ocean_menu_link_hover_background":"","ocean_menu_link_active_background":"","ocean_menu_social_links_bg":"","ocean_menu_social_hover_links_bg":"","ocean_menu_social_links_color":"","ocean_menu_social_hover_links_color":"","ocean_disable_title":"default","ocean_disable_heading":"default","ocean_post_title":"","ocean_post_subheading":"","ocean_post_title_style":"","ocean_post_title_background_color":"","ocean_post_title_background":0,"ocean_post_title_bg_image_position":"","ocean_post_title_bg_image_attachment":"","ocean_post_title_bg_image_repeat":"","ocean_post_title_bg_image_size":"","ocean_post_title_height":0,"ocean_post_title_bg_overlay":0.5,"ocean_post_title_bg_overlay_color":"","ocean_disable_breadcrumbs":"default","ocean_breadcrumbs_color":"","ocean_breadcrumbs_separator_color":"","ocean_breadcrumbs_links_color":"","ocean_breadcrumbs_links_hover_color":"","ocean_display_footer_widgets":"default","ocean_display_footer_bottom":"default","ocean_custom_footer_template":"0","osh_disable_topbar_sticky":"default","osh_disable_header_sticky":"default","osh_sticky_header_style":"default","osh_sticky_header_effect":"","osh_custom_sticky_logo":0,"osh_custom_retina_sticky_logo":0,"osh_custom_sticky_logo_height":0,"osh_background_color":"","osh_links_color":"","osh_links_hover_color":"","osh_links_active_color":"","osh_links_bg_color":"","osh_links_hover_bg_color":"","osh_links_active_bg_color":"","osh_menu_social_links_color":"","osh_menu_social_hover_links_color":""},"product_brand":[],"product_cat":[36,34],"product_tag":[304,303,299],"class_list":{"0":"post-3675","1":"product","2":"type-product","3":"status-publish","4":"has-post-thumbnail","6":"product_cat-dual-line-divider-valves","7":"product_cat-dual-line-lubrication-systems","8":"product_tag-dual-line-reversing-valve","9":"product_tag-lubrication-reversing-valve","10":"product_tag-lubrication-system-reversing-valve","12":"entry","13":"has-media","15":"first","16":"instock","17":"shipping-taxable","18":"product-type-external","19":"col","20":"span_1_of_3","21":"owp-content-center","22":"owp-thumbs-layout-horizontal","23":"owp-btn-very-big","24":"owp-tabs-layout-horizontal"},"_links":{"self":[{"href":"https:\/\/www.jinpinlub.com\/hu\/wp-json\/wp\/v2\/product\/3675","targetHints":{"allow":["GET"]}}],"collection":[{"href":"https:\/\/www.jinpinlub.com\/hu\/wp-json\/wp\/v2\/product"}],"about":[{"href":"https:\/\/www.jinpinlub.com\/hu\/wp-json\/wp\/v2\/types\/product"}],"wp:featuredmedia":[{"embeddable":true,"href":"https:\/\/www.jinpinlub.com\/hu\/wp-json\/wp\/v2\/media\/3610"}],"wp:attachment":[{"href":"https:\/\/www.jinpinlub.com\/hu\/wp-json\/wp\/v2\/media?parent=3675"}],"wp:term":[{"taxonomy":"product_brand","embeddable":true,"href":"https:\/\/www.jinpinlub.com\/hu\/wp-json\/wp\/v2\/product_brand?post=3675"},{"taxonomy":"product_cat","embeddable":true,"href":"https:\/\/www.jinpinlub.com\/hu\/wp-json\/wp\/v2\/product_cat?post=3675"},{"taxonomy":"product_tag","embeddable":true,"href":"https:\/\/www.jinpinlub.com\/hu\/wp-json\/wp\/v2\/product_tag?post=3675"}],"curies":[{"name":"wp","href":"https:\/\/api.w.org\/{rel}","templated":true}]}}