{"id":3677,"date":"2024-09-13T22:58:55","date_gmt":"2024-09-13T14:58:55","guid":{"rendered":"https:\/\/www.jinpinlub.com\/?post_type=product&#038;p=3677"},"modified":"2024-09-13T23:20:47","modified_gmt":"2024-09-13T15:20:47","slug":"sv-magneses-iranyszelep-ketsoros-kenoszivattyuhoz","status":"publish","type":"product","link":"https:\/\/www.jinpinlub.com\/hu\/product\/sv-solenoid-directional-valve-for-dual-line-lubrication-pump\/","title":{"rendered":"SV m\u00e1gneses ir\u00e1nyszelep k\u00e9tsoros ken\u0151szivatty\u00fahoz"},"content":{"rendered":"<h2>Funkci\u00f3<\/h2>\n<p>Az elektromos termin\u00e1lok ken\u00e9si rendszer\u00e9ben haszn\u00e1lj\u00e1k. Az elektromos vez\u00e9rl\u0151doboz jelet kap a nyom\u00e1sszab\u00e1lyoz\u00f3 szelept\u0151l, \u00e9s vez\u00e9rli a szelepet, hogy megval\u00f3s\u00edtsa a k\u00e9t f\u0151vezet\u00e9k v\u00e1ltakoz\u00f3 t\u00e1pl\u00e1l\u00e1s\u00e1t \u00e9s nyit\u00e1s\u00e1t.<br \/>\nA hengeres tol\u00f3z\u00e1r szerkezet\u00e9t a szelepny\u00edl\u00e1s szorosan nyit\u00e1s\u00e1ra \u00e9s z\u00e1r\u00e1s\u00e1ra, valamint a magas nyom\u00e1s fenntart\u00e1s\u00e1ra sziv\u00e1rg\u00e1s n\u00e9lk\u00fcl alkalmazz\u00e1k. Az er\u0151s elektrom\u00e1gnes \u00e9s a rug\u00f3s puffer megb\u00edzhat\u00f3v\u00e1 teszi a kapcsol\u00e1st.<\/p>\n<h2>Specifik\u00e1ci\u00f3<\/h2>\n<table>\n<tbody>\n<tr>\n<td>Modell<\/td>\n<td>SV<\/td>\n<\/tr>\n<tr>\n<td>\u00dczemi nyom\u00e1s<\/td>\n<td>20 MPa<\/td>\n<\/tr>\n<tr>\n<td>Visszat\u00e9r\u0151 port<\/td>\n<td>10 MPa<\/td>\n<\/tr>\n<tr>\n<td>\u00c1raml\u00e1si sebess\u00e9g<\/td>\n<td>3L\/perc<\/td>\n<\/tr>\n<tr>\n<td>\u00c1tkapcsol\u00e1s<\/td>\n<td>30 ciklus\/perc<\/td>\n<\/tr>\n<tr>\n<td>Fesz\u00fclts\u00e9g<\/td>\n<td>220VAC, 24VDC<\/td>\n<\/tr>\n<tr>\n<td>Motor nyomat\u00e9ka<\/td>\n<td>20 NM<\/td>\n<\/tr>\n<tr>\n<td>Ken\u0151anyag<\/td>\n<td>NLGI 0-1# zs\u00edr vagy olaj\uff1e N68<\/td>\n<\/tr>\n<tr>\n<td>\u00dczemi h\u0151m\u00e9rs\u00e9klet<\/td>\n<td>0 ~ 50 \u2103<\/td>\n<\/tr>\n<tr>\n<td>Rug\u00f3s t\u00edpus<\/td>\n<td>K\u00e1rt\u00e9r\u00edt\u00e9s<\/td>\n<\/tr>\n<\/tbody>\n<\/table>\n<h2>Alkalmaz\u00e1s<\/h2>\n<p>Hidraulikus rendszer: Az SV-t a hidraulikus hengerek \u00e9s hidraulikus motorok mozg\u00e1si ir\u00e1ny\u00e1nak szab\u00e1lyoz\u00e1s\u00e1ra haszn\u00e1lj\u00e1k, \u00e9s gyakran megtal\u00e1lhat\u00f3 szersz\u00e1mg\u00e9pekben, koh\u00e1szati berendez\u00e9sekben \u00e9s m\u00e9rn\u00f6ki g\u00e9pekben.<br \/>\nKen\u0151rendszer: Az SV elektrom\u00e1gneses ir\u00e1nyv\u00e1lt\u00f3 szelepeket \u00e1ltal\u00e1ban k\u00e9tsoros ken\u00e9si rendszerekben haszn\u00e1lj\u00e1k k\u00e9t ken\u0151h\u00e1l\u00f3zat v\u00e1ltakoz\u00f3 olajell\u00e1t\u00e1s\u00e1nak szab\u00e1lyoz\u00e1s\u00e1ra.<br \/>\nIpari automatiz\u00e1l\u00e1s: Az automatiz\u00e1lt gy\u00e1rt\u00f3sorokon az SV-t \u00e9rz\u00e9kel\u0151kkel \u00e9s aktu\u00e1torokkal egy\u00fctt haszn\u00e1lj\u00e1k a folyamatfolyamatok pontos szab\u00e1lyoz\u00e1sa \u00e9rdek\u00e9ben.<\/p>\n<h2>K\u00e9zik\u00f6nyvek<\/h2>\n<div class=\"sdm_download_button_box_default\"><div class=\"sdm_download_link\"><a href=\"https:\/\/www.jinpinlub.com\/hu\/?sdm_process_download=1&download_id=3660\" class=\"sdm_download white\" title=\"Mag\u00e1n: SV Solenoid Valve\" target=\"&quot;_blank&quot;\">Adatlap megtekint\u00e9se - SV m\u00e1gnesszelep<\/a><\/div><\/div>","protected":false},"excerpt":{"rendered":"<p>Az SV egy elektromos termin\u00e1los k\u00f6zponti ken\u0151rendszerben haszn\u00e1lt szelep, amelyet \u00e1ltal\u00e1ban 2 f\u0151vezet\u00e9k v\u00e1ltakoz\u00f3 olajell\u00e1t\u00e1s\u00e1nak vez\u00e9rl\u00e9s\u00e9re haszn\u00e1lnak, \u00e9s 4\/3-os m\u00e1gneses ir\u00e1nyv\u00e1lt\u00f3 szelepvez\u00e9rl\u00e9ssel rendelkezik. Kialak\u00edt\u00e1sa lehet\u0151v\u00e9 teszi a stabil teljes\u00edtm\u00e9ny fenntart\u00e1s\u00e1t nagynyom\u00e1s\u00fa \u00fczemben.<\/p>","protected":false},"featured_media":3614,"template":"","meta":{"ocean_post_layout":"","ocean_both_sidebars_style":"","ocean_both_sidebars_content_width":0,"ocean_both_sidebars_sidebars_width":0,"ocean_sidebar":"0","ocean_second_sidebar":"0","ocean_disable_margins":"enable","ocean_add_body_class":"","ocean_shortcode_before_top_bar":"","ocean_shortcode_after_top_bar":"","ocean_shortcode_before_header":"","ocean_shortcode_after_header":"","ocean_has_shortcode":"","ocean_shortcode_after_title":"","ocean_shortcode_before_footer_widgets":"","ocean_shortcode_after_footer_widgets":"","ocean_shortcode_before_footer_bottom":"","ocean_shortcode_after_footer_bottom":"","ocean_display_top_bar":"default","ocean_display_header":"default","ocean_header_style":"","ocean_center_header_left_menu":"0","ocean_custom_header_template":"0","ocean_custom_logo":0,"ocean_custom_retina_logo":0,"ocean_custom_logo_max_width":0,"ocean_custom_logo_tablet_max_width":0,"ocean_custom_logo_mobile_max_width":0,"ocean_custom_logo_max_height":0,"ocean_custom_logo_tablet_max_height":0,"ocean_custom_logo_mobile_max_height":0,"ocean_header_custom_menu":"0","ocean_menu_typo_font_family":"0","ocean_menu_typo_font_subset":"","ocean_menu_typo_font_size":0,"ocean_menu_typo_font_size_tablet":0,"ocean_menu_typo_font_size_mobile":0,"ocean_menu_typo_font_size_unit":"px","ocean_menu_typo_font_weight":"","ocean_menu_typo_font_weight_tablet":"","ocean_menu_typo_font_weight_mobile":"","ocean_menu_typo_transform":"","ocean_menu_typo_transform_tablet":"","ocean_menu_typo_transform_mobile":"","ocean_menu_typo_line_height":0,"ocean_menu_typo_line_height_tablet":0,"ocean_menu_typo_line_height_mobile":0,"ocean_menu_typo_line_height_unit":"","ocean_menu_typo_spacing":0,"ocean_menu_typo_spacing_tablet":0,"ocean_menu_typo_spacing_mobile":0,"ocean_menu_typo_spacing_unit":"","ocean_menu_link_color":"","ocean_menu_link_color_hover":"","ocean_menu_link_color_active":"","ocean_menu_link_background":"","ocean_menu_link_hover_background":"","ocean_menu_link_active_background":"","ocean_menu_social_links_bg":"","ocean_menu_social_hover_links_bg":"","ocean_menu_social_links_color":"","ocean_menu_social_hover_links_color":"","ocean_disable_title":"default","ocean_disable_heading":"default","ocean_post_title":"","ocean_post_subheading":"","ocean_post_title_style":"","ocean_post_title_background_color":"","ocean_post_title_background":0,"ocean_post_title_bg_image_position":"","ocean_post_title_bg_image_attachment":"","ocean_post_title_bg_image_repeat":"","ocean_post_title_bg_image_size":"","ocean_post_title_height":0,"ocean_post_title_bg_overlay":0.5,"ocean_post_title_bg_overlay_color":"","ocean_disable_breadcrumbs":"default","ocean_breadcrumbs_color":"","ocean_breadcrumbs_separator_color":"","ocean_breadcrumbs_links_color":"","ocean_breadcrumbs_links_hover_color":"","ocean_display_footer_widgets":"default","ocean_display_footer_bottom":"default","ocean_custom_footer_template":"0","osh_disable_topbar_sticky":"default","osh_disable_header_sticky":"default","osh_sticky_header_style":"default","osh_sticky_header_effect":"","osh_custom_sticky_logo":0,"osh_custom_retina_sticky_logo":0,"osh_custom_sticky_logo_height":0,"osh_background_color":"","osh_links_color":"","osh_links_hover_color":"","osh_links_active_color":"","osh_links_bg_color":"","osh_links_hover_bg_color":"","osh_links_active_bg_color":"","osh_menu_social_links_color":"","osh_menu_social_hover_links_color":""},"product_brand":[],"product_cat":[36,34],"product_tag":[297,305,306],"class_list":{"0":"post-3677","1":"product","2":"type-product","3":"status-publish","4":"has-post-thumbnail","6":"product_cat-dual-line-divider-valves","7":"product_cat-dual-line-lubrication-systems","8":"product_tag-hydraulic-reversing-valve","9":"product_tag-hydraulic-solenoid-valve","10":"product_tag-lubrication-solenoid-valve","12":"entry","13":"has-media","15":"first","16":"instock","17":"shipping-taxable","18":"product-type-external","19":"col","20":"span_1_of_3","21":"owp-content-center","22":"owp-thumbs-layout-horizontal","23":"owp-btn-very-big","24":"owp-tabs-layout-horizontal"},"_links":{"self":[{"href":"https:\/\/www.jinpinlub.com\/hu\/wp-json\/wp\/v2\/product\/3677","targetHints":{"allow":["GET"]}}],"collection":[{"href":"https:\/\/www.jinpinlub.com\/hu\/wp-json\/wp\/v2\/product"}],"about":[{"href":"https:\/\/www.jinpinlub.com\/hu\/wp-json\/wp\/v2\/types\/product"}],"wp:featuredmedia":[{"embeddable":true,"href":"https:\/\/www.jinpinlub.com\/hu\/wp-json\/wp\/v2\/media\/3614"}],"wp:attachment":[{"href":"https:\/\/www.jinpinlub.com\/hu\/wp-json\/wp\/v2\/media?parent=3677"}],"wp:term":[{"taxonomy":"product_brand","embeddable":true,"href":"https:\/\/www.jinpinlub.com\/hu\/wp-json\/wp\/v2\/product_brand?post=3677"},{"taxonomy":"product_cat","embeddable":true,"href":"https:\/\/www.jinpinlub.com\/hu\/wp-json\/wp\/v2\/product_cat?post=3677"},{"taxonomy":"product_tag","embeddable":true,"href":"https:\/\/www.jinpinlub.com\/hu\/wp-json\/wp\/v2\/product_tag?post=3677"}],"curies":[{"name":"wp","href":"https:\/\/api.w.org\/{rel}","templated":true}]}}