{"id":3679,"date":"2024-09-13T23:39:41","date_gmt":"2024-09-13T15:39:41","guid":{"rendered":"https:\/\/www.jinpinlub.com\/?post_type=product&#038;p=3679"},"modified":"2024-09-14T00:12:00","modified_gmt":"2024-09-13T16:12:00","slug":"vskh-kr-merokeszulekek-ketsoros-kenorendszerekhez","status":"publish","type":"product","link":"https:\/\/www.jinpinlub.com\/hu\/product\/vskh-kr-metering-devices-for-dual-line-lubrication-systems\/","title":{"rendered":"VSKH-KR m\u00e9r\u0151k\u00e9sz\u00fcl\u00e9kek k\u00e9tsoros ken\u0151rendszerekhez"},"content":{"rendered":"<h2>Funkci\u00f3<\/h2>\n<p>A VSKH-KR k\u00e9tsoros eloszt\u00f3 fels\u0151 \u00e9s als\u00f3 oldal\u00e1n is van kivezet\u00e9s. Amikor az eloszt\u00f3 dugatty\u00fa mindk\u00e9t ir\u00e1nyba elmozdul, a zs\u00edr a fels\u0151 \u00e9s az als\u00f3 kimeneten t\u00e1vozik. Figyelje meg az eloszt\u00f3 m\u0171k\u00f6d\u00e9si \u00e1llapot\u00e1t a jelz\u0151r\u00fad hat\u00e1s\u00e1ra, \u00e9s \u00e1ll\u00edtsa be a kis\u00fcl\u00e9st a megadott tartom\u00e1nyon bel\u00fcl a csavar be\u00e1ll\u00edt\u00e1s\u00e1val.<br \/>\nA VSKH-KR alkalmas 40 MPa-os k\u00e9tsoros, k\u00f6zponti ken\u00e9si rendszerhez. Dugatty\u00faj\u00e1nak m\u0171k\u00f6d\u00e9s\u00e9t a k\u00e9t f\u0151 ken\u00e9si vezet\u00e9k v\u00e1ltakoz\u00f3 olajnyom\u00e1sa szab\u00e1lyozza, amelyek mennyis\u00e9gileg elosztj\u00e1k a zs\u00edrt a ken\u00e9si pontokon.<\/p>\n<h2>Specifik\u00e1ci\u00f3<\/h2>\n<table>\n<tbody>\n<tr>\n<td>Modell<\/td>\n<td>VSKH-KR<\/td>\n<\/tr>\n<tr>\n<td>\u00dczemi nyom\u00e1s<\/td>\n<td>40 MPa<\/td>\n<\/tr>\n<tr>\n<td>Akci\u00f3nyom\u00e1s<\/td>\n<td>\u22641,5 MPa<\/td>\n<\/tr>\n<tr>\n<td>N\u00e9vleges kis\u00fcl\u00e9s<\/td>\n<td>0-1,5 ml\/ciklus<\/td>\n<\/tr>\n<tr>\n<td>Csavar\u00e1raml\u00e1s be\u00e1ll\u00edt\u00e1sa<\/td>\n<td>0,05 ml\/k\u00f6r<\/td>\n<\/tr>\n<tr>\n<td>Az \u00fczletek sz\u00e1ma<\/td>\n<td>2~8<\/td>\n<\/tr>\n<tr>\n<td>Ken\u0151anyag<\/td>\n<td>NLGI 0~2# zs\u00edr vagy olaj\uff1e N68<\/td>\n<\/tr>\n<tr>\n<td>\u00dczemi h\u0151m\u00e9rs\u00e9klet<\/td>\n<td>(-10 \u2103 ~ 80 \u2103)<\/td>\n<\/tr>\n<\/tbody>\n<\/table>\n<h2>Alkalmaz\u00e1s<\/h2>\n<p>Cementgy\u00e1r: A VSKH-KR k\u00e9tsoros eloszt\u00f3t nagy mechanikai berendez\u00e9sek ken\u00e9s\u00e9re haszn\u00e1lj\u00e1k, hogy biztos\u00edts\u00e1k a berendez\u00e9s norm\u00e1l m\u0171k\u00f6d\u00e9s\u00e9t nagy nyom\u00e1s\u00fa \u00e9s magas h\u0151m\u00e9rs\u00e9klet\u0171 k\u00f6rnyezetben.<br \/>\nB\u00e1ny\u00e1szati kotr\u00f3g\u00e9p: A VSKH-KR adagol\u00f3szelep megb\u00edzhat\u00f3 ken\u00e9st biztos\u00edt neh\u00e9z munkak\u00f6r\u00fclm\u00e9nyek k\u00f6z\u00f6tt, \u00e9s meghosszabb\u00edtja a berendez\u00e9s \u00e9lettartam\u00e1t.<br \/>\nAc\u00e9lgy\u00e1r: A VSKH-KR adagol\u00f3k\u00e9sz\u00fcl\u00e9ket hengerm\u0171vek \u00e9s m\u00e1s neh\u00e9z berendez\u00e9sek ken\u00e9s\u00e9re haszn\u00e1lj\u00e1k a kop\u00e1s \u00e9s a karbantart\u00e1si k\u00f6lts\u00e9gek cs\u00f6kkent\u00e9se \u00e9rdek\u00e9ben.<\/p>\n<h2>K\u00e9zik\u00f6nyvek<\/h2>\n<div class=\"sdm_download_button_box_default\"><div class=\"sdm_download_link\"><a href=\"https:\/\/www.jinpinlub.com\/hu\/?sdm_process_download=1&download_id=3662\" class=\"sdm_download white\" title=\"Mag\u00e1n: VSKH-KR Distributor\" target=\"&quot;_blank&quot;\">Adatlap megtekint\u00e9se - VSKH-KR Forgalmaz\u00f3<\/a><\/div><\/div>","protected":false},"excerpt":{"rendered":"<p>A VSG adagol\u00f3egys\u00e9g a k\u00e9tsoros ken\u0151rendszerek robusztus alkatr\u00e9sze, amely ak\u00e1r 400 bar nyom\u00e1st is k\u00e9pes ellen\u00e1llni, horganyzott ac\u00e9lb\u00f3l k\u00e9sz\u00fcl, \u00e9s legfeljebb nyolc kimenettel rendelkezik, amelyek mindegyike jelz\u0151csappal van felszerelve a vizu\u00e1lis ellen\u0151rz\u00e9shez.<\/p>","protected":false},"featured_media":3623,"template":"","meta":{"ocean_post_layout":"","ocean_both_sidebars_style":"","ocean_both_sidebars_content_width":0,"ocean_both_sidebars_sidebars_width":0,"ocean_sidebar":"0","ocean_second_sidebar":"0","ocean_disable_margins":"enable","ocean_add_body_class":"","ocean_shortcode_before_top_bar":"","ocean_shortcode_after_top_bar":"","ocean_shortcode_before_header":"","ocean_shortcode_after_header":"","ocean_has_shortcode":"","ocean_shortcode_after_title":"","ocean_shortcode_before_footer_widgets":"","ocean_shortcode_after_footer_widgets":"","ocean_shortcode_before_footer_bottom":"","ocean_shortcode_after_footer_bottom":"","ocean_display_top_bar":"default","ocean_display_header":"default","ocean_header_style":"","ocean_center_header_left_menu":"0","ocean_custom_header_template":"0","ocean_custom_logo":0,"ocean_custom_retina_logo":0,"ocean_custom_logo_max_width":0,"ocean_custom_logo_tablet_max_width":0,"ocean_custom_logo_mobile_max_width":0,"ocean_custom_logo_max_height":0,"ocean_custom_logo_tablet_max_height":0,"ocean_custom_logo_mobile_max_height":0,"ocean_header_custom_menu":"0","ocean_menu_typo_font_family":"0","ocean_menu_typo_font_subset":"","ocean_menu_typo_font_size":0,"ocean_menu_typo_font_size_tablet":0,"ocean_menu_typo_font_size_mobile":0,"ocean_menu_typo_font_size_unit":"px","ocean_menu_typo_font_weight":"","ocean_menu_typo_font_weight_tablet":"","ocean_menu_typo_font_weight_mobile":"","ocean_menu_typo_transform":"","ocean_menu_typo_transform_tablet":"","ocean_menu_typo_transform_mobile":"","ocean_menu_typo_line_height":0,"ocean_menu_typo_line_height_tablet":0,"ocean_menu_typo_line_height_mobile":0,"ocean_menu_typo_line_height_unit":"","ocean_menu_typo_spacing":0,"ocean_menu_typo_spacing_tablet":0,"ocean_menu_typo_spacing_mobile":0,"ocean_menu_typo_spacing_unit":"","ocean_menu_link_color":"","ocean_menu_link_color_hover":"","ocean_menu_link_color_active":"","ocean_menu_link_background":"","ocean_menu_link_hover_background":"","ocean_menu_link_active_background":"","ocean_menu_social_links_bg":"","ocean_menu_social_hover_links_bg":"","ocean_menu_social_links_color":"","ocean_menu_social_hover_links_color":"","ocean_disable_title":"default","ocean_disable_heading":"default","ocean_post_title":"","ocean_post_subheading":"","ocean_post_title_style":"","ocean_post_title_background_color":"","ocean_post_title_background":0,"ocean_post_title_bg_image_position":"","ocean_post_title_bg_image_attachment":"","ocean_post_title_bg_image_repeat":"","ocean_post_title_bg_image_size":"","ocean_post_title_height":0,"ocean_post_title_bg_overlay":0.5,"ocean_post_title_bg_overlay_color":"","ocean_disable_breadcrumbs":"default","ocean_breadcrumbs_color":"","ocean_breadcrumbs_separator_color":"","ocean_breadcrumbs_links_color":"","ocean_breadcrumbs_links_hover_color":"","ocean_display_footer_widgets":"default","ocean_display_footer_bottom":"default","ocean_custom_footer_template":"0","osh_disable_topbar_sticky":"default","osh_disable_header_sticky":"default","osh_sticky_header_style":"default","osh_sticky_header_effect":"","osh_custom_sticky_logo":0,"osh_custom_retina_sticky_logo":0,"osh_custom_sticky_logo_height":0,"osh_background_color":"","osh_links_color":"","osh_links_hover_color":"","osh_links_active_color":"","osh_links_bg_color":"","osh_links_hover_bg_color":"","osh_links_active_bg_color":"","osh_menu_social_links_color":"","osh_menu_social_hover_links_color":""},"product_brand":[],"product_cat":[36,34],"product_tag":[309,311,310],"class_list":{"0":"post-3679","1":"product","2":"type-product","3":"status-publish","4":"has-post-thumbnail","6":"product_cat-dual-line-divider-valves","7":"product_cat-dual-line-lubrication-systems","8":"product_tag-vskh-kr-distributor","9":"product_tag-vskh-kr-metering-device","10":"product_tag-vskh-kr-metering-valve","12":"entry","13":"has-media","15":"first","16":"instock","17":"shipping-taxable","18":"product-type-external","19":"col","20":"span_1_of_3","21":"owp-content-center","22":"owp-thumbs-layout-horizontal","23":"owp-btn-very-big","24":"owp-tabs-layout-horizontal"},"_links":{"self":[{"href":"https:\/\/www.jinpinlub.com\/hu\/wp-json\/wp\/v2\/product\/3679","targetHints":{"allow":["GET"]}}],"collection":[{"href":"https:\/\/www.jinpinlub.com\/hu\/wp-json\/wp\/v2\/product"}],"about":[{"href":"https:\/\/www.jinpinlub.com\/hu\/wp-json\/wp\/v2\/types\/product"}],"wp:featuredmedia":[{"embeddable":true,"href":"https:\/\/www.jinpinlub.com\/hu\/wp-json\/wp\/v2\/media\/3623"}],"wp:attachment":[{"href":"https:\/\/www.jinpinlub.com\/hu\/wp-json\/wp\/v2\/media?parent=3679"}],"wp:term":[{"taxonomy":"product_brand","embeddable":true,"href":"https:\/\/www.jinpinlub.com\/hu\/wp-json\/wp\/v2\/product_brand?post=3679"},{"taxonomy":"product_cat","embeddable":true,"href":"https:\/\/www.jinpinlub.com\/hu\/wp-json\/wp\/v2\/product_cat?post=3679"},{"taxonomy":"product_tag","embeddable":true,"href":"https:\/\/www.jinpinlub.com\/hu\/wp-json\/wp\/v2\/product_tag?post=3679"}],"curies":[{"name":"wp","href":"https:\/\/api.w.org\/{rel}","templated":true}]}}