{"id":3680,"date":"2024-09-13T23:48:18","date_gmt":"2024-09-13T15:48:18","guid":{"rendered":"https:\/\/www.jinpinlub.com\/?post_type=product&#038;p=3680"},"modified":"2024-09-14T00:10:57","modified_gmt":"2024-09-13T16:10:57","slug":"vskv-kr-adagoloszelepek-ketsoros-kenorendszerekhez","status":"publish","type":"product","link":"https:\/\/www.jinpinlub.com\/hu\/product\/vskv-kr-metering-valves-for-dual-line-lubrication-systems\/","title":{"rendered":"VSKV-KR adagol\u00f3szelepek k\u00e9tsoros ken\u0151rendszerekhez"},"content":{"rendered":"<h2>Funkci\u00f3<\/h2>\n<p>A VSKV-KR k\u00e9tsoros eloszt\u00f3 eleje fels\u0151 \u00e9s als\u00f3 ki\u00f6ml\u0151ny\u00edl\u00e1sokkal van felszerelve. Amikor az eloszt\u00f3 dugatty\u00fa mindk\u00e9t ir\u00e1nyba elmozdul, a zs\u00edr a fels\u0151 \u00e9s az als\u00f3 ny\u00edl\u00e1sokb\u00f3l t\u00e1vozik. Az eloszt\u00f3 \u00fczem\u00e1llapota a jelz\u0151r\u00fad m\u0171k\u00f6d\u00e9s\u00e9b\u0151l k\u00f6zvetlen\u00fcl is megfigyelhet\u0151, a kil\u00e9p\u0151 \u00e1raml\u00e1si sebess\u00e9g a megadott tartom\u00e1nyon bel\u00fcl a csavar be\u00e1ll\u00edt\u00e1s\u00e1val \u00e1ll\u00edthat\u00f3.<br \/>\nA VSKV-KR egy 40 MPa-os, k\u00e9tsoros, k\u00f6zponti ken\u00e9si rendszerhez alkalmas. K\u00e9t f\u0151vezet\u00e9k v\u00e1ltakoz\u00f3 nyom\u00e1sa alatt szab\u00e1lyozza a dugatty\u00fa mozg\u00e1s\u00e1t \u00e9s \u00fcr\u00edt\u00e9s\u00e9t, \u00e9s mennyis\u00e9gileg osztja el a ken\u0151anyagot a ken\u00e9si pontokon.<\/p>\n<h2>Specifik\u00e1ci\u00f3<\/h2>\n<table>\n<tbody>\n<tr>\n<td>Modell<\/td>\n<td>VSKV-KR<\/td>\n<\/tr>\n<tr>\n<td>\u00dczemi nyom\u00e1s<\/td>\n<td>40 MPa<\/td>\n<\/tr>\n<tr>\n<td>Akci\u00f3nyom\u00e1s<\/td>\n<td>\u22641,5 MPa<\/td>\n<\/tr>\n<tr>\n<td>N\u00e9vleges kis\u00fcl\u00e9s<\/td>\n<td>0-1,5 ml\/ciklus<\/td>\n<\/tr>\n<tr>\n<td>Csavar\u00e1raml\u00e1s be\u00e1ll\u00edt\u00e1sa<\/td>\n<td>0,05 ml\/k\u00f6r<\/td>\n<\/tr>\n<tr>\n<td>Az \u00fczletek sz\u00e1ma<\/td>\n<td>2~8<\/td>\n<\/tr>\n<tr>\n<td>Ken\u0151anyag<\/td>\n<td>NLGI 0~2# zs\u00edr vagy olaj\uff1e N68<\/td>\n<\/tr>\n<tr>\n<td>\u00dczemi h\u0151m\u00e9rs\u00e9klet<\/td>\n<td>(-10 \u2103 ~ 80 \u2103)<\/td>\n<\/tr>\n<\/tbody>\n<\/table>\n<h2>Alkalmaz\u00e1s<\/h2>\n<p>Cementgy\u00e1r: A cementgy\u00e1rt\u00e1s sor\u00e1n a VSKV-KR eloszt\u00f3 ken\u00e9se biztos\u00edtja a g\u00e9p zavartalan m\u0171k\u00f6d\u00e9s\u00e9t \u00e9s cs\u00f6kkenti a kop\u00e1st.<br \/>\nB\u00e1ny\u00e1szati kotr\u00f3g\u00e9p: A b\u00e1ny\u00e1szati berendez\u00e9sek \u00e1ltal\u00e1ban zord k\u00f6rnyezetben m\u0171k\u00f6dnek, \u00e9s a VSKV-KR adagol\u00f3szelep ken\u0151rendszere meghosszabb\u00edthatja a berendez\u00e9s \u00e9lettartam\u00e1t.<br \/>\nAc\u00e9lgy\u00e1r: Az ac\u00e9lgy\u00e1rt\u00f3 berendez\u00e9seknek magas h\u0151m\u00e9rs\u00e9kleten \u00e9s nagy nyom\u00e1son kell m\u0171k\u00f6dni\u00fck, \u00e9s a VSKV-KR elv\u00e1laszt\u00f3 prec\u00edz ken\u00e9st biztos\u00edt a berendez\u00e9s hat\u00e9kony m\u0171k\u00f6d\u00e9s\u00e9nek biztos\u00edt\u00e1sa \u00e9rdek\u00e9ben.<\/p>\n<h2>K\u00e9zik\u00f6nyvek<\/h2>\n<div class=\"sdm_download_button_box_default\"><div class=\"sdm_download_link\"><a href=\"https:\/\/www.jinpinlub.com\/hu\/?sdm_process_download=1&download_id=3663\" class=\"sdm_download white\" title=\"Mag\u00e1n: VSKV-KR Distributor\" target=\"&quot;_blank&quot;\">Adatlap megtekint\u00e9se - VSKV-KR Distributor<\/a><\/div><\/div>","protected":false},"excerpt":{"rendered":"<p>A VSKV-KR adagol\u00f3szelepeket k\u00e9tsoros ken\u00e9si rendszerekhez tervezt\u00e9k, \u00e9s alkalmasak ipari alkalmaz\u00e1sokhoz, p\u00e9ld\u00e1ul cementgy\u00e1rakhoz, b\u00e1ny\u00e1szati kotr\u00f3g\u00e9pekhez \u00e9s ac\u00e9lmalmokhoz. Horganyzott ac\u00e9lb\u00f3l k\u00e9sz\u00fclnek, ak\u00e1r 400 bar nyom\u00e1st is kib\u00edrnak.<\/p>","protected":false},"featured_media":3624,"template":"","meta":{"ocean_post_layout":"","ocean_both_sidebars_style":"","ocean_both_sidebars_content_width":0,"ocean_both_sidebars_sidebars_width":0,"ocean_sidebar":"0","ocean_second_sidebar":"0","ocean_disable_margins":"enable","ocean_add_body_class":"","ocean_shortcode_before_top_bar":"","ocean_shortcode_after_top_bar":"","ocean_shortcode_before_header":"","ocean_shortcode_after_header":"","ocean_has_shortcode":"","ocean_shortcode_after_title":"","ocean_shortcode_before_footer_widgets":"","ocean_shortcode_after_footer_widgets":"","ocean_shortcode_before_footer_bottom":"","ocean_shortcode_after_footer_bottom":"","ocean_display_top_bar":"default","ocean_display_header":"default","ocean_header_style":"","ocean_center_header_left_menu":"0","ocean_custom_header_template":"0","ocean_custom_logo":0,"ocean_custom_retina_logo":0,"ocean_custom_logo_max_width":0,"ocean_custom_logo_tablet_max_width":0,"ocean_custom_logo_mobile_max_width":0,"ocean_custom_logo_max_height":0,"ocean_custom_logo_tablet_max_height":0,"ocean_custom_logo_mobile_max_height":0,"ocean_header_custom_menu":"0","ocean_menu_typo_font_family":"0","ocean_menu_typo_font_subset":"","ocean_menu_typo_font_size":0,"ocean_menu_typo_font_size_tablet":0,"ocean_menu_typo_font_size_mobile":0,"ocean_menu_typo_font_size_unit":"px","ocean_menu_typo_font_weight":"","ocean_menu_typo_font_weight_tablet":"","ocean_menu_typo_font_weight_mobile":"","ocean_menu_typo_transform":"","ocean_menu_typo_transform_tablet":"","ocean_menu_typo_transform_mobile":"","ocean_menu_typo_line_height":0,"ocean_menu_typo_line_height_tablet":0,"ocean_menu_typo_line_height_mobile":0,"ocean_menu_typo_line_height_unit":"","ocean_menu_typo_spacing":0,"ocean_menu_typo_spacing_tablet":0,"ocean_menu_typo_spacing_mobile":0,"ocean_menu_typo_spacing_unit":"","ocean_menu_link_color":"","ocean_menu_link_color_hover":"","ocean_menu_link_color_active":"","ocean_menu_link_background":"","ocean_menu_link_hover_background":"","ocean_menu_link_active_background":"","ocean_menu_social_links_bg":"","ocean_menu_social_hover_links_bg":"","ocean_menu_social_links_color":"","ocean_menu_social_hover_links_color":"","ocean_disable_title":"default","ocean_disable_heading":"default","ocean_post_title":"","ocean_post_subheading":"","ocean_post_title_style":"","ocean_post_title_background_color":"","ocean_post_title_background":0,"ocean_post_title_bg_image_position":"","ocean_post_title_bg_image_attachment":"","ocean_post_title_bg_image_repeat":"","ocean_post_title_bg_image_size":"","ocean_post_title_height":0,"ocean_post_title_bg_overlay":0.5,"ocean_post_title_bg_overlay_color":"","ocean_disable_breadcrumbs":"default","ocean_breadcrumbs_color":"","ocean_breadcrumbs_separator_color":"","ocean_breadcrumbs_links_color":"","ocean_breadcrumbs_links_hover_color":"","ocean_display_footer_widgets":"default","ocean_display_footer_bottom":"default","ocean_custom_footer_template":"0","osh_disable_topbar_sticky":"default","osh_disable_header_sticky":"default","osh_sticky_header_style":"default","osh_sticky_header_effect":"","osh_custom_sticky_logo":0,"osh_custom_retina_sticky_logo":0,"osh_custom_sticky_logo_height":0,"osh_background_color":"","osh_links_color":"","osh_links_hover_color":"","osh_links_active_color":"","osh_links_bg_color":"","osh_links_hover_bg_color":"","osh_links_active_bg_color":"","osh_menu_social_links_color":"","osh_menu_social_hover_links_color":""},"product_brand":[],"product_cat":[36,34],"product_tag":[302,312,301],"class_list":{"0":"post-3680","1":"product","2":"type-product","3":"status-publish","4":"has-post-thumbnail","6":"product_cat-dual-line-divider-valves","7":"product_cat-dual-line-lubrication-systems","8":"product_tag-dual-line-grease-distributor","9":"product_tag-dual-line-lubrication-distributor","10":"product_tag-dual-line-metering-valve","12":"entry","13":"has-media","15":"first","16":"instock","17":"shipping-taxable","18":"product-type-external","19":"col","20":"span_1_of_3","21":"owp-content-center","22":"owp-thumbs-layout-horizontal","23":"owp-btn-very-big","24":"owp-tabs-layout-horizontal"},"_links":{"self":[{"href":"https:\/\/www.jinpinlub.com\/hu\/wp-json\/wp\/v2\/product\/3680","targetHints":{"allow":["GET"]}}],"collection":[{"href":"https:\/\/www.jinpinlub.com\/hu\/wp-json\/wp\/v2\/product"}],"about":[{"href":"https:\/\/www.jinpinlub.com\/hu\/wp-json\/wp\/v2\/types\/product"}],"wp:featuredmedia":[{"embeddable":true,"href":"https:\/\/www.jinpinlub.com\/hu\/wp-json\/wp\/v2\/media\/3624"}],"wp:attachment":[{"href":"https:\/\/www.jinpinlub.com\/hu\/wp-json\/wp\/v2\/media?parent=3680"}],"wp:term":[{"taxonomy":"product_brand","embeddable":true,"href":"https:\/\/www.jinpinlub.com\/hu\/wp-json\/wp\/v2\/product_brand?post=3680"},{"taxonomy":"product_cat","embeddable":true,"href":"https:\/\/www.jinpinlub.com\/hu\/wp-json\/wp\/v2\/product_cat?post=3680"},{"taxonomy":"product_tag","embeddable":true,"href":"https:\/\/www.jinpinlub.com\/hu\/wp-json\/wp\/v2\/product_tag?post=3680"}],"curies":[{"name":"wp","href":"https:\/\/api.w.org\/{rel}","templated":true}]}}